{"id":245,"date":"2018-02-27T09:17:35","date_gmt":"2018-02-27T09:17:35","guid":{"rendered":"https:\/\/firmalan.com\/sv\/?page_id=245"},"modified":"2020-11-25T23:21:33","modified_gmt":"2020-11-25T22:21:33","slug":"snabblan","status":"publish","type":"page","link":"https:\/\/firmalan.com\/sv\/lana-pengar\/typ\/snabblan\/","title":{"rendered":"Snabbl\u00e5n"},"content":{"rendered":"<p>En mindre summa pengar kan har stor betydelse f\u00f6r sm\u00e5 och nystartade f\u00f6retag. Sm\u00e5belopp om ett par 10.000 kr kan h\u00e5lla enskilda firmor flytande n\u00e4r den ekonomiska situationen \u00e4r tuff och kan g\u00f6ra underverk f\u00f6r nybildade aktiebolag. Vid skriande kapitalbehov \u00e4r det viktigt att utbetalningen kan ske snabbt. Trots att m\u00e5nga f\u00f6retagare efterfr\u00e5gar just mindre snabbl\u00e5n f\u00f6r f\u00f6retag \u00e4r utbudet skralt.<\/p>\n<p><a href=\"https:\/\/firmalan.com\/sv\/lana-pengar\/approva\/\">Approva<\/a> kan erbjuda utbetalningar redan inom 15 minuter eller senare samma dag, kr\u00e4ver att avtal signeras med BankID.<\/p>\n<p>\u00c4ven <a href=\"https:\/\/firmalan.com\/sv\/lana-pengar\/qred\/\">Qred f\u00f6retagsl\u00e5n<\/a> kan erbjuda utbetalning redan samma dag. <a href=\"https:\/\/firmalan.com\/sv\/lana-pengar\/monetise\/\">Monetise<\/a> \u00e4r ocks\u00e5 v\u00e4rt att n\u00e4mna i detta sammanhang, d\u00e5 man lovar f\u00f6retag med godk\u00e4nd ans\u00f6kan pengar p\u00e5 kontot n\u00e4sta bankdag.<\/p>\n<h3>Snabbl\u00e5nef\u00f6retag<\/h3>\n<p>OBS! Om v\u00e4ljer att ans\u00f6ka till snabbl\u00e5nef\u00f6retagen i j\u00e4mf\u00f6relsen kan l\u00e5net endast tecknas av dig i egenskap av privatperson.<\/p>\n<script type=\"text\/javascript\" src=\"\/\/static.ascontentcloud.com\/comparisonfeed\/resources\/js\/iframeResizer.min.js\"><\/script>\n<iframe id=\"as-comparison-iframe\" \n    style=\"border: none; width: 1px; min-width: 100%; overflow: hidden;\" scrolling=\"no\" \n    src=\"\/\/feed.ascontentcloud.com\/cgi-bin\/publisher\/comparisoniFramePreview.pl?id=36984&categoryId=180&showFilter=0&includeNewCampaigns=false&removedItems=[]&conditions=&customOrder={}&customRating={}&title=&color=82c075&hColor=62b052&minRating=60&initialRows=&maxRows=&fontUrl=&fontName=&sub=|||CPL&media_id=0&lazyLoading=false\"\n    onload=\"iFrameResize({heightCalculationMethod: 'taggedElement', checkOrigin: false}, this);\">\n<\/iframe>\n<h3>Nya snabbl\u00e5n 2019<\/h3>\n<p>Under de f\u00f6rsta halv\u00e5ret av 2019 har redan tv\u00e5 nya snabbl\u00e5n med f\u00f6retag som m\u00e5lgrupp tillkommit. Det ena har vi redan n\u00e4mnt Approval f\u00f6retagsl\u00e5n och det andra <a href=\"https:\/\/firmalan.com\/sv\/lana-pengar\/uppland-kredit\/bondelanet\/\">Bondel\u00e5net<\/a> v\u00e4nder sig till lantbrukare som branschspecifik grupp.<\/p>\n<h3>Mirkol\u00e5n f\u00f6r f\u00f6retag<\/h3>\n<p>De f\u00f6retag som \u00f6nskar l\u00e5na ett mindre belopp och inte kr\u00e4ver att utbetalningen sker redan samma dag kan ist\u00e4llet v\u00e4lja att s\u00f6ka mikrol\u00e5n. Visserligen \u00e4r inte utbudet s\u00e4rskilt stort p\u00e5 detta omr\u00e5de heller men det finns \u00e5tminstone ett par alternativ att v\u00e4lja mellan.<\/p>\n","protected":false},"excerpt":{"rendered":"<p>En mindre summa pengar kan har stor betydelse f\u00f6r sm\u00e5 och nystartade f\u00f6retag. Sm\u00e5belopp om ett par 10.000 kr kan h\u00e5lla enskilda firmor flytande n\u00e4r den ekonomiska situationen \u00e4r tuff &#8230;<\/p>\n","protected":false},"author":1,"featured_media":0,"parent":248,"menu_order":0,"comment_status":"open","ping_status":"closed","template":"","meta":{"footnotes":""},"class_list":["post-245","page","type-page","status-publish","hentry"],"_links":{"self":[{"href":"https:\/\/firmalan.com\/sv\/wp-json\/wp\/v2\/pages\/245","targetHints":{"allow":["GET"]}}],"collection":[{"href":"https:\/\/firmalan.com\/sv\/wp-json\/wp\/v2\/pages"}],"about":[{"href":"https:\/\/firmalan.com\/sv\/wp-json\/wp\/v2\/types\/page"}],"author":[{"embeddable":true,"href":"https:\/\/firmalan.com\/sv\/wp-json\/wp\/v2\/users\/1"}],"replies":[{"embeddable":true,"href":"https:\/\/firmalan.com\/sv\/wp-json\/wp\/v2\/comments?post=245"}],"version-history":[{"count":7,"href":"https:\/\/firmalan.com\/sv\/wp-json\/wp\/v2\/pages\/245\/revisions"}],"predecessor-version":[{"id":2390,"href":"https:\/\/firmalan.com\/sv\/wp-json\/wp\/v2\/pages\/245\/revisions\/2390"}],"up":[{"embeddable":true,"href":"https:\/\/firmalan.com\/sv\/wp-json\/wp\/v2\/pages\/248"}],"wp:attachment":[{"href":"https:\/\/firmalan.com\/sv\/wp-json\/wp\/v2\/media?parent=245"}],"curies":[{"name":"wp","href":"https:\/\/api.w.org\/{rel}","templated":true}]}}