{"id":239,"date":"2018-02-27T09:05:49","date_gmt":"2018-02-27T09:05:49","guid":{"rendered":"https:\/\/firmalan.com\/sv\/?page_id=239"},"modified":"2019-11-20T19:48:05","modified_gmt":"2019-11-20T18:48:05","slug":"bank","status":"publish","type":"page","link":"https:\/\/firmalan.com\/sv\/lana-pengar\/typ\/bank\/","title":{"rendered":"Bankl\u00e5n"},"content":{"rendered":"<p>Det vanligaste finansieringsalternativet f\u00f6r f\u00f6retag \u00e4r bankl\u00e5n. \u00c4ven om m\u00e5nga mindre finansbolag nu erbjuder f\u00f6retagsl\u00e5n \u00e4r det alltj\u00e4mt banker som l\u00e5nar ut merparten av kapitalet vid st\u00f6rre investeringar, ink\u00f6p av dyra maskiner eller utrustning samt f\u00f6retagsk\u00f6p. I regel \u00e4r bankr\u00e4ntorna dessutom mer f\u00f6rdelaktiga \u00e4n hos de mindre kreditgivarna, detta g\u00e4ller inte minst f\u00f6r l\u00e5n \u00f6ver 1 miljon kronor.<\/p>\n<p>En annan f\u00f6rdel med att l\u00e5na pengar fr\u00e5n en bank \u00e4r att du som kund kan f\u00e5 tillg\u00e5ng till flera andra anv\u00e4ndbara f\u00f6retagstj\u00e4nster s\u00e5 som konto med spar samt tillkopplad f\u00f6retagskredit eller andra anpassade uppl\u00e4gg s\u00e5 som leasing eller avbetalning. Flera banker har specialanpassade l\u00e5n f\u00f6r specifika syften; s\u00e5 som maskinfinansiering f\u00f6r investeringar i maskinpark\/fordonsflotta samt fastighetsl\u00e5n f\u00f6r uppf\u00f6rande, byggnation och fastighetsk\u00f6p.<\/p>\n","protected":false},"excerpt":{"rendered":"<p>Det vanligaste finansieringsalternativet f\u00f6r f\u00f6retag \u00e4r bankl\u00e5n. \u00c4ven om m\u00e5nga mindre finansbolag nu erbjuder f\u00f6retagsl\u00e5n \u00e4r det alltj\u00e4mt banker som l\u00e5nar ut merparten av kapitalet vid st\u00f6rre investeringar, ink\u00f6p av &#8230;<\/p>\n","protected":false},"author":1,"featured_media":0,"parent":248,"menu_order":0,"comment_status":"open","ping_status":"closed","template":"","meta":{"footnotes":""},"class_list":["post-239","page","type-page","status-publish","hentry"],"_links":{"self":[{"href":"https:\/\/firmalan.com\/sv\/wp-json\/wp\/v2\/pages\/239","targetHints":{"allow":["GET"]}}],"collection":[{"href":"https:\/\/firmalan.com\/sv\/wp-json\/wp\/v2\/pages"}],"about":[{"href":"https:\/\/firmalan.com\/sv\/wp-json\/wp\/v2\/types\/page"}],"author":[{"embeddable":true,"href":"https:\/\/firmalan.com\/sv\/wp-json\/wp\/v2\/users\/1"}],"replies":[{"embeddable":true,"href":"https:\/\/firmalan.com\/sv\/wp-json\/wp\/v2\/comments?post=239"}],"version-history":[{"count":4,"href":"https:\/\/firmalan.com\/sv\/wp-json\/wp\/v2\/pages\/239\/revisions"}],"predecessor-version":[{"id":2083,"href":"https:\/\/firmalan.com\/sv\/wp-json\/wp\/v2\/pages\/239\/revisions\/2083"}],"up":[{"embeddable":true,"href":"https:\/\/firmalan.com\/sv\/wp-json\/wp\/v2\/pages\/248"}],"wp:attachment":[{"href":"https:\/\/firmalan.com\/sv\/wp-json\/wp\/v2\/media?parent=239"}],"curies":[{"name":"wp","href":"https:\/\/api.w.org\/{rel}","templated":true}]}}