{"id":238,"date":"2018-02-27T09:13:19","date_gmt":"2018-02-27T09:13:19","guid":{"rendered":"https:\/\/firmalan.com\/sv\/?page_id=238"},"modified":"2019-11-20T19:19:24","modified_gmt":"2019-11-20T18:19:24","slug":"affarsplan","status":"publish","type":"page","link":"https:\/\/firmalan.com\/sv\/likviditet\/affarsplan\/","title":{"rendered":"Aff\u00e4rsplan"},"content":{"rendered":"<p>F\u00f6r den som planerar att starta f\u00f6retag \u00e4r aff\u00e4rsplanen ett centralt dokument. En aff\u00e4rsplan som beskriver aff\u00e4rsid\u00e9n och hur denna skall kunna f\u00f6rvekligas utifr\u00e5n ett antal aff\u00e4rsm\u00e5l. Tanken \u00e4r att planen skall fungera som en brygga mellan de teoretiska m\u00e5len och en genomf\u00f6rbar praktik.<\/p>\n<p>Aff\u00e4rsplanen fungerar som ett styrdokument f\u00f6r f\u00f6retagsverksamheten och \u00e4r ett utm\u00e4rkt redskap f\u00f6r att konkretisera dina aff\u00e4rsid\u00e9er f\u00f6r dig sj\u00e4lv och andra. Det finns visserligen inga regelm\u00e4ssiga krav p\u00e5 att skapa en aff\u00e4rsplan, men de flesta &#8220;f\u00f6rst\u00e5sigp\u00e5are&#8221; rekommenderar att du uppr\u00e4ttar ett s\u00e5dant dokument i ett tidigt skede.<\/p>\n<p>Hoppas du p\u00e5 att kunna ta in investeringskapital eller har t\u00e4nkt <a href=\"https:\/\/firmalan.com\/sv\/lana-pengar\/bank\/\">s\u00f6ka bankl\u00e5n till f\u00f6retaget<\/a> \u00e4r aff\u00e4rsplanen ett mycket viktigt dokument och dess kvalitet kan mycket v\u00e4l avg\u00f6ra huruvida kapitalet blir ert eller inte.<\/p>\n<hr \/>\n<h3>Skapa aff\u00e4rsplan online<\/h3>\n<p>P\u00e5 verksamt.se som \u00e4gs och drivs av Bolagsverket \u00e4r det m\u00f6jligt att skapa en aff\u00e4rsplan direkt p\u00e5 n\u00e4tet. <a href=\"https:\/\/www.verksamt.se\/fundera\/skapa-en-affarsplan\">Verksamts e-tj\u00e4nst skapa aff\u00e4rsplan<\/a> utg\u00e5r fr\u00e5n ett antal fr\u00e5gor och g\u00f6r det enkelt att uppr\u00e4tta en aff\u00e4rsplan online anpassad till din verksamhet. \u00c4ven <a href=\"https:\/\/www.almi.se\/Dokument-mallar-och-verktyg\/Affarsplan\/\">Almi har en e-tj\u00e4nst<\/a> som g\u00f6r det m\u00f6jligt att skapa aff\u00e4rsplanen direkt p\u00e5 n\u00e4tet.<\/p>\n<hr \/>\n<h3>Nedladdningsbara mallar f\u00f6r aff\u00e4rsplan:<\/h3>\n<p>&#8211; <a href=\"\/sv\/go\/drivhuset-affarsplan\/\" rel=\"nofollow\">Drivhusets mall<\/a><br \/>\n&#8211; <a href=\"\/sv\/go\/mimo-affarsplan\/\" rel=\"nofollow\">Mimo aff\u00e4rsplansmall<\/a><\/p>\n","protected":false},"excerpt":{"rendered":"<p>F\u00f6r den som planerar att starta f\u00f6retag \u00e4r aff\u00e4rsplanen ett centralt dokument. En aff\u00e4rsplan som beskriver aff\u00e4rsid\u00e9n och hur denna skall kunna f\u00f6rvekligas utifr\u00e5n ett antal aff\u00e4rsm\u00e5l. Tanken \u00e4r att &#8230;<\/p>\n","protected":false},"author":1,"featured_media":0,"parent":228,"menu_order":0,"comment_status":"open","ping_status":"closed","template":"","meta":{"footnotes":""},"class_list":["post-238","page","type-page","status-publish","hentry"],"_links":{"self":[{"href":"https:\/\/firmalan.com\/sv\/wp-json\/wp\/v2\/pages\/238","targetHints":{"allow":["GET"]}}],"collection":[{"href":"https:\/\/firmalan.com\/sv\/wp-json\/wp\/v2\/pages"}],"about":[{"href":"https:\/\/firmalan.com\/sv\/wp-json\/wp\/v2\/types\/page"}],"author":[{"embeddable":true,"href":"https:\/\/firmalan.com\/sv\/wp-json\/wp\/v2\/users\/1"}],"replies":[{"embeddable":true,"href":"https:\/\/firmalan.com\/sv\/wp-json\/wp\/v2\/comments?post=238"}],"version-history":[{"count":2,"href":"https:\/\/firmalan.com\/sv\/wp-json\/wp\/v2\/pages\/238\/revisions"}],"predecessor-version":[{"id":2070,"href":"https:\/\/firmalan.com\/sv\/wp-json\/wp\/v2\/pages\/238\/revisions\/2070"}],"up":[{"embeddable":true,"href":"https:\/\/firmalan.com\/sv\/wp-json\/wp\/v2\/pages\/228"}],"wp:attachment":[{"href":"https:\/\/firmalan.com\/sv\/wp-json\/wp\/v2\/media?parent=238"}],"curies":[{"name":"wp","href":"https:\/\/api.w.org\/{rel}","templated":true}]}}