{"id":2365,"date":"2020-08-09T08:55:42","date_gmt":"2020-08-09T06:55:42","guid":{"rendered":"https:\/\/firmalan.com\/sv\/?page_id=2365"},"modified":"2020-08-09T09:03:34","modified_gmt":"2020-08-09T07:03:34","slug":"bestrate","status":"publish","type":"page","link":"https:\/\/firmalan.com\/sv\/lana-pengar\/bestrate\/","title":{"rendered":"Bestrate"},"content":{"rendered":"<div class=\"section-content\">\n<div class=\"row\">\n<div class=\"feature-item col-lg-6 col-sm-6 wow slideInUp\">\n<div class=\"feature-media\"><img decoding=\"async\" src=\"https:\/\/firmalan.com\/sv\/wp-content\/uploads\/2020\/08\/BestRate-logo.png\" \/><\/div>\n<\/div>\n<div class=\"feature-item col-lg-6 col-sm-6 wow slideInUp\">\n<p>Bestrate \u00e4r en ny l\u00e5nef\u00f6rmedlare f\u00f6r b\u00e5de privatl\u00e5n och f\u00f6retagsl\u00e5n. Endast en kreditupplysning hos UC kr\u00e4vs oavsett hur m\u00e5nga olika l\u00e5nesvar som f\u00f6rmedlas.\n<\/p><\/div>\n<p>F\u00f6retag kan l\u00e5na upp till 3 miljoner med maximalt 5 \u00e5rs \u00e5terbetalningstid. I dagsl\u00e4get samarbetar och f\u00f6rmedlar Bestrate f\u00f6retagsl\u00e5n fr\u00e5n f\u00f6ljande l\u00e5ngivare: Approva, Aros Kapital, Capitalbox, Fedelta, Froda samt OPR F\u00f6retagsl\u00e5n. En sp\u00e4nnande sak med Bestrate \u00e4r att man \u00e4ven erbjuder f\u00f6retag att samla l\u00e5n, en tj\u00e4nst som inneb\u00e4r att man bakar ihop tv\u00e5 eller flera mindre krediter i ett st\u00f6rre l\u00e5n f\u00f6r att s\u00e4nka de sammantagna r\u00e4ntekostnaderna. Bestrate \u00e4r ett registrerat finansbolag som st\u00e5r under Finansinspektionens tillsyn.<br \/>\n<em>Aktiebolaget Approva AB finns registrerat hos Finansinspektionen som Konsumentkreditinstitut.<\/em><\/p>\n<p>&nbsp;<\/p>\n<p>\n<strong>Grundl\u00e4ggande krav:<\/strong><\/p>\n<ul>\n<li>F\u00f6r ans\u00f6kan om Bestrate f\u00f6retagsl\u00e5n kr\u00e4vs registrerat Aktiebolag, Handelsbolag eller Enskild firma i Sverige.<\/li>\n<li>F\u00f6retagare som ans\u00f6ker skall vara folkbokf\u00f6rda i Sverige i minst 1 \u00e5r.<\/li>\n<li>F-skattesedel skall finnas.<\/li>\n<li>Stabil ekonomi kr\u00e4vs, inget aktivt skuldsaldo hos Kronofogdemyndigheten.<\/li>\n<li>Tillg\u00e5ng till BankID f\u00f6r att uppr\u00e4tta och signera avtal<\/li>\n<\/ul>\n<\/div>\n<\/div>\n<div class=\"section-color\">\n<div class=\"row\">\n<div class=\"feature-item col-lg-6 col-sm-6 wow slideInUp\">\n<p class=\"kapitel\">F\u00f6retagsl\u00e5n<\/p>\n<ul>\n<li style=\"list-style-type: none;\">\n<ul>\n<li>Belopp: 25 000-3 000 000 kr<\/li>\n<li>L\u00f6ptid: 6-60 m\u00e5nader<\/li>\n<li>Indivduell r\u00e4nta: 5-40%<\/li>\n<\/ul>\n<\/li>\n<\/ul>\n<p>*R\u00e4nta best\u00e4ms efter kreditpr\u00f6vning.<\/p>\n<\/div>\n<div class=\"feature-item col-lg-6 col-sm-6 wow slideInUp\">\n<p class=\"kapitel\">Ans\u00f6kan<\/p>\n<ul id=\"navlist\">\n<li>Fyll i ans\u00f6kan p\u00e5 tv\u00e5 minut<\/li>\n<li>F\u00e5 svar inom en minut<\/li>\n<li>Pengar betalas ut inom 2-5 bankdagar<\/li>\n<\/ul>\n<\/div>\n<\/div>\n<\/div>\n<p><span style=\"color: #00529c; font-size: 16pt;\">Villkor:<\/span><\/p>\n<table>\n<tbody>\n<tr>\n<td bgcolor=\"#000\"><span style=\"color: #ffffff;\">R\u00e4nta<\/span><\/td>\n<td>5-40%.<\/td>\n<\/tr>\n<tr>\n<td bgcolor=\"#000\"><span style=\"color: #ffffff;\">Uppl\u00e4ggningsavgift<\/span><\/td>\n<td>Varierar.<\/td>\n<\/tr>\n<tr>\n<td bgcolor=\"#000\"><span style=\"color: #ffffff;\">Borgens\u00e5tagande<\/span><\/td>\n<td>Personlig borgensf\u00f6rbindelse kan kr\u00e4vas.<\/td>\n<\/tr>\n<tr>\n<td bgcolor=\"#000\"><span style=\"color: #ffffff;\">F\u00f6rtidsinl\u00f6sen<\/span><\/td>\n<td>F\u00f6rtidsinl\u00f6sen \u00e4r m\u00f6jlig, kontakta Bestrate f\u00f6r ytterligare information.<\/td>\n<\/tr>\n<tr>\n<td bgcolor=\"#000\"><span style=\"color: #ffffff;\">Betalningsanm\u00e4rkning<\/span><\/td>\n<td>M\u00f6jlighet att l\u00e5na upp till 150.000 kr trots betalningsanm\u00e4rkning.<\/td>\n<\/tr>\n<\/tbody>\n<\/table>\n<p><span style=\"color: #00529c; font-size: 16pt;\">Uppskattade krav p\u00e5 f\u00f6retag som s\u00f6ker:<\/span><\/p>\n<table>\n<tbody>\n<tr>\n<td bgcolor=\"#000\"><span style=\"color: #ffffff;\">\u00c4garskap<\/span><\/td>\n<td>Ans\u00f6kan kan endast uppr\u00e4ttas av firmatecknare eller annan bolagsman med teckningsr\u00e4tt.<\/td>\n<\/tr>\n<tr>\n<td bgcolor=\"#000\"><span style=\"color: #ffffff;\">F\u00f6retagsadress<\/span><\/td>\n<td>Verksamheten \u00e4r registrerad hos bolagsverket i Sverige.<\/td>\n<\/tr>\n<\/tbody>\n<\/table>\n<p><span style=\"color: #00529c; font-size: 16pt;\">F\u00f6ljande information\/dokumentation beh\u00f6vs:<\/span><\/p>\n<ul>\n<li>Du skall ha namnteckningsr\u00e4tt i f\u00f6retaget ensam eller tillsammans annan person<\/li>\n<li>F-skattesedel kr\u00e4vs.<\/li>\n<li>Ett giltigt BankID f\u00f6r att uppr\u00e4tta och signera l\u00e5neavtal.<\/li>\n<\/ul>\n<hr \/>\n<p>&nbsp;<\/p>\n<h4>\u00d6PPETTIDER KUNDTJ\u00c4NST:<\/h4>\n<table class=\"table table-striped\" border=\"0\">\n<tbody>\n<tr>\n<td valign=\"top\" width=\"150\">M\u00e5ndag \u2013 Torsdag<\/td>\n<td valign=\"top\" width=\"100\">09:00 \u2013 17:00<\/td>\n<\/tr>\n<tr>\n<td valign=\"top\" width=\"150\">Fredag<\/td>\n<td valign=\"top\" width=\"100\">09:00 \u2013 16:00<\/td>\n<\/tr>\n<tr>\n<td valign=\"top\" width=\"150\">Helg<\/td>\n<td valign=\"top\" width=\"100\">St\u00e4ngt<\/td>\n<\/tr>\n<\/tbody>\n<\/table>\n<blockquote><p>E-mail: <a href=\"mailto:kundservice@bestrate.se\">kundservice@bestrate.se.<\/a><\/p><\/blockquote>\n<blockquote class=\"theme\"><p>Bestrate Sverige AB<\/p>\n<h4>ADRESS:<\/h4>\n<p>\u00d6sterl\u00e5nggatan<br \/>\n69 503 37<br \/>\nBor\u00e5s<br \/>\nOrg. nr: 559225-8239<\/p><\/blockquote>\n","protected":false},"excerpt":{"rendered":"<p>Bestrate \u00e4r en ny l\u00e5nef\u00f6rmedlare f\u00f6r b\u00e5de privatl\u00e5n och f\u00f6retagsl\u00e5n. Endast en kreditupplysning hos UC kr\u00e4vs oavsett hur m\u00e5nga olika l\u00e5nesvar som f\u00f6rmedlas. F\u00f6retag kan l\u00e5na upp till 3 miljoner &#8230;<\/p>\n","protected":false},"author":1,"featured_media":2366,"parent":164,"menu_order":0,"comment_status":"closed","ping_status":"closed","template":"","meta":{"footnotes":""},"class_list":["post-2365","page","type-page","status-publish","has-post-thumbnail","hentry"],"_links":{"self":[{"href":"https:\/\/firmalan.com\/sv\/wp-json\/wp\/v2\/pages\/2365","targetHints":{"allow":["GET"]}}],"collection":[{"href":"https:\/\/firmalan.com\/sv\/wp-json\/wp\/v2\/pages"}],"about":[{"href":"https:\/\/firmalan.com\/sv\/wp-json\/wp\/v2\/types\/page"}],"author":[{"embeddable":true,"href":"https:\/\/firmalan.com\/sv\/wp-json\/wp\/v2\/users\/1"}],"replies":[{"embeddable":true,"href":"https:\/\/firmalan.com\/sv\/wp-json\/wp\/v2\/comments?post=2365"}],"version-history":[{"count":1,"href":"https:\/\/firmalan.com\/sv\/wp-json\/wp\/v2\/pages\/2365\/revisions"}],"predecessor-version":[{"id":2367,"href":"https:\/\/firmalan.com\/sv\/wp-json\/wp\/v2\/pages\/2365\/revisions\/2367"}],"up":[{"embeddable":true,"href":"https:\/\/firmalan.com\/sv\/wp-json\/wp\/v2\/pages\/164"}],"wp:featuredmedia":[{"embeddable":true,"href":"https:\/\/firmalan.com\/sv\/wp-json\/wp\/v2\/media\/2366"}],"wp:attachment":[{"href":"https:\/\/firmalan.com\/sv\/wp-json\/wp\/v2\/media?parent=2365"}],"curies":[{"name":"wp","href":"https:\/\/api.w.org\/{rel}","templated":true}]}}