{"id":2346,"date":"2020-07-19T08:52:32","date_gmt":"2020-07-19T06:52:32","guid":{"rendered":"https:\/\/firmalan.com\/sv\/?page_id=2346"},"modified":"2020-08-28T05:33:30","modified_gmt":"2020-08-28T03:33:30","slug":"credinord","status":"publish","type":"page","link":"https:\/\/firmalan.com\/sv\/lana-pengar\/credinord\/","title":{"rendered":"Credinord"},"content":{"rendered":"<div class=\"section-content\">\n<div class=\"row\">\n<div class=\"feature-item col-lg-6 col-sm-6 wow slideInUp\">\n<div class=\"feature-media\"><img decoding=\"async\" src=\"https:\/\/firmalan.com\/sv\/wp-content\/uploads\/2020\/07\/credinord_logo.png\"><\/div>\n<\/div>\n<div class=\"feature-item col-lg-6 col-sm-6 wow slideInUp\">\n<p><em>Observera att uppgifterna om Credinord f\u00f6retagsl\u00e5n kan vara bristf\u00e4lliga. Credinord AB eller det finl\u00e4ndska moderbolaget Credinord Oy finns inte heller med i Finansinspektionens f\u00f6retagsregister och saknar s\u00e5ledes ett gilltigt FI-nummer. Nordiska Firmal\u00e5n har inget samarbete med denna kreditgivare. Denna text b\u00f6r kompletteras med ytterligare information och vi reserverar oss mot felskrivningar.<\/em><\/p>\n<p>L\u00e5na upp till 1 000 000 kr utan s\u00e4kerhet. Ans\u00f6k om Credinord f\u00f6retagsl\u00e5n med BankID m\u00e5ndag till fredag under helgfri vardag mellan kl 8-16. F\u00e5 l\u00e5nesvar inom 1 timmme och efter godk\u00e4nnande omedelbar utbetalning till f\u00f6retagskontot.<br \/>\n<span style=\"color: #f4f4f4;\"><strong><a class=\"btn btn-theme-primary btn-lg\" style=\"color: #f4f4f4;\" title=\"\u27a4 Credinord f\u00f6retagsl\u00e5n\" href=\"https:\/\/firmalan.com\/sv\/go\/credinord\/\" target=\"_blank\" rel=\"nofollow noopener noreferrer\">\u27a4 Ans\u00f6k om CrediNord F\u00f6retagsl\u00e5n<\/a><\/strong><\/span><\/p>\n<\/div>\n<p>Alla f\u00f6retag oavsett bolagsfrom kan ans\u00f6k om l\u00e5n hos CrediNord. Dock kr\u00e4vs det att f\u00f6retaget har varit i drift i minst 6 m\u00e5nader och inga betalningsanm\u00e4rkningar f\u00e5r f\u00f6rekomma.<\/p>\n<p>L\u00e5neans\u00f6kan kan endast uppr\u00e4ttas av firmatecknare\/bolags\u00e4gare. F\u00f6r att ans\u00f6ka om Credinord f\u00f6retagsl\u00e5n upp till 250.000 kr kr\u00e4vs en borgensman f\u00f6r st\u00f6rre belopp upp till maximalt 1.000.000 kr kr\u00e4vs tv\u00e5 borgensm\u00e4n.<\/p>\n<p>I samband med uppr\u00e4ttandet av ans\u00f6kan anv\u00e4nds BankID f\u00f6r att bekr\u00e4fta din identitet. Du f\u00f6rbinder dig inte till n\u00e5got i och med ans\u00f6kan. Under normala kontorstider,p\u00e5 vardagar mellan kl 8-16, skickas ett digitalt l\u00e5nesvar inom en timme. Om ans\u00f6kan sker utanf\u00f6r kontorstid skickas l\u00e5nesvaret n\u00e4stkommande dag. Detta erbjudande kan du sedan v\u00e4lja att acceptera eller avvisa.<\/p>\n<p>Utbetalning sker omedelbart under ordinarie kontorstid, i annat fall sker utbetalning n\u00e4stkommande dag.<\/p>\n<p>Credinord tar endast ut en fast m\u00e5nadsvis kostnad f\u00f6r f\u00f6retagsl\u00e5net som baserar sig p\u00e5 startavgiften p\u00e5 1.13%-1.36% av det totala l\u00e5nebeloppet (beroende p\u00e5 l\u00f6ptid 6-18 m\u00e5n).<\/p>\n<p><strong>Startavgifter f\u00f6r Credinord f\u00f6retagsl\u00e5n 2020:<\/strong><\/p>\n<ul>\n<li>Vid en \u00e5terbetalningstid p\u00e5 6 m\u00e5n \u00e4r startavgiften 1,13% av l\u00e5nebeloppet.<\/li>\n<li>Vid en \u00e5terbetalningstid p\u00e5 12 m\u00e5n \u00e4r startavgiften 1,24% av l\u00e5nebeloppet.<\/li>\n<li>Vid en \u00e5terbetalningstid p\u00e5 18 m\u00e5n \u00e4r startavgiften 1,36% av l\u00e5nebeloppet.<\/li>\n<\/ul>\n<p>Inga fakturaavgifter eller andra dolda kostnader tillkommer. L\u00e5net kan \u00e5terbetals i f\u00f6rtid. Vid utebliven betalning kan p\u00e5minnelseavgifter, dr\u00f6jsm\u00e5lsr\u00e4nta samt senare inkassokostnader tillkomma. Om f\u00f6retaget trots p\u00e5minnelser inte betalar kan borgensm\u00e4nnen bli personligt betalningsansvariga.<\/p>\n<p><strong>Grundl\u00e4ggande krav:<\/strong><\/p>\n<ul>\n<li>F\u00f6r ans\u00f6kan kr\u00e4vs registrerat Aktiebolag, Handelsbolag eller Enskild firma i Sverige.<\/li>\n<li>Endast firmatecknare kan uppr\u00e4tta ans\u00f6kan.<\/li>\n<li>F\u00f6retaget skall ha varit verksamt i minst 6 m\u00e5n.<\/li>\n<li>Gilltig F-skattesedel skall finnas.<\/li>\n<li>Inga betalningsanm\u00e4rkningar eller aktivt skuldsaldo hos Kronofogdemyndigheten.<\/li>\n<li>Tillg\u00e5ng till BankID kr\u00e4vs f\u00f6r att uppr\u00e4tta och signera avtal.<\/li>\n<li>Minst en borgensman kr\u00e4vs.<\/li>\n<\/ul>\n<\/div>\n<\/div>\n<div class=\"section-color\">\n<div class=\"row\">\n<div class=\"feature-item col-lg-6 col-sm-6 wow slideInUp\">\n<p class=\"kapitel\">F\u00f6retagsl\u00e5n<\/p>\n<ul>\n<li style=\"list-style-type: none;\">\n<ul>\n<li>Belopp: 10 000-1 000 000 kr<\/li>\n<li>L\u00f6ptid: 6-18 m\u00e5nader<\/li>\n<li>M\u00e5nadsr\u00e4nta 1.13%-1.36%<\/li>\n<\/ul>\n<\/li>\n<\/ul>\n<p>*En fast m\u00e5nadsvis avgift tas ut.<\/p>\n<\/div>\n<div class=\"feature-item col-lg-6 col-sm-6 wow slideInUp\">\n<p class=\"kapitel\">Ans\u00f6kan<\/p>\n<ul id=\"navlist\">\n<li>Fyll i ans\u00f6kan<\/li>\n<li>Identifiera dig med BankID<\/li>\n<li>F\u00e5 l\u00e5nesvar inom 1 timme<\/li>\n<li>Efter godk\u00e4nnande betals l\u00e5net ut direkt<\/li>\n<\/ul>\n<\/div>\n<\/div>\n<\/div>\n<p><span style=\"color: #00529c; font-size: 16pt;\">Villkor:<\/span><\/p>\n<table>\n<tbody>\n<tr>\n<td bgcolor=\"#000\"><span style=\"color: #ffffff;\">R\u00e4nta<\/span><\/td>\n<td>Endast fast avgift.<\/td>\n<\/tr>\n<tr>\n<td bgcolor=\"#000\"><span style=\"color: #ffffff;\">Uppl\u00e4ggningsavgift<\/span><\/td>\n<td>1.13%-1.36% av totala l\u00e5nebeloppet.<\/td>\n<\/tr>\n<tr>\n<td bgcolor=\"#000\"><span style=\"color: #ffffff;\">Borgens\u00e5tagande<\/span><\/td>\n<td>Kr\u00e4ver personlig borgensf\u00f6rbindelse. En borgensman upp till 250.000 kr, f\u00f6r h\u00f6gre l\u00e5nebelpp kr\u00e4vs tv\u00e5 borgensm\u00e4n.<\/td>\n<\/tr>\n<tr>\n<td bgcolor=\"#000\"><span style=\"color: #ffffff;\">F\u00f6rtidsinl\u00f6sen<\/span><\/td>\n<td>F\u00f6rtidsinl\u00f6sen \u00e4r m\u00f6jlig, kontakta Credinord f\u00f6r att \u00e5terbetala skulden i f\u00f6rtid.<\/td>\n<\/tr>\n<tr>\n<td bgcolor=\"#000\"><span style=\"color: #ffffff;\">Betalningsanm\u00e4rkning<\/span><\/td>\n<td>F\u00e5r inte f\u00f6rekomma.<\/td>\n<\/tr>\n<\/tbody>\n<\/table>\n<p><span style=\"color: #00529c; font-size: 16pt;\">Uppskattade krav p\u00e5 f\u00f6retag som s\u00f6ker:<\/span><\/p>\n<table>\n<tbody>\n<tr>\n<td bgcolor=\"#000\"><span style=\"color: #ffffff;\">\u00c4garskap<\/span><\/td>\n<td>Ans\u00f6kan kan endast uppr\u00e4ttas av firmatecknare.<\/td>\n<\/tr>\n<tr>\n<td bgcolor=\"#000\"><span style=\"color: #ffffff;\">F\u00f6retagsadress<\/span><\/td>\n<td>Verksamheten \u00e4r registrerad hos bolagsverket i Sverige.<\/td>\n<\/tr>\n<\/tbody>\n<\/table>\n<p><span style=\"color: #00529c; font-size: 16pt;\">F\u00f6ljande information\/dokumentation beh\u00f6vs:<\/span><\/p>\n<ul>\n<li>Du skall ha namnteckningsr\u00e4tt i f\u00f6retaget ensam eller tillsammans annan person<\/li>\n<li>F-skattesedel kr\u00e4vs.<\/li>\n<li>Ett giltigt BankID f\u00f6r att uppr\u00e4tta och signera l\u00e5neavtal.<\/li>\n<\/ul>\n<hr>\n<p>&nbsp;<\/p>\n<h4>\u00d6PPETTIDER KUNDTJ\u00c4NST:<\/h4>\n<table class=\"table table-striped\" border=\"0\">\n<tbody>\n<tr>\n<td valign=\"top\" width=\"150\">M\u00e5ndag \u2013 Fredagar<\/td>\n<td valign=\"top\" width=\"100\">08:00 \u2013 16:00<\/td>\n<\/tr>\n<tr>\n<td valign=\"top\" width=\"150\">Helg<\/td>\n<td valign=\"top\" width=\"100\">St\u00e4ngt<\/td>\n<\/tr>\n<\/tbody>\n<\/table>\n<blockquote><p>E-mail: <a href=\"mailto:kundservice@credinord.com\">kundservice@credinord.com.<\/a><\/p><\/blockquote>\n<blockquote class=\"theme\"><p>CrediNord Oy<\/p>\n<h4>ADRESS:<\/h4>\n<p>CrediNord<br \/>\nC\/O Greenstep Lind\u00f6v\u00e4gen<br \/>\n72 602 28<br \/>\nNorrk\u00f6ping<br \/>\nOrg. nr: FI-29949631<\/p><\/blockquote>\n","protected":false},"excerpt":{"rendered":"<p>Observera att uppgifterna om Credinord f\u00f6retagsl\u00e5n kan vara bristf\u00e4lliga. Credinord AB eller det finl\u00e4ndska moderbolaget Credinord Oy finns inte heller med i Finansinspektionens f\u00f6retagsregister och saknar s\u00e5ledes ett gilltigt FI-nummer. &#8230;<\/p>\n","protected":false},"author":1,"featured_media":2347,"parent":164,"menu_order":0,"comment_status":"closed","ping_status":"closed","template":"","meta":{"footnotes":""},"class_list":["post-2346","page","type-page","status-publish","has-post-thumbnail","hentry"],"_links":{"self":[{"href":"https:\/\/firmalan.com\/sv\/wp-json\/wp\/v2\/pages\/2346","targetHints":{"allow":["GET"]}}],"collection":[{"href":"https:\/\/firmalan.com\/sv\/wp-json\/wp\/v2\/pages"}],"about":[{"href":"https:\/\/firmalan.com\/sv\/wp-json\/wp\/v2\/types\/page"}],"author":[{"embeddable":true,"href":"https:\/\/firmalan.com\/sv\/wp-json\/wp\/v2\/users\/1"}],"replies":[{"embeddable":true,"href":"https:\/\/firmalan.com\/sv\/wp-json\/wp\/v2\/comments?post=2346"}],"version-history":[{"count":6,"href":"https:\/\/firmalan.com\/sv\/wp-json\/wp\/v2\/pages\/2346\/revisions"}],"predecessor-version":[{"id":2377,"href":"https:\/\/firmalan.com\/sv\/wp-json\/wp\/v2\/pages\/2346\/revisions\/2377"}],"up":[{"embeddable":true,"href":"https:\/\/firmalan.com\/sv\/wp-json\/wp\/v2\/pages\/164"}],"wp:featuredmedia":[{"embeddable":true,"href":"https:\/\/firmalan.com\/sv\/wp-json\/wp\/v2\/media\/2347"}],"wp:attachment":[{"href":"https:\/\/firmalan.com\/sv\/wp-json\/wp\/v2\/media?parent=2346"}],"curies":[{"name":"wp","href":"https:\/\/api.w.org\/{rel}","templated":true}]}}