{"id":2341,"date":"2020-07-18T10:29:35","date_gmt":"2020-07-18T08:29:35","guid":{"rendered":"https:\/\/firmalan.com\/sv\/?page_id=2341"},"modified":"2020-07-18T10:44:35","modified_gmt":"2020-07-18T08:44:35","slug":"livscykel","status":"publish","type":"page","link":"https:\/\/firmalan.com\/sv\/eget-foretag\/livscykel\/","title":{"rendered":"Ett f\u00f6retags livscykel"},"content":{"rendered":"<p>\u00c4ven om varje verksamhet \u00e4r unik, genomg\u00e5r i princip alla f\u00f6retag f\u00f6ljande utvecklingsfaser. Att identifiera i vilken fas av sin livscykel ett f\u00f6retag befinner sig i, \u00e4r anv\u00e4ndbar i samband med f\u00f6retagsv\u00e4rderingar samt f\u00f6r att tolka vilken sorts finansieringsbehov som kan t\u00e4nkas uppst\u00e5 i n\u00e4rtid.<\/p>\n<p><img loading=\"lazy\" decoding=\"async\" class=\"alignnone size-medium wp-image-2343\" src=\"https:\/\/firmalan.com\/sv\/wp-content\/uploads\/2020\/07\/livscykel-300x217.png\" alt=\"\" width=\"300\" height=\"217\" srcset=\"https:\/\/firmalan.com\/sv\/wp-content\/uploads\/2020\/07\/livscykel-300x217.png 300w, https:\/\/firmalan.com\/sv\/wp-content\/uploads\/2020\/07\/livscykel.png 450w\" sizes=\"auto, (max-width: 300px) 100vw, 300px\" \/><\/p>\n<p>Ett f\u00f6retags livscykel ibland kallat dess produktlivscykeln omfattar f\u00f6ljande fem faser:<\/p>\n<ol>\n<li>\n<h5>Start och pionj\u00e4rfasen &#8211; Produktutvecklingsstadiet<\/h5>\n<\/li>\n<\/ol>\n<p>Under denna fas befinner sig verksamheten i sin linda. Ett fr\u00f6 till en id\u00e9 skall omvandlas fr\u00e5n teori till praktik. Under uppstartsfasen \u00e4r int\u00e4kterna i regel obefintliga och man har \u00e4nnu inte n\u00e5gon f\u00e4rdig produkt eller tj\u00e4nst att peka p\u00e5 f\u00f6r att locka till sig investerare eller s\u00f6ka finansiering. Samtidigt kan utl\u00e4gg f\u00f6r investeringar och utgifter i form av l\u00f6n, konsultarvoden, juridiska kostnader, ink\u00f6p och eventuella leasing eller hyreskostnader vara en f\u00f6ruts\u00e4ttning f\u00f6r att man skall kunna realisera aff\u00e4rsid\u00e9n. Start och pionj\u00e4rfasen pr\u00e4glas generellt av ovisshet och ekonomiskt risktagande.<\/p>\n<p>M\u00f6jlig finansiering under denna fas:<\/p>\n<ul>\n<li>Nordiskt klimatinitiativ (NCF) &#8211; S\u00f6ka finansierar om mellan 250 000 och 500 000 euro till projekt som kan bidra till ett b\u00e4ttre klimat och minskad fattigdom i l\u00e5ginkomstl\u00e4nder.<\/li>\n<li><a href=\"https:\/\/firmalan.com\/sv\/finansiering\/eu\/\">EU bidrag<\/a> &#8211; inom ramen f\u00f6r satsningen Horisont 2020<\/li>\n<li><a href=\"https:\/\/firmalan.com\/sv\/finansiering\/vinnova\/\">Vinnova<\/a> &#8211; Innovationsst\u00f6d f\u00f6r sm\u00e5 och medelstora f\u00f6retag<\/li>\n<li><a href=\"https:\/\/firmalan.com\/sv\/finansiering\/tillvaxtverket\/\">Tillv\u00e4xtverket<\/a> &#8211; Regionalt bidrag f\u00f6r f\u00f6retagsutveckling<\/li>\n<li>Energimyndigheten &#8211; Aff\u00e4rsutvecklingsst\u00f6d f\u00f6r milj\u00f6- och energiteknik<\/li>\n<li><a href=\"https:\/\/firmalan.com\/sv\/lana-pengar\/almi\/\">Almi &#8211; innovationsl\u00e5n<\/a><\/li>\n<li><a href=\"https:\/\/firmalan.com\/sv\/\">F\u00f6retagsl\u00e5n<\/a><\/li>\n<\/ul>\n<ol start=\"2\">\n<li>\n<h5>Genombrottsfasen \u2013 Introduktionsstadiet<\/h5>\n<\/li>\n<\/ol>\n<p>N\u00e4r en produkt eller tj\u00e4nst v\u00e4l existerar och \u00e4r redo att introducera p\u00e5 marknaden, har f\u00f6retagandet g\u00e5tt in i den kritiska genombrottsfasen. Det \u00e4r nu agnarna s\u00e5llas fr\u00e5n vetet, om efterfr\u00e5gan \u00e4r tillr\u00e4ckligt stor kan l\u00f6nsamhet skapas och f\u00f6retaget etablera sig p\u00e5 marknaden.<\/p>\n<p>I samband med introduktionsfasen kan det finnas behov av att l\u00e5na pengar till exempelvis marknadsf\u00f6ring och nyanst\u00e4llningar. Att lyckas h\u00e5lla sig likvid \u00e4r ofta en stor utmaning i denna fas och d\u00e4rf\u00f6r kan f\u00f6retagsl\u00e5n som garanteras med personlig borgen eller s\u00e4kerhet i kundfakturor vara en tillf\u00e4llig l\u00f6sning f\u00f6r att t\u00e4cka de eventuella kapitalbehoven.<\/p>\n<p>&nbsp;<\/p>\n<ol start=\"3\">\n<li>\n<h5>Tillv\u00e4xtstadiet<\/h5>\n<\/li>\n<\/ol>\n<p>M\u00e5nga entrepren\u00f6rer och startup-grundare upplever tillv\u00e4xtfasen som den roligaste, det \u00e4r n\u00e4mligen under denna tid som f\u00f6retag v\u00e4xlar upp f\u00f6r att n\u00e5 sin verkliga potential. Nyanst\u00e4llningar, investeringar och uppk\u00f6p g\u00f6rs med syfte att v\u00e4xa.\u00a0 Denna period utm\u00e4rker sig genom stora kapitalbehov, det \u00e4r inte ovanligt att man tar in extern kapital genom investerare i form av riskkapitalister eller genom marknadsnotering p\u00e5 b\u00f6rsen. M\u00e5let med tillv\u00e4xten \u00e4r att \u00f6ka oms\u00e4ttningen, flytta fram sina positioner och ta marknadsandelar.<\/p>\n<ol start=\"4\">\n<li>\n<h5>Mognadsstadiet<\/h5>\n<\/li>\n<\/ol>\n<p>N\u00e4r tillv\u00e4xten avtar och stagnerar har f\u00f6retagandet g\u00e5tt i ett nytt skede. Nu handlar det mer om att optimera och justera f\u00f6r att f\u00e5 b\u00e4ttre vinstmarginaler.\u00a0 Strategiska uppk\u00f6p av konkurrenter och\/eller fusioner \u00e4r vanligt f\u00f6rekommande f\u00f6r att skapa synergier och kostnadsbesparingar. Verksamhetens alla delar genomlyses f\u00f6r att st\u00e4rka svaga l\u00e4nkar, effektivisera processer samt kapa ol\u00f6nsamma delar.<\/p>\n<p>Mognadsstadiet kan liknas vid tr\u00e4dsk\u00f6tsel d\u00e4r man jordf\u00f6rb\u00e4ttrar, g\u00f6dslar och besk\u00e4r samt f\u00e4ller tr\u00e4d f\u00f6r att skapa en b\u00e4ttre jordm\u00e5n f\u00f6r hela best\u00e5ndet. F\u00f6retag som befinner sig i mognadsstadiet efterstr\u00e4va att uppr\u00e4tta l\u00e5ngsiktiga och f\u00f6rm\u00e5nliga avtal. Genom att peka p\u00e5 en l\u00e5ng f\u00f6retagshistorik, sunda finanser samt v\u00e4linarbetat varum\u00e4rke kan nya l\u00e5ngsiktiga bankavtal uppr\u00e4ttas och befintliga l\u00e5n omf\u00f6rhandlas.<\/p>\n<ol start=\"5\">\n<li>\n<h5>Nedg\u00e5ngsstadiet<\/h5>\n<\/li>\n<\/ol>\n<p>Efter tider av kontinuerlig f\u00f6rs\u00e4ljningstillv\u00e4xt n\u00e5r alla verksamheter f\u00f6r eller senare till en punkt d\u00e5 f\u00f6rs\u00e4ljningen avtar f\u00f6r att sedan g\u00e5 ner.\u00a0 N\u00e4r f\u00f6rs\u00e4ljningsniv\u00e5erna stabiliserat sig ligger de oftast kvar p\u00e5 denna niv\u00e5 eller minskar ytterligare under en l\u00e5ng tid fram\u00f6ver om inga insatser g\u00f6rs f\u00f6r att bryta cykeln.<\/p>\n<p>N\u00e5gra m\u00f6jliga \u00e5terg\u00e4rder som kan g\u00f6ras f\u00f6r att p\u00e5 nytt n\u00e5 b\u00e4ttre l\u00f6nsamhet \u00e4r:<\/p>\n<ol>\n<li>F\u00f6rb\u00e4ttra befintliga produkt och \u00e5terlansera den, med f\u00f6rhoppning att n\u00e5 en ny tillv\u00e4xtfas.<\/li>\n<li>Effektivisera produktionskedjan och p\u00e5 s\u00e5 vis kapa kostnaderna.<\/li>\n<li>S\u00e4lja ut hela eller delar av f\u00f6retagsverksamheten.<\/li>\n<\/ol>\n<p>&nbsp;<\/p>\n<p>&nbsp;<\/p>\n","protected":false},"excerpt":{"rendered":"<p>\u00c4ven om varje verksamhet \u00e4r unik, genomg\u00e5r i princip alla f\u00f6retag f\u00f6ljande utvecklingsfaser. Att identifiera i vilken fas av sin livscykel ett f\u00f6retag befinner sig i, \u00e4r anv\u00e4ndbar i samband &#8230;<\/p>\n","protected":false},"author":1,"featured_media":2343,"parent":2330,"menu_order":0,"comment_status":"closed","ping_status":"closed","template":"","meta":{"footnotes":""},"class_list":["post-2341","page","type-page","status-publish","has-post-thumbnail","hentry"],"_links":{"self":[{"href":"https:\/\/firmalan.com\/sv\/wp-json\/wp\/v2\/pages\/2341","targetHints":{"allow":["GET"]}}],"collection":[{"href":"https:\/\/firmalan.com\/sv\/wp-json\/wp\/v2\/pages"}],"about":[{"href":"https:\/\/firmalan.com\/sv\/wp-json\/wp\/v2\/types\/page"}],"author":[{"embeddable":true,"href":"https:\/\/firmalan.com\/sv\/wp-json\/wp\/v2\/users\/1"}],"replies":[{"embeddable":true,"href":"https:\/\/firmalan.com\/sv\/wp-json\/wp\/v2\/comments?post=2341"}],"version-history":[{"count":2,"href":"https:\/\/firmalan.com\/sv\/wp-json\/wp\/v2\/pages\/2341\/revisions"}],"predecessor-version":[{"id":2344,"href":"https:\/\/firmalan.com\/sv\/wp-json\/wp\/v2\/pages\/2341\/revisions\/2344"}],"up":[{"embeddable":true,"href":"https:\/\/firmalan.com\/sv\/wp-json\/wp\/v2\/pages\/2330"}],"wp:featuredmedia":[{"embeddable":true,"href":"https:\/\/firmalan.com\/sv\/wp-json\/wp\/v2\/media\/2343"}],"wp:attachment":[{"href":"https:\/\/firmalan.com\/sv\/wp-json\/wp\/v2\/media?parent=2341"}],"curies":[{"name":"wp","href":"https:\/\/api.w.org\/{rel}","templated":true}]}}