{"id":234,"date":"2018-02-27T09:03:21","date_gmt":"2018-02-27T09:03:21","guid":{"rendered":"https:\/\/firmalan.com\/sv\/?page_id=234"},"modified":"2019-11-20T19:30:53","modified_gmt":"2019-11-20T18:30:53","slug":"budget","status":"publish","type":"page","link":"https:\/\/firmalan.com\/sv\/likviditet\/budget\/","title":{"rendered":"Uppr\u00e4tta likviditetsbudget"},"content":{"rendered":"<p>God balans i f\u00f6retagsekonomin \u00e4r n\u00e4rmast en f\u00f6ruts\u00e4ttning f\u00f6r att lyckas som f\u00f6retagare. En likviditetsbudget identifierar och skapar rimliga kostnadsramar f\u00f6r verksamheter och tydligg\u00f6r hur mycket fritt kapital (likvida medel) som kr\u00e4vs f\u00f6r att betala fasta och r\u00f6rliga kostnader under en m\u00e5nadsperiod. Innan en likviditetsbudget kan uppr\u00e4ttas beh\u00f6ver samtliga in- och utgifter st\u00e4llas upp, denna process kallas likviditetsprognos.<\/p>\n<p>Likviditetsprognosen ligger sedan till grund f\u00f6r uppr\u00e4ttandet av budgeten. En skapad likviditetsbudget g\u00f6r det inte bara l\u00e4ttare att f\u00e5 pengarna att r\u00e4cka till utan hj\u00e4lper \u00e4ven till att f\u00f6rutse en likviditetsrisk.<\/p>\n<hr \/>\n<h3>Skapa likviditetsbudget online<\/h3>\n<p>P\u00e5 verksamt.se som \u00e4gs och drivs av Bolagsverket \u00e4r det m\u00f6jligt att <a href=\"https:\/\/www.verksamt.se\/alla-e-tjanster\/rakna-ut\/likviditetsbudget\">skapa en likviditetsbudget direkt p\u00e5 n\u00e4tet<\/a>. Den f\u00e4rdigst\u00e4llda budgeten kan sedan laddas ner och importeras i Excel.<\/p>\n<p><img loading=\"lazy\" decoding=\"async\" class=\"size-medium wp-image-235 aligncenter\" src=\"https:\/\/firmalan.com\/sv\/wp-content\/uploads\/2018\/02\/likviditet_budget_verksamt-300x260.png\" alt=\"bild p\u00e5 verksamt\" width=\"300\" height=\"260\" srcset=\"https:\/\/firmalan.com\/sv\/wp-content\/uploads\/2018\/02\/likviditet_budget_verksamt-300x260.png 300w, https:\/\/firmalan.com\/sv\/wp-content\/uploads\/2018\/02\/likviditet_budget_verksamt-768x665.png 768w, https:\/\/firmalan.com\/sv\/wp-content\/uploads\/2018\/02\/likviditet_budget_verksamt.png 906w\" sizes=\"auto, (max-width: 300px) 100vw, 300px\" \/><\/p>\n<hr \/>\n<h3>Nedladdningsbara likviditetsbudget mallar:<\/h3>\n<p>&#8211; <a href=\"\/sv\/go\/almi-budget\/\" target=\"_blank\" rel=\"nofollow noopener noreferrer\">Almi Bugetmall<\/a><br \/>\n&#8211; <a href=\"\/sv\/go\/visma-budget\/\" target=\"_blank\" rel=\"nofollow noopener noreferrer\">Visma Budgetmall<\/a><br \/>\n&#8211; Mimo Budgetmall <a href=\"\/sv\/go\/mimo-ef-hb-budget\/\" target=\"_blank\" rel=\"nofollow noopener noreferrer\">Enskild Firma &amp; Handelsbolag<\/a> \/ <a href=\"\/sv\/go\/mimo-ab-budget\/\" target=\"_blank\" rel=\"nofollow noopener noreferrer\">Aktiebolag<\/a><br \/>\n&#8211; <a href=\"\/sv\/go\/ung-f-ovning\/\" target=\"_blank\" rel=\"nofollow noopener noreferrer\">Ung f\u00f6retagsamhet \u00d6vningsuppgift<\/a> (bra f\u00f6r dig som vill skapa din f\u00f6rsta likviditetsbudget)<\/p>\n","protected":false},"excerpt":{"rendered":"<p>God balans i f\u00f6retagsekonomin \u00e4r n\u00e4rmast en f\u00f6ruts\u00e4ttning f\u00f6r att lyckas som f\u00f6retagare. En likviditetsbudget identifierar och skapar rimliga kostnadsramar f\u00f6r verksamheter och tydligg\u00f6r hur mycket fritt kapital (likvida medel) &#8230;<\/p>\n","protected":false},"author":1,"featured_media":0,"parent":228,"menu_order":0,"comment_status":"open","ping_status":"closed","template":"","meta":{"footnotes":""},"class_list":["post-234","page","type-page","status-publish","hentry"],"_links":{"self":[{"href":"https:\/\/firmalan.com\/sv\/wp-json\/wp\/v2\/pages\/234","targetHints":{"allow":["GET"]}}],"collection":[{"href":"https:\/\/firmalan.com\/sv\/wp-json\/wp\/v2\/pages"}],"about":[{"href":"https:\/\/firmalan.com\/sv\/wp-json\/wp\/v2\/types\/page"}],"author":[{"embeddable":true,"href":"https:\/\/firmalan.com\/sv\/wp-json\/wp\/v2\/users\/1"}],"replies":[{"embeddable":true,"href":"https:\/\/firmalan.com\/sv\/wp-json\/wp\/v2\/comments?post=234"}],"version-history":[{"count":2,"href":"https:\/\/firmalan.com\/sv\/wp-json\/wp\/v2\/pages\/234\/revisions"}],"predecessor-version":[{"id":2076,"href":"https:\/\/firmalan.com\/sv\/wp-json\/wp\/v2\/pages\/234\/revisions\/2076"}],"up":[{"embeddable":true,"href":"https:\/\/firmalan.com\/sv\/wp-json\/wp\/v2\/pages\/228"}],"wp:attachment":[{"href":"https:\/\/firmalan.com\/sv\/wp-json\/wp\/v2\/media?parent=234"}],"curies":[{"name":"wp","href":"https:\/\/api.w.org\/{rel}","templated":true}]}}