{"id":228,"date":"2018-02-26T18:24:08","date_gmt":"2018-02-26T18:24:08","guid":{"rendered":"https:\/\/firmalan.com\/sv\/?page_id=228"},"modified":"2020-11-28T22:45:03","modified_gmt":"2020-11-28T21:45:03","slug":"likviditet","status":"publish","type":"page","link":"https:\/\/firmalan.com\/sv\/likviditet\/","title":{"rendered":"Likviditetsproblem"},"content":{"rendered":"<p>Det tillg\u00e4ngliga kapital (pengar och andra tillg\u00e5ngar) som ett f\u00f6retag har att r\u00f6ra sig med kan s\u00e4gas utg\u00f6ra <em>dess betalningsf\u00f6rm\u00e5ga<\/em> vanligen ben\u00e4mnt som likviditet. Storleken p\u00e5 de likvida medlen utg\u00f6r skillnaden mellan kostnaderna och int\u00e4kterna. F\u00f6r m\u00e5nga f\u00f6retag \u00e4r tillg\u00e5ngen p\u00e5 r\u00f6rligt kapital en stor utmaning och den i s\u00e4rklass vanligaste orsaken till likviditetsproblem bland f\u00f6retag \u00e4r sena betalningarna fr\u00e5n kunder. Problem med likviditet uppst\u00e5r fr\u00e4mst i uppstartsfasen alternativt n\u00e4r bolag vill v\u00e4xa och best\u00e4mmer sig f\u00f6r att utveckla verksamheten. Stora investeringar och andra tillf\u00e4lliga kostnader p\u00e5verkar ofta betalningsf\u00f6rm\u00e5gan negativt. Att sakna tillg\u00e4ngliga medel f\u00f6r att betala fasta och l\u00f6pande kostnader \u00e4r en mardr\u00f6m f\u00f6r vilken f\u00f6retagare som helst d\u00e4rf\u00f6r g\u00e4ller det att g\u00f6r allt man kan f\u00f6r att undvika att hamna i en s\u00e5dan sits. Det finns faktiskt ett antal saker man kan g\u00f6ra f\u00f6r att f\u00f6rb\u00e4ttra likviditeten, men det g\u00e4ller att vara lite f\u00f6rutseende f\u00f6r att slippa st\u00e5 med m\u00f6ssan i hand.<\/p>\n<h3>Sex tips f\u00f6r att f\u00e5 b\u00e4ttre likviditet<\/h3>\n<ol>\n<li>Att <a href=\"https:\/\/firmalan.com\/sv\/likviditet\/budget\/\">uppr\u00e4tta en likviditetsbudget<\/a> \u00e4r minst lika viktigt som att skapa aff\u00e4rsplan, \u00e4nd\u00e5 l\u00e4gger m\u00e5nga f\u00f6retag ofta mest fokus p\u00e5 den senare. Likviditetsprognosen visar hur v\u00e4l f\u00f6retagets pengar r\u00e4cker f\u00f6r t\u00e4cka m\u00e5nadens utgifter och likviditetsbudgeten syftar i likhet med andra budgetar till att skapa en h\u00e5llbar ekonomi. Det \u00e4r budgeten som s\u00e4tter ramarna f\u00f6r verksamheten och talar om hur stor likviditet som f\u00f6retaget kr\u00e4ver. God planering och strikt efterlevnad av budget minskar likviditetsrisken.<\/li>\n<li>Sprid riskerna! Undvik att l\u00e4gga alla \u00e4gg i samma korg, differentiera och ha hellre m\u00e5nga mindre kunder \u00e4n endast en eller ett par stora kunder.<\/li>\n<li>F\u00f6r att undvika penningproblem i samband med uppstart, expansion eller investeringar \u00e4r det viktigt att ha goda marginaler. Genom <a href=\"https:\/\/firmalan.com\/sv\">f\u00f6retagsl\u00e5n<\/a> eller riskkapital kan likviditeten bli b\u00e4ttre och marginalerna \u00f6ka. T\u00e4nk p\u00e5 att ov\u00e4ntade kostnader ofta uppst\u00e5r just i samband med nystarter och tillv\u00e4xt situationer, kostnader som uppst\u00e5r i dessa sammanhang brukar ibland lite underfundigt ben\u00e4mnas som v\u00e4xtv\u00e4rk.<\/li>\n<li>F\u00f6rs\u00f6k f\u00e5 kunderna att betala i tid genom att anpassa fakturorna. M\u00e5nga fakturor har en betalningstid p\u00e5 omkring 30 dagar, detta \u00e4r inte n\u00f6dv\u00e4ndigtvis den mest optimerade faktura l\u00e4ngden i din bransch. Laborera med att f\u00f6rkorta f\u00f6rfallodatumet, genom att minska betalningstiden till 10-14 dagar. Alternativt kan du prova att skicka ut fakturorna tidigare och ha en l\u00e4ngre betalningstid p\u00e5 60-90 dagar. Om kunderna \u00e4nd\u00e5 inte betalar inom tidsfristen kan factoring vara ett alternativ att \u00f6verv\u00e4ga, <strong>att s\u00e4lja eller bel\u00e5na fakturor \u00e4r ett snabbt vis f\u00f6r att skapa \u00f6kad likviditet<\/strong> i f\u00f6retaget.<\/li>\n<li>P\u00e5 samma vis som du kan f\u00f6rl\u00e4nga eller f\u00f6rkorta betalningsperioden f\u00f6r kundfakturorna, kan det givetvis \u00e4ven m\u00f6jligt att f\u00f6rhandla fram l\u00e4ngre betalningsperioder f\u00f6r leverant\u00f6rsfakturor. Kontakta viktiga \u00e5terkommande leverant\u00f6rer och be dem f\u00f6rl\u00e4nga betalningstiden med 30-60 dagar f\u00f6r att ge ert f\u00f6retag lite extra tidsbuffert.<\/li>\n<li>Korrigera f\u00f6r h\u00f6g debitering p\u00e5 F-skatten. M\u00e5nga betalar in mer skatt \u00e4n de faktiskt beh\u00f6ver, detta kan man g\u00f6ra om man har mycket god likviditet och vill vara s\u00e4ker p\u00e5 att undvika en ov\u00e4ntad skattesm\u00e4ll, men den som brottas med svag likviditet b\u00f6r se \u00f6ver uppgifterna hos skatteverket s\u00e5 att man inte betalar in mer pengar \u00e4n vad man faktiskt m\u00e5ste i f\u00f6rtid.<\/li>\n<\/ol>\n\n\n\n<div style='display:none'>Adservice Comparison Feed: Could not find feed with ID \"firma001\"<\/div>\n<script>console.log('Adservice Comparison Feed: Could not find feed with ID \"firma001\"');<\/script>\n","protected":false},"excerpt":{"rendered":"<p>Det tillg\u00e4ngliga kapital (pengar och andra tillg\u00e5ngar) som ett f\u00f6retag har att r\u00f6ra sig med kan s\u00e4gas utg\u00f6ra dess betalningsf\u00f6rm\u00e5ga vanligen ben\u00e4mnt som likviditet. Storleken p\u00e5 de likvida medlen utg\u00f6r &#8230;<\/p>\n","protected":false},"author":1,"featured_media":0,"parent":0,"menu_order":0,"comment_status":"open","ping_status":"closed","template":"","meta":{"footnotes":""},"class_list":["post-228","page","type-page","status-publish","hentry"],"_links":{"self":[{"href":"https:\/\/firmalan.com\/sv\/wp-json\/wp\/v2\/pages\/228","targetHints":{"allow":["GET"]}}],"collection":[{"href":"https:\/\/firmalan.com\/sv\/wp-json\/wp\/v2\/pages"}],"about":[{"href":"https:\/\/firmalan.com\/sv\/wp-json\/wp\/v2\/types\/page"}],"author":[{"embeddable":true,"href":"https:\/\/firmalan.com\/sv\/wp-json\/wp\/v2\/users\/1"}],"replies":[{"embeddable":true,"href":"https:\/\/firmalan.com\/sv\/wp-json\/wp\/v2\/comments?post=228"}],"version-history":[{"count":6,"href":"https:\/\/firmalan.com\/sv\/wp-json\/wp\/v2\/pages\/228\/revisions"}],"predecessor-version":[{"id":2411,"href":"https:\/\/firmalan.com\/sv\/wp-json\/wp\/v2\/pages\/228\/revisions\/2411"}],"wp:attachment":[{"href":"https:\/\/firmalan.com\/sv\/wp-json\/wp\/v2\/media?parent=228"}],"curies":[{"name":"wp","href":"https:\/\/api.w.org\/{rel}","templated":true}]}}