{"id":2249,"date":"2020-05-22T14:31:22","date_gmt":"2020-05-22T12:31:22","guid":{"rendered":"https:\/\/firmalan.com\/sv\/?page_id=2249"},"modified":"2020-05-22T15:38:58","modified_gmt":"2020-05-22T13:38:58","slug":"sa-fungerar-foretagsleasing","status":"publish","type":"page","link":"https:\/\/firmalan.com\/sv\/sa-fungerar-foretagsleasing\/","title":{"rendered":"S\u00e5 fungerar f\u00f6retagsleasing"},"content":{"rendered":"<p>Det finns mycket som talar f\u00f6r att leasa en bil, men en hel del beror p\u00e5 ditt avtal. Bland annat s\u00e5 beh\u00f6ver du inte binda s\u00e5 mycket av f\u00f6retagets kapital. En utgift varje m\u00e5nad kan vara l\u00e4ttare att klara av \u00e4n en stor klumpsumma. Du slipper ta ett l\u00e5n, vilket ju f\u00f6r med sig andra konsekvenser.<\/p>\n<p>N\u00e4r leasingperioden \u00e4r \u00f6ver kan du besluta om du fortfarande har behov av bilen. P\u00e5 ett par \u00e5r kan mycket f\u00f6r\u00e4ndra sig och du kanske \u00e4r redo f\u00f6r n\u00e5got nytt. Eller s\u00e5 kan du v\u00e4lja att forts\u00e4tta leasa men med en ny, fr\u00e4sch bil.<\/p>\n<h3><img loading=\"lazy\" decoding=\"async\" class=\"size-medium wp-image-2251 alignright\" src=\"https:\/\/firmalan.com\/sv\/wp-content\/uploads\/2020\/05\/leasingdesign-final3-300x200.png\" alt=\"\" width=\"300\" height=\"200\" srcset=\"https:\/\/firmalan.com\/sv\/wp-content\/uploads\/2020\/05\/leasingdesign-final3-300x200.png 300w, https:\/\/firmalan.com\/sv\/wp-content\/uploads\/2020\/05\/leasingdesign-final3-1024x683.png 1024w, https:\/\/firmalan.com\/sv\/wp-content\/uploads\/2020\/05\/leasingdesign-final3-768x512.png 768w, https:\/\/firmalan.com\/sv\/wp-content\/uploads\/2020\/05\/leasingdesign-final3-1536x1024.png 1536w, https:\/\/firmalan.com\/sv\/wp-content\/uploads\/2020\/05\/leasingdesign-final3.png 1599w\" sizes=\"auto, (max-width: 300px) 100vw, 300px\" \/>Fem f\u00f6rdelar med att leasa f\u00f6retagsbilar<\/h3>\n<ol>\n<li>Bind inte upp f\u00f6retagets kapital i bilen.<\/li>\n<li>G\u00f6ra avdrag f\u00f6r halva momsen p\u00e5 leasinghyror.<\/li>\n<li>Kostnaden \u00e4r fullt avdragsgill.<\/li>\n<li>F\u00f6ruts\u00e4gbara kostnader med fast m\u00e5nadsavgifter.<\/li>\n<li><em>All inclusive<\/em> &#8211; V\u00e4lj finansiell leasing d\u00e4r service, f\u00f6rs\u00e4kring och vinterhjul ing\u00e5r.<\/li>\n<\/ol>\n<p><a href=\"https:\/\/firmalan.com\/sv\/finansieringsformer\/firmabil\/\">Mer om att k\u00f6pa eller leasa f\u00f6retagsbil<\/a>.<\/p>\n<p><strong>Tips f\u00f6r tryggare leasingavtal:<\/strong><br \/>\nKr\u00e4va ett garanterat restv\u00e4rde. Bevara en stabil likviditet och betala en fast f\u00f6ruts\u00e4gbar m\u00e5nadsavgift f\u00f6r ny modern fordonsteknik och utrustning. F\u00f6retagsleasning \u00e4r ett popul\u00e4rt alternativ till dyra investeringar och <a href=\"https:\/\/firmalan.com\/sv\/lana-pengar\/typ\/bank\/\">bankl\u00e5n<\/a>.<\/p>\n<div class=\"col-md-6 col-md-offset-1\"><img loading=\"lazy\" decoding=\"async\" class=\"alignnone size-large wp-image-76\" src=\"https:\/\/firmalan.com\/sv\/wp-content\/uploads\/2020\/05\/bilar-trans.png\" alt=\"\" width=\"459\" height=\"286\" \/><\/div>\n<div>\n<h2>Hur fungerar f\u00f6retagsleasing?<\/h2>\n<p>Det f\u00f6rsta steget \u00e4r att v\u00e4lja vilken bil som kan passa b\u00e4st. Beroende p\u00e5 hur m\u00e5nga som ska f\u00e5 plats i den, hur mycket och var du ska k\u00f6ra, och s\u00e5 vidare. Avtalet kan variera bland annat beroende p\u00e5 k\u00f6rstr\u00e4cka. Sedan \u00e4r det bara att best\u00e4lla den sorts bil du \u00f6nskar fr\u00e5n det bolag som har de b\u00e4sta termerna f\u00f6r dina behov. Ist\u00e4llet f\u00f6r att k\u00f6pa den s\u00e5 hyr du bilen med s\u00e4rskilda f\u00f6rm\u00e5ner. Vanligtvis s\u00e5 leasar man bilen med ett kontrakt p\u00e5 tv\u00e5 eller tre \u00e5r. Efter tiden har l\u00f6pt ut finns det olika alternativ som alla kan vara intressanta.<br \/>\nSkillnaden mellan operationell och finansiell leasing<\/p>\n<p>Finansiell leasing inneb\u00e4r att f\u00f6retaget har ansvar f\u00f6r bilen \u00e4ven om du betalar en m\u00e5nadskostnad. Det \u00e4r som en sorts investering, och firman m\u00e5ste st\u00e5 f\u00f6r f\u00f6rs\u00e4kring, reparationer och underh\u00e5ll. Man kan se det som ett l\u00e5n d\u00e4r bilen \u00e4r s\u00e4kerheten. Kostnaderna tas upp i f\u00f6retagets balansr\u00e4kning.<br \/>\nOperationell leasing \u00e5 andra sidan betyder att leasingf\u00f6retaget b\u00e4r ansvaret. De st\u00e5r f\u00f6r omkostnaderna som d\u00e5 ing\u00e5r i din m\u00e5nadskostnad. N\u00e4r kontraktet l\u00f6per ut tar de tillbaka bilen. Leasing tas inte upp i balansr\u00e4kningen utan bokf\u00f6rs som en direkt kostnad. Ett hyresobjekt med speciella avtal.<\/p>\n<h3>Leasingformer:<\/h3>\n<ol>\n<li><a href=\"#billeasing\">Billeasing<\/a>.<\/li>\n<li><a href=\"#maskinleasing\">Maskinleasing<\/a>.<\/li>\n<li><a href=\"#utrustning\">Utrustningsleasing<\/a>.<\/li>\n<li><a href=\"#jamforelsetjanser\">J\u00e4mf\u00f6relsetj\u00e4nster<\/a>.<\/li>\n<\/ol>\n<hr \/>\n<h5 id=\"billeasing\">Fordon-\/Billeasing<\/h5>\n<table>\n<thead>\n<tr>\n<th><strong>Varum\u00e4rke<\/strong><\/th>\n<th>Billeasing<\/th>\n<th>Avtal<\/th>\n<th>Leasa bilmodeller<\/th>\n<th>Finansiering<\/th>\n<th>Hemsida<\/th>\n<\/tr>\n<\/thead>\n<tbody>\n<tr>\n<td>Fakturino<\/td>\n<td>Hj\u00e4lper f\u00f6retagskunder hitta r\u00e4tt leasingavtal<\/td>\n<td>Ingen uppgift<\/td>\n<td>J\u00e4mf\u00f6r leasingavtal<\/td>\n<td>Uppgift saknas<\/td>\n<td><a href=\"https:\/\/www.fakturino.se\/leasing\/\" target=\"_blank\" rel=\"nofollow noopener noreferrer\"> www.fakturino.se<\/a><\/td>\n<\/tr>\n<tr>\n<td>Audi<\/td>\n<td>Audileasing<\/td>\n<td>12\u201360 m\u00e5n<\/td>\n<td>Quattro, r series 3,4,5,6,7,8<\/td>\n<td>Volkswagen Finans Sverige<\/td>\n<td><a href=\"https:\/\/www.audi.se\/se\/web\/sv\/customer-area\/financial-services\/layer\/audi-leasing.html\" target=\"_blank\" rel=\"nofollow noopener noreferrer\"> www.audi.se<\/a><\/td>\n<\/tr>\n<tr>\n<td>BMW<\/td>\n<td>BMW F\u00f6retagsleasing<\/td>\n<td>12-36 m\u00e5n<\/td>\n<td>X-serien,SUV<\/td>\n<td>BMW Financial Services Scandinavia<\/td>\n<td><a href=\"https:\/\/www.bmw.se\/sv\/avdelning\/tj%C3%A4nster\/finansiera\/bmw-leasing.html#foretag\" target=\"_blank\" rel=\"nofollow noopener noreferrer\"> www.bmw.se<\/a><\/td>\n<\/tr>\n<tr>\n<td>Citro\u00ebn<\/td>\n<td>Citro\u00ebn F\u00f6retagsleasing<\/td>\n<td>Uppgift saknas<\/td>\n<td>C-serien<\/td>\n<td>Citro\u00ebn Finans\/Nordea Finans<\/td>\n<td><a href=\"https:\/\/www.citroen.se\/business\/business-finans\/finansiering-foretag.html\" target=\"_blank\" rel=\"nofollow noopener noreferrer\"> www.citroen.se<\/a><\/td>\n<\/tr>\n<tr>\n<td>Dacia<\/td>\n<td>Dacia Billeasing<\/td>\n<td>12-36 m\u00e5n<\/td>\n<td>Duster,Logan<\/td>\n<td>Volvofinans Bank<\/td>\n<td><a href=\"https:\/\/www.dacia.se\/finansiering\/\" target=\"_blank\" rel=\"nofollow noopener noreferrer\"> www.dacia.se<\/a><\/td>\n<\/tr>\n<tr>\n<td>Ford<\/td>\n<td>Ford Leasing<\/td>\n<td>12-72 m\u00e5n<\/td>\n<td>Fiesta,Mondeo<\/td>\n<td>Ford Credit \/ Forso Nordic AB<\/td>\n<td><a href=\"https:\/\/www.ford.se\/ford-credit-finansiering\/ford-credit\/finansiering-for-foretag\/ford-leasing\" target=\"_blank\" rel=\"nofollow noopener noreferrer\"> www.ford.se<\/a><\/td>\n<\/tr>\n<tr>\n<td>Fiat<\/td>\n<td>Fiat 4Business<\/td>\n<td>12-36 m\u00e5n<\/td>\n<td><\/td>\n<td>Leasys \/ FCA Bank<\/td>\n<td><a href=\"https:\/\/www.fiat.se\/fiat-4business\/\" target=\"_blank\" rel=\"nofollow noopener noreferrer\"> www.fiat.se<\/a><\/td>\n<\/tr>\n<tr>\n<td>Isuzu<\/td>\n<td>Isuzu<\/td>\n<td>Uppgift saknas<\/td>\n<td><\/td>\n<td>Isuzu Finans \/ Wasa Kredit<\/td>\n<td><a href=\"https:\/\/www.isuzusverige.se\/\" target=\"_blank\" rel=\"nofollow noopener noreferrer\"> www.isuzusverige.se<\/a><\/td>\n<\/tr>\n<tr>\n<td>Jaguar<\/td>\n<td>Jaguar Fleet &amp; business<\/td>\n<td>12-36 m\u00e5n<\/td>\n<td><\/td>\n<td>DNB Finans<\/td>\n<td><a href=\"https:\/\/www.jaguar.se\/fleet-and-business\" target=\"_blank\" rel=\"nofollow noopener noreferrer\"> www.jaguar.se<\/a><\/td>\n<\/tr>\n<tr>\n<td>Jeep<\/td>\n<td>Jeep 4Business<\/td>\n<td>Uppgift saknas<\/td>\n<td><\/td>\n<td>Uppgift saknas<\/td>\n<td><a href=\"https:\/\/www.jeep.se\/4business-uc\" target=\"_blank\" rel=\"nofollow noopener noreferrer\"> www.jeep.se<\/a><\/td>\n<\/tr>\n<tr>\n<td>KIA<\/td>\n<td>KIA Motors Sweden AB<\/td>\n<td><\/td>\n<td>Niro,Ceed,Rio,Stinger<\/td>\n<td>Kia Motors Corporation<\/td>\n<td><a href=\"https:\/\/www.kia.com\/se\/tjanstebil\/erbjudande\/\" target=\"_blank\" rel=\"nofollow noopener noreferrer\"> www.kia.com<\/a><\/td>\n<\/tr>\n<tr>\n<td>Lexus<\/td>\n<td>Lexus in business<\/td>\n<td>24-48 m\u00e5n<\/td>\n<td>Hybrid<\/td>\n<td>Lexus Financial Services<\/td>\n<td><a href=\"https:\/\/www.lexus.se\/lexus-in-business\/tjanstebilar\/#vad-kostar-det\" target=\"_blank\" rel=\"nofollow noopener noreferrer\"> www.lexus.se<\/a><\/td>\n<\/tr>\n<tr>\n<td>Mercedes Benz<\/td>\n<td>FleetEdition &#8211; Tj\u00e4nstebilar och leasing till f\u00f6retag<\/td>\n<td>12-36 m\u00e5n<\/td>\n<td>X-klass<\/td>\n<td>Mercedes-Benz Finans<\/td>\n<td><a href=\"https:\/\/www.mercedes-benz.se\/passengercars\/buy\/fleet-and-business\/stage.module.html\" target=\"_blank\" rel=\"nofollow noopener noreferrer\"> www.mercedes-benz.se<\/a><\/td>\n<\/tr>\n<tr>\n<td>Mazda<\/td>\n<td>Mazda Business<\/td>\n<td>12-120 m\u00e5n<\/td>\n<td>CX-serien<\/td>\n<td>Mazda Finans<\/td>\n<td><a href=\"https:\/\/www.mazda.se\/kopa\/foretag\/oversikt\/\" target=\"_blank\" rel=\"nofollow noopener noreferrer\"> www.mazda.se<\/a><\/td>\n<\/tr>\n<tr>\n<td>MINI<\/td>\n<td>Mini F\u00f6retagsleasing<\/td>\n<td>36 m\u00e5n<\/td>\n<td>Cooper,Countryman<\/td>\n<td>MINI Financial Services<\/td>\n<td><a href=\"https:\/\/www.mini.se\/tjanstebil\/leasing\/\" target=\"_blank\" rel=\"nofollow noopener noreferrer\"> www.mini.se<\/a><\/td>\n<\/tr>\n<tr>\n<td>Mitsubishi<\/td>\n<td>Mitsubishi tj\u00e4nstebil<\/td>\n<td>12-60 m\u00e5n<\/td>\n<td><\/td>\n<td>MMC Bilfinans<\/td>\n<td><a href=\"https:\/\/mitsubishimotors.se\/tjanstebilar\/tjanstebilar_mitsubishi\" target=\"_blank\" rel=\"nofollow noopener noreferrer\"> www.mitsubishimotors.se<\/a><\/td>\n<\/tr>\n<tr>\n<td>Nissan<\/td>\n<td>Nissan F\u00f6retagsleasing<\/td>\n<td>24-48 m\u00e5n<\/td>\n<td><\/td>\n<td>Nissan Finans<\/td>\n<td><a href=\"https:\/\/www.nissan.se\/agande\/nissan-tjanster\/nissan-finansiering.html\" target=\"_blank\" rel=\"nofollow noopener noreferrer\"> www.nissan.se<\/a><\/td>\n<\/tr>\n<tr>\n<td>Opel<\/td>\n<td>Opel F\u00f6retagsleasing<\/td>\n<td>24-48 m\u00e5n<\/td>\n<td><\/td>\n<td>Uppgift saknas<\/td>\n<td><a href=\"https:\/\/www.opel.se\/\" target=\"_blank\" rel=\"nofollow noopener noreferrer\"> www.opel.se<\/a><\/td>\n<\/tr>\n<tr>\n<td>Peugeot<\/td>\n<td>Peugeot Finansiell leasing<\/td>\n<td>12-60 m\u00e5n<\/td>\n<td><\/td>\n<td>Peugeot Finans (en del av DNB Finans)<\/td>\n<td><a href=\"https:\/\/www.peugeot.se\/servicetjanster\/finansiering-och-forsakring\/for-dig-som-foretagare.html\" target=\"_blank\" rel=\"nofollow noopener noreferrer\"> www.peugeot.se<\/a><\/td>\n<\/tr>\n<tr>\n<td>Porsche<\/td>\n<td>Porsche F\u00f6retagsleasing<\/td>\n<td>12-60 m\u00e5n<\/td>\n<td><\/td>\n<td>Volkswagen Finans Sverige<\/td>\n<td><a href=\"http:\/\/www.porsche.se\/bilagande\/porsche-foretagsleasing\/\" target=\"_blank\" rel=\"nofollow noopener noreferrer\"> www.porsche.se<\/a><\/td>\n<\/tr>\n<tr>\n<td>Renault<\/td>\n<td>Business Relax Leasing<\/td>\n<td>24-48 m\u00e5n<\/td>\n<td><\/td>\n<td>Renault Finans<\/td>\n<td><a href=\"https:\/\/www.renault.se\/alla-tjanster\/finansiering\/foretagsleasing.html\" target=\"_blank\" rel=\"nofollow noopener noreferrer\"> www.renault.se<\/a><\/td>\n<\/tr>\n<tr>\n<td>Skoda<\/td>\n<td>\u0160koda Business Lease<\/td>\n<td>Uppgift saknas<\/td>\n<td><\/td>\n<td>\u0160koda financial services<\/td>\n<td><a href=\"https:\/\/www.skoda.se\/kopa-bil\/foretagsleasing\" target=\"_blank\" rel=\"nofollow noopener noreferrer\"> www.skoda.se<\/a><\/td>\n<\/tr>\n<tr>\n<td>SEAT<\/td>\n<td>SEAT F\u00f6retagsleasing<\/td>\n<td>12-60 m\u00e5n<\/td>\n<td><\/td>\n<td>Volkswagen Finans Sverige<\/td>\n<td><a href=\"https:\/\/www.seat.se\/shopping-tools\/finansiering\/foretags-leasing.html\" target=\"_blank\" rel=\"nofollow noopener noreferrer\"> www.seat.se<\/a><\/td>\n<\/tr>\n<tr>\n<td>Tesla<\/td>\n<td>Enterprise sales<\/td>\n<td>Uppgift saknas<\/td>\n<td><\/td>\n<td>Uppgift saknas<\/td>\n<td><a href=\"https:\/\/www.tesla.com\/sv_SE\/enterprise\" target=\"_blank\" rel=\"nofollow noopener noreferrer\"> www.tesla.com<\/a><\/td>\n<\/tr>\n<tr>\n<td>Toyota<\/td>\n<td>Toyota BusinessLease<\/td>\n<td>24-48 m\u00e5n<\/td>\n<td>Hilux<\/td>\n<td>Toyota Financial Service<\/td>\n<td><a href=\"https:\/\/www.toyota.se\/finans-och-forsakring\/foretagskund\/foretagsleasing.json\" target=\"_blank\" rel=\"nofollow noopener noreferrer\"> www.toyota.se<\/a><\/td>\n<\/tr>\n<tr>\n<td>Volkswagen<\/td>\n<td>Business Lease<\/td>\n<td>1-60 m\u00e5n<\/td>\n<td>Tiguan,Golf,Passat<\/td>\n<td>Volkswagen Finans Sverige<\/td>\n<td><a href=\"https:\/\/www.volkswagen.se\/sv\/kop-en-vw\/finansiera\/foretagsleasing.html\" target=\"_blank\" rel=\"nofollow noopener noreferrer\"> www.volkswagen.se<\/a><\/td>\n<\/tr>\n<tr>\n<td>VolvoCars Business Lease<\/td>\n<td>Volvo Billeasing<\/td>\n<td>12-36 m\u00e5n<\/td>\n<td>S-serien, V-serien,XC 40-90<\/td>\n<td>Volvofinans Bank<\/td>\n<td><a href=\"https:\/\/www.volvocars.com\/se\/kop\/finansiering-och-tjanster\/foretag\/business-lease\" target=\"_blank\" rel=\"nofollow noopener noreferrer\"> www.volvocars.com<\/a><\/td>\n<\/tr>\n<tr>\n<td>Unifleet<\/td>\n<td>J\u00e4mf\u00f6r f\u00f6retagsbilar<\/td>\n<td>12-120 m\u00e5n<\/td>\n<td>J\u00e4mf\u00f6r leasingavtal<\/td>\n<td>Uppgift saknas<\/td>\n<td><a href=\"https:\/\/unifleet.se\/\" target=\"_blank\" rel=\"nofollow noopener noreferrer\"> www.unifleet.se<\/a><\/td>\n<\/tr>\n<tr>\n<td>Biloffert<\/td>\n<td>J\u00e4mf\u00f6r fordonsleasing privat- &amp; f\u00f6retag<\/td>\n<td>Ingen uppgift<\/td>\n<td>Flera olika bilm\u00e4rken<\/td>\n<td>Uppgift saknas<\/td>\n<td><a href=\"https:\/\/biloffert.se\/foretagsleasing\/\" target=\"_blank\" rel=\"nofollow noopener noreferrer\"> www.biloffert.se<\/a><\/td>\n<\/tr>\n<\/tbody>\n<\/table>\n<p>&nbsp;<\/p>\n<hr \/>\n<h5 id=\"maskinleasing\">Maskinleasing<\/h5>\n<table>\n<thead>\n<tr>\n<th><strong>F\u00f6retag<\/strong><\/th>\n<th>Leasing<\/th>\n<th>Avtal<\/th>\n<th>Maskintyp<\/th>\n<th>Finansiering<\/th>\n<th>Hemsida<\/th>\n<\/tr>\n<\/thead>\n<tbody>\n<tr>\n<td>Fakturino<\/td>\n<td>Hj\u00e4lper f\u00f6retagskunder hitta r\u00e4tt leasingavtal<\/td>\n<td>Ingen uppgift<\/td>\n<td>Inventarier, bilar, entreprenadmaskiner, kopiatorer, skrivare etc.<\/td>\n<td>Uppgift saknas<\/td>\n<td><a href=\"https:\/\/www.fakturino.se\/leasing\/\" target=\"_blank\" rel=\"nofollow noopener noreferrer\"> www.fakturino.se<\/a><\/td>\n<\/tr>\n<tr>\n<td>GJMaskin<\/td>\n<td>GJ Leasing<\/td>\n<td>24-96 m\u00e5n<\/td>\n<td>Lantbruk, truckar, entreprenad<\/td>\n<td>Nordea Finans<\/td>\n<td><a href=\"http:\/\/www.gjmaskin.se\/finanskalkyler\/leasing.html\" target=\"_blank\" rel=\"nofollow noopener noreferrer\"> www.gjmaskin.se<\/a><\/td>\n<\/tr>\n<tr>\n<td>Grenke<\/td>\n<td>Grenke leasing<\/td>\n<td>Uppgift saknas<\/td>\n<td><\/td>\n<td>Uppgift saknas<\/td>\n<td><a href=\"https:\/\/www.grenkeleasing.se\/se\/tjaenster-och-produkter\/leasing\/maskinleasing.html\" target=\"_blank\" rel=\"nofollow noopener noreferrer\"> www.grenkeleasing.se<\/a><\/td>\n<\/tr>\n<tr>\n<td>Wasa kredit<\/td>\n<td>Leasing\/avbetalning<\/td>\n<td>Uppgift saknas<\/td>\n<td>Entreprenad, Tunga fordon, Verkstad, Skog, Lantbruk<\/td>\n<td>Wasa Kredit<\/td>\n<td><a href=\"https:\/\/www.wasakredit.se\/maskinfinansiering\/\" target=\"_blank\" rel=\"nofollow noopener noreferrer\"> www.wasakredit.se<\/a><\/td>\n<\/tr>\n<tr>\n<td>St\u00e5l &amp; verktyg<\/td>\n<td>St\u00e5l&amp;verktyg F\u00f6retagsleasing<\/td>\n<td>36 m\u00e5n<\/td>\n<td>Festools maskiner<\/td>\n<td>Uppgift saknas<\/td>\n<td><a href=\"https:\/\/www.sov.se\/sv\/tjanster\/maskinleasing\/\" target=\"_blank\" rel=\"nofollow noopener noreferrer\"> www.sov.se<\/a><\/td>\n<\/tr>\n<tr>\n<td>Danske Bank<\/td>\n<td>Danske Bank Leasing\/Avbetalning<\/td>\n<td>24 m\u00e5n<\/td>\n<td>Maskiner<\/td>\n<td>Danske Bank A\/S, Danmark, Sverige Filial<\/td>\n<td><a href=\"https:\/\/danskebank.se\/foretag\/produkterotjanster\/finansiering\/leasing\" target=\"_blank\" rel=\"nofollow noopener noreferrer\"> www.danskebank.se<\/a><\/td>\n<\/tr>\n<tr>\n<td>DNB<\/td>\n<td>DNB Leasing\/Avbetalning<\/td>\n<td>12-80 m\u00e5n<\/td>\n<td>Lantbruk, lastbil,truckar, entreprenad, skog<\/td>\n<td>DNB Bank ASA, filial Sverige<\/td>\n<td><a href=\"https:\/\/www.dnb.se\/se\/sv\/finansiering\/leasing-hyra-avbetalning\/investeringsfinansiering\/entreprenad\/finansieringsform.html\" target=\"_blank\" rel=\"nofollow noopener noreferrer\"> www.dnb.se<\/a><\/td>\n<\/tr>\n<tr>\n<td>Handelsbanken<\/td>\n<td>Handelsbanken Leasing\/Avbetalning<\/td>\n<td>36-80 m\u00e5n<\/td>\n<td>Maskiner, Fordon, Inventarier<\/td>\n<td>Svenska Handelsbanken AB<\/td>\n<td><a href=\"https:\/\/www.handelsbanken.se\/shb\/Inet\/ICentSv.nsf\/default\/q8A436D6B9E90E1BCC1257AB5003616B6?OpenDocument\" target=\"_blank\" rel=\"nofollow noopener noreferrer\"> www.handelsbanken.se<\/a><\/td>\n<\/tr>\n<tr>\n<td>Swedbank<\/td>\n<td>Swedbank Leasing\/Avbetalning<\/td>\n<td>Uppgift saknas<\/td>\n<td>Entreprenad, Tunga fordon, Verkstad, Skog, Lantbruk<\/td>\n<td>Swedbank Finans<\/td>\n<td><a href=\"https:\/\/www.swedbank.se\/foretag\/finansiera\/leasing.html\" target=\"_blank\" rel=\"nofollow noopener noreferrer\"> www.swedbank.se<\/a><\/td>\n<\/tr>\n<\/tbody>\n<\/table>\n<hr \/>\n<h5 id=\"utrustning\">Leasa utrustning<\/h5>\n<table>\n<thead>\n<tr>\n<th><strong>F\u00f6retag<\/strong><\/th>\n<th>Leasing<\/th>\n<th>Avtal<\/th>\n<th>Utrustning<\/th>\n<th>Finansiering<\/th>\n<th>Hemsida<\/th>\n<\/tr>\n<\/thead>\n<tbody>\n<tr>\n<td>Fakturino<\/td>\n<td>Hj\u00e4lper f\u00f6retagskunder hitta r\u00e4tt leasingavtal<\/td>\n<td>Ingen uppgift<\/td>\n<td>Inventarier, bilar, entreprenadmaskiner, kopiatorer, skrivare etc.<\/td>\n<td>556871-3019<\/td>\n<td><a href=\"https:\/\/www.fakturino.se\/leasing\/\" target=\"_blank\" rel=\"nofollow noopener noreferrer\"> www.fakturino.se<\/a><\/td>\n<\/tr>\n<tr>\n<td>Danske Bank<\/td>\n<td>Danske Bank Leasing\/Avbetalning<\/td>\n<td>24 m\u00e5n<\/td>\n<td>Maskiner<\/td>\n<td>Danske Bank A\/S, Danmark, Sverige Filial<\/td>\n<td><a href=\"https:\/\/danskebank.se\/foretag\/produkterotjanster\/finansiering\/leasing\" target=\"_blank\" rel=\"nofollow noopener noreferrer\"> www.danskebank.se<\/a><\/td>\n<\/tr>\n<tr>\n<td>DNB<\/td>\n<td>DNB Leasing\/Avbetalning<\/td>\n<td>12-80 m\u00e5n<\/td>\n<td>Lantbruk, lastbil,truckar, entreprenad, skog<\/td>\n<td>DNB Bank ASA, filial Sverige<\/td>\n<td><a href=\"https:\/\/www.dnb.se\/se\/sv\/finansiering\/leasing-hyra-avbetalning\/investeringsfinansiering\/entreprenad\/finansieringsform.html\" target=\"_blank\" rel=\"nofollow noopener noreferrer\"> www.dnb.se<\/a><\/td>\n<\/tr>\n<tr>\n<td>Handelsbanken<\/td>\n<td>Handelsbanken Leasing\/Avbetalning<\/td>\n<td>36-80 m\u00e5n<\/td>\n<td>Maskiner, Fordon, Inventarier<\/td>\n<td>Svenska Handelsbanken AB<\/td>\n<td><a href=\"https:\/\/www.handelsbanken.se\/shb\/Inet\/ICentSv.nsf\/default\/q8A436D6B9E90E1BCC1257AB5003616B6?OpenDocument\" target=\"_blank\" rel=\"nofollow noopener noreferrer\"> www.handelsbanken.se<\/a><\/td>\n<\/tr>\n<tr>\n<td>Swedbank<\/td>\n<td>Swedbank Leasing\/Avbetalning<\/td>\n<td>Uppgift saknas<\/td>\n<td>Entreprenad, Tunga fordon, Verkstad, Skog, Lantbruk<\/td>\n<td>Swedbank Finans<\/td>\n<td><a href=\"https:\/\/www.swedbank.se\/foretag\/finansiera\/leasing.html\" target=\"_blank\" rel=\"nofollow noopener noreferrer\"> www.swedbank.se<\/a><\/td>\n<\/tr>\n<\/tbody>\n<\/table>\n<hr \/>\n<h5 id=\"jamforelsetjanser\">J\u00e4mf\u00f6relsetj\u00e4nster Leasing<\/h5>\n<table>\n<thead>\n<tr>\n<th><strong>F\u00f6retag<\/strong><\/th>\n<th>Tj\u00e4nst<\/th>\n<th>Avtal<\/th>\n<th>Leasing<\/th>\n<th>Org<\/th>\n<th>Hemsida<\/th>\n<\/tr>\n<\/thead>\n<tbody>\n<tr>\n<td>Biloffert<\/td>\n<td>J\u00e4mf\u00f6r fordonsleasing privat- &amp; f\u00f6retag<\/td>\n<td>Ingen uppgift<\/td>\n<td>Flera olika bilm\u00e4rken<\/td>\n<td>559076-4535<\/td>\n<td><a href=\"https:\/\/biloffert.se\/foretagsleasing\/\" target=\"_blank\" rel=\"nofollow noopener noreferrer\"> www.biloffert.se<\/a><\/td>\n<\/tr>\n<tr>\n<td>Fakturino<\/td>\n<td>Hj\u00e4lper f\u00f6retagskunder hitta r\u00e4tt leasingavtal<\/td>\n<td>Ingen uppgift<\/td>\n<td>Inventarier, bilar, entreprenadmaskiner, kopiatorer, skrivare etc.<\/td>\n<td>556871-3019<\/td>\n<td><a href=\"https:\/\/www.fakturino.se\/leasing\/\" target=\"_blank\" rel=\"nofollow noopener noreferrer\"> www.fakturino.se<\/a><\/td>\n<\/tr>\n<tr>\n<td>Leasify<\/td>\n<td>kostnadsfri tj\u00e4nst som ser \u00f6ver f\u00f6retags leasing- och hyresavtal<\/td>\n<td>Ingen uppgift<\/td>\n<td>Optimerar befintliga leasingavtal och upphandlingar<\/td>\n<td>556957-5375<\/td>\n<td><a href=\"https:\/\/leasify.se\" target=\"_blank\" rel=\"nofollow noopener noreferrer\"> www.leasify.se<\/a><\/td>\n<\/tr>\n<tr>\n<td>Unifleet<\/td>\n<td>J\u00e4mf\u00f6r f\u00f6retagsbilar<\/td>\n<td>12-120 m\u00e5n<\/td>\n<td>J\u00e4mf\u00f6r leasingavtal<\/td>\n<td>556254-5193<\/td>\n<td><a href=\"https:\/\/unifleet.se\/\" target=\"_blank\" rel=\"nofollow noopener noreferrer\"> www.unifleet.se<\/a><\/td>\n<\/tr>\n<\/tbody>\n<\/table>\n<h2>Vad \u00e4r restv\u00e4rde\/restskuld?<\/h2>\n<p>N\u00e4r du ing\u00e5r ett leasingavtal s\u00e5 ber\u00e4knas v\u00e4rdet av bilen vid \u00e5terl\u00e4mnandet. Om v\u00e4rdet till exempel t\u00e4nks vara 80% j\u00e4mf\u00f6rt med kontraktets b\u00f6rjan s\u00e5 betalar du av 20% i dina m\u00e5nadsinbetalningar. Sedan n\u00e4r kontraktet avslutas s\u00e5 ser man p\u00e5 bilens marknadsv\u00e4rde. Har du d\u00e5 betalt f\u00f6r lite s\u00e5 har du en restskuld.<\/p>\n<p>F\u00f6r att undvika stora kostnader i samband med kontraktets slut kan det vara bra att v\u00e4lja ett l\u00e5gt restv\u00e4rde. F\u00f6r om du betalar in f\u00f6r mycket s\u00e5 f\u00e5r du tillbaka det vid leasingens slut. Det kan ocks\u00e5 p\u00e5verka priset om du v\u00e4ljer att k\u00f6pa bilen, eftersom du d\u00e5 redan har betalt ganska mycket av dess v\u00e4rde.<\/p>\n<p>Inneh\u00e5llet har tidigare publicerats p\u00e5 v\u00e5r numera nedlagda systersajter firmaleasing.com.<\/p>\n<\/div>\n","protected":false},"excerpt":{"rendered":"<p>Det finns mycket som talar f\u00f6r att leasa en bil, men en hel del beror p\u00e5 ditt avtal. Bland annat s\u00e5 beh\u00f6ver du inte binda s\u00e5 mycket av f\u00f6retagets kapital. &#8230;<\/p>\n","protected":false},"author":1,"featured_media":0,"parent":0,"menu_order":0,"comment_status":"closed","ping_status":"closed","template":"","meta":{"footnotes":""},"class_list":["post-2249","page","type-page","status-publish","hentry"],"_links":{"self":[{"href":"https:\/\/firmalan.com\/sv\/wp-json\/wp\/v2\/pages\/2249","targetHints":{"allow":["GET"]}}],"collection":[{"href":"https:\/\/firmalan.com\/sv\/wp-json\/wp\/v2\/pages"}],"about":[{"href":"https:\/\/firmalan.com\/sv\/wp-json\/wp\/v2\/types\/page"}],"author":[{"embeddable":true,"href":"https:\/\/firmalan.com\/sv\/wp-json\/wp\/v2\/users\/1"}],"replies":[{"embeddable":true,"href":"https:\/\/firmalan.com\/sv\/wp-json\/wp\/v2\/comments?post=2249"}],"version-history":[{"count":6,"href":"https:\/\/firmalan.com\/sv\/wp-json\/wp\/v2\/pages\/2249\/revisions"}],"predecessor-version":[{"id":2258,"href":"https:\/\/firmalan.com\/sv\/wp-json\/wp\/v2\/pages\/2249\/revisions\/2258"}],"wp:attachment":[{"href":"https:\/\/firmalan.com\/sv\/wp-json\/wp\/v2\/media?parent=2249"}],"curies":[{"name":"wp","href":"https:\/\/api.w.org\/{rel}","templated":true}]}}