{"id":219,"date":"2018-02-26T17:13:17","date_gmt":"2018-02-26T17:13:17","guid":{"rendered":"https:\/\/firmalan.com\/sv\/?page_id=219"},"modified":"2020-11-25T23:22:58","modified_gmt":"2020-11-25T22:22:58","slug":"privatlan","status":"publish","type":"page","link":"https:\/\/firmalan.com\/sv\/lana-pengar\/typ\/privatlan\/","title":{"rendered":"Privatl\u00e5n"},"content":{"rendered":"<p>Enskilda firmor och handelsbolag har inte samma m\u00f6jlighet att <a href=\"https:\/\/firmalan.com\/sv\/finansieringsformer\/juridiska\/ab\/\">s\u00f6ka l\u00e5n som aktiebolag<\/a>, det beror p\u00e5 att EF-f\u00f6retag inte \u00e4r en egen juridisk person utan ist\u00e4llet b\u00e4r \u00e4garen fullt ut det juridiska och ekonomiska ansvaret f\u00f6r verksamheten. Handelsbolag \u00e4r visserligen en juridisk person men skattereglerna \u00e4r mer lika de som g\u00e4ller f\u00f6r en enskild firma \u00e4n ett aktiebolag och dessa regler g\u00f6r det komplicerat att tj\u00e4na p\u00e5 att teckna traditionella f\u00f6retagsl\u00e5n. \u00c4gare av enskilda firmor eller Handelsbolag kan s\u00e5ledes ofta i princip lika g\u00e4rna v\u00e4lja att s\u00f6ka privatl\u00e5n som att ans\u00f6ka om ett renodlat f\u00f6retagsl\u00e5n. Det finns faktiskt f\u00f6rdelar med detta, tar du upp privatl\u00e5n och sedan l\u00e5nar ut dessa pengar till ditt f\u00f6retag kr\u00e4vs ingen komplicerad bokf\u00f6ring av r\u00e4ntor och dessutom \u00e4r det generellt l\u00e4ttare att f\u00e5 en ans\u00f6kan som privatperson beviljad. En f\u00f6rsv\u00e5rande omst\u00e4ndighet kan dock vara att en privat kreditupplysning ligger till grund n\u00e4r kreditv\u00e4rdigheten bed\u00f6ms ist\u00e4llet f\u00f6r en f\u00f6retagsupplysning.<\/p>\n<p>Lyckligtvis skiljer sig villkoren f\u00f6r f\u00f6retagsl\u00e5n och privatl\u00e5n, vilka ges utan krav p\u00e5 s\u00e4kerhet, inte s\u00e4rskilt mycket \u00e5t. Dessutom kr\u00e4vs ofta personlig borgen n\u00e4r aktiebolag eller handelsbolag tecknar l\u00e5n, ett personligt borgens\u00e5tagande inneb\u00e4r i praktiken att du har samma ansvar som om avtalet tecknats direkt i ditt namn.<\/p>\n<hr>\n<h3 id=\"lanejamforelse\">L\u00e5nej\u00e4mf\u00f6relse<\/h3>\n<p>Som alltid n\u00e4r man skall teckna nya l\u00e5n \u00e4r det viktigt att v\u00e4lja mellan s\u00e5 m\u00e5nga olika alternativ som m\u00f6jligt. J\u00e4mf\u00f6r r\u00e4nta, uppl\u00e4ggningsavgifter och \u00f6vriga kostnader f\u00f6r att hitta det b\u00e4sta privatl\u00e5net. Enligt lag m\u00e5ste alla kreditgivare presentera ett representativt l\u00e5neexempel, anv\u00e4nd detta f\u00f6r att se den faktiska kostnaden och j\u00e4mf\u00f6r alltid p\u00e5 den effektiva \u00e5rsr\u00e4ntan n\u00e4r du st\u00e4ller olika bolag mot varandra. Det \u00e4r \u00e4ven m\u00f6jligt att ans\u00f6ka om flera l\u00e5n p\u00e5 samma g\u00e5ng genom att anlita en l\u00e5nef\u00f6rmedlare.<\/p>\n<h3 id=\"jamfor-privatlan\">J\u00e4mf\u00f6r privatl\u00e5n<\/h3>\n<script type=\"text\/javascript\" src=\"\/\/static.ascontentcloud.com\/comparisonfeed\/resources\/js\/iframeResizer.min.js\"><\/script>\n<iframe id=\"as-comparison-iframe\" \n    style=\"border: none; width: 1px; min-width: 100%; overflow: hidden;\" scrolling=\"no\" \n    src=\"\/\/feed.ascontentcloud.com\/cgi-bin\/publisher\/comparisoniFramePreview.pl?id=36984&categoryId=147&showFilter=0&includeNewCampaigns=false&removedItems=[]&conditions=&customOrder={}&customRating={}&title=&color=82c075&hColor=62b052&minRating=60&initialRows=&maxRows=&fontUrl=&fontName=&sub=|||CPL&media_id=0&lazyLoading=false\"\n    onload=\"iFrameResize({heightCalculationMethod: 'taggedElement', checkOrigin: false}, this);\">\n<\/iframe>\n<hr>\n<h3 id=\"laneformedlare\">L\u00e5nef\u00f6rmedlare<\/h3>\n<p>L\u00e5nef\u00f6rmedlare \u00e4r f\u00f6retag som i f\u00f6rsta hand hj\u00e4lper hush\u00e5ll och privatpersoner teckna l\u00e5neavtal genom att j\u00e4mf\u00f6ra privatl\u00e5n,bol\u00e5n, bill\u00e5n och snabbl\u00e5n hos flera olika kreditgivare. Sedan en tid tillbaka finns det \u00e4ven <a href=\"\/sv\/go\/zmarta\/\" target=\"_blank\" rel=\"nofollow noopener noreferrer\">Zmarta<\/a> l\u00e5nef\u00f6rmedlare som erbjuder f\u00f6retagsl\u00e5n till sm\u00e5 och medelstora f\u00f6retag.<\/p>\n<p>Det finns tv\u00e5 huvudsakliga sk\u00e4l till att uppr\u00e4tta l\u00e5neans\u00f6kan via en f\u00f6rmedlare, det sparar tid och p\u00e5 en och samma ans\u00f6kan f\u00e5r kunden tillg\u00e5ng till flera l\u00e5neerbjudanden, vilket \u00e4r smidigt men ocks\u00e5 smart eftersom kreditv\u00e4rdigheten inte belastas i on\u00f6dan.<\/p>\n<hr>\n<h3 id=\"var-tredje-foretagare-tar-privatplan\">Var tredje f\u00f6retagare tar privatl\u00e5n<\/h3>\n<p>Efterfr\u00e5gan p\u00e5 privatl\u00e5n bland f\u00f6retag \u00e4r stor. Enligt en unders\u00f6kning som Visma gjorde 2017 visar att n\u00e4stan var tredje (32%) av f\u00f6retagarna som deltog i studien tagit privatl\u00e5n f\u00f6r att finansiera verksamheten. Hela 9 av 10 har investerat privata medel i f\u00f6retaget, h\u00e4r finns f\u00f6rmodligen ett stort m\u00f6rkertal av personer som exempelvis anv\u00e4nder ut\u00f6kade bostadsl\u00e5n som finansieringsmedel. S\u00e5 h\u00e4r ser efterfr\u00e5gan p\u00e5 privatl\u00e5n bland f\u00f6retag ut i olika svenska l\u00e4n:<\/p>\n<hr>\n<table>\n<tbody>\n<tr>\n<td>&nbsp;<strong>L\u00e4n <\/strong><\/td>\n<td><strong>Har tagit privata l\u00e5n f\u00f6r att finansiera sitt f\u00f6retagande<\/strong><\/td>\n<td><strong>Har anv\u00e4nt privata medel f\u00f6r att finansiera sitt f\u00f6retagande <\/strong><\/td>\n<td><strong>Har upplevt sv\u00e5righeter att f\u00e5 finansiering till f\u00f6retagsstarten<\/strong><\/td>\n<\/tr>\n<tr>\n<td>Blekinge<\/td>\n<td>46%<\/td>\n<td>72%<\/td>\n<td>41%<\/td>\n<\/tr>\n<tr>\n<td>Dalarna<\/td>\n<td>40%<\/td>\n<td>96%<\/td>\n<td>43%<\/td>\n<\/tr>\n<tr>\n<td>Gotland<\/td>\n<td>40%<\/td>\n<td>89%<\/td>\n<td>53%<\/td>\n<\/tr>\n<tr>\n<td>G\u00e4vleborg<\/td>\n<td>36%<\/td>\n<td>92%<\/td>\n<td>33%<\/td>\n<\/tr>\n<tr>\n<td>Halland<\/td>\n<td>26%<\/td>\n<td>79%<\/td>\n<td>42%<\/td>\n<\/tr>\n<tr>\n<td>J\u00e4mtland<\/td>\n<td>57%<\/td>\n<td>100%<\/td>\n<td>52%<\/td>\n<\/tr>\n<tr>\n<td>J\u00f6nk\u00f6pings l\u00e4n<\/td>\n<td>44%<\/td>\n<td>86%<\/td>\n<td>47%<\/td>\n<\/tr>\n<tr>\n<td>Kalmar l\u00e4n<\/td>\n<td>63%<\/td>\n<td>100%<\/td>\n<td>57%<\/td>\n<\/tr>\n<tr>\n<td>Kronoberg<\/td>\n<td>23%<\/td>\n<td>88%<\/td>\n<td>42%<\/td>\n<\/tr>\n<tr>\n<td>Norrbotten<\/td>\n<td>36%<\/td>\n<td>82%<\/td>\n<td>42%<\/td>\n<\/tr>\n<tr>\n<td>Sk\u00e5ne<\/td>\n<td>33%<\/td>\n<td>95%<\/td>\n<td>51%<\/td>\n<\/tr>\n<tr>\n<td>Stockholms l\u00e4n<\/td>\n<td>23%<\/td>\n<td>88%<\/td>\n<td>50%<\/td>\n<\/tr>\n<tr>\n<td>S\u00f6dermanland<\/td>\n<td>23%<\/td>\n<td>87%<\/td>\n<td>51%<\/td>\n<\/tr>\n<tr>\n<td>Uppsala l\u00e4n<\/td>\n<td>41%<\/td>\n<td>87%<\/td>\n<td>42%<\/td>\n<\/tr>\n<tr>\n<td>V\u00e4rmland<\/td>\n<td>43%<\/td>\n<td>96%<\/td>\n<td>46%<\/td>\n<\/tr>\n<tr>\n<td>V\u00e4sterbotten<\/td>\n<td>29%<\/td>\n<td>86%<\/td>\n<td>37%<\/td>\n<\/tr>\n<tr>\n<td>V\u00e4sternorrland<\/td>\n<td>13%<\/td>\n<td>73%<\/td>\n<td>41%<\/td>\n<\/tr>\n<tr>\n<td>V\u00e4stmanland<\/td>\n<td>30%<\/td>\n<td>95%<\/td>\n<td>41%<\/td>\n<\/tr>\n<tr>\n<td>V\u00e4stra G\u00f6taland<\/td>\n<td>26%<\/td>\n<td>90%<\/td>\n<td>41%<\/td>\n<\/tr>\n<tr>\n<td>\u00d6rebro l\u00e4n<\/td>\n<td>23%<\/td>\n<td>87%<\/td>\n<td>43%<\/td>\n<\/tr>\n<tr>\n<td>\u00d6sterg\u00f6tland<\/td>\n<td>47%<\/td>\n<td>91%<\/td>\n<td>47%<\/td>\n<\/tr>\n<tr>\n<td><strong>Riket som helhet<\/strong><\/td>\n<td><strong>32%<\/strong><\/td>\n<td><strong>89%<\/strong><\/td>\n<td><strong>46%<\/strong><\/td>\n<\/tr>\n<\/tbody>\n<\/table>\n<p>K\u00e4lla: <a href=\"http:\/\/media.visma.se\/documents\/resultaten-i-undersoekningen-som-tabell-66659\">Visma.se<\/a><\/p>\n","protected":false},"excerpt":{"rendered":"<p>Enskilda firmor och handelsbolag har inte samma m\u00f6jlighet att s\u00f6ka l\u00e5n som aktiebolag, det beror p\u00e5 att EF-f\u00f6retag inte \u00e4r en egen juridisk person utan ist\u00e4llet b\u00e4r \u00e4garen fullt ut &#8230;<\/p>\n","protected":false},"author":1,"featured_media":0,"parent":248,"menu_order":0,"comment_status":"open","ping_status":"closed","template":"","meta":{"footnotes":""},"class_list":["post-219","page","type-page","status-publish","hentry"],"_links":{"self":[{"href":"https:\/\/firmalan.com\/sv\/wp-json\/wp\/v2\/pages\/219","targetHints":{"allow":["GET"]}}],"collection":[{"href":"https:\/\/firmalan.com\/sv\/wp-json\/wp\/v2\/pages"}],"about":[{"href":"https:\/\/firmalan.com\/sv\/wp-json\/wp\/v2\/types\/page"}],"author":[{"embeddable":true,"href":"https:\/\/firmalan.com\/sv\/wp-json\/wp\/v2\/users\/1"}],"replies":[{"embeddable":true,"href":"https:\/\/firmalan.com\/sv\/wp-json\/wp\/v2\/comments?post=219"}],"version-history":[{"count":8,"href":"https:\/\/firmalan.com\/sv\/wp-json\/wp\/v2\/pages\/219\/revisions"}],"predecessor-version":[{"id":2391,"href":"https:\/\/firmalan.com\/sv\/wp-json\/wp\/v2\/pages\/219\/revisions\/2391"}],"up":[{"embeddable":true,"href":"https:\/\/firmalan.com\/sv\/wp-json\/wp\/v2\/pages\/248"}],"wp:attachment":[{"href":"https:\/\/firmalan.com\/sv\/wp-json\/wp\/v2\/media?parent=219"}],"curies":[{"name":"wp","href":"https:\/\/api.w.org\/{rel}","templated":true}]}}