{"id":2103,"date":"2019-12-05T11:53:02","date_gmt":"2019-12-05T10:53:02","guid":{"rendered":"https:\/\/firmalan.com\/sv\/?page_id=2103"},"modified":"2019-12-05T11:59:44","modified_gmt":"2019-12-05T10:59:44","slug":"jak","status":"publish","type":"page","link":"https:\/\/firmalan.com\/sv\/lana-pengar\/jak\/","title":{"rendered":"JAK Medlemsbank"},"content":{"rendered":"<p>JAK \u00e4r en medlemsbank som erbjuder ett lite annorlunda koncept som bygger p\u00e5 att medlemmar sparar utan r\u00e4nteavkastning, vilket i geng\u00e4ld ger dem r\u00e4tt att l\u00e5na pengar utan r\u00e4nta eller rabatterat. Dock, \u00e4r det inte korrekt att beskriva JAK medlemsbank som en helt r\u00e4ntefri bank, d\u00e5 det kr\u00e4vs en grundinsats (medlemsavgift) om 300 kr\/\u00e5r samt diverse avgifter tillkommer i samband med l\u00e5n. Vilken r\u00e4ntesats som kunden skall betala best\u00e4ms av<\/p>\n<p>Banken fungerar likt ett kooperativ och \u00e4r medlems\u00e4gd, det inneb\u00e4r exempelvis att inga vinstutdelningar till aktie\u00e4gare g\u00f6rs och att JAK i h\u00f6g grad ser till medlemmarnas behov i vardagen.\u00a0 I f\u00f6rsta hand v\u00e4nder sig JAK till privatpersoner, men det \u00e4r \u00e4ven m\u00f6jligt f\u00f6r juridiska personer s\u00e5 som handelsbolag och aktiebolag samt enskilda n\u00e4ringsidkare att s\u00f6ka f\u00f6retagsl\u00e5n.\u00a0 Som s\u00e4kerhet f\u00f6r dessa l\u00e5n st\u00e4lls personlig borgen samt\/eller fastighetsobjekt.<\/p>\n<h2>R\u00e4ntor &amp; kostnader f\u00f6r JAK l\u00e5n<\/h2>\n<p>F\u00f6r att \u00f6ppna ett f\u00f6retagskonto hos JAK beh\u00f6ver grundinsatsen p\u00e5 300 kr betalas, denna debiteras l\u00f6pande \u00e5rsvis och dras automatiskt fr\u00e5n ditt medlemskonto 1 januari varje \u00e5r.<\/p>\n<p><strong>Aktuella snittr\u00e4ntor 2019<\/strong><\/p>\n<p>Flexibelt f\u00f6retagsl\u00e5n Fastighet 3\u20136 % (sparkrav)<br \/>\nFlexibelt f\u00f6retagsl\u00e5n 4\u20137 % (sparkrav)<br \/>\nMilj\u00f6l\u00e5n f\u00f6r juridiska personer 5,0 % (saknar sparkrav)<\/p>\n<h2>Att ans\u00f6ka om JAK f\u00f6retagsl\u00e5n<\/h2>\n<p>En ans\u00f6kan om JAK f\u00f6retagsl\u00e5n kan g\u00f6ras genom att skriva ut och fylla i l\u00e5neans\u00f6kan f\u00f6r f\u00f6retag och f\u00f6reningar (PDF laddas ner h\u00e4r). Observera att ett separat dokument r\u00f6rande borgen\u00e4rskap ocks\u00e5 kan komma att fyllas i.<\/p>\n<p>F\u00f6ljande uppgifter skall finnas med\/bifogas i ans\u00f6kan:<\/p>\n<ul>\n<li>Vid nystartat f\u00f6retag kr\u00e4vs en utf\u00f6rlig aff\u00e4rsplan samt budget.<\/li>\n<li>Aktiebolag kr\u00e4vs senaste \u00e5rsredovisningen samt eventuell del\u00e5rsrapport.<br \/>\nEnskild firma kr\u00e4vs kopia p\u00e5 senaste tv\u00e5 \u00e5rens deklarationer.<\/li>\n<li><\/li>\n<li>Vidimerade kopior p\u00e5 stadgar och protokoll.<\/li>\n<li>Bifoga beslut om att uppta l\u00e5n i JAK Medlemsbank<\/li>\n<\/ul>\n<p>Ans\u00f6kan skickas sedan portofritt till Frisvar, JAK Medlemsbank, Box 216, 541 25 SK\u00d6VDE.<\/p>\n<h3>Sparkrav<\/h3>\n<p>Du f\u00e5r sparpo\u00e4ng p\u00e5 det kapital som s\u00e4tts in p\u00e5 medlems\/sparkonto hos JAK, dessa po\u00e4ng ber\u00e4knas utifr\u00e5n relationen sparat kapital och l\u00e5n. De flesta JAK l\u00e5nen st\u00e4ller krav p\u00e5 sparande d\u00e4r storleken p\u00e5 det tillg\u00e4ngliga l\u00e5nebeloppet p\u00e5verkas av hur m\u00e5nga sparpo\u00e4ng du kan samla ihop .<\/p>\n<h3>Digital hantering<\/h3>\n<p>JAK:s kunder kan sk\u00f6ta sina \u00e4renden direkt via internetbank eller genom mobilbank, appar finns tillg\u00e4ngliga f\u00f6r s\u00e5v\u00e4l iOS som Android. Samtliga JAK medlemmar \u00f6ver 16 \u00e5r har \u00e4ven r\u00f6str\u00e4tt p\u00e5 \u00e5rsst\u00e4mman.<\/p>\n<h3>Om JAK Medlemsbank<\/h3>\n<p>Medlemsbanken har sin bas i Sk\u00f6vde och grundades 1997 med viljan att bidra till att g\u00f6ra v\u00e4rlden lite b\u00e4ttre. Idag bedriver banken en h\u00e5llbar verksamhet, d\u00e4r m\u00e4nniskan \u00e4r central och arbetet med milj\u00f6 och ekonomi \u00e4r l\u00e5ngsiktigt. Namnet JAK \u00e4r en initialf\u00f6rkortning av tre nyckelord som v\u00e4l beskriver bankens prioriterade fokusomr\u00e5den; jord, arbete och kapital. Under 2019 hade JAK medlemsbank ett 30-tal anst\u00e4llda och drygt 34 000 medlemmar spridda \u00f6ver hela Sverige.<\/p>\n<p>&nbsp;<\/p>\n<h4>\u00d6PPETTIDER KUNDTJ\u00c4NST:<\/h4>\n<table class=\"table table-striped\" border=\"0\">\n<tbody>\n<tr>\n<td valign=\"top\" width=\"150\">M\u00e5ndag \u2013 Fredagar<\/td>\n<td valign=\"top\" width=\"100\">09:30-15:00<\/td>\n<\/tr>\n<tr>\n<td valign=\"top\" width=\"150\">Helg<\/td>\n<td valign=\"top\" width=\"100\">St\u00e4ngt<\/td>\n<\/tr>\n<\/tbody>\n<\/table>\n<blockquote><p>\nTelefon: 0500-46 45 00<br \/>\nE-mail: <a href=\"mailto:jak@jak.se\">jak@jak.se.<\/a><\/p><\/blockquote>\n<blockquote class=\"theme\"><p>JAK Medlemsbank<\/p>\n<h4>ADRESS:<\/h4>\n<p>Box 216<br \/>\n541 25 Sk\u00f6vde<br \/>\nOrg. nr: 516401-9969<\/p><\/blockquote>\n","protected":false},"excerpt":{"rendered":"<p>JAK \u00e4r en medlemsbank som erbjuder ett lite annorlunda koncept som bygger p\u00e5 att medlemmar sparar utan r\u00e4nteavkastning, vilket i geng\u00e4ld ger dem r\u00e4tt att l\u00e5na pengar utan r\u00e4nta eller &#8230;<\/p>\n","protected":false},"author":1,"featured_media":0,"parent":164,"menu_order":0,"comment_status":"closed","ping_status":"closed","template":"","meta":{"footnotes":""},"class_list":["post-2103","page","type-page","status-publish","hentry"],"_links":{"self":[{"href":"https:\/\/firmalan.com\/sv\/wp-json\/wp\/v2\/pages\/2103","targetHints":{"allow":["GET"]}}],"collection":[{"href":"https:\/\/firmalan.com\/sv\/wp-json\/wp\/v2\/pages"}],"about":[{"href":"https:\/\/firmalan.com\/sv\/wp-json\/wp\/v2\/types\/page"}],"author":[{"embeddable":true,"href":"https:\/\/firmalan.com\/sv\/wp-json\/wp\/v2\/users\/1"}],"replies":[{"embeddable":true,"href":"https:\/\/firmalan.com\/sv\/wp-json\/wp\/v2\/comments?post=2103"}],"version-history":[{"count":3,"href":"https:\/\/firmalan.com\/sv\/wp-json\/wp\/v2\/pages\/2103\/revisions"}],"predecessor-version":[{"id":2106,"href":"https:\/\/firmalan.com\/sv\/wp-json\/wp\/v2\/pages\/2103\/revisions\/2106"}],"up":[{"embeddable":true,"href":"https:\/\/firmalan.com\/sv\/wp-json\/wp\/v2\/pages\/164"}],"wp:attachment":[{"href":"https:\/\/firmalan.com\/sv\/wp-json\/wp\/v2\/media?parent=2103"}],"curies":[{"name":"wp","href":"https:\/\/api.w.org\/{rel}","templated":true}]}}