{"id":206,"date":"2018-01-03T17:29:00","date_gmt":"2018-01-03T16:29:00","guid":{"rendered":"https:\/\/firmalan.com\/sv\/?page_id=206"},"modified":"2020-04-19T08:55:23","modified_gmt":"2020-04-19T06:55:23","slug":"toborrow","status":"publish","type":"page","link":"https:\/\/firmalan.com\/sv\/lana-pengar\/toborrow\/","title":{"rendered":"Toborrow P2P-l\u00e5n"},"content":{"rendered":"<div class=\"section-content\">\n<div class=\"row\">\n<div class=\"feature-item col-lg-6 col-sm-6 wow slideInUp\">\n<div class=\"feature-media\"><img decoding=\"async\" src=\"https:\/\/firmalan.com\/sv\/wp-content\/uploads\/2018\/12\/toborrow-logo.png\" \/><\/div>\n<\/div>\n<div class=\"feature-item col-lg-6 col-sm-6 wow slideInUp\">\n<p>ToBorrow \u00e4r Sveriges ledande P2P-l\u00e5n f\u00f6r f\u00f6retag. ToBorrow fungerar som en &#8220;matchmaker&#8221; mellan f\u00f6retag som beh\u00f6ver pengar och investerare som vill f\u00f6rvalta sitt kapital.<\/p>\n<\/div>\n<\/div>\n<\/div>\n<div class=\"section-color\">\n<div class=\"row\">\n<div class=\"feature-item col-lg-6 col-sm-6 wow slideInUp\">\n<p class=\"kapitel\">F\u00f6retagskrediten<\/p>\n<ul id=\"navlist\">\n<li>Belopp: 100 000-5 000 000 kr<\/li>\n<li>L\u00f6ptid: 3-36 m\u00e5n<\/li>\n<li>Exempelr\u00e4nta: 3-10%<br \/>\n*Kostnaden \u00e4r individuell, best\u00e4ms efter kreditpr\u00f6vning och budgivning.<\/li>\n<\/ul>\n<\/div>\n<div class=\"feature-item col-lg-6 col-sm-6 wow slideInUp\">\n<p class=\"kapitel\">Ans\u00f6kan<\/p>\n<ul id=\"navlist\">\n<li>Onlineans\u00f6kan med svar i realtid.<\/li>\n<li>Digital inloggning med BankID<\/li>\n<li>Pengar p\u00e5 kontot redan inom 1 bankdag<\/li>\n<\/ul>\n<\/div>\n<\/div>\n<\/div>\n<p><span style=\"color: #00529c; font-size: 16pt;\">Villkor:<\/span><\/p>\n<table>\n<tbody>\n<tr>\n<td bgcolor=\"#000\"><span style=\"color: #ffffff;\">R\u00e4nta<\/span><\/td>\n<td>Exempelr\u00e4nta: 3-10%.<\/td>\n<\/tr>\n<tr>\n<td bgcolor=\"#000\"><span style=\"color: #ffffff;\">Uppl\u00e4ggningsavgift<\/span><\/td>\n<td>2-4% av utbetalat belopp.<\/td>\n<\/tr>\n<tr>\n<td bgcolor=\"#000\"><span style=\"color: #ffffff;\">Borgens\u00e5tagande<\/span><\/td>\n<td>Kr\u00e4ver personlig borgensf\u00f6rbindelse eller f\u00f6retagshypotek.<\/td>\n<\/tr>\n<tr>\n<td bgcolor=\"#000\"><span style=\"color: #ffffff;\">F\u00f6rtidsinl\u00f6sen<\/span><\/td>\n<td>Kan g\u00f6ras kostnadsfritt.<\/td>\n<\/tr>\n<tr>\n<td bgcolor=\"#000\"><span style=\"color: #ffffff;\">Betalningsanm\u00e4rkning<\/span><\/td>\n<td>Individuell pr\u00f6vning g\u00f6rs.<\/td>\n<\/tr>\n<\/tbody>\n<\/table>\n<p><span style=\"color: #00529c; font-size: 16pt;\">Krav p\u00e5 f\u00f6retag som s\u00f6ker:<\/span><\/p>\n<table>\n<tbody>\n<tr>\n<td bgcolor=\"#000\"><span style=\"color: #ffffff;\">Oms\u00e4ttning<\/span><\/td>\n<td>\u00c5rsoms\u00e4ttning p\u00e5 minst 1 mkr.<\/td>\n<\/tr>\n<tr>\n<td bgcolor=\"#000\"><span style=\"color: #ffffff;\">Historik<\/span><\/td>\n<td>Minst ett tidigare bokslut.<\/td>\n<\/tr>\n<tr>\n<td bgcolor=\"#000\"><span style=\"color: #ffffff;\">Kreditupplysning<\/span><\/td>\n<td>Godk\u00e4nt kreditbetyg enligt UC och Creditsafe.<\/td>\n<\/tr>\n<tr>\n<td bgcolor=\"#000\"><span style=\"color: #ffffff;\">\u00c4garskap<\/span><\/td>\n<td>Kreditupplysning g\u00f6rs \u00e4ven p\u00e5 privatpersoner som st\u00e5r bakom bolaget.<\/td>\n<\/tr>\n<tr>\n<td bgcolor=\"#000\"><span style=\"color: #ffffff;\">F\u00f6retagsadress<\/span><\/td>\n<td>Verksamheten \u00e4r registrerad hos bolagsverket i Sverige.<\/td>\n<\/tr>\n<\/tbody>\n<\/table>\n<p><span style=\"color: #00529c; font-size: 16pt;\">F\u00f6ljande information\/dokumentation beh\u00f6vs:<\/span><\/p>\n<ul>\n<li>Organisationsnummer.<\/li>\n<li>Du skall ha namnteckningsr\u00e4tt i f\u00f6retaget ensam eller tillsammans annan person<\/li>\n<li>Tillg\u00e5ng till BankID eller mobilt BankID alt. Digipass\/bankdosa.<\/li>\n<li>F\u00f6retagets faktureringsuppgifter samt bankkontonummer<\/li>\n<\/ul>\n<hr \/>\n<p>Ett stort bekymmer f\u00f6r m\u00e5nga f\u00f6retagare \u00e4r att f\u00e5 in n\u00f6dv\u00e4ndigt investeringskapital n\u00e4r det beh\u00f6vs. ToBorrow \u00e4r en l\u00e5nemarknad d\u00e4r f\u00f6retag och investerare m\u00f6ts utan att en traditionell bank agerar mellanhand. Aktiebolag, enskilda firmor och handelsbolag kan l\u00e5na upp till 5 miljoner kronor med en maximal l\u00f6ptid p\u00e5 3 \u00e5r.<\/p>\n<p>Till skillnad fr\u00e5n de flesta andra f\u00f6retagsl\u00e5nen p\u00e5 n\u00e4tet, l\u00e5ter ToBorrow f\u00f6retag amortera skulden p\u00e5 det vis som passar verksamheten b\u00e4st. Tre m\u00f6jligheter finnas att v\u00e4lja mellan, att amortera hela, halva eller inget av l\u00e5net under l\u00f6ptiden. Kvarvarande belopp \u00e5terbetalas efter \u00e5terbetalningstidens slut.<\/p>\n<p>L\u00e5nekostnaden best\u00e5r utav tv\u00e5 delar. Ena delen inneb\u00e4r att du betalar r\u00e4nta till l\u00e5ngivaren som best\u00e4ms efter budgivning mellan olika investerare. Den andra delen \u00e4r en service-\/uppl\u00e4ggningsavgift som skall betalas direkt till ToBorrow i samband med att du accepterar l\u00e5neerbjudandet. Denna kostnad varierar mellan 2-4% av det totala l\u00e5nebelopp, d\u00e4r l\u00e4ngre l\u00f6ptid medf\u00f6r h\u00f6gre kostnad.<\/p>\n<p>Ans\u00f6kan g\u00f6rs via <a href=\"\/sv\/go\/toborrow\" target=\"_blank\" rel=\"nofollow noopener noreferrer\">toborrow.se<\/a>, i anslutning till detta kommer \u00e4ven en kreditpr\u00f6vning hos UC och Creditsafe att utf\u00f6ras. ToBorrow \u00e4r ett del\u00e4gt bolag av riskkapitalbolaget NTF Ventures vars f\u00f6retagsl\u00e5n har r\u00f6nt stor uppm\u00e4rksamhet i media d\u00e5 de var det f\u00f6rsta av sitt slag p\u00e5 P2P-marknaden i Sverige.<\/p>\n<p>Just nu st\u00e5r l\u00e5nef\u00f6retaget utan en VD efter det att f\u00f6rst Sofie Lundstr\u00f6m (medgrundare) och sedan finanschefen Lina Arnesson l\u00e4mnat vd-posten.<\/p>\n<h3>Finansiera bokutgivning<\/h3>\n<p>Hoi f\u00f6rlag sl\u00f6t i slutet av 2018 ett avtal med Toborrow som g\u00f6r det m\u00f6jligt f\u00f6r f\u00f6rfattare att l\u00e5na pengar till bokutgivning. Det unika uppl\u00e4gget inneb\u00e4r att f\u00f6rfattare kan ta l\u00e5n via sina bolag till samtidigt som Hoi-f\u00f6rlag st\u00e5r som granat f\u00f6r att bokprojektet h\u00e5ller tillr\u00e4cklig niv\u00e5. F\u00f6r att trycka upp en bokupplag kr\u00e4vs ofta en kapitalinsats fr\u00e5n f\u00f6rfattaren sj\u00e4lv och Hoi har l\u00e4ngre s\u00f6kt efter ett rimligt\u00a0finansieringsuppl\u00e4gg, nu hoppas man funnit ett s\u00e5dant hos Toborrow.<\/p>\n<p><img loading=\"lazy\" decoding=\"async\" class=\"alignnone size-full wp-image-1162\" src=\"https:\/\/firmalan.com\/sv\/wp-content\/uploads\/2019\/02\/collab_toborrow_hoi.jpg\" alt=\"hoi och toborrow ing\u00e5r samarbete\" width=\"700\" height=\"255\" srcset=\"https:\/\/firmalan.com\/sv\/wp-content\/uploads\/2019\/02\/collab_toborrow_hoi.jpg 700w, https:\/\/firmalan.com\/sv\/wp-content\/uploads\/2019\/02\/collab_toborrow_hoi-300x109.jpg 300w\" sizes=\"auto, (max-width: 700px) 100vw, 700px\" \/><\/p>\n<p><a name=\"tabell\"><\/a> <span style=\"color: #00529c; font-size: 16pt;\">Kostnadstabell avgift till ToBorrow<\/span><\/p>\n<table>\n<thead>\n<tr>\n<th>L\u00f6ptid<\/th>\n<th>Startavgift<\/th>\n<th>R\u00e4nta<\/th>\n<\/tr>\n<\/thead>\n<tbody>\n<tr>\n<td bgcolor=\"#000\"><span style=\"color: #ffffff;\">3-12 m\u00e5nader<\/span><\/td>\n<td>2% av l\u00e5nebeloppet<\/td>\n<td>3-10%<\/td>\n<\/tr>\n<tr>\n<td bgcolor=\"#000\"><span style=\"color: #ffffff;\">12-24 m\u00e5nader<\/span><\/td>\n<td>3% av l\u00e5nebeloppet<\/td>\n<td>3-10%<\/td>\n<\/tr>\n<tr>\n<td bgcolor=\"#000\"><span style=\"color: #ffffff;\">24-36 m\u00e5nader<\/span><\/td>\n<td>4% av l\u00e5nebeloppet<\/td>\n<td>3-10%<\/td>\n<\/tr>\n<\/tbody>\n<\/table>\n<p>*Observera att r\u00e4ntan best\u00e4ms efter individuell kreditpr\u00f6vning. Effektiv \u00e5rsr\u00e4nta 4-12%.<br \/>\nUppdaterad 2018-12-10<\/p>\n<p>&nbsp;<\/p>\n<h4>\u00d6PPETTIDER KUNDTJ\u00c4NST:<\/h4>\n<table class=\"table table-striped\" border=\"0\">\n<tbody>\n<tr>\n<td valign=\"top\" width=\"150\">M\u00e5ndag \u2013 Fredagar<\/td>\n<td valign=\"top\" width=\"100\">09:00 \u2013 17:00<\/td>\n<\/tr>\n<tr>\n<td valign=\"top\" width=\"150\">Helg<\/td>\n<td valign=\"top\" width=\"100\">St\u00e4ngt<\/td>\n<\/tr>\n<\/tbody>\n<\/table>\n<blockquote><p>Telefon: 08 520 017 30<br \/>\nE-mail: <a href=\"mailto:support@toborrow.se\">support@toborrow.se.<\/a><\/p><\/blockquote>\n<blockquote class=\"theme\"><p>Toborrow AB<\/p>\n<h4>ADRESS:<\/h4>\n<p>Nybrogatan 11<br \/>\n114 39 Stockholm<br \/>\nOrg. nr: 556942-6736<\/p><\/blockquote>\n","protected":false},"excerpt":{"rendered":"<p>ToBorrow \u00e4r Sveriges ledande P2P-l\u00e5n f\u00f6r f\u00f6retag. ToBorrow fungerar som en &#8220;matchmaker&#8221; mellan f\u00f6retag som beh\u00f6ver pengar och investerare som vill f\u00f6rvalta sitt kapital. F\u00f6retagskrediten Belopp: 100 000-5 000 000 &#8230;<\/p>\n","protected":false},"author":1,"featured_media":1013,"parent":164,"menu_order":50,"comment_status":"open","ping_status":"closed","template":"template-fullwidth.php","meta":{"footnotes":""},"class_list":["post-206","page","type-page","status-publish","has-post-thumbnail","hentry"],"_links":{"self":[{"href":"https:\/\/firmalan.com\/sv\/wp-json\/wp\/v2\/pages\/206","targetHints":{"allow":["GET"]}}],"collection":[{"href":"https:\/\/firmalan.com\/sv\/wp-json\/wp\/v2\/pages"}],"about":[{"href":"https:\/\/firmalan.com\/sv\/wp-json\/wp\/v2\/types\/page"}],"author":[{"embeddable":true,"href":"https:\/\/firmalan.com\/sv\/wp-json\/wp\/v2\/users\/1"}],"replies":[{"embeddable":true,"href":"https:\/\/firmalan.com\/sv\/wp-json\/wp\/v2\/comments?post=206"}],"version-history":[{"count":17,"href":"https:\/\/firmalan.com\/sv\/wp-json\/wp\/v2\/pages\/206\/revisions"}],"predecessor-version":[{"id":2207,"href":"https:\/\/firmalan.com\/sv\/wp-json\/wp\/v2\/pages\/206\/revisions\/2207"}],"up":[{"embeddable":true,"href":"https:\/\/firmalan.com\/sv\/wp-json\/wp\/v2\/pages\/164"}],"wp:featuredmedia":[{"embeddable":true,"href":"https:\/\/firmalan.com\/sv\/wp-json\/wp\/v2\/media\/1013"}],"wp:attachment":[{"href":"https:\/\/firmalan.com\/sv\/wp-json\/wp\/v2\/media?parent=206"}],"curies":[{"name":"wp","href":"https:\/\/api.w.org\/{rel}","templated":true}]}}