{"id":201,"date":"2019-01-04T15:29:00","date_gmt":"2019-01-04T14:29:00","guid":{"rendered":"https:\/\/firmalan.com\/sv\/?page_id=201"},"modified":"2019-11-20T10:33:40","modified_gmt":"2019-11-20T09:33:40","slug":"credstep","status":"publish","type":"page","link":"https:\/\/firmalan.com\/sv\/lana-pengar\/credstep\/","title":{"rendered":"Credstep F\u00f6retagsl\u00e5n"},"content":{"rendered":"<div class=\"section-content\">\n<div class=\"row\">\n<div class=\"feature-item col-lg-6 col-sm-6 wow slideInUp\">\n<div class=\"feature-media\"><img decoding=\"async\" src=\"https:\/\/firmalan.com\/sv\/wp-content\/uploads\/logo\/credstep.png\" \/><\/div>\n<\/div>\n<div class=\"feature-item col-lg-6 col-sm-6 wow slideInUp\">\n<p>Hos Credstep m\u00f6ts individer och f\u00f6retag som l\u00e5nar ut till varandra, ett koncept som g\u00f6r alla till vinnare. Ut\u00f6ver f\u00f6retagsl\u00e5nen erbjuder Credstep \u00e4ven en tj\u00e4nst f\u00f6r fakturaf\u00f6rs\u00e4ljning.<\/p>\n<\/div>\n<\/div>\n<\/div>\n<div class=\"section-color\">\n<div class=\"row\">\n<div class=\"feature-item col-lg-6 col-sm-6 wow slideInUp\">\n<p class=\"kapitel\">F\u00f6retagskrediten<\/p>\n<ul id=\"navlist\">\n<li>Belopp: 30 000-300 000 kr<\/li>\n<li>L\u00f6ptid: 3-12 m\u00e5n<\/li>\n<li>\u00c5rsr\u00e4nta: 9.6-24%<br \/>\n*Kostnaden \u00e4r individuell och best\u00e4ms efter kreditpr\u00f6vning.<\/li>\n<\/ul>\n<\/div>\n<div class=\"feature-item col-lg-6 col-sm-6 wow slideInUp\">\n<p class=\"kapitel\">Ans\u00f6kan<\/p>\n<ul id=\"navlist\">\n<li>Ans\u00f6kan tar endast 1 minut!<\/li>\n<li>Digital signering med BankID<\/li>\n<li>Pengar p\u00e5 kontot redan inom 1 bankdag<\/li>\n<\/ul>\n<\/div>\n<\/div>\n<\/div>\n<p><span style=\"color: #00529c; font-size: 16pt;\">Villkor:<\/span><\/p>\n<table>\n<tbody>\n<tr>\n<td bgcolor=\"#000\"><span style=\"color: #ffffff;\">R\u00e4nta<\/span><\/td>\n<td>\u00c5rsr\u00e4nta: 9.6-24%.<\/td>\n<\/tr>\n<tr>\n<td bgcolor=\"#000\"><span style=\"color: #ffffff;\">Uppl\u00e4ggningsavgift<\/span><\/td>\n<td>3% av utbetalat belopp.<\/td>\n<\/tr>\n<tr>\n<td bgcolor=\"#000\"><span style=\"color: #ffffff;\">Borgens\u00e5tagande<\/span><\/td>\n<td>Kr\u00e4ver personlig borgensf\u00f6rbindelse.<\/td>\n<\/tr>\n<tr>\n<td bgcolor=\"#000\"><span style=\"color: #ffffff;\">F\u00f6rtidsinl\u00f6sen<\/span><\/td>\n<td>Kan g\u00f6ras n\u00e4r som helst enligt avtal.<\/td>\n<\/tr>\n<tr>\n<td bgcolor=\"#000\"><span style=\"color: #ffffff;\">Betalningsanm\u00e4rkning<\/span><\/td>\n<td>Uppgift saknas.<\/td>\n<\/tr>\n<\/tbody>\n<\/table>\n<p><span style=\"color: #00529c; font-size: 16pt;\">Krav p\u00e5 f\u00f6retag som s\u00f6ker:<\/span><\/p>\n<table>\n<tbody>\n<tr>\n<td bgcolor=\"#000\"><span style=\"color: #ffffff;\">Oms\u00e4ttning<\/span><\/td>\n<td>\u00c5rsoms\u00e4ttning p\u00e5 minst 1 mkr.<\/td>\n<\/tr>\n<tr>\n<td bgcolor=\"#000\"><span style=\"color: #ffffff;\">Historik<\/span><\/td>\n<td>Minst 4 m\u00e5n verksamhetshistorik.<\/td>\n<\/tr>\n<tr>\n<td bgcolor=\"#000\"><span style=\"color: #ffffff;\">\u00c4garskap<\/span><\/td>\n<td>Ans\u00f6kan kan endast uppr\u00e4ttas av bolagsman med teckningsr\u00e4tt.<\/td>\n<\/tr>\n<tr>\n<td bgcolor=\"#000\"><span style=\"color: #ffffff;\">F\u00f6retagsadress<\/span><\/td>\n<td>Verksamheten \u00e4r registrerad hos bolagsverket i Sverige.<\/td>\n<\/tr>\n<\/tbody>\n<\/table>\n<p><span style=\"color: #00529c; font-size: 16pt;\">F\u00f6ljande information\/dokumentation beh\u00f6vs:<\/span><\/p>\n<ul>\n<li>Du skall ha namnteckningsr\u00e4tt i f\u00f6retaget ensam eller tillsammans annan person<\/li>\n<li>Tillg\u00e5ng till BankID eller mobilt BankID alt. Digipass\/bankdosa.<\/li>\n<li>F\u00f6retagets faktureringsuppgifter samt bankkontonummer<\/li>\n<li>Namn p\u00e5 och e-postadresser till ansvariga personer och borgensm\u00e4n.<\/li>\n<\/ul>\n<hr \/>\n<p>Credstep konkurerar om titeln Sveriges snabbaste f\u00f6retagsl\u00e5n. Sj\u00e4lva ans\u00f6kan tar endast 1 minut, l\u00e5nebesked l\u00e4mnas inom 24 timmar och utbetalning g\u00f6rs normalt inom 1 bankdag. Det \u00e4r inte l\u00e4ngre enbart genom bankl\u00e5n som bolag kan f\u00e5 tillg\u00e5ng till likvida medel eller investeringskapital, hos Credstep l\u00e5nar f\u00f6retag pengar av enskild investerare som kan vara privatpersoner eller andra f\u00f6retagare. R\u00e4ntes\u00e4ttningen sker individuellt och best\u00e4ms efter sedvanlig kreditpr\u00f6vning. \u00c5rsr\u00e4ntan hamnar inom intervallet 9,6 \u2013 24% d\u00e4rtill tillkommer en uppl\u00e4ggningsavgift om 3% av det totala l\u00e5nebeloppet. Den maximala \u00e5terbetalningstiden upplever vi p\u00e5 Firmal\u00e5n.com som n\u00e5got sn\u00e5lt tilltagen, den totala l\u00f6ptiden kan h\u00f6gst vara 12 m\u00e5nader inom denna tidsram skall hela skulden vara tillbaka betalad.<\/p>\n<p>&nbsp;<\/p>\n<p>Ut\u00f6ver m\u00f6jligheten att ans\u00f6ka om f\u00f6retagsl\u00e5n erbjuder Credstep \u00e4ven en fakturaservice som inneb\u00e4r att man k\u00f6per obetalda svenska kundfakturor och betalar upp till 95%-98% av det totala fakturabeloppet. Dock \u00e4r man endast intresserade av att k\u00f6pa fakturor p\u00e5 belopp fr\u00e5n 10.000 kr eller mer med kredittid p\u00e5 0-120 dagar.<\/p>\n<p><a name=\"tabell\"><\/a> <span style=\"color: #00529c; font-size: 16pt;\">Kostnadstabell<\/span><\/p>\n<table>\n<thead>\n<tr>\n<th>Belopp<\/th>\n<th>R\u00e4nta<\/th>\n<th>Startavgift<\/th>\n<\/tr>\n<\/thead>\n<tbody>\n<tr>\n<td bgcolor=\"#000\"><span style=\"color: #ffffff;\">30 000 kr<\/span><\/td>\n<td>9,6 \u2013 24%<\/td>\n<td>900 kr*<\/td>\n<\/tr>\n<tr>\n<td bgcolor=\"#000\"><span style=\"color: #ffffff;\">50 000 kr<\/span><\/td>\n<td>9,6 \u2013 24%<\/td>\n<td>1500 kr*<\/td>\n<\/tr>\n<tr>\n<td bgcolor=\"#000\"><span style=\"color: #ffffff;\">100 000 kr<\/span><\/td>\n<td>9,6 \u2013 24%<\/td>\n<td>3000 kr*<\/td>\n<\/tr>\n<tr>\n<td bgcolor=\"#000\"><span style=\"color: #ffffff;\">300 000 kr<\/span><\/td>\n<td>9,6 \u2013 24%<\/td>\n<td>9000 kr*<\/td>\n<\/tr>\n<\/tbody>\n<\/table>\n<p>*Uppl\u00e4ggningsavgift ber\u00e4knad utifr\u00e5n 3% av l\u00e5nebeloppet.<br \/>\nUppdaterad 2017-10-04<\/p>\n<p>&nbsp;<\/p>\n<h4>\u00d6PPETTIDER KUNDTJ\u00c4NST:<\/h4>\n<table class=\"table table-striped\" border=\"0\">\n<tbody>\n<tr>\n<td valign=\"top\" width=\"150\">M\u00e5ndag \u2013 Fredagar<\/td>\n<td valign=\"top\" width=\"100\">09:00 \u2013 12:00<br \/>\n13:00-16:00<\/td>\n<\/tr>\n<tr>\n<td valign=\"top\" width=\"150\">Helg<\/td>\n<td valign=\"top\" width=\"100\">St\u00e4ngt<\/td>\n<\/tr>\n<\/tbody>\n<\/table>\n<blockquote><p>Telefon: 026-222 28 38<br \/>\nE-mail: <a href=\"mailto:info@credstep.se\">info@credstep.se.<\/a><\/p><\/blockquote>\n<blockquote class=\"theme\"><p>Credstep AB<\/p>\n<h4>ADRESS:<\/h4>\n<p>Linn\u00e9gatan 87<br \/>\n114 54 Stockholm<br \/>\nOrg. nr: 559106-9785<\/p><\/blockquote>\n","protected":false},"excerpt":{"rendered":"<p>Hos Credstep m\u00f6ts individer och f\u00f6retag som l\u00e5nar ut till varandra, ett koncept som g\u00f6r alla till vinnare. Ut\u00f6ver f\u00f6retagsl\u00e5nen erbjuder Credstep \u00e4ven en tj\u00e4nst f\u00f6r fakturaf\u00f6rs\u00e4ljning. F\u00f6retagskrediten Belopp: 30 &#8230;<\/p>\n","protected":false},"author":1,"featured_media":204,"parent":164,"menu_order":12,"comment_status":"open","ping_status":"closed","template":"","meta":{"footnotes":""},"class_list":["post-201","page","type-page","status-publish","has-post-thumbnail","hentry"],"_links":{"self":[{"href":"https:\/\/firmalan.com\/sv\/wp-json\/wp\/v2\/pages\/201","targetHints":{"allow":["GET"]}}],"collection":[{"href":"https:\/\/firmalan.com\/sv\/wp-json\/wp\/v2\/pages"}],"about":[{"href":"https:\/\/firmalan.com\/sv\/wp-json\/wp\/v2\/types\/page"}],"author":[{"embeddable":true,"href":"https:\/\/firmalan.com\/sv\/wp-json\/wp\/v2\/users\/1"}],"replies":[{"embeddable":true,"href":"https:\/\/firmalan.com\/sv\/wp-json\/wp\/v2\/comments?post=201"}],"version-history":[{"count":6,"href":"https:\/\/firmalan.com\/sv\/wp-json\/wp\/v2\/pages\/201\/revisions"}],"predecessor-version":[{"id":1987,"href":"https:\/\/firmalan.com\/sv\/wp-json\/wp\/v2\/pages\/201\/revisions\/1987"}],"up":[{"embeddable":true,"href":"https:\/\/firmalan.com\/sv\/wp-json\/wp\/v2\/pages\/164"}],"wp:featuredmedia":[{"embeddable":true,"href":"https:\/\/firmalan.com\/sv\/wp-json\/wp\/v2\/media\/204"}],"wp:attachment":[{"href":"https:\/\/firmalan.com\/sv\/wp-json\/wp\/v2\/media?parent=201"}],"curies":[{"name":"wp","href":"https:\/\/api.w.org\/{rel}","templated":true}]}}