{"id":192,"date":"2017-05-13T17:37:52","date_gmt":"2017-05-13T17:37:52","guid":{"rendered":"https:\/\/firmalan.com\/sv\/?page_id=192"},"modified":"2018-12-08T13:41:24","modified_gmt":"2018-12-08T12:41:24","slug":"crowdfunding","status":"publish","type":"page","link":"https:\/\/firmalan.com\/sv\/finansieringsformer\/crowdfunding\/","title":{"rendered":"Crowdfunding och P2P-l\u00e5n"},"content":{"rendered":"<p>Delningsekonomi \u00e4r ett popul\u00e4rt koncept som vinner allt mer mark globalt. Ocks\u00e5 inom finansbranschen har crowdfunding och person-till-person l\u00e5n f\u00e5tt genomslag och m\u00e5nga tror att dessa finansieringsformer p\u00e5 allvar kommer kunna konkurrera med de etablerade banker om marknaden i framtiden. Ett omr\u00e5de med stark tillv\u00e4xt \u00e4r crowdfunding och P2P-l\u00e5n som v\u00e4nder sig till f\u00f6retag, pilotprojekt och olika organisationer. Den gemensamma n\u00e4mnaren bland m\u00e5nga av de f\u00f6retag som v\u00e4nder sig till crowdfundingtj\u00e4nster eller s\u00f6ker P2P-l\u00e5n \u00e4r att man tidigare nekats bankl\u00e5n.<\/p>\n","protected":false},"excerpt":{"rendered":"<p>Delningsekonomi \u00e4r ett popul\u00e4rt koncept som vinner allt mer mark globalt. Ocks\u00e5 inom finansbranschen har crowdfunding och person-till-person l\u00e5n f\u00e5tt genomslag och m\u00e5nga tror att dessa finansieringsformer p\u00e5 allvar kommer &#8230;<\/p>\n","protected":false},"author":1,"featured_media":0,"parent":75,"menu_order":0,"comment_status":"open","ping_status":"closed","template":"","meta":{"footnotes":""},"class_list":["post-192","page","type-page","status-publish","hentry"],"_links":{"self":[{"href":"https:\/\/firmalan.com\/sv\/wp-json\/wp\/v2\/pages\/192","targetHints":{"allow":["GET"]}}],"collection":[{"href":"https:\/\/firmalan.com\/sv\/wp-json\/wp\/v2\/pages"}],"about":[{"href":"https:\/\/firmalan.com\/sv\/wp-json\/wp\/v2\/types\/page"}],"author":[{"embeddable":true,"href":"https:\/\/firmalan.com\/sv\/wp-json\/wp\/v2\/users\/1"}],"replies":[{"embeddable":true,"href":"https:\/\/firmalan.com\/sv\/wp-json\/wp\/v2\/comments?post=192"}],"version-history":[{"count":4,"href":"https:\/\/firmalan.com\/sv\/wp-json\/wp\/v2\/pages\/192\/revisions"}],"predecessor-version":[{"id":604,"href":"https:\/\/firmalan.com\/sv\/wp-json\/wp\/v2\/pages\/192\/revisions\/604"}],"up":[{"embeddable":true,"href":"https:\/\/firmalan.com\/sv\/wp-json\/wp\/v2\/pages\/75"}],"wp:attachment":[{"href":"https:\/\/firmalan.com\/sv\/wp-json\/wp\/v2\/media?parent=192"}],"curies":[{"name":"wp","href":"https:\/\/api.w.org\/{rel}","templated":true}]}}