{"id":1917,"date":"2019-11-11T12:07:25","date_gmt":"2019-11-11T11:07:25","guid":{"rendered":"https:\/\/firmalan.com\/sv\/?page_id=1917"},"modified":"2024-09-18T11:15:27","modified_gmt":"2024-09-18T09:15:27","slug":"fakturamall","status":"publish","type":"page","link":"https:\/\/firmalan.com\/sv\/fakturamall\/","title":{"rendered":"Fakturamall"},"content":{"rendered":"<p>H\u00e4r hittar du ett antal gratis fakturamallar att ladda ner och anv\u00e4nda.\u00a0 V\u00e5ra enkla mallar passar nystartade f\u00f6retag som valt att fokusera p\u00e5 annat \u00e4n att designa fakturor och \u00e4nnu inte skaffa ett dedikerat faktureringsprogram.\u00a0 Fakturamallarna \u00e4r f\u00e4rdiga att anv\u00e4nda men kan enkelt anpassas efter behov med f\u00f6retagslogo, f\u00e4rgval samt personlig text. F\u00f6r att kunna redigera en nedladdad fakturamall kr\u00e4vs tillg\u00e5ng till Microsoft Excel och\/eller Word. N\u00e4r all redigering gjorts rekommenderar vi att spara den f\u00e4rdiga fakturan som en PDF-fil s\u00e5 att kunden ej kan \u00e4ndra inneh\u00e5llet om faktureringen sker digitalt per e-post.<\/p>\n<p><em>Samtliga fakturamallar inneh\u00e5ller:<\/em><\/p>\n<ul>\n<li>Redigerbart fakturadatum<\/li>\n<li>F\u00f6rs\u00e4ljningsdatum<\/li>\n<li>Plats f\u00f6r information kontaktuppgifter och momsregistreringsnummer<\/li>\n<li>Editerbart fakturanummer<\/li>\n<li>F\u00f6rfallodatum<\/li>\n<li>Omr\u00e5de f\u00f6r logotyp samt slogan<\/li>\n<\/ul>\n<p>Vissa gratis fakturamallar i Excel-formatet \u00e4r mer avancerade vilket inneb\u00e4r att total summan f\u00f6r samtliga artiklar samt momsbeloppet kalkyleras genom automatiska ber\u00e4kningar.<\/p>\n<hr \/>\n<h5>Friskrivning fakturamallar<\/h5>\n<p>Genom att ladda ner och anv\u00e4nda fakturamallar fr\u00e5n denna sida godtar du att <a href=\"https:\/\/firmalan.com\/sv\/om-oss\/\">Nordiska Firmal\u00e5n \u2013 Firmalan.com (Spexer AB)<\/a> helt friskriver sig fr\u00e5n hur dessa mallar brukas och ej tar n\u00e5got som helst ansvar f\u00f6r huruvida anv\u00e4ndarens fakturor \u00e4r korrekta och uppfyller de krav som st\u00e4lls p\u00e5 leverant\u00f6rsfakturor. Det \u00e4r upp till anv\u00e4ndaren sj\u00e4lv att se till att f\u00f6lja de lagar, regler och praxis som g\u00e4ller n\u00e4r man fakturerar. Mallarna \u00e4r endast avsedda f\u00f6r att hj\u00e4lpa till med designen av sj\u00e4lva fakturan och inte att hj\u00e4lpa till med inneh\u00e5llet till sj\u00e4lva fakturan, detta ansvar ligger helt p\u00e5 anv\u00e4ndaren.<\/p>\n<hr \/>\n<h3><img loading=\"lazy\" decoding=\"async\" class=\"alignnone size-full wp-image-1926\" src=\"https:\/\/firmalan.com\/sv\/wp-content\/uploads\/2019\/11\/excel.png\" alt=\"\" width=\"48\" height=\"48\" \/> Gratis fakturamallar i Excel (.xlsX format)<\/h3>\n<p>Ta del av en gratis <a href=\"https:\/\/saljarnas.se\/kunskap-inspiration\/mallar\/1077-2\"><strong>fakturamall hos S\u00e4ljarnas Riksf\u00f6rbund<\/strong><\/a>. Du kan \u00e4ven klicka p\u00e5 bilderna h\u00e4r nedan f\u00f6r att ladda ner vald fakturamall f\u00f6r Microsoft Excel.<\/p>\n<p><a href=\"\/sv\/wp-content\/uploads\/gratis-mallar\/design\/pro-fakturamall-excel.xlsx\"><img loading=\"lazy\" decoding=\"async\" class=\"alignnone size-medium wp-image-1927\" src=\"https:\/\/firmalan.com\/sv\/wp-content\/uploads\/2019\/11\/fakturamall-pro-excel-290x300.jpg\" alt=\"\" width=\"290\" height=\"300\" srcset=\"https:\/\/firmalan.com\/sv\/wp-content\/uploads\/2019\/11\/fakturamall-pro-excel-290x300.jpg 290w, https:\/\/firmalan.com\/sv\/wp-content\/uploads\/2019\/11\/fakturamall-pro-excel.jpg 635w\" sizes=\"auto, (max-width: 290px) 100vw, 290px\" \/><\/a><a href=\"\/sv\/wp-content\/uploads\/gratis-mallar\/design\/v\u00e4lstrukturerad-faktura.xlsx\"><img loading=\"lazy\" decoding=\"async\" class=\"alignnone size-medium wp-image-1937\" src=\"https:\/\/firmalan.com\/sv\/wp-content\/uploads\/2019\/11\/valstrukturerad-excel-mall-300x129.jpg\" alt=\"\" width=\"300\" height=\"129\" srcset=\"https:\/\/firmalan.com\/sv\/wp-content\/uploads\/2019\/11\/valstrukturerad-excel-mall-300x129.jpg 300w, https:\/\/firmalan.com\/sv\/wp-content\/uploads\/2019\/11\/valstrukturerad-excel-mall-768x331.jpg 768w, https:\/\/firmalan.com\/sv\/wp-content\/uploads\/2019\/11\/valstrukturerad-excel-mall.jpg 991w\" sizes=\"auto, (max-width: 300px) 100vw, 300px\" \/><\/a><a href=\"\/sv\/wp-content\/uploads\/gratis-mallar\/design\/Orange-fakturamall-excel.xlsx\"><img loading=\"lazy\" decoding=\"async\" class=\"alignnone size-medium wp-image-1935\" src=\"https:\/\/firmalan.com\/sv\/wp-content\/uploads\/2019\/11\/orange-fakturamall-excel-300x192.jpg\" alt=\"\" width=\"300\" height=\"192\" srcset=\"https:\/\/firmalan.com\/sv\/wp-content\/uploads\/2019\/11\/orange-fakturamall-excel-300x192.jpg 300w, https:\/\/firmalan.com\/sv\/wp-content\/uploads\/2019\/11\/orange-fakturamall-excel.jpg 689w\" sizes=\"auto, (max-width: 300px) 100vw, 300px\" \/><\/a><a href=\"\/sv\/wp-content\/uploads\/gratis-mallar\/design\/lila-fakturamall-excel.xlsx\"><img loading=\"lazy\" decoding=\"async\" class=\"alignnone size-medium wp-image-1932\" src=\"https:\/\/firmalan.com\/sv\/wp-content\/uploads\/2019\/11\/lila-fakturamall-excel-300x203.jpg\" alt=\"\" width=\"300\" height=\"203\" srcset=\"https:\/\/firmalan.com\/sv\/wp-content\/uploads\/2019\/11\/lila-fakturamall-excel-300x203.jpg 300w, https:\/\/firmalan.com\/sv\/wp-content\/uploads\/2019\/11\/lila-fakturamall-excel.jpg 516w\" sizes=\"auto, (max-width: 300px) 100vw, 300px\" \/><\/a><a href=\"\/sv\/wp-content\/uploads\/gratis-mallar\/design\/Gr\u00e5-och-svart-Excel.xlsx\"><img loading=\"lazy\" decoding=\"async\" class=\"alignnone size-medium wp-image-1929\" src=\"https:\/\/firmalan.com\/sv\/wp-content\/uploads\/2019\/11\/gra-svar-faktura-excel-300x154.jpg\" alt=\"\" width=\"300\" height=\"154\" srcset=\"https:\/\/firmalan.com\/sv\/wp-content\/uploads\/2019\/11\/gra-svar-faktura-excel-300x154.jpg 300w, https:\/\/firmalan.com\/sv\/wp-content\/uploads\/2019\/11\/gra-svar-faktura-excel.jpg 662w\" sizes=\"auto, (max-width: 300px) 100vw, 300px\" \/><\/a><a href=\"\/sv\/wp-content\/uploads\/gratis-mallar\/design\/enkel-fakturamall-med-auto-berakning-excel.xlsx\"><img loading=\"lazy\" decoding=\"async\" class=\"alignnone size-medium wp-image-1925\" src=\"https:\/\/firmalan.com\/sv\/wp-content\/uploads\/2019\/11\/enkel-faktura-automatisk-berakning-excel-300x118.jpg\" alt=\"\" width=\"300\" height=\"118\" srcset=\"https:\/\/firmalan.com\/sv\/wp-content\/uploads\/2019\/11\/enkel-faktura-automatisk-berakning-excel-300x118.jpg 300w, https:\/\/firmalan.com\/sv\/wp-content\/uploads\/2019\/11\/enkel-faktura-automatisk-berakning-excel.jpg 650w\" sizes=\"auto, (max-width: 300px) 100vw, 300px\" \/><\/a><a href=\"\/sv\/wp-content\/uploads\/gratis-mallar\/design\/Enkel-fakturamall-excel.xlsx\"><img loading=\"lazy\" decoding=\"async\" class=\"alignnone size-medium wp-image-1924\" src=\"https:\/\/firmalan.com\/sv\/wp-content\/uploads\/2019\/11\/enkel-excel-faktura-300x198.jpg\" alt=\"\" width=\"300\" height=\"198\" srcset=\"https:\/\/firmalan.com\/sv\/wp-content\/uploads\/2019\/11\/enkel-excel-faktura-300x198.jpg 300w, https:\/\/firmalan.com\/sv\/wp-content\/uploads\/2019\/11\/enkel-excel-faktura.jpg 615w\" sizes=\"auto, (max-width: 300px) 100vw, 300px\" \/><\/a><a href=\"\/sv\/wp-content\/uploads\/gratis-mallar\/design\/Brun-fakturamall-excel.xlsx\"><img loading=\"lazy\" decoding=\"async\" class=\"alignnone size-medium wp-image-1923\" src=\"https:\/\/firmalan.com\/sv\/wp-content\/uploads\/2019\/11\/brun-excel-faktura-300x210.jpg\" alt=\"\" width=\"300\" height=\"210\" srcset=\"https:\/\/firmalan.com\/sv\/wp-content\/uploads\/2019\/11\/brun-excel-faktura-300x210.jpg 300w, https:\/\/firmalan.com\/sv\/wp-content\/uploads\/2019\/11\/brun-excel-faktura.jpg 623w\" sizes=\"auto, (max-width: 300px) 100vw, 300px\" \/><\/a><a href=\"\/sv\/wp-content\/uploads\/gratis-mallar\/design\/Bl\u00e5-fakturamall-excel.xlsx\"><img loading=\"lazy\" decoding=\"async\" class=\"alignnone size-medium wp-image-1919\" src=\"https:\/\/firmalan.com\/sv\/wp-content\/uploads\/2019\/11\/bla-faktura-300x190.jpg\" alt=\"\" width=\"300\" height=\"190\" srcset=\"https:\/\/firmalan.com\/sv\/wp-content\/uploads\/2019\/11\/bla-faktura-300x190.jpg 300w, https:\/\/firmalan.com\/sv\/wp-content\/uploads\/2019\/11\/bla-faktura-768x485.jpg 768w, https:\/\/firmalan.com\/sv\/wp-content\/uploads\/2019\/11\/bla-faktura.jpg 796w\" sizes=\"auto, (max-width: 300px) 100vw, 300px\" \/><\/a><\/p>\n<h3><img loading=\"lazy\" decoding=\"async\" class=\"alignnone size-medium wp-image-1938\" src=\"https:\/\/firmalan.com\/sv\/wp-content\/uploads\/2019\/11\/word.png\" alt=\"\" width=\"48\" height=\"48\" \/> Gratis Fakturamallar i Word (.docX Format)<\/h3>\n<p>Klicka p\u00e5 bilden f\u00f6r att ladda ner vald fakturamall f\u00f6r Mircosoft Word.<\/p>\n<p><a href=\"\/sv\/wp-content\/uploads\/gratis-mallar\/design\/R\u00f6d-Fakturamall-Runda-ringar.docx\"><img loading=\"lazy\" decoding=\"async\" class=\"alignnone size-medium wp-image-1936\" src=\"https:\/\/firmalan.com\/sv\/wp-content\/uploads\/2019\/11\/rod-fakturamall-word-300x297.jpg\" alt=\"\" width=\"300\" height=\"297\" srcset=\"https:\/\/firmalan.com\/sv\/wp-content\/uploads\/2019\/11\/rod-fakturamall-word-300x297.jpg 300w, https:\/\/firmalan.com\/sv\/wp-content\/uploads\/2019\/11\/rod-fakturamall-word-150x150.jpg 150w, https:\/\/firmalan.com\/sv\/wp-content\/uploads\/2019\/11\/rod-fakturamall-word.jpg 723w\" sizes=\"auto, (max-width: 300px) 100vw, 300px\" \/><\/a><a href=\"\/sv\/wp-content\/uploads\/gratis-mallar\/design\/Multicolor-Fakturamall-Enkel.docx\"> <img loading=\"lazy\" decoding=\"async\" class=\"alignnone size-medium wp-image-1934\" src=\"https:\/\/firmalan.com\/sv\/wp-content\/uploads\/2019\/11\/multicolor-mall-word-300x153.jpg\" alt=\"\" width=\"300\" height=\"153\" srcset=\"https:\/\/firmalan.com\/sv\/wp-content\/uploads\/2019\/11\/multicolor-mall-word-300x153.jpg 300w, https:\/\/firmalan.com\/sv\/wp-content\/uploads\/2019\/11\/multicolor-mall-word-768x392.jpg 768w, https:\/\/firmalan.com\/sv\/wp-content\/uploads\/2019\/11\/multicolor-mall-word.jpg 1010w\" sizes=\"auto, (max-width: 300px) 100vw, 300px\" \/><\/a><a href=\"\/sv\/wp-content\/uploads\/gratis-mallar\/design\/Ljusgr\u00f6n-Tabelldesing-Fakturamall.docx\"> <img loading=\"lazy\" decoding=\"async\" class=\"alignnone size-medium wp-image-1933\" src=\"https:\/\/firmalan.com\/sv\/wp-content\/uploads\/2019\/11\/ljusgron-word-300x150.jpg\" alt=\"\" width=\"300\" height=\"150\" srcset=\"https:\/\/firmalan.com\/sv\/wp-content\/uploads\/2019\/11\/ljusgron-word-300x150.jpg 300w, https:\/\/firmalan.com\/sv\/wp-content\/uploads\/2019\/11\/ljusgron-word-150x75.jpg 150w, https:\/\/firmalan.com\/sv\/wp-content\/uploads\/2019\/11\/ljusgron-word.jpg 666w\" sizes=\"auto, (max-width: 300px) 100vw, 300px\" \/><\/a><a href=\"\/sv\/wp-content\/uploads\/gratis-mallar\/design\/Gr\u00f6n-och-Svart-Fakturamall-Simpel-design.docx\"><img loading=\"lazy\" decoding=\"async\" class=\"alignnone size-medium wp-image-1931\" src=\"https:\/\/firmalan.com\/sv\/wp-content\/uploads\/2019\/11\/gronsvar-fakturamall-word-300x131.jpg\" alt=\"\" width=\"300\" height=\"131\" srcset=\"https:\/\/firmalan.com\/sv\/wp-content\/uploads\/2019\/11\/gronsvar-fakturamall-word-300x131.jpg 300w, https:\/\/firmalan.com\/sv\/wp-content\/uploads\/2019\/11\/gronsvar-fakturamall-word.jpg 585w\" sizes=\"auto, (max-width: 300px) 100vw, 300px\" \/> <\/a><a href=\"\/sv\/wp-content\/uploads\/gratis-mallar\/design\/Gr\u00f6n-Fakturamall-Enkel.docx\"><img loading=\"lazy\" decoding=\"async\" class=\"alignnone size-medium wp-image-1930\" src=\"https:\/\/firmalan.com\/sv\/wp-content\/uploads\/2019\/11\/gron-enkel-fakturamall-word-300x148.jpg\" alt=\"\" width=\"300\" height=\"148\" srcset=\"https:\/\/firmalan.com\/sv\/wp-content\/uploads\/2019\/11\/gron-enkel-fakturamall-word-300x148.jpg 300w, https:\/\/firmalan.com\/sv\/wp-content\/uploads\/2019\/11\/gron-enkel-fakturamall-word-768x378.jpg 768w, https:\/\/firmalan.com\/sv\/wp-content\/uploads\/2019\/11\/gron-enkel-fakturamall-word-1024x504.jpg 1024w, https:\/\/firmalan.com\/sv\/wp-content\/uploads\/2019\/11\/gron-enkel-fakturamall-word-150x75.jpg 150w, https:\/\/firmalan.com\/sv\/wp-content\/uploads\/2019\/11\/gron-enkel-fakturamall-word.jpg 1052w\" sizes=\"auto, (max-width: 300px) 100vw, 300px\" \/><\/a><a href=\"\/sv\/wp-content\/uploads\/gratis-mallar\/design\/pro-fakturamall-word.docx\"><img loading=\"lazy\" decoding=\"async\" class=\"alignnone size-medium wp-image-1928\" src=\"https:\/\/firmalan.com\/sv\/wp-content\/uploads\/2019\/11\/fakturamall-pro-word-300x277.jpg\" alt=\"\" width=\"300\" height=\"277\" srcset=\"https:\/\/firmalan.com\/sv\/wp-content\/uploads\/2019\/11\/fakturamall-pro-word-300x277.jpg 300w, https:\/\/firmalan.com\/sv\/wp-content\/uploads\/2019\/11\/fakturamall-pro-word.jpg 547w\" sizes=\"auto, (max-width: 300px) 100vw, 300px\" \/> <\/a><a href=\"\/sv\/wp-content\/uploads\/gratis-mallar\/design\/Bl\u00e5gr\u00e5-Stilren-Fakturamall.docx\"><img loading=\"lazy\" decoding=\"async\" class=\"alignnone size-medium wp-image-1922\" src=\"https:\/\/firmalan.com\/sv\/wp-content\/uploads\/2019\/11\/blagra-word-faktura-300x149.jpg\" alt=\"\" width=\"300\" height=\"149\" srcset=\"https:\/\/firmalan.com\/sv\/wp-content\/uploads\/2019\/11\/blagra-word-faktura-300x150.jpg 300w, https:\/\/firmalan.com\/sv\/wp-content\/uploads\/2019\/11\/blagra-word-faktura-768x381.jpg 768w, https:\/\/firmalan.com\/sv\/wp-content\/uploads\/2019\/11\/blagra-word-faktura-150x75.jpg 150w, https:\/\/firmalan.com\/sv\/wp-content\/uploads\/2019\/11\/blagra-word-faktura.jpg 815w\" sizes=\"auto, (max-width: 300px) 100vw, 300px\" \/><\/a><a href=\"\/sv\/wp-content\/uploads\/gratis-mallar\/design\/Bl\u00e5-Skrivmaskin-Fakturamall.docx\"> <img loading=\"lazy\" decoding=\"async\" class=\"alignnone size-medium wp-image-1920\" src=\"https:\/\/firmalan.com\/sv\/wp-content\/uploads\/2019\/11\/blagra-skriv-word-300x154.jpg\" alt=\"\" width=\"300\" height=\"154\" srcset=\"https:\/\/firmalan.com\/sv\/wp-content\/uploads\/2019\/11\/blagra-skriv-word-300x154.jpg 300w, https:\/\/firmalan.com\/sv\/wp-content\/uploads\/2019\/11\/blagra-skriv-word-768x393.jpg 768w, https:\/\/firmalan.com\/sv\/wp-content\/uploads\/2019\/11\/blagra-skriv-word.jpg 820w\" sizes=\"auto, (max-width: 300px) 100vw, 300px\" \/> <\/a><\/p>\n<hr \/>\n<h2>Giltig faktura? Detta m\u00e5ste finnas med<\/h2>\n<p>Det finns ett antal uppgifter som m\u00e5ste finnas med p\u00e5 en faktura f\u00f6r att den ska vara giltig och korrekt enligt lagen. Det skall vara daterad den dag som fakturan skapas och m\u00e5ste \u00e4ven ha ett unikt l\u00f6pnummer, hur denna struktur ser ut \u00e4r upp till den enskilda f\u00f6retagaren. Att dessa uppgifter finns med p\u00e5 samtliga fakturor \u00e4r ett absolut krav.<\/p>\n<h3>Ange att det \u00e4r en Faktura<\/h3>\n<p>Det kan tyckas vara en sj\u00e4lvklarhet men det \u00e4r ett m\u00e5ste ange att dokumentet avser en faktura. Detta g\u00f6rs f\u00f6r att visa att inneh\u00e5llet avser en fordran (krav) p\u00e5 betalning, vilket kan j\u00e4mf\u00f6ras med ett kvitto som \u00e4r ett bevis p\u00e5 betalning.\u00a0 Att det r\u00f6r sig om en faktura b\u00f6r d\u00e4rf\u00f6r l\u00e4mpligen skrivas ut som en tydlig \u00f6verskrift, i vissa fall skrivs detta ist\u00e4llet i samband med l\u00f6pnumret. Tanken \u00e4r att detta skall vara det f\u00f6rsta man ser s\u00e5 anv\u00e4nd g\u00e4rna st\u00f6rre text eller betona genom tjock text n\u00e4r du skapar din egen faktura.<\/p>\n<h3>Kontaktuppgifter<\/h3>\n<p>Varje faktura beh\u00f6ver \u00e4ven inneh\u00e5lla ett antal allm\u00e4nna kontaktuppgifter som adress, telefon, e-postadress etc. och bolagsuppgifter som bolagsnamn, organisationsnummer samt momsregistreringsnummer. Dessutom m\u00e5ste kundens f\u00f6retagsnamn samt namn p\u00e5 kontaktperson finnas med inklusive dennes kontaktuppgifter. Om fakturan \u00e4r utst\u00e4lld till ett annat f\u00f6retag \u00e4r det s\u00e4rskilt viktigt att vara noggrann med detta, d\u00e5 underlaget m\u00e5ste vara giltigt f\u00f6r att momsber\u00e4kningen skall bli korrekt.<\/p>\n<h3>Fakturaspecifikation<\/h3>\n<p>Det finns krav p\u00e5 att man tydligt skall specificera vad fakturan avser s\u00e5 att kunden vet vad fodringen handlar om. Ange vilken tj\u00e4nst du utf\u00f6rt eller vilken vara du har s\u00e5lt. Om fakturan inneh\u00e5ller flera artiklar beh\u00f6ver man skriva in antal samt hur mycket varje enhet kostar. Det kan h\u00e4nda att datumet f\u00f6r arbetet man utf\u00f6rt eller f\u00f6rs\u00e4ljningen inte \u00e4r det samma som faktureringsdatumet, d\u00e5 ska man uppge detta. Ofta fakturerar man ett flertal utf\u00f6rda tj\u00e4nster under en period p\u00e5 en och samma faktura, d\u00e5 \u00e4r det viktigt att ange datum f\u00f6r varje utf\u00f6rt arbete.<\/p>\n<p>Om du driver en momspliktig verksamhet skall momsen ocks\u00e5 vara specificerad s\u00e5 att det tydligt framg\u00e5r hur stor del av beloppet som \u00e4r betalning f\u00f6r tj\u00e4nst eller vara och hur stor del som \u00e4r moms.<\/p>\n<h3>F\u00f6rfallodatum och betalningsm\u00f6jligheter<\/h3>\n<p>F\u00f6r att kunden skall kunna veta hur l\u00e5ng tidsfristen \u00e4r tills skulden f\u00f6rfaller skall ett sista datum f\u00f6r att betala fakturan ett s\u00e5 kallat f\u00f6rfallodatum finns angivet. Det \u00e4r vanligt med 10, 15 eller 30 dagars betalningsfrist men f\u00f6rfallodatum kan anpassas efter behov och s\u00e4tts efter \u00f6verenskommelse med kunden. Skriv ut b\u00e5de hur m\u00e5nga dagar man har p\u00e5 sig att betala samt specifik f\u00f6rfallodatum. OBS! Undvik att erbjuda mycket l\u00e5nga betalningsfrister d\u00e5 detta kan orsaka likvidets brist i verksamheten.<\/p>\n<p>Dessutom skall det finnas information om vilka tillg\u00e4ngliga betalningsm\u00f6jligheter som finns. Det kan vara exempelvis bankinformation, bankgironummer eller tillkopplat Swish-nummer. Information om vad som h\u00e4nder om man inte betalar i tid b\u00f6r ocks\u00e5 anges, ange storlek p\u00e5 den dr\u00f6jsm\u00e5lsr\u00e4nta som utg\u00e5r vid betalning efter f\u00f6rfallodag (Dr\u00f6jsm\u00e5lsr\u00e4nta regleras i enlighet med r\u00e4ntelagen).<\/p>\n<h3>F\u00f6renklad faktura<\/h3>\n<p>De riktlinjer vi nyss har ber\u00e4ttat om g\u00e4ller f\u00f6r fakturor som ligger p\u00e5 ett belopp \u00f6ver 4 000 kronor, om din faktura ligger under denna summa inklusive merv\u00e4rdesskatt (moms) har man m\u00f6jlighet att skicka en f\u00f6renklad faktura. En f\u00f6renklad faktura beh\u00f6ver enbart inneh\u00e5lla:<\/p>\n<ul>\n<li>Fakturadatum<\/li>\n<li>Namn p\u00e5 k\u00f6paren<\/li>\n<li>Namn p\u00e5 ditt f\u00f6retag<\/li>\n<li>Ange namn f\u00f6r artikelvara eller tj\u00e4nst<\/li>\n<li>Inkludera momsbelopp<\/li>\n<\/ul>\n<p>Observera att du inte f\u00e5r anv\u00e4nda dig av en f\u00f6renklad faktura om du s\u00e4ljer varor eller tj\u00e4nster till l\u00e4nder utanf\u00f6r Sverige. Notera \u00e4ven p\u00e5 regelverket och praxis kring fakturering kan variera mellan olika branscher, D\u00e4rf\u00f6r b\u00f6r du kontrollera noga vilka riktlinjer och lagar som g\u00e4ller f\u00f6r din aktuella situation och den bransch du verkar i.<\/p>\n<h2><strong>Ta steget mot elektronisk fakturahantering<\/strong><\/h2>\n<p>\u00c4ven om v\u00e5ra gratis fakturamallar \u00e4r ett utm\u00e4rkt alternativ f\u00f6r mindre f\u00f6retag eller nystartade verksamheter, kan det vara v\u00e4rt att \u00f6verv\u00e4ga ett elektroniskt fakturahanteringssystem n\u00e4r ditt f\u00f6retag v\u00e4xer. Genom att anv\u00e4nda ett system f\u00f6r elektronisk fakturering slipper du manuella moment som att skicka fakturor via e-post och h\u00e5lla koll p\u00e5 betalningsp\u00e5minnelser.<\/p>\n<p>N\u00e5gra av f\u00f6rdelarna med elektronisk fakturahantering inkluderar:<\/p>\n<ul>\n<li><strong>Automatisering av betalningsprocessen<\/strong><\/li>\n<li><strong>B\u00e4ttre \u00f6versikt och sp\u00e5rbarhet<\/strong><\/li>\n<li><strong>Milj\u00f6v\u00e4nligt och h\u00e5llbart<\/strong><\/li>\n<li><strong>Snabbare betalningar<\/strong><\/li>\n<li><strong>S\u00e4kerhet och laguppfyllelse<\/strong><\/li>\n<\/ul>\n<p><strong><a href=\"https:\/\/www.cloudconnection.se\/pa-gang\/elektronisk-fakturahantering\">Elektronisk fakturahantering<\/a><\/strong> passar s\u00e4rskilt bra f\u00f6r f\u00f6retag som ofta fakturerar st\u00f6rre volymer eller som vill s\u00e4kerst\u00e4lla att deras fakturor skickas och betalas i tid.<\/p>\n","protected":false},"excerpt":{"rendered":"<p>H\u00e4r hittar du ett antal gratis fakturamallar att ladda ner och anv\u00e4nda.\u00a0 V\u00e5ra enkla mallar passar nystartade f\u00f6retag som valt att fokusera p\u00e5 annat \u00e4n att designa fakturor och \u00e4nnu &#8230;<\/p>\n","protected":false},"author":1,"featured_media":0,"parent":0,"menu_order":0,"comment_status":"closed","ping_status":"closed","template":"","meta":{"footnotes":""},"class_list":["post-1917","page","type-page","status-publish","hentry"],"_links":{"self":[{"href":"https:\/\/firmalan.com\/sv\/wp-json\/wp\/v2\/pages\/1917","targetHints":{"allow":["GET"]}}],"collection":[{"href":"https:\/\/firmalan.com\/sv\/wp-json\/wp\/v2\/pages"}],"about":[{"href":"https:\/\/firmalan.com\/sv\/wp-json\/wp\/v2\/types\/page"}],"author":[{"embeddable":true,"href":"https:\/\/firmalan.com\/sv\/wp-json\/wp\/v2\/users\/1"}],"replies":[{"embeddable":true,"href":"https:\/\/firmalan.com\/sv\/wp-json\/wp\/v2\/comments?post=1917"}],"version-history":[{"count":15,"href":"https:\/\/firmalan.com\/sv\/wp-json\/wp\/v2\/pages\/1917\/revisions"}],"predecessor-version":[{"id":2433,"href":"https:\/\/firmalan.com\/sv\/wp-json\/wp\/v2\/pages\/1917\/revisions\/2433"}],"wp:attachment":[{"href":"https:\/\/firmalan.com\/sv\/wp-json\/wp\/v2\/media?parent=1917"}],"curies":[{"name":"wp","href":"https:\/\/api.w.org\/{rel}","templated":true}]}}