{"id":1904,"date":"2019-11-09T10:14:59","date_gmt":"2019-11-09T09:14:59","guid":{"rendered":"https:\/\/firmalan.com\/sv\/?page_id=1904"},"modified":"2020-02-12T18:25:20","modified_gmt":"2020-02-12T17:25:20","slug":"creddo","status":"publish","type":"page","link":"https:\/\/firmalan.com\/sv\/lana-pengar\/creddo\/","title":{"rendered":"Creddo"},"content":{"rendered":"<p>&nbsp;<\/p>\n<div class=\"section-content\">\n<div class=\"row\">\n<div class=\"feature-item col-lg-6 col-sm-6 wow slideInUp\">\n<div class=\"feature-media\"><img decoding=\"async\" src=\"https:\/\/firmalan.com\/sv\/wp-content\/uploads\/2019\/11\/creddo.png\" \/><\/div>\n<\/div>\n<div class=\"feature-item col-lg-6 col-sm-6 wow slideInUp\">Creddo \u00e4r en ny l\u00e5nef\u00f6rmedling inom f\u00f6retagsl\u00e5n. Tanken \u00e4r att Creddo skall g\u00f6ra det l\u00e4ttare f\u00f6r f\u00f6retag att hitta och j\u00e4mf\u00f6ra passande finansieringsalternativ. Att uppr\u00e4tta en ans\u00f6kan tar endast 1 minut och kan generera upp till 15 st olika l\u00e5nesvar. En annan f\u00f6rdel med att s\u00f6ka finansiering via Creddo \u00e4r att endast en <a href=\"https:\/\/firmalan.com\/sv\/kreditbedoming\/\">kreditupplysning<\/a> registreras hos UC. Tj\u00e4nsten \u00e4r kostnadsfri f\u00f6r m\u00e5lgruppen \u00e4r sm\u00e5- och medelstora f\u00f6retag. Ist\u00e4llet erh\u00e5ller Creddo provision direkt fr\u00e5n l\u00e5ngivarna f\u00f6r varje nytt beviljat f\u00f6retagsl\u00e5n, notera att detta inte p\u00e5verkar er l\u00e5nekostnad.<br \/>\n<span style=\"color: #f4f4f4;\"><strong><a class=\"btn btn-theme-primary btn-lg\" style=\"color: #f4f4f4;\" title=\"\u27a4 Creddo l\u00e5nef\u00f6rmedlare\" href=\"https:\/\/firmalan.com\/sv\/go\/creddo\/\" target=\"_blank\" rel=\"nofollow noopener noreferrer\">\u27a4 G\u00e5 Till Creddo F\u00f6retagsl\u00e5n <\/a><\/strong><\/span><\/div>\n<\/div>\n<\/div>\n<div class=\"section-color\">\n<div class=\"row\">\n<div class=\"feature-item col-lg-6 col-sm-6 wow slideInUp\">\n<p class=\"kapitel\">L\u00e5nef\u00f6rmedlare<\/p>\n<ul id=\"navlist\">\n<li>J\u00e4mf\u00f6r: Upp till 15 st olika l\u00e5n<\/li>\n<li>Belopp:10 000-10 000 000 kr<\/li>\n<li>L\u00f6ptid: 1-60 m\u00e5n<\/li>\n<li>\u00c5rsr\u00e4nta: *Kostnaden \u00e4r individuell och best\u00e4ms efter kreditpr\u00f6vning.<\/li>\n<\/ul>\n<\/div>\n<div class=\"feature-item col-lg-6 col-sm-6 wow slideInUp\">\n<p class=\"kapitel\">Ans\u00f6kan<\/p>\n<ul id=\"navlist\">\n<li>Kom ig\u00e5ng och j\u00e4mf\u00f6r p\u00e5 1 minut!<\/li>\n<li>Digital signering med BankID<\/li>\n<li>Kontakta support direkt via chatt<\/li>\n<\/ul>\n<\/div>\n<\/div>\n<\/div>\n<p>Skaparna bakom den nya l\u00e5netj\u00e4nsten har gedigna tidigare erfarenheter fr\u00e5n f\u00f6rmedlingstj\u00e4nster inom fintech och ser d\u00e4rf\u00f6r att man besitter ov\u00e4rderliga kompetenser som kommer hj\u00e4lpa Creddo etablera sig som en ledande digital tj\u00e4nst inom f\u00f6retagsfinansiering.<\/p>\n<p>Webbplatsen \u00e4r byggd med modern teknik, d\u00e4r BankID anv\u00e4nds f\u00f6r legitimering och m\u00f6jlighet finns f\u00f6r bes\u00f6kare att ta kontakt med kundservice via chatt och kundservice@creddo.se alla vardagar mellan kl 9-17.<\/p>\n<p>I dagsl\u00e4get inkluderar Creddo l\u00e5nef\u00f6rmedling f\u00f6ljande 15 olika akt\u00f6rer:<br \/>\nAros Kaptial, Avida Finans, Approva, Billecta Finans, CapitalBox, Froda, Fedelta, IMH Credit Solutions, OPR-Finance, Qapitala, Qred,DBT,Mynt,Corpia,Capcito<\/p>\n<p>&nbsp;<\/p>\n<p>&nbsp;<\/p>\n<blockquote><p>Telefon: 08 \u2013 400 200 01<br \/>\nE-mail: <a href=\"mailto:kundservice@creddo.se\">kundservice@creddo.se.<\/a><\/p><\/blockquote>\n<blockquote class=\"theme\"><p>Creddo AB<\/p>\n<h4>ADRESS:<\/h4>\n<p>Birger Jarlsgatan 15<br \/>\n111 45 Stockholm<br \/>\nOrg. nr: 559207-3786<\/p><\/blockquote>\n","protected":false},"excerpt":{"rendered":"<p>&nbsp; Creddo \u00e4r en ny l\u00e5nef\u00f6rmedling inom f\u00f6retagsl\u00e5n. Tanken \u00e4r att Creddo skall g\u00f6ra det l\u00e4ttare f\u00f6r f\u00f6retag att hitta och j\u00e4mf\u00f6ra passande finansieringsalternativ. Att uppr\u00e4tta en ans\u00f6kan tar endast &#8230;<\/p>\n","protected":false},"author":1,"featured_media":1905,"parent":164,"menu_order":0,"comment_status":"closed","ping_status":"closed","template":"","meta":{"footnotes":""},"class_list":["post-1904","page","type-page","status-publish","has-post-thumbnail","hentry"],"_links":{"self":[{"href":"https:\/\/firmalan.com\/sv\/wp-json\/wp\/v2\/pages\/1904","targetHints":{"allow":["GET"]}}],"collection":[{"href":"https:\/\/firmalan.com\/sv\/wp-json\/wp\/v2\/pages"}],"about":[{"href":"https:\/\/firmalan.com\/sv\/wp-json\/wp\/v2\/types\/page"}],"author":[{"embeddable":true,"href":"https:\/\/firmalan.com\/sv\/wp-json\/wp\/v2\/users\/1"}],"replies":[{"embeddable":true,"href":"https:\/\/firmalan.com\/sv\/wp-json\/wp\/v2\/comments?post=1904"}],"version-history":[{"count":9,"href":"https:\/\/firmalan.com\/sv\/wp-json\/wp\/v2\/pages\/1904\/revisions"}],"predecessor-version":[{"id":2147,"href":"https:\/\/firmalan.com\/sv\/wp-json\/wp\/v2\/pages\/1904\/revisions\/2147"}],"up":[{"embeddable":true,"href":"https:\/\/firmalan.com\/sv\/wp-json\/wp\/v2\/pages\/164"}],"wp:featuredmedia":[{"embeddable":true,"href":"https:\/\/firmalan.com\/sv\/wp-json\/wp\/v2\/media\/1905"}],"wp:attachment":[{"href":"https:\/\/firmalan.com\/sv\/wp-json\/wp\/v2\/media?parent=1904"}],"curies":[{"name":"wp","href":"https:\/\/api.w.org\/{rel}","templated":true}]}}