{"id":1901,"date":"2019-11-08T15:06:32","date_gmt":"2019-11-08T14:06:32","guid":{"rendered":"https:\/\/firmalan.com\/sv\/?page_id=1901"},"modified":"2019-11-08T15:06:32","modified_gmt":"2019-11-08T14:06:32","slug":"skal-att-vara-med-i-facket-som-egenforetagare","status":"publish","type":"page","link":"https:\/\/firmalan.com\/sv\/skal-att-vara-med-i-facket-som-egenforetagare\/","title":{"rendered":"Sk\u00e4l att vara med i facket som egenf\u00f6retagare"},"content":{"rendered":"<p>I tider d\u00e5 det talas mycket om en annalkande l\u00e5gkonjunktur, \u00e4r det l\u00e4tt att stirra sig blind p\u00e5 kommande framtida potentiella ekonomiska risker och d\u00e4rmed begr\u00e4nsa f\u00f6retagsverksamheten i on\u00f6dan. Samtidigt kan det vara klokt att ta tillf\u00e4llet i akt och se \u00f6ver ditt skyddsn\u00e4t som egenf\u00f6retagare.<\/p>\n<p>N\u00e4r konjunkturen sviktar tenderar intresset f\u00f6r facket att \u00f6ka, men l\u00f6nar det sig verkligen att ansluta sig till ett fackf\u00f6rbund som egenf\u00f6retagare och varf\u00f6r g\u00f6r b\u00f6r man i s\u00e5 fall g\u00e5 med?<\/p>\n<p>Fackliga organisationer \u00e4r i grunden inr\u00e4ttade f\u00f6r att skydda r\u00e4ttigheter bland arbetare, l\u00f6nearbetare och andra anst\u00e4llda i f\u00f6rh\u00e5llande till arbetsgivaren. Prim\u00e4rt ser fackf\u00f6rbund till s\u00e5 att arbetsr\u00e4tten och arbetsmilj\u00f6lagen efterlevs av f\u00f6retag och andra organisationer. Dessa regelverket kompletteras via kollektivavtal vilka uppr\u00e4ttas efter f\u00f6rhandlingar mellan arbetsmarknadens parter f\u00f6r att skapa l\u00e5ngsiktiga och f\u00f6ruts\u00e4gbara villkor inom en verksamhet.<\/p>\n<p>S\u00e5 l\u00e5ngt \u00e4r det kanske sv\u00e5rt att se hur du i egenskap av egenf\u00f6retagare skall kunna ha nytta av ett fackmedlemskap, men enligt <a href=\"https:\/\/fackforbunden.se\">fackforbunden.se<\/a> kan medlemskapet faktiskt ha en hel del f\u00f6rdelar:<\/p>\n<h4>Inkomstf\u00f6rs\u00e4kring<\/h4>\n<p>Ett av de viktigaste skydden du som l\u00f6ntagare kan ha idag \u00e4r en inkomstf\u00f6rs\u00e4kring. Denna f\u00f6rs\u00e4kring kompletterar a-kassan och g\u00f6r det m\u00f6jlighet att erh\u00e5lla 80 procentig inkomsters\u00e4ttning vid arbetsl\u00f6shet baserat p\u00e5 hela den tidigare inkomsten. Medlemskapen hos de flesta fackf\u00f6rbunden inkluderar idag en inkomstf\u00f6rs\u00e4kring, notera dock att det kr\u00e4vs att du \u00e4ven \u00e4r medlem i en a-kassa f\u00f6r att kunna utnyttja skyddet.<\/p>\n<h4>R\u00e4ttshj\u00e4lp<\/h4>\n<p>F\u00f6r den enskilda individen\/konsumenten finns det m\u00f6jlighet att f\u00e5 hj\u00e4lp med vissa r\u00e4ttshj\u00e4lps\u00e4renden via R\u00e4ttshj\u00e4lpsmyndigheten, som f\u00f6retagare finns ingen motsvarande myndighet. H\u00e4r kan ett fackligt medlemskap vara till stor hj\u00e4lp, fackf\u00f6rbund har n\u00e4mligen tillg\u00e5ng till ett stort antal juridiska experter som kan ge v\u00e4gledning och r\u00e5dgivning i samband med avtal och tvister.<\/p>\n<h4>Sjukv\u00e5rdsf\u00f6rs\u00e4kring<\/h4>\n<p>Ber\u00e4ttigar till snabbare v\u00e5rd och konsultation samt ers\u00e4tter patientavgifter och l\u00e4kemedel upp till h\u00f6gkostnadsskyddet. En sjukv\u00e5rdsf\u00f6rs\u00e4kring kan ing\u00e5 i fackmedlemskap f\u00f6r egenf\u00f6retagare eller erbjudas till ett f\u00f6rm\u00e5nligare pris.<\/p>\n<h4>\u00d6vriga f\u00f6rs\u00e4kringar<\/h4>\n<p>Oavsett vilken typ av verksamhet du driver \u00e4r det viktigt att teckna en f\u00f6retagsf\u00f6rs\u00e4kring som inneh\u00e5ller de viktigaste skydden exempelvis egendoms-\/ansvarsf\u00f6rs\u00e4kring. F\u00f6retagsf\u00f6rs\u00e4kring ing\u00e5r normalt inte i det ordinarie medlemskapet, men kan tecknas genom samarbetspartners till ett rabatterat pris.<\/p>\n<h4>Tj\u00e4nstepension<\/h4>\n<p>Vissa fack l\u00e5ter egenf\u00f6retagare med aktiebolag, handelsbolag eller annan juridisk bolagsform teckna h\u00e4ngavtal om tj\u00e4nstepension via ITP . Att se \u00f6ver pensionen \u00e4r n\u00e5got som m\u00e5nga sm\u00e5f\u00f6retagare missar och risker d\u00e4rf\u00f6r att f\u00e5 en fattig \u00e5lderdom.<\/p>\n<h3>A-kassa<\/h3>\n<p>Om du inte v\u00e4ljer att ansluta dig till facket b\u00f6r du i varje fall \u00f6verv\u00e4ga att ansluta dig till en arbetsl\u00f6shetskassa. Idag \u00e4r omkring 70% av arbetskraften i Sverige med i en a-kassa, den gemensamma arbetsl\u00f6shetsf\u00f6rs\u00e4kringen t\u00e4cker m\u00e5nadsl\u00f6ner upp till 25 025 kronor. Kostnaden f\u00f6r a-kassemedlemskap \u00e4r inte speciellt stor och varierar mellan 108-155 kr per m\u00e5nad beroende p\u00e5 arbetsl\u00f6shetskassa.<\/p>\n<p>Viktigt att k\u00e4nna till \u00e4r att det st\u00e4lls s\u00e4rskilda krav p\u00e5 egenf\u00f6retagare f\u00f6r att f\u00e5 ers\u00e4ttning via a-kassan. Ut\u00f6ver arbetskravet och kvalifikationstiden p\u00e5 12 m\u00e5nader som g\u00e4ller f\u00f6r alla a-kassemedlemmar \u00e4r grundregeln \u00e4ven att f\u00f6retagare inte kan kombinera arbetsl\u00f6shetsers\u00e4ttning med egen verksamhet. I praktiken inneb\u00e4r det oftast att f\u00f6retag m\u00e5ste avyttras\/l\u00e4ggas ner f\u00f6r att man skall kunna erh\u00e5lla n\u00e5gon arbetsl\u00f6shetsers\u00e4ttning. I specialfall kan det vara m\u00f6jligt att l\u00e4gga firman\/aktiebolaget som vilande, men utg\u00e5ngspunkten \u00e4r att alla m\u00f6jligheter att driva f\u00f6retaget vidare skall vara borta.<\/p>\n","protected":false},"excerpt":{"rendered":"<p>I tider d\u00e5 det talas mycket om en annalkande l\u00e5gkonjunktur, \u00e4r det l\u00e4tt att stirra sig blind p\u00e5 kommande framtida potentiella ekonomiska risker och d\u00e4rmed begr\u00e4nsa f\u00f6retagsverksamheten i on\u00f6dan. Samtidigt &#8230;<\/p>\n","protected":false},"author":1,"featured_media":0,"parent":0,"menu_order":0,"comment_status":"closed","ping_status":"closed","template":"","meta":{"footnotes":""},"class_list":["post-1901","page","type-page","status-publish","hentry"],"_links":{"self":[{"href":"https:\/\/firmalan.com\/sv\/wp-json\/wp\/v2\/pages\/1901","targetHints":{"allow":["GET"]}}],"collection":[{"href":"https:\/\/firmalan.com\/sv\/wp-json\/wp\/v2\/pages"}],"about":[{"href":"https:\/\/firmalan.com\/sv\/wp-json\/wp\/v2\/types\/page"}],"author":[{"embeddable":true,"href":"https:\/\/firmalan.com\/sv\/wp-json\/wp\/v2\/users\/1"}],"replies":[{"embeddable":true,"href":"https:\/\/firmalan.com\/sv\/wp-json\/wp\/v2\/comments?post=1901"}],"version-history":[{"count":1,"href":"https:\/\/firmalan.com\/sv\/wp-json\/wp\/v2\/pages\/1901\/revisions"}],"predecessor-version":[{"id":1902,"href":"https:\/\/firmalan.com\/sv\/wp-json\/wp\/v2\/pages\/1901\/revisions\/1902"}],"wp:attachment":[{"href":"https:\/\/firmalan.com\/sv\/wp-json\/wp\/v2\/media?parent=1901"}],"curies":[{"name":"wp","href":"https:\/\/api.w.org\/{rel}","templated":true}]}}