{"id":186,"date":"2018-01-13T17:23:00","date_gmt":"2018-01-13T16:23:00","guid":{"rendered":"https:\/\/firmalan.com\/sv\/?page_id=186"},"modified":"2019-02-05T13:35:38","modified_gmt":"2019-02-05T12:35:38","slug":"kreditborsen","status":"publish","type":"page","link":"https:\/\/firmalan.com\/sv\/lana-pengar\/kreditborsen\/","title":{"rendered":"Untie (fd Kreditb\u00f6rsen) P2P-l\u00e5n"},"content":{"rendered":"<div class=\"section-content\">\n<div class=\"row\">\n<div class=\"feature-item col-lg-6 col-sm-6 wow slideInUp\">\n<div class=\"feature-media\"><img decoding=\"async\" src=\"https:\/\/firmalan.com\/sv\/wp-content\/uploads\/2019\/01\/unite.jpg\" \/><\/div>\n<\/div>\n<div class=\"feature-item col-lg-6 col-sm-6 wow slideInUp\">\n<p>Den 2019-01-28 bytte Kreditb\u00f6rsen namn till Unite men forts\u00e4tter att vara samma svenska l\u00e5nef\u00f6rmedlare som hj\u00e4lper till att para ihop intresserade investerare med f\u00f6retag i behov av pengar. Unite peer-to-peer (P2P-l\u00e5n) g\u00f6r det m\u00f6jligt att l\u00e5na pengar till en individuell r\u00e4nta p\u00e5 fr\u00e5n 8% per \u00e5r.<\/p>\n<p><span style=\"color: #f4f4f4;\"><strong><a class=\"btn btn-theme-primary btn-lg\" style=\"color: #f4f4f4;\" title=\"\u27a4 Untie f\u00f6retag- l\u00e5n\" href=\"https:\/\/firmalan.com\/sv\/go\/kreditborsen\/\" target=\"_blank\" rel=\"nofollow noopener noreferrer\">\u27a4 G\u00e5 Till Unite<\/a><\/strong><\/span><\/p>\n<\/div>\n<\/div>\n<\/div>\n<div class=\"section-color\">\n<div class=\"row\">\n<div class=\"feature-item col-lg-6 col-sm-6 wow slideInUp\">\n<p class=\"kapitel\">F\u00f6retagskrediten<\/p>\n<ul id=\"navlist\">\n<li>Belopp: 30 000 &#8211; 250 000 kr<\/li>\n<li>L\u00f6ptid: 1-36 m\u00e5n<\/li>\n<li>Fr\u00e5n 8% r\u00e4nta per \u00e5r<\/li>\n<\/ul>\n<\/div>\n<div class=\"feature-item col-lg-6 col-sm-6 wow slideInUp\">\n<p class=\"kapitel\">Ans\u00f6kan<\/p>\n<ul id=\"navlist\">\n<li>Snabb och s\u00e4ker ans\u00f6kan med BankID<\/li>\n<li>Utbetalning sker normalt samma dag som godk\u00e4nnande<\/li>\n<\/ul>\n<\/div>\n<\/div>\n<\/div>\n<p><span style=\"color: #00529c; font-size: 16pt;\">Villkor:<\/span><\/p>\n<table>\n<tbody>\n<tr>\n<td bgcolor=\"#000\"><span style=\"color: #ffffff;\">R\u00e4nta<\/span><\/td>\n<td>Fast individuell r\u00e4nta fr\u00e5n 8%\/\u00e5r<\/td>\n<\/tr>\n<tr>\n<td bgcolor=\"#000\"><span style=\"color: #ffffff;\">Uppl\u00e4ggningsavgift<\/span><\/td>\n<td>Inga dolda avgifter.<\/td>\n<\/tr>\n<tr>\n<td bgcolor=\"#000\"><span style=\"color: #ffffff;\">Administrationsavgift <\/span><\/td>\n<td>100 kr\/m\u00e5n.<\/td>\n<\/tr>\n<tr>\n<td bgcolor=\"#000\"><span style=\"color: #ffffff;\">Borgens\u00e5tagande<\/span><\/td>\n<td>Inget krav p\u00e5 personlig borgen finns, men chanserna till f\u00f6retagsl\u00e5n f\u00f6rb\u00e4ttras genom borgens\u00e5tagande.<\/td>\n<\/tr>\n<tr>\n<td bgcolor=\"#000\"><span style=\"color: #ffffff;\">F\u00f6rtidsinl\u00f6sen<\/span><\/td>\n<td>Kan g\u00f6ras n\u00e4r som helst, dock blir totalkostnaden densamma.<\/td>\n<\/tr>\n<tr>\n<td bgcolor=\"#000\"><span style=\"color: #ffffff;\">Betalningsanm\u00e4rkning<\/span><\/td>\n<td>Varken bolaget eller n\u00e5gon \u00e4gare till f\u00f6retaget f\u00e5r ha betalningsanm\u00e4rkning.<\/td>\n<\/tr>\n<\/tbody>\n<\/table>\n<p><span style=\"color: #00529c; font-size: 16pt;\">Krav p\u00e5 f\u00f6retag som s\u00f6ker:<\/span><\/p>\n<table>\n<tbody>\n<tr>\n<td bgcolor=\"#000\"><span style=\"color: #ffffff;\">Oms\u00e4ttning<\/span><\/td>\n<td>Uppgift saknas.<\/td>\n<\/tr>\n<tr>\n<td bgcolor=\"#000\"><span style=\"color: #ffffff;\">Historik<\/span><\/td>\n<td>F\u00f6retaget har god kreditv\u00e4rdighet.<\/td>\n<\/tr>\n<tr>\n<td bgcolor=\"#000\"><span style=\"color: #ffffff;\">\u00c4garskap<\/span><\/td>\n<td>Alla \u00e4gare \u00e5terfinns i Sverige.<\/td>\n<\/tr>\n<tr>\n<td bgcolor=\"#000\"><span style=\"color: #ffffff;\">F\u00f6retagsadress<\/span><\/td>\n<td>Alla svenska aktiebolag och enskilda firmor .<\/td>\n<\/tr>\n<\/tbody>\n<\/table>\n<p><span style=\"color: #00529c; font-size: 16pt;\">F\u00f6ljande information\/dokumentation beh\u00f6vs:<\/span><\/p>\n<ul>\n<li style=\"list-style-type: none;\">\n<ul>\n<li>Du skall ha namnteckningsr\u00e4tt i f\u00f6retaget ensam eller tillsammans annan person<\/li>\n<li>Tillg\u00e5ng till BankID eller mobilt BankID<\/li>\n<li>F\u00f6retagets faktureringsuppgifter samt bankkontonummer<\/li>\n<li>Personnummer, befattning,telefonnummer, postnummer och e-post.<\/li>\n<\/ul>\n<\/li>\n<\/ul>\n<hr \/>\n<p>Det finns ett stort intresse bland investerare och privatpersoner att placera pengar i olika f\u00f6retagsverksamheter, samtidigt \u00e4r inte alla villiga att k\u00f6pa aktier eller andra v\u00e4rdepapper p\u00e5 b\u00f6rsen. P2P-l\u00e5n \u00e4r d\u00e5 ett bra alternativ f\u00f6r som inte bara ger investerare en unik m\u00f6jlighet till bra avkastning p\u00e5 kapital, utan ocks\u00e5 g\u00f6r det m\u00f6jligt f\u00f6r sm\u00e5 och medelstora f\u00f6retag att f\u00e5 in likvida medel till verksamheten.<\/p>\n<p>Ta f\u00f6retagsl\u00e5n p\u00e5 upp till 250.000 kr med en nominell r\u00e4nta p\u00e5 fr\u00e5n 8% per \u00e5r, d\u00e4r r\u00e4ntan \u00e4r avdragsgill. Exakt hur mycket du f\u00e5r l\u00e5na beror p\u00e5 betalningsf\u00f6rm\u00e5gan som bland annat grundas p\u00e5 data fr\u00e5n kreditupplysningen hos Bisnode. L\u00e5neavtalet uppr\u00e4ttas direkt p\u00e5 internet, d\u00e4r b\u00e5de registrering och ans\u00f6kan sker snabbt och enkelt med hj\u00e4lp av BankID.<\/p>\n<p>Till skillnad fr\u00e5n de flesta andra f\u00f6retagsl\u00e5n utan s\u00e4kerhet \u00e4r borgens\u00e5tagande inte ett absolut krav hos Kreditb\u00f6rsen, dock \u00f6kar er chans till l\u00e5n med personlig borgen. B\u00e5de nystartade och v\u00e4letablerade aktiebolag och enskilda firmor kan s\u00f6ka f\u00f6retagskredit genom Untie. Dock m\u00e5ste f\u00f6retaget ha en v\u00e4lordnad ekonomi och inga betalningsanm\u00e4rkningar f\u00e5r f\u00f6rekomma inom verksamheten eller hos \u00e4garna.<\/p>\n<p>Utbetalning sker normalt samma dag som l\u00e5net blir godk\u00e4nt, d\u00e4refter betalas l\u00e5nebeloppet ut via Autogiro. Den l\u00e4ngsta m\u00f6jliga \u00e5terbetalningstiden \u00e4r 3 \u00e5r. Vid f\u00f6rsenad betalning tillkommer en f\u00f6rseningsavgift om 60 kr. Samtliga<br \/>\nl\u00e5n hos Untie \u00e4r annuitetsl\u00e5n, vilket inneb\u00e4r att du betalar lika mycket varje m\u00e5nad.<\/p>\n<h4>\u00d6PPETTIDER KUNDTJ\u00c4NST:<\/h4>\n<table class=\"table table-striped\" border=\"0\">\n<tbody>\n<tr>\n<td valign=\"top\" width=\"150\">M\u00e5ndag \u2013 Fredagar<\/td>\n<td valign=\"top\" width=\"100\">Uppgift saknas<\/td>\n<\/tr>\n<tr>\n<td valign=\"top\" width=\"150\">Helg<\/td>\n<td valign=\"top\" width=\"100\">St\u00e4ngt<\/td>\n<\/tr>\n<\/tbody>\n<\/table>\n<blockquote><p>Telefon: 08-145556<br \/>\nE-mail: <a href=\"mailto:info@kreditborsen.com\">info@kreditborsen.com<\/a><\/p><\/blockquote>\n<p>Untie Group AB<\/p>\n<h4>ADRESS:<\/h4>\n<p>S:TA HELENAGATAN 8<br \/>\n541 30 Sk\u00f6vde<br \/>\nOrg. nr: 556693-8907<\/p>\n","protected":false},"excerpt":{"rendered":"<p>Den 2019-01-28 bytte Kreditb\u00f6rsen namn till Unite men forts\u00e4tter att vara samma svenska l\u00e5nef\u00f6rmedlare som hj\u00e4lper till att para ihop intresserade investerare med f\u00f6retag i behov av pengar. Unite peer-to-peer &#8230;<\/p>\n","protected":false},"author":1,"featured_media":1107,"parent":164,"menu_order":51,"comment_status":"open","ping_status":"closed","template":"template-fullwidth.php","meta":{"footnotes":""},"class_list":["post-186","page","type-page","status-publish","has-post-thumbnail","hentry"],"_links":{"self":[{"href":"https:\/\/firmalan.com\/sv\/wp-json\/wp\/v2\/pages\/186","targetHints":{"allow":["GET"]}}],"collection":[{"href":"https:\/\/firmalan.com\/sv\/wp-json\/wp\/v2\/pages"}],"about":[{"href":"https:\/\/firmalan.com\/sv\/wp-json\/wp\/v2\/types\/page"}],"author":[{"embeddable":true,"href":"https:\/\/firmalan.com\/sv\/wp-json\/wp\/v2\/users\/1"}],"replies":[{"embeddable":true,"href":"https:\/\/firmalan.com\/sv\/wp-json\/wp\/v2\/comments?post=186"}],"version-history":[{"count":9,"href":"https:\/\/firmalan.com\/sv\/wp-json\/wp\/v2\/pages\/186\/revisions"}],"predecessor-version":[{"id":189,"href":"https:\/\/firmalan.com\/sv\/wp-json\/wp\/v2\/pages\/186\/revisions\/189"}],"up":[{"embeddable":true,"href":"https:\/\/firmalan.com\/sv\/wp-json\/wp\/v2\/pages\/164"}],"wp:featuredmedia":[{"embeddable":true,"href":"https:\/\/firmalan.com\/sv\/wp-json\/wp\/v2\/media\/1107"}],"wp:attachment":[{"href":"https:\/\/firmalan.com\/sv\/wp-json\/wp\/v2\/media?parent=186"}],"curies":[{"name":"wp","href":"https:\/\/api.w.org\/{rel}","templated":true}]}}