{"id":1839,"date":"2019-09-21T22:07:01","date_gmt":"2019-09-21T20:07:01","guid":{"rendered":"https:\/\/firmalan.com\/sv\/?page_id=1839"},"modified":"2026-04-15T10:14:10","modified_gmt":"2026-04-15T08:14:10","slug":"foretagsabonnemang","status":"publish","type":"page","link":"https:\/\/firmalan.com\/sv\/foretagsabonnemang\/","title":{"rendered":"F\u00f6retagsabonnemang"},"content":{"rendered":"<p>Det finns idag ett relativt stort antal operat\u00f6rer som alla erbjuder f\u00f6retagsabonnemang. Bland annat s\u00e5 kan tj\u00e4nsterna och priserna variera beroende p\u00e5 hur m\u00e5nga som jobbar inom verksamheten. Till att b\u00f6rja med \u00e4r det viktigt att ha klart f\u00f6r sig hur telefoner och internet kommer att anv\u00e4ndas inom firman. Alla f\u00f6retag \u00e4r ju inte likadant upplagda.<\/p>\n<h3>B\u00e4ttre med privat eller f\u00f6retagsabonnemang?<\/h3>\n<p>Det kan verka som att det blir billigare att teckna ett privat abonnemang och eventuellt f\u00f6ra upp det som en utgift. Fast med de billigare operat\u00f6rerna s\u00e5 har det blivit j\u00e4mnare. Skillnaden kan ocks\u00e5 bli stor om det uppst\u00e5r problem. F\u00f6r med ett f\u00f6retagsabonnemang kan du ofta f\u00e5 ut ers\u00e4ttning f\u00f6r bortfall av inkomst. Om n\u00e4tet inte fungerar och det p\u00e5verkar dina aff\u00e4rer s\u00e5 har du vissa r\u00e4ttigheter. Dessa g\u00e4ller naturligtvis inte om abonnemanget var privat.<\/p>\n<p>En annan f\u00f6rdel med att skilja p\u00e5 det privata abonnemanget och f\u00f6retagets \u00e4r att du slipper bli kontaktad p\u00e5 din fritid. Genom att ha ett nummer som bara anv\u00e4nds f\u00f6r aff\u00e4rerna s\u00e5 kan du l\u00e4ttare skilja p\u00e5 de olika delarna av ditt liv. F\u00f6r mindre f\u00f6retag kan det ocks\u00e5 ge ett mer professionellt intryck om du har separata nummer.<\/p>\n<h3>Avdrag f\u00f6r mobiltelefon och samtalskostnader<\/h3>\n<p>Det \u00e4r viktigt att ha klart f\u00f6r sig vilka avdrag du kan g\u00f6ra n\u00e4r du har ett privat- eller f\u00f6retagsabonnemang. Samtalskostnaderna, samt abonnemangsavgiften, faller under rubriken r\u00f6relsekostnader, och \u00e4r d\u00e4rmed avdragsgilla. Det \u00e4r samma sak som f\u00f6r de fasta telefonerna. Men du m\u00e5ste vara p\u00e5 det klara med att privat bruk av utrustningen kan medf\u00f6ra skatteplikt. Detta \u00e4r n\u00e5got som du b\u00f6r ta upp med din revisor eftersom det finns flera undantag och skyldigheter.<\/p>\n<p>F\u00f6r att kunna anv\u00e4nda en mobiltelefon f\u00f6r privat bruk \u00e4r det b\u00e4st att ha ett kontrakt med fasta priser. Du kan ringa s\u00e5 mycket du vill f\u00f6r en viss summa, oavsett f\u00f6r vilket syfte. \u00c5terigen kan du dock vara skattepliktig, beroende p\u00e5 hur och var telefonen anv\u00e4nds. Helt klart m\u00e5ste det finnas ett behov av abonnemanget inom f\u00f6retaget.<\/p>\n<p>Om en anst\u00e4lld vill anv\u00e4nda sin privata telefon f\u00f6r att jobba s\u00e5 blir det lite mer komplicerat. D\u00e5 kr\u00e4vs det underlag f\u00f6r alla de samtal som har med f\u00f6retaget att g\u00f6ra. Sedan ska dessa kompenseras och beskattas. Ifall det l\u00e4ggs som en l\u00f6nef\u00f6rm\u00e5n s\u00e5 tillkommer arbetsgivaravgift och andra utgifter. D\u00e4rf\u00f6r f\u00f6redrar m\u00e5nga f\u00f6retag att sj\u00e4lva ta hand om abonnemangen.<\/p>\n","protected":false},"excerpt":{"rendered":"<p>Det finns idag ett relativt stort antal operat\u00f6rer som alla erbjuder f\u00f6retagsabonnemang. Bland annat s\u00e5 kan tj\u00e4nsterna och priserna variera beroende p\u00e5 hur m\u00e5nga som jobbar inom verksamheten. Till att &#8230;<\/p>\n","protected":false},"author":1,"featured_media":0,"parent":0,"menu_order":0,"comment_status":"closed","ping_status":"closed","template":"","meta":{"footnotes":""},"class_list":["post-1839","page","type-page","status-publish","hentry"],"_links":{"self":[{"href":"https:\/\/firmalan.com\/sv\/wp-json\/wp\/v2\/pages\/1839","targetHints":{"allow":["GET"]}}],"collection":[{"href":"https:\/\/firmalan.com\/sv\/wp-json\/wp\/v2\/pages"}],"about":[{"href":"https:\/\/firmalan.com\/sv\/wp-json\/wp\/v2\/types\/page"}],"author":[{"embeddable":true,"href":"https:\/\/firmalan.com\/sv\/wp-json\/wp\/v2\/users\/1"}],"replies":[{"embeddable":true,"href":"https:\/\/firmalan.com\/sv\/wp-json\/wp\/v2\/comments?post=1839"}],"version-history":[{"count":4,"href":"https:\/\/firmalan.com\/sv\/wp-json\/wp\/v2\/pages\/1839\/revisions"}],"predecessor-version":[{"id":2464,"href":"https:\/\/firmalan.com\/sv\/wp-json\/wp\/v2\/pages\/1839\/revisions\/2464"}],"wp:attachment":[{"href":"https:\/\/firmalan.com\/sv\/wp-json\/wp\/v2\/media?parent=1839"}],"curies":[{"name":"wp","href":"https:\/\/api.w.org\/{rel}","templated":true}]}}