{"id":182,"date":"2017-05-08T09:44:39","date_gmt":"2017-05-08T09:44:39","guid":{"rendered":"https:\/\/firmalan.com\/sv\/?page_id=182"},"modified":"2025-07-08T10:28:50","modified_gmt":"2025-07-08T08:28:50","slug":"vad-innebar-personlig-borgen","status":"publish","type":"page","link":"https:\/\/firmalan.com\/sv\/vad-innebar-personlig-borgen\/","title":{"rendered":"Vad inneb\u00e4r personlig borgen?"},"content":{"rendered":"<p>De flesta ekonomiska avtal och transaktioner kr\u00e4ver s\u00e4rskilda garantier. Bankerna \u00e4r restriktiva med att till\u00e5ta f\u00f6retagsl\u00e5n d\u00e4r en egendom eller tillg\u00e5ng utg\u00f6r s\u00e4kerhet f\u00f6r avtalet, endast mycket stora bolag har m\u00f6jlighet att l\u00e5na pengar utan personlig borgen. De flesta f\u00f6retagskrediterna som f\u00f6rmedlas \u00e4r l\u00e5n utan krav eller koppling till en specifik tillg\u00e5ng, egendom eller pant, ist\u00e4llet kr\u00e4ver dessa ett borgens\u00e5tagande.<\/p>\n<h2>S\u00e5 fungerar borgens\u00e5tagande<\/h2>\n<p>Generellt inneb\u00e4r borgen att en fysisk eller juridisk person \u00e5tar sig ekonomiskt ansvar f\u00f6r n\u00e5gon annan, f\u00f6retagsl\u00e5n med borgen inneb\u00e4r att en eller flera bolagsm\u00e4n tar p\u00e5 sig ett personligt ansvar att fullg\u00f6ra avtalet. I praktiken inneb\u00e4r det att dessa personer tar \u00f6ver skulden till kreditinstitutet fr\u00e5n f\u00f6retagsl\u00e5net om \u00e5terbetalningen inte sker i enlighet med avtalet.<\/p>\n<p>Ur ett renodlat juridisk perspektiv kan vem som helst g\u00e5 i personlig borgen f\u00f6r f\u00f6retagsl\u00e5n, men en del kreditinstitut kr\u00e4ver att \u00e5tagandet g\u00f6rs av n\u00e5gon verksam inom bolaget, vanligtvis en \u00e4gare eller framtr\u00e4dande styrelsemedlem.<\/p>\n<h2>F\u00f6retagsl\u00e5n med flera meds\u00f6kande<\/h2>\n<p>Stora l\u00e5nebelopp inneb\u00e4r \u00f6kad risk f\u00f6r l\u00e5ngivaren d\u00e4rf\u00f6r \u00e4r det inte ovanligt att man kr\u00e4ver flera borgensm\u00e4n f\u00f6r f\u00f6retagsl\u00e5n som \u00f6verstiger omkring 200.000-250.000 kr. Principen \u00e4r densamma som n\u00e4r tv\u00e5 privatpersoner tar blancol\u00e5n gemensamt, b\u00e5da ansvarar d\u00e5 personligen fullt ut f\u00f6r att hela l\u00e5net \u00e5terbetalas.<\/p>\n<h2>Krav p\u00e5 borgensman<\/h2>\n<p>N\u00e4r kreditbolagen bed\u00f6mer l\u00e4mpligheten hos borgensm\u00e4n ser man till vilka ekonomiska och personliga f\u00f6ruts\u00e4ttningar den enskilda individen har. Exakt hur man v\u00e4rderar f\u00f6rm\u00e5gan hos en borgensman kan variera mellan olika l\u00e5ngivare men f\u00f6ljande grundkrav p\u00e5 borgensm\u00e4n till\u00e4mpas i de flesta fall:<\/p>\n<ul>\n<li>Krav p\u00e5 svenskt medborgarskap.<\/li>\n<li>Krav p\u00e5 ordnad ekonomi.*<\/li>\n<li>Inga betalningsanm\u00e4rkningar f\u00e5r f\u00f6rekomma.<\/li>\n<\/ul>\n<p><em>*I samband med ans\u00f6kan g\u00f6rs en kreditpr\u00f6vning f\u00f6r att bed\u00f6ma aktuell \u00e5terbetalningsf\u00f6rm\u00e5ga.<\/em><\/p>\n\n\n<h2 class=\"wp-block-heading\">Att g\u00e5 i borgen f\u00f6r sina barn<\/h2>\n\n\n\n<p>Att g\u00e5 i <a href=\"https:\/\/lanutanuc.se\/ga-i-borgen-for-sina-barn\/\" data-type=\"link\" data-id=\"https:\/\/lanutanuc.se\/ga-i-borgen-for-sina-barn\/\" target=\"_blank\" rel=\"noreferrer noopener\">personlig borgen f\u00f6r sitt barn<\/a> inneb\u00e4r att du tar juridiskt och ekonomiskt ansvar f\u00f6r barnets l\u00e5n om hen inte sj\u00e4lv kan betala. Det \u00e4r vanligt vid till exempel bol\u00e5n, studiel\u00e5n eller n\u00e4r barnet startar f\u00f6retag. Du blir inte medl\u00e5ntagare, men kan \u00e4nd\u00e5 kr\u00e4vas p\u00e5 hela skulden direkt, s\u00e4rskilt om det r\u00f6r sig om en proprieborgen.<\/p>\n\n\n\n<h3 class=\"wp-block-heading\">Risker med personlig borgen f\u00f6r sitt barn till skillnad mot f\u00f6retaget<\/h3>\n\n\n\n<p>Att g\u00e5 i borgen f\u00f6r sitt barn kan k\u00e4nnas naturligt, men det medf\u00f6r betydande ekonomiska och juridiska risker. Till skillnad fr\u00e5n borgen i f\u00f6retagssammanhang \u2013 d\u00e4r ansvar ofta delas mellan flera \u2013 \u00e4r du som f\u00f6r\u00e4lder ofta ensam borgensman. Om barnet inte kan betala, kan du kr\u00e4vas p\u00e5 hela skulden direkt, vilket kan p\u00e5verka din privatekonomi, kreditv\u00e4rdighet och m\u00f6jligheten att ta egna l\u00e5n.<\/p>\n\n\n\n<p><\/p>\n","protected":false},"excerpt":{"rendered":"<p>De flesta ekonomiska avtal och transaktioner kr\u00e4ver s\u00e4rskilda garantier. Bankerna \u00e4r restriktiva med att till\u00e5ta f\u00f6retagsl\u00e5n d\u00e4r en egendom eller tillg\u00e5ng utg\u00f6r s\u00e4kerhet f\u00f6r avtalet, endast mycket stora bolag har &#8230;<\/p>\n","protected":false},"author":1,"featured_media":0,"parent":0,"menu_order":0,"comment_status":"open","ping_status":"closed","template":"","meta":{"footnotes":""},"class_list":["post-182","page","type-page","status-publish","hentry"],"_links":{"self":[{"href":"https:\/\/firmalan.com\/sv\/wp-json\/wp\/v2\/pages\/182","targetHints":{"allow":["GET"]}}],"collection":[{"href":"https:\/\/firmalan.com\/sv\/wp-json\/wp\/v2\/pages"}],"about":[{"href":"https:\/\/firmalan.com\/sv\/wp-json\/wp\/v2\/types\/page"}],"author":[{"embeddable":true,"href":"https:\/\/firmalan.com\/sv\/wp-json\/wp\/v2\/users\/1"}],"replies":[{"embeddable":true,"href":"https:\/\/firmalan.com\/sv\/wp-json\/wp\/v2\/comments?post=182"}],"version-history":[{"count":3,"href":"https:\/\/firmalan.com\/sv\/wp-json\/wp\/v2\/pages\/182\/revisions"}],"predecessor-version":[{"id":2463,"href":"https:\/\/firmalan.com\/sv\/wp-json\/wp\/v2\/pages\/182\/revisions\/2463"}],"wp:attachment":[{"href":"https:\/\/firmalan.com\/sv\/wp-json\/wp\/v2\/media?parent=182"}],"curies":[{"name":"wp","href":"https:\/\/api.w.org\/{rel}","templated":true}]}}