{"id":1800,"date":"2019-09-19T18:32:28","date_gmt":"2019-09-19T16:32:28","guid":{"rendered":"https:\/\/firmalan.com\/sv\/?page_id=1800"},"modified":"2019-09-19T18:33:58","modified_gmt":"2019-09-19T16:33:58","slug":"creditsafe","status":"publish","type":"page","link":"https:\/\/firmalan.com\/sv\/creditsafe\/","title":{"rendered":"Creditsafe"},"content":{"rendered":"<p>Creditsafe delar ut en rating p\u00e5 en bed\u00f6mnings\u00adskala fr\u00e5n 0 till 100, uppdelat i fem olika intervaller fr\u00e5n A (b\u00e4sta m\u00f6jliga kreditv\u00e4rdighet) till E (l\u00e4gsta rating), f\u00f6retag tilldelas betyg efter en grundlig riskbed\u00f6mning av verksamhetens olika delar (Rating &amp; Limit, Anm\u00e4rkningar &amp; skuldsaldo, \u00c5rsredovisningar, Koncernstruktur, De fem senaste \u00e5rens bokslut samt f\u00f6retr\u00e4darkontroll)<\/p>\n<hr \/>\n<h3>KreditBETYG (A-E)<\/h3>\n<p>A 71 &#8211; 100 Mycket l\u00e5g risk<\/p>\n<p>B 51 &#8211; 70 L\u00e5g risk<\/p>\n<p>C 30 &#8211; 50 Medel risk<\/p>\n<p>D 1 &#8211; 29 Mycket h\u00f6g risk<\/p>\n<p>E Ingen riskbed\u00f6mning<\/p>\n<hr \/>\n<h3>5 olika Riskniv\u00e5er<\/h3>\n<p>Creditsafe har nyligen \u00e4ndrat riskniv\u00e5erna enlig f\u00f6ljande:<\/p>\n<p>Ny riskniv\u00e5 (Tidigare ratingintervall)<\/p>\n<p>Mycket l\u00e5g risk\u00a0 &#8211; (Mycket god kreditv\u00e4rdighet)<\/p>\n<p>L\u00e5g risk &#8211; (God kreditv\u00e4rdighet)<\/p>\n<p>Medel risk &#8211; (Kreditv\u00e4rdig)<\/p>\n<p>H\u00f6g risk -(Kredit mot s\u00e4kerhet)<\/p>\n<p>Mycket h\u00f6g risk &#8211; (Kredit avr\u00e5des)<\/p>\n<hr \/>\n<h4>Negativa kreditbetyg<\/h4>\n<p>Creditsafe har \u00e4ven inf\u00f6rt negativa kreditbetyg om ingen riskbed\u00f6mning kan g\u00f6ras enligt f\u00f6ljande skala:<\/p>\n<p>-28\u00a0\u00a0\u00a0\u00a0\u00a0\u00a0\u00a0\u00a0\u00a0\u00a0\u00a0\u00a0\u00a0\u00a0\u00a0\u00a0\u00a0\u00a0\u00a0\u00a0 Brist i bokslut<\/p>\n<p>-29\u00a0\u00a0\u00a0\u00a0\u00a0\u00a0\u00a0\u00a0\u00a0\u00a0\u00a0\u00a0\u00a0\u00a0\u00a0\u00a0\u00a0\u00a0\u00a0\u00a0 Konkursans\u00f6kan<\/p>\n<p>-95\u00a0\u00a0\u00a0\u00a0\u00a0\u00a0\u00a0\u00a0\u00a0\u00a0\u00a0\u00a0\u00a0\u00a0\u00a0\u00a0\u00a0\u00a0\u00a0\u00a0 Status saknas<\/p>\n<p>-96\u00a0\u00a0\u00a0\u00a0\u00a0\u00a0\u00a0\u00a0\u00a0\u00a0\u00a0\u00a0\u00a0\u00a0\u00a0\u00a0\u00a0\u00a0\u00a0\u00a0 Registreringsdatum saknas<\/p>\n<p>-97\u00a0\u00a0\u00a0\u00a0\u00a0\u00a0\u00a0\u00a0\u00a0\u00a0\u00a0\u00a0\u00a0\u00a0\u00a0\u00a0\u00a0\u00a0\u00a0\u00a0 Ofullst\u00e4ndig data<\/p>\n","protected":false},"excerpt":{"rendered":"<p>Creditsafe delar ut en rating p\u00e5 en bed\u00f6mnings\u00adskala fr\u00e5n 0 till 100, uppdelat i fem olika intervaller fr\u00e5n A (b\u00e4sta m\u00f6jliga kreditv\u00e4rdighet) till E (l\u00e4gsta rating), f\u00f6retag tilldelas betyg efter &#8230;<\/p>\n","protected":false},"author":1,"featured_media":0,"parent":0,"menu_order":0,"comment_status":"closed","ping_status":"closed","template":"","meta":{"footnotes":""},"class_list":["post-1800","page","type-page","status-publish","hentry"],"_links":{"self":[{"href":"https:\/\/firmalan.com\/sv\/wp-json\/wp\/v2\/pages\/1800","targetHints":{"allow":["GET"]}}],"collection":[{"href":"https:\/\/firmalan.com\/sv\/wp-json\/wp\/v2\/pages"}],"about":[{"href":"https:\/\/firmalan.com\/sv\/wp-json\/wp\/v2\/types\/page"}],"author":[{"embeddable":true,"href":"https:\/\/firmalan.com\/sv\/wp-json\/wp\/v2\/users\/1"}],"replies":[{"embeddable":true,"href":"https:\/\/firmalan.com\/sv\/wp-json\/wp\/v2\/comments?post=1800"}],"version-history":[{"count":2,"href":"https:\/\/firmalan.com\/sv\/wp-json\/wp\/v2\/pages\/1800\/revisions"}],"predecessor-version":[{"id":1803,"href":"https:\/\/firmalan.com\/sv\/wp-json\/wp\/v2\/pages\/1800\/revisions\/1803"}],"wp:attachment":[{"href":"https:\/\/firmalan.com\/sv\/wp-json\/wp\/v2\/media?parent=1800"}],"curies":[{"name":"wp","href":"https:\/\/api.w.org\/{rel}","templated":true}]}}