{"id":1797,"date":"2019-09-19T18:29:26","date_gmt":"2019-09-19T16:29:26","guid":{"rendered":"https:\/\/firmalan.com\/sv\/?page_id=1797"},"modified":"2020-11-28T22:44:23","modified_gmt":"2020-11-28T21:44:23","slug":"uc","status":"publish","type":"page","link":"https:\/\/firmalan.com\/sv\/uc\/","title":{"rendered":"Upplysningscentralen"},"content":{"rendered":"<p>Upplysningscentralen, vanligen f\u00f6rkortat UC, grundades 1977 och \u00e4r Sveriges ledande kreditupplysningsf\u00f6retag. UC bedriver sin verksamhet i flera Svenska st\u00e4der och har ett par hundra medarbetar, d\u00e4r merparten \u00e4r anst\u00e4llda vid huvudkontoret i Stockholm och resterande \u00e4r verksamma vid lokala kontor runt om i landet. Sedan juli 2018 \u00e4r UC-koncernen en del av den finl\u00e4ndska kreditupplysningskoncernen Asiakastieto Group Plc.<\/p>\n<h3>UC kreditbetyg<\/h3>\n<p>UC delar ut fem olika betyg p\u00e5 en skala fr\u00e5n 5 (b\u00e4sta m\u00f6jliga kreditv\u00e4rdighet) till 1 (l\u00e4gsta rating), som f\u00f6retag och verksamheter tilldelas efter kreditbed\u00f6mning med hj\u00e4lp av riskmodeller.&nbsp; Betygen kallas f\u00f6r UC riskklasser vilka baseras p\u00e5 en riskprognos som ber\u00e4knar vilken risk som f\u00f6religger f\u00f6r f\u00f6retag att komma p\u00e5 obest\u00e5nd inom 1 \u00e5r.<\/p>\n<p><strong>Riskklass 5<\/strong>: Mycket l\u00e5g risk (Riskprognos i %: \u2264 0,24)<\/p>\n<p><strong>Riskklass 4<\/strong>: L\u00e5g risk (Riskprognos i %: 0,25 &#8211; 0,74)<\/p>\n<p><strong>Riskklass 3<\/strong>: Normal risk (Riskprognos i %: 0,75 &#8211; 3,04)<\/p>\n<p><strong>Riskklass 2<\/strong>: H\u00f6g risk (Riskprognos i %: 3,05 &#8211; 8,04)<\/p>\n<p><strong>Riskklass 1<\/strong>: Mycket h\u00f6g risk (Riskprognos i %:&nbsp; \u2265 8,05)<\/p>\n\n\n\n<div style='display:none'>Adservice Comparison Feed: Could not find feed with ID \"firma001\"<\/div>\n<script>console.log('Adservice Comparison Feed: Could not find feed with ID \"firma001\"');<\/script>\n\n\n\n<p><\/p>\n","protected":false},"excerpt":{"rendered":"<p>Upplysningscentralen, vanligen f\u00f6rkortat UC, grundades 1977 och \u00e4r Sveriges ledande kreditupplysningsf\u00f6retag. UC bedriver sin verksamhet i flera Svenska st\u00e4der och har ett par hundra medarbetar, d\u00e4r merparten \u00e4r anst\u00e4llda vid &#8230;<\/p>\n","protected":false},"author":1,"featured_media":0,"parent":0,"menu_order":0,"comment_status":"closed","ping_status":"closed","template":"","meta":{"footnotes":""},"class_list":["post-1797","page","type-page","status-publish","hentry"],"_links":{"self":[{"href":"https:\/\/firmalan.com\/sv\/wp-json\/wp\/v2\/pages\/1797","targetHints":{"allow":["GET"]}}],"collection":[{"href":"https:\/\/firmalan.com\/sv\/wp-json\/wp\/v2\/pages"}],"about":[{"href":"https:\/\/firmalan.com\/sv\/wp-json\/wp\/v2\/types\/page"}],"author":[{"embeddable":true,"href":"https:\/\/firmalan.com\/sv\/wp-json\/wp\/v2\/users\/1"}],"replies":[{"embeddable":true,"href":"https:\/\/firmalan.com\/sv\/wp-json\/wp\/v2\/comments?post=1797"}],"version-history":[{"count":3,"href":"https:\/\/firmalan.com\/sv\/wp-json\/wp\/v2\/pages\/1797\/revisions"}],"predecessor-version":[{"id":2410,"href":"https:\/\/firmalan.com\/sv\/wp-json\/wp\/v2\/pages\/1797\/revisions\/2410"}],"wp:attachment":[{"href":"https:\/\/firmalan.com\/sv\/wp-json\/wp\/v2\/media?parent=1797"}],"curies":[{"name":"wp","href":"https:\/\/api.w.org\/{rel}","templated":true}]}}