{"id":1794,"date":"2019-09-19T18:23:55","date_gmt":"2019-09-19T16:23:55","guid":{"rendered":"https:\/\/firmalan.com\/sv\/?page_id=1794"},"modified":"2019-09-19T18:23:55","modified_gmt":"2019-09-19T16:23:55","slug":"bisnode","status":"publish","type":"page","link":"https:\/\/firmalan.com\/sv\/bisnode\/","title":{"rendered":"Bisnode"},"content":{"rendered":"<p>1989 grundade Lars Save Bonnier Business Services som ett \u00e5r senare bytte namn till Bonnier Aff\u00e4rsinformation (BAF) n\u00e4r man p\u00e5 b\u00f6rjade arbetet med att kunna erbjuda en renodlad digital aff\u00e4rsinformationstj\u00e4nst. 2006 bytte koncernen till det nuvarande namnet Bisnode Business Information Group AB. Bisnode \u00e4r idag ett internationellt kreditupplysningsf\u00f6retag som finns p\u00e5 19 olika marknader och har totalt ca 2100 medarbetare v\u00e4rlden \u00f6ver.<\/p>\n<hr \/>\n<h3>Bisnode kreditbetyg (credit rating\/score)<\/h3>\n<p>Bisnode delar ut sex olika betyg p\u00e5 en skala fr\u00e5n AAA (b\u00e4sta m\u00f6jliga kreditv\u00e4rdighet) till C (l\u00e4gsta rating), som f\u00f6retag och verksamheter tilldelas efter en grundlig riskbed\u00f6mning.<\/p>\n<p><strong>AAA<\/strong> \u00e4r det h\u00f6gsta betyget hos Bisnode och delas endast ut till aktiebolag. Betyget ges till f\u00f6retag som visat stabilitet och resiliens \u00f6ver tid. F\u00f6r att erh\u00e5lla kreditbetyget AAA-rating skall aktiebolaget ha varit verksamt i tio \u00e5r eller mer, oms\u00e4tta minst 2 miljoner samt ha nyckeltal som presterar klart \u00f6ver branschens genomsnitt.<\/p>\n<p><strong>AA<\/strong> \u00e4r det h\u00f6gsta m\u00f6jliga kreditbetyget f\u00f6r handelsbolag och enskilda firmor och signalerar god kreditv\u00e4rdighet.<\/p>\n<p><strong>A<\/strong> betyder att f\u00f6retaget \u00e4r kreditv\u00e4rdigt.<\/p>\n<p><strong>AN<\/strong> delas ut till nystartade f\u00f6retag utan historik, men d\u00e4r ingen negativ information finns.<\/p>\n<p><strong>B<\/strong> inneb\u00e4r att det finns negativ information (exempelvis betalningsanm\u00e4rkningar eller nyckeltal under branschsnittet). Mindre krediter kan beviljas men vid st\u00f6rre aff\u00e4rer l\u00e4mnas kredit endast mot s\u00e4kerhet.<\/p>\n<p><strong>C<\/strong> betyder att f\u00f6retaget har stora problem och att kredit helt avr\u00e5des.<\/p>\n","protected":false},"excerpt":{"rendered":"<p>1989 grundade Lars Save Bonnier Business Services som ett \u00e5r senare bytte namn till Bonnier Aff\u00e4rsinformation (BAF) n\u00e4r man p\u00e5 b\u00f6rjade arbetet med att kunna erbjuda en renodlad digital aff\u00e4rsinformationstj\u00e4nst. &#8230;<\/p>\n","protected":false},"author":1,"featured_media":0,"parent":0,"menu_order":0,"comment_status":"closed","ping_status":"closed","template":"","meta":{"footnotes":""},"class_list":["post-1794","page","type-page","status-publish","hentry"],"_links":{"self":[{"href":"https:\/\/firmalan.com\/sv\/wp-json\/wp\/v2\/pages\/1794","targetHints":{"allow":["GET"]}}],"collection":[{"href":"https:\/\/firmalan.com\/sv\/wp-json\/wp\/v2\/pages"}],"about":[{"href":"https:\/\/firmalan.com\/sv\/wp-json\/wp\/v2\/types\/page"}],"author":[{"embeddable":true,"href":"https:\/\/firmalan.com\/sv\/wp-json\/wp\/v2\/users\/1"}],"replies":[{"embeddable":true,"href":"https:\/\/firmalan.com\/sv\/wp-json\/wp\/v2\/comments?post=1794"}],"version-history":[{"count":1,"href":"https:\/\/firmalan.com\/sv\/wp-json\/wp\/v2\/pages\/1794\/revisions"}],"predecessor-version":[{"id":1795,"href":"https:\/\/firmalan.com\/sv\/wp-json\/wp\/v2\/pages\/1794\/revisions\/1795"}],"wp:attachment":[{"href":"https:\/\/firmalan.com\/sv\/wp-json\/wp\/v2\/media?parent=1794"}],"curies":[{"name":"wp","href":"https:\/\/api.w.org\/{rel}","templated":true}]}}