{"id":1784,"date":"2019-09-19T17:29:49","date_gmt":"2019-09-19T15:29:49","guid":{"rendered":"https:\/\/firmalan.com\/sv\/?page_id=1784"},"modified":"2020-11-28T22:49:05","modified_gmt":"2020-11-28T21:49:05","slug":"finansiering-for-smaforetagare","status":"publish","type":"page","link":"https:\/\/firmalan.com\/sv\/finansiering-for-smaforetagare\/","title":{"rendered":"Finansiering f\u00f6r sm\u00e5f\u00f6retagare"},"content":{"rendered":"<p>N\u00e4r ett f\u00f6retag har som st\u00f6rst behov av friskt kapital utifr\u00e5n \u00e4r det paradoxal nog oftast som sv\u00e5rast att f\u00e5 l\u00e5n. Denna sanning g\u00e4ller i h\u00f6g utstr\u00e4ckning f\u00f6r sm\u00e5f\u00f6retag som vill l\u00e5na pengar till sin verksamhet och f\u00e5r nej n\u00e4r de fr\u00e5gar banken. D\u00e4rf\u00f6r \u00e4r sj\u00e4lvfinansiering d\u00e4r f\u00f6retagare anv\u00e4nder sina egna besparingar den vanligaste finansieringsformen bland sm\u00e5bolag.<\/p>\n<p>Generellt \u00e4r det sv\u00e5rt f\u00f6r sm\u00e5f\u00f6retagare att f\u00e5 finansiering, men det \u00e4r inte om\u00f6jligt. Nordiska Firmal\u00e5n har skapat en guide med alternativ f\u00f6r sm\u00e5f\u00f6retag som s\u00f6ker extern finansiering.<\/p>\n<h3>Hantera tillf\u00e4llig likviditetsbrist<\/h3>\n<p>M\u00e5nga sm\u00e5f\u00f6retagare tvingas balansera p\u00e5 en sk\u00f6r tr\u00e5d f\u00f6r att f\u00e5 verksamheten att g\u00e5 ihop ekonomiskt. I ett mindre f\u00f6retag \u00e4r risken att en tillf\u00e4llig likviditetsbrist uppst\u00e5r avsev\u00e4rt h\u00f6gre \u00e4n i v\u00e4letablerade bolag. Det egna kapitalet i mindre verksamheter belastas h\u00e5rt av sena betalningar fr\u00e5n st\u00f6rre kunder, tillf\u00e4lligt avvikande f\u00f6rs\u00e4ljningssiffror, en st\u00f6rre ov\u00e4ntad kostnad samt av naturliga s\u00e4songsvariationer. Brottfall p\u00e5 inkomstsidan likv\u00e4l som ov\u00e4ntade utgifter tenderar att skapa negativa kedjeeffekter i sm\u00e5f\u00f6retag som f\u00f6rsv\u00e5rar den dagliga driften. Finansiering som kan anv\u00e4ndas f\u00f6r att avhj\u00e4lpa tillf\u00e4lliga likviditetsbekymmer \u00e4r <a href=\"https:\/\/firmalan.com\/sv\/lana-pengar\/typ\/checkkredit\/\">checkkredit<\/a> alternativt att bel\u00e5na eller <a href=\"https:\/\/firmalan.com\/sv\/factoring\/\">s\u00e4lja obetalda fakturor<\/a>.<\/p>\n<h3>Mindre f\u00f6retagsl\u00e5n med personlig borgen<\/h3>\n<p>Det flesta sm\u00e5f\u00f6retagen \u00e4ger inte n\u00e5gra betydande fastigheter, dyrbar maskinutrustning eller andra tillg\u00e5ngar som i normalfallet skulle st\u00e4lls som s\u00e4kerhet f\u00f6r ett bankl\u00e5n. F\u00f6retagsl\u00e5n som tas upp utan s\u00e4kerhet kr\u00e4ver ist\u00e4llet i de flesta fallen att en eller flera bolagsm\u00e4n g\u00e5r i personlig borgen f\u00f6r skulden. Antalet l\u00e5ngivare som erbjuder f\u00f6retagsl\u00e5n med personlig borgensgaranti har \u00f6kat kraftigt de senaste \u00e5ren i takt med intresset f\u00f6r l\u00e5neformen blivit st\u00f6rre. &nbsp;Baksidan med dessa l\u00e5n \u00e4r att r\u00e4ntesatserna normalt ligger p\u00e5 betydligt h\u00f6gre niv\u00e5er \u00e4n annan traditionell bankfinansiering.<\/p>\n<h3>Uppstartsl\u00e5n<\/h3>\n<p><a href=\"https:\/\/firmalan.com\/sv\/lana-pengar\/marginalen-bank\/\">Marginalen Bank<\/a> tillsammans med <a href=\"https:\/\/firmalan.com\/sv\/organisation\/nyforetagarcentrum\/\">Nyf\u00f6retagarCentrum<\/a> och <a href=\"https:\/\/firmalan.com\/sv\/finansiering\/eib-eif\/\">Europeiska investeringsfonden (EIF)<\/a> erbjuder ett EU-garanterat uppstartsl\u00e5n till personer som planerar att starta eget och sm\u00e5f\u00f6retag som befinner sig i startfasen. F\u00f6r att kunna s\u00f6ka uppstartsl\u00e5net kr\u00e4vs en godk\u00e4nd aff\u00e4rsplan via Nyf\u00f6retagarCentrum och inga betalningsanm\u00e4rkningar f\u00e5r f\u00f6rekomma.<\/p>\n<h3>Finansiering f\u00f6r tillv\u00e4xt, utveckling och Investeringar<\/h3>\n<p>F\u00f6r att f\u00f6retag skall kunna forts\u00e4tta utvecklas kr\u00e4vs oftast b\u00e5de mindre och st\u00f6rre investeringar, men investeringar f\u00f6ruts\u00e4tter kapital som de flesta tillv\u00e4xtbolag inte sj\u00e4lva kan uppb\u00e5da. V\u00e4letablerade f\u00f6retag som funnits etablerade p\u00e5 marknaden l\u00e4nge kan d\u00e5 v\u00e4lja att s\u00f6ka l\u00e5n fr\u00e5n deras f\u00f6retagsbank, medan nybildade firmor och sm\u00e5f\u00f6retag i regel f\u00e5r s\u00f6ka efter alternativa utanf\u00f6r banksektorn. N\u00e5gra finansieringsm\u00f6jligheter i detta fall \u00e4r:<\/p>\n<ul>\n<li>Vinnova Innovationscheckar<\/li>\n<li>Tillv\u00e4xtverkets aff\u00e4rsutvecklingscheckar<\/li>\n<li>L\u00e5na genom Almi F\u00f6retagspartner<\/li>\n<li>EU finansiering<\/li>\n<li>Delta i t\u00e4vlingar f\u00f6r entrepren\u00f6rer aff\u00e4rsid\u00e9er som l\u00f6ser samh\u00e4llsutmaningar<\/li>\n<li>S\u00f6k kontakt med aff\u00e4rs\u00e4nglar och investerarn\u00e4tverk (skaffa investerare som har riskkapital)<\/li>\n<li>Finansiera f\u00f6retagssatsningen genom crowdfunding<\/li>\n<li>Hitta en aff\u00e4rskompanjon &#8211; ta in del\u00e4gare\/investerare<\/li>\n<\/ul>\n<p><a href=\"https:\/\/firmalan.com\/sv\/foretagsfinansiering\/\">Guide till f\u00f6retagsfinansiering<\/a><\/p>\n\n\n\n<div style='display:none'>Adservice Comparison Feed: Could not find feed with ID \"firma001\"<\/div>\n<script>console.log('Adservice Comparison Feed: Could not find feed with ID \"firma001\"');<\/script>\n","protected":false},"excerpt":{"rendered":"<p>N\u00e4r ett f\u00f6retag har som st\u00f6rst behov av friskt kapital utifr\u00e5n \u00e4r det paradoxal nog oftast som sv\u00e5rast att f\u00e5 l\u00e5n. Denna sanning g\u00e4ller i h\u00f6g utstr\u00e4ckning f\u00f6r sm\u00e5f\u00f6retag som &#8230;<\/p>\n","protected":false},"author":1,"featured_media":0,"parent":0,"menu_order":0,"comment_status":"closed","ping_status":"closed","template":"","meta":{"footnotes":""},"class_list":["post-1784","page","type-page","status-publish","hentry"],"_links":{"self":[{"href":"https:\/\/firmalan.com\/sv\/wp-json\/wp\/v2\/pages\/1784","targetHints":{"allow":["GET"]}}],"collection":[{"href":"https:\/\/firmalan.com\/sv\/wp-json\/wp\/v2\/pages"}],"about":[{"href":"https:\/\/firmalan.com\/sv\/wp-json\/wp\/v2\/types\/page"}],"author":[{"embeddable":true,"href":"https:\/\/firmalan.com\/sv\/wp-json\/wp\/v2\/users\/1"}],"replies":[{"embeddable":true,"href":"https:\/\/firmalan.com\/sv\/wp-json\/wp\/v2\/comments?post=1784"}],"version-history":[{"count":3,"href":"https:\/\/firmalan.com\/sv\/wp-json\/wp\/v2\/pages\/1784\/revisions"}],"predecessor-version":[{"id":2415,"href":"https:\/\/firmalan.com\/sv\/wp-json\/wp\/v2\/pages\/1784\/revisions\/2415"}],"wp:attachment":[{"href":"https:\/\/firmalan.com\/sv\/wp-json\/wp\/v2\/media?parent=1784"}],"curies":[{"name":"wp","href":"https:\/\/api.w.org\/{rel}","templated":true}]}}