{"id":1760,"date":"2019-09-19T10:36:51","date_gmt":"2019-09-19T08:36:51","guid":{"rendered":"https:\/\/firmalan.com\/sv\/?page_id=1760"},"modified":"2020-06-22T16:16:37","modified_gmt":"2020-06-22T14:16:37","slug":"ordlista","status":"publish","type":"page","link":"https:\/\/firmalan.com\/sv\/ordlista\/","title":{"rendered":"Finansiell ordlista"},"content":{"rendered":"<p>S\u00f6ker du en enkel definition av ett visst begrepp? Ta reda p\u00e5 inneb\u00f6rden h\u00e4r. H\u00e4r hittar du f\u00f6rklaringar till vad olika ord &amp; termer inom ekonomi betyder.<\/p>\n<div id=\"azindex\">\n<ul id=\"index\">\n<li><a href=\"#a\">A<\/a><\/li>\n<li><a href=\"#b\">B<\/a><\/li>\n<li><a href=\"#c\">C<\/a><\/li>\n<li><a href=\"#d\">D<\/a><\/li>\n<li><a href=\"#e\">E<\/a><\/li>\n<li><a href=\"#f\">F<\/a><\/li>\n<li><a href=\"#g\">G<\/a><\/li>\n<li><a href=\"#h\">H<\/a><\/li>\n<li><a href=\"#i\">I<\/a><\/li>\n<li><a href=\"#j\">J<\/a><\/li>\n<li><a href=\"#k\">K<\/a><\/li>\n<li><a href=\"#l\">L<\/a><\/li>\n<li><a href=\"#m\">M<\/a><\/li>\n<li><a href=\"#n\">N<\/a><\/li>\n<li><a href=\"#o\">O<\/a><\/li>\n<li><a href=\"#p\">P<\/a><\/li>\n<li><a href=\"#q\">Q<\/a><\/li>\n<li><a href=\"#r\">R<\/a><\/li>\n<li><a href=\"#s\">S<\/a><\/li>\n<li><a href=\"#t\">T<\/a><\/li>\n<li><a href=\"#u\">U<\/a><\/li>\n<li><a href=\"#v\">V<\/a><\/li>\n<li><a href=\"#w\">W<\/a><\/li>\n<li><a href=\"#x\">X<\/a><\/li>\n<li><a href=\"#y\">Y<\/a><\/li>\n<li><a href=\"#z\">Z<\/a><\/li>\n<li><a href=\"#\u00e5\">\u00c5<\/a><\/li>\n<li><a href=\"#\u00e4\">\u00c4<\/a><\/li>\n<li><a href=\"#\u00f6\">\u00d6<\/a><\/li>\n<\/ul>\n<\/div>\n<h5 id=\"a\">A<\/h5>\n<p id=\"affarsbank\"><strong>Aff\u00e4rsbank<\/strong> \u00e4r ett bankaktiebolag som erbjuder <em>wholesale banking<\/em> dvs. in- och utl\u00e5ning till ett brett spektrum av kunder s\u00e5 som myndigheter, st\u00f6rre f\u00f6retag, andra banker liksom till privatpersoner och sm\u00e5f\u00f6retagare.<\/p>\n<hr \/>\n<h5 id=\"b\">B<\/h5>\n<p><strong>Bankgaranti<\/strong> &#8211; I samband med uppr\u00e4ttande av avtal med en ny kund, leverant\u00f6r eller hyresv\u00e4rd kan s\u00e4rskilda f\u00f6rs\u00e4kranden kr\u00e4vas f\u00f6r att respektive part skall kunna lita p\u00e5 att ing\u00e5nget avtalet kommer att hedras. Bankgarantier, \u00e4r ett exempel p\u00e5 en s\u00e5dan s\u00e4kerhet, borgensf\u00f6rbindelse\/accessoriska bankgarantier inneb\u00e4r att banken g\u00e5r i god f\u00f6r en part i det slutna avtalet. Exempel p\u00e5 n\u00e4r en bankgaranti kan f\u00f6rekomma:<\/p>\n<ul>\n<li>Vid f\u00f6rskottsbetalning samt betalning i efterskott.<\/li>\n<li>Vid \u00e5terkommande och upprepade k\u00f6pavtal.<\/li>\n<li>Vid hyreskontrakt av lokal\/kontor.<\/li>\n<li>I samband med anbud och f\u00f6retagsk\u00f6p.<\/li>\n<\/ul>\n<hr \/>\n<h5 id=\"c\">C<\/h5>\n<hr \/>\n<h5 id=\"d\">D<\/h5>\n<p id=\"dcf-modellen\"><strong>DCF-modellen<\/strong> \u00e4r en allm\u00e4nt vedertagen avancerad metod f\u00f6r f\u00f6retagsv\u00e4rdering, som utg\u00e5r fr\u00e5n historisk ekonomisk data f\u00f6r att uppskatta och ber\u00e4kna v\u00e4rdet p\u00e5 framtida kassafl\u00f6den. DCF-v\u00e4rdering \u00e4r den vanligaste v\u00e4rderingsmodellen p\u00e5 marknaden och kan anv\u00e4ndas f\u00f6r att v\u00e4rdera de flesta sorters f\u00f6retag.<\/p>\n<p id=\"diskontering\"><strong>Diskontering<\/strong> Pengar har inget fast v\u00e4rde utan dess v\u00e4rde varierar \u00f6ver tid, d\u00e4rf\u00f6r till\u00e4mpas diskontering f\u00f6r att r\u00e4kna ut framtida tillg\u00e5ngars v\u00e4rde i f\u00f6rtid (nutid). F\u00f6retag anv\u00e4nder diskontering f\u00f6r att exempelvis ber\u00e4kna vad framtida betalningsstr\u00f6mmar har f\u00f6r v\u00e4rd idag. I detta sammanhang anv\u00e4nds ofta begreppet diskonterade kassafl\u00f6den, ett prognostiserat kassafl\u00f6de som sedan diskonterats (omr\u00e4knats) till nuv\u00e4rde.<\/p>\n<hr \/>\n<h5 id=\"e\">E<\/h5>\n<hr \/>\n<h5 id=\"f\">F<\/h5>\n<hr \/>\n<h5 id=\"g\">G<\/h5>\n<hr \/>\n<h5 id=\"h\">H<\/h5>\n<hr \/>\n<h5 id=\"i\">I<\/h5>\n<hr \/>\n<h5 id=\"j\">J<\/h5>\n<hr \/>\n<h5 id=\"k\">K<\/h5>\n<h6 id=\"kassaflode\">Kassafl\u00f6de<\/h6>\n<p>Kassafl\u00f6de avser ett f\u00f6retags samliga betalningsstr\u00f6mmar, inbetalningar och utbetalningar, under en avgr\u00e4nsad tidsperiod.<\/p>\n<p id=\"kassaflodesanalys\"><strong>Kassafl\u00f6desanalys<\/strong> fungerar p\u00e5 liknande vis som en resultatr\u00e4kning och beskriver den ekonomiska utveckling som skett under en viss period ex. bokslutsperiod. Men man m\u00e4ter olika saker, ett f\u00f6retag kan uppvisa negativt kassafl\u00f6de trots att man genererar ett positivt resultat, exempelvis om oms\u00e4ttningstillg\u00e5ngar \u00e4r uppbundna i kundfordringar.<\/p>\n<p id=\"fritt-kassaflode\"><strong>Fritt kassafl\u00f6de<\/strong> \u00e4r det som \u00e5terst\u00e5r av betalstr\u00f6mmen efter att samtliga kapitalkostnader r\u00e4knats av.<\/p>\n<p id=\"konsumentbank\"><strong>Konsumentbank<\/strong> avser en finansiell bankverksamhet vars fokus ligger p\u00e5 <em>retail banking<\/em> dvs. att erbjuda in- och utl\u00e5ning till privatkunder och sm\u00e5f\u00f6retag.<\/p>\n<hr \/>\n<h5 id=\"l\">L<\/h5>\n<hr \/>\n<h5 id=\"m\">M<\/h5>\n<hr \/>\n<h5 id=\"n\">N<\/h5>\n<p id=\"nuvarde\"><strong>Nuv\u00e4rde<\/strong> , \u00e4ven kallat kapitalv\u00e4rde anger framtida tillg\u00e5ngars v\u00e4rde idag. Nuv\u00e4rdet ber\u00e4knas genom anv\u00e4nda nuv\u00e4rdesmetoden, en till\u00e4mpning av diskontering som anv\u00e4nds f\u00f6r att fastst\u00e4lla en verksamhets l\u00f6nsamhet.<\/p>\n<hr \/>\n<h5 id=\"o\">O<\/h5>\n<hr \/>\n<h5 id=\"p\">P<\/h5>\n<hr \/>\n<h5 id=\"q\">Q<\/h5>\n<hr \/>\n<h5 id=\"r\">R<\/h5>\n<hr \/>\n<h5 id=\"s\">S<\/h5>\n<hr \/>\n<h5 id=\"t\">T<\/h5>\n<hr \/>\n<h5 id=\"u\">U<\/h5>\n<hr \/>\n<h5 id=\"v\">V<\/h5>\n<hr \/>\n<h5 id=\"w\">W<\/h5>\n<hr \/>\n<h5 id=\"x\">X<\/h5>\n<hr \/>\n<h5 id=\"y\">Y<\/h5>\n<hr \/>\n<h5 id=\"z\">Z<\/h5>\n<hr \/>\n<h5 id=\"\u00e5\">\u00c5<\/h5>\n<hr \/>\n<h5 id=\"\u00e4\">\u00c4<\/h5>\n<hr \/>\n<h5 id=\"\u00f6\">\u00d6<\/h5>\n<hr \/>\n","protected":false},"excerpt":{"rendered":"<p>S\u00f6ker du en enkel definition av ett visst begrepp? Ta reda p\u00e5 inneb\u00f6rden h\u00e4r. H\u00e4r hittar du f\u00f6rklaringar till vad olika ord &amp; termer inom ekonomi betyder. A B C &#8230;<\/p>\n","protected":false},"author":1,"featured_media":0,"parent":0,"menu_order":0,"comment_status":"closed","ping_status":"closed","template":"","meta":{"footnotes":""},"class_list":["post-1760","page","type-page","status-publish","hentry"],"_links":{"self":[{"href":"https:\/\/firmalan.com\/sv\/wp-json\/wp\/v2\/pages\/1760","targetHints":{"allow":["GET"]}}],"collection":[{"href":"https:\/\/firmalan.com\/sv\/wp-json\/wp\/v2\/pages"}],"about":[{"href":"https:\/\/firmalan.com\/sv\/wp-json\/wp\/v2\/types\/page"}],"author":[{"embeddable":true,"href":"https:\/\/firmalan.com\/sv\/wp-json\/wp\/v2\/users\/1"}],"replies":[{"embeddable":true,"href":"https:\/\/firmalan.com\/sv\/wp-json\/wp\/v2\/comments?post=1760"}],"version-history":[{"count":15,"href":"https:\/\/firmalan.com\/sv\/wp-json\/wp\/v2\/pages\/1760\/revisions"}],"predecessor-version":[{"id":2276,"href":"https:\/\/firmalan.com\/sv\/wp-json\/wp\/v2\/pages\/1760\/revisions\/2276"}],"wp:attachment":[{"href":"https:\/\/firmalan.com\/sv\/wp-json\/wp\/v2\/media?parent=1760"}],"curies":[{"name":"wp","href":"https:\/\/api.w.org\/{rel}","templated":true}]}}