{"id":1752,"date":"2019-09-18T15:52:28","date_gmt":"2019-09-18T13:52:28","guid":{"rendered":"https:\/\/firmalan.com\/sv\/?page_id=1752"},"modified":"2020-06-13T08:30:36","modified_gmt":"2020-06-13T06:30:36","slug":"likvidation","status":"publish","type":"page","link":"https:\/\/firmalan.com\/sv\/foretagsavveckling\/likvidation\/","title":{"rendered":"F\u00f6retagslikvidation"},"content":{"rendered":"<p>En likvidation inneb\u00e4r att ett bolag l\u00f6ses upp och avslutas efter det att samtliga aktiva skulder betalats och eventuellt \u00f6verskott f\u00f6rdelats mellan aktie\u00e4gare.<\/p>\n<p>Det finns tv\u00e5 former av likvidation f\u00f6rekommer; denna form av f\u00f6retagsavslut kan se som <strong>frivillig likvidation<\/strong> eller som en p\u00e5tvingad <strong>tv\u00e5ngslikvidation<\/strong>.<\/p>\n<hr \/>\n<h2>Likvidationsprocess<\/h2>\n<p>Likvidationsprocessen p\u00e5g\u00e5r i 7-8 m\u00e5nader och under denna tidsperiod skall samtliga utest\u00e5ende skulder regleras. Det \u00e4r f\u00f6rst i slutskedet av denna process som ett eventuellt \u00f6verskott delas ut till aktie\u00e4garna.<\/p>\n<hr \/>\n<h2>Frivillig likvidation<\/h2>\n<p>Att likvidera aktiebolag sj\u00e4lv \u00e4r ett s\u00e4tt att avveckla f\u00f6retaget p\u00e5 frivillig basis och p\u00e5 egen hand. Ett beslut om frivillig likvidation fattas i samband med en bolagsst\u00e4mma, f\u00f6ljande delar b\u00f6r ing\u00e5 i det f\u00f6rslag som l\u00e4ggs fram i samband med denna st\u00e4mma:<\/p>\n<ul>\n<li>Vilka sk\u00e4l som f\u00f6religger likvidationen<\/li>\n<li>F\u00f6rslag p\u00e5 n\u00e4r likvidationsprocessen skall inledas<\/li>\n<li>Ber\u00e4knad tidpunkt f\u00f6r skiftet (n\u00e4r tillg\u00e5ngar som finns kvar skiftas ut till aktie\u00e4gare)<\/li>\n<li>Ber\u00e4knat skiftesbelopp (storlek p\u00e5 de tillg\u00e5ngar som finns kvar att dela ut till aktie\u00e4gare efter att skulder reglerats)<\/li>\n<li>F\u00f6rslag p\u00e5 likvidator<\/li>\n<\/ul>\n<p>Efter beslut skall beslutet <a href=\"https:\/\/bolagsverket.se\/polopoly_fs\/1.323!\/Menu\/general\/column-content\/pdfFile\/832.pdf\">anm\u00e4las till och registreras hos Bolagsverket<\/a>. En avgift om 1100 kr f\u00f6r hantering av likvidations\u00e4rendet i aktiebolag tillkommer, f\u00f6r handelsbolag \u00e4r motsvarande avgift 800 kr. Ett beslut om frivillig likvidation kan \u00e5terkallas, f\u00f6r att \u00e5terta en likvidation kr\u00e4vs ett nytt gemensamt beslut d\u00e4r det framg\u00e5r att en majoritet av styrelsen (aktiebolag) eller bolagsm\u00e4nnen (handelsbolag) vill att processen avbryts\/upph\u00f6r.<\/p>\n<h3>Grundl\u00e4ggande krav p\u00e5 likvidator<\/h3>\n<ul>\n<li>m\u00e5ste ha fyllt 18 \u00e5r<\/li>\n<li>f\u00e5r inte vara i konkurs<\/li>\n<li>f\u00e5r inte ha n\u00e4ringsf\u00f6rbud<\/li>\n<li>f\u00e5r inte ha en f\u00f6rvaltare<\/li>\n<\/ul>\n<p>Likvidatorns arvode samt \u00f6vriga avgifter och kostnader i samband med en likvidation betalas av bolaget. Om inte tillr\u00e4ckligt kapital finns tillg\u00e4nglig f\u00f6r detta skall f\u00f6retaget f\u00f6rs\u00e4ttas i konkurs.<\/p>\n<hr \/>\n<h2>Tv\u00e5ngslikvidation<\/h2>\n<p>Om ett f\u00f6retag inte uppfyller samtliga de grundl\u00e4ggande krav som finns p\u00e5 ett aktiebolag, kan Bolagsverket eller en allm\u00e4n domstol besluta om en tv\u00e5ngslikvidation. F\u00f6ljande anledningar anger Bolagsverket som sk\u00e4l\/orsaker till tvingande likvidation:<\/p>\n<ul>\n<li>aktiebolaget inte anm\u00e4lt en beh\u00f6rig styrelse till Bolagsverket<\/li>\n<li>aktiebolaget varit skyldigt att anm\u00e4la en s\u00e4rskild delgivningsmottagare till Bolagsverket men inte gjort det<\/li>\n<li>ett publikt aktiebolag inte anm\u00e4lt en verkst\u00e4llande direkt\u00f6r till Bolagsverket<\/li>\n<li>aktiebolaget har krav p\u00e5 revisor och n\u00e5gon s\u00e5dan inte anm\u00e4lts till Bolagsverket<\/li>\n<li>aktiebolagets \u00e5rsredovisning, och n\u00e4r det kr\u00e4vs revisionsber\u00e4ttelse, inte har kommit in till Bolagsverket inom elva m\u00e5nader fr\u00e5n r\u00e4kenskaps\u00e5rets utg\u00e5ng<\/li>\n<li>aktiebolaget \u00e4r skyldigt att l\u00e4mna en koncernredovisning och koncernrevisionsber\u00e4ttelse till Bolagsverket, men inte gjort det inom elva m\u00e5nader fr\u00e5n r\u00e4kenskaps\u00e5rets utg\u00e5ng. ett aktiebolag efter byte av redovisningsvaluta till svenska kronor inte har ett registrerat aktiekapital eller minimikapital p\u00e5 minst 50 000 kronor (privata bolag) eller 500 000 kronor (publika bolag) och bolaget inte inom sex m\u00e5nader har anm\u00e4lt den \u00f6kning av aktiekapitalet som kr\u00e4vs.<\/li>\n<li>ett aktiebolag har varit tvunget att minska aktiekapitalet under 50 000 kronor (privat bolag) eller 500 000 kronor (publikt bolag) efter att avyttring av egna aktier skett.<\/li>\n<\/ul>\n<p>Bolagsverket tar ut en avgift om 2700 kr d\u00e5 likvidationsf\u00f6rel\u00e4ggandet initieras av Bolagsverket med anledning av att ett aktiebolag brister i sin kravuppfyllnad.<\/p>\n<h3>Likvidationsplikt f\u00f6r aktiebolag med kapitalbrist<\/h3>\n<p>Det \u00e4r inte till\u00e5tet att driva f\u00f6retag med negativt eget kapital. Om ett bolag misst\u00e4nks ha f\u00f6rbrukat aktiekapitalet till mer \u00e4n h\u00e4lften samt inte har m\u00f6jlighet att genomf\u00f6ra ett aktie\u00e4gartillskott, m\u00e5ste en kontrollbalansr\u00e4kning uppr\u00e4ttas. Det \u00e4r viktigt att kontrollbalansr\u00e4kning genast uppr\u00e4ttas i samband med att underskottet uppdagas. Vid en extra bolagsst\u00e4mma fattas sedan beslut om likvidation eller om f\u00f6retaget skall drivas vidare trots att kontrollbalansr\u00e4kningen visar att bolaget borde likvideras. Vid beslut om vidare drift har bolaget \u00e5tta m\u00e5nader p\u00e5 sig att \u00e5terst\u00e4lla aktiekapitalet, om likviditetsbristen best\u00e5r kommer Bolagsverket besluta om ett likvidationsf\u00f6rel\u00e4ggande som inneb\u00e4r att en tv\u00e5ngslikvidation skall genomf\u00f6ras.<\/p>\n<p>&nbsp;<\/p>\n<h4>Aktie\u00e4gartillskott<\/h4>\n<p>Eget kapital kan s\u00e4tts in f\u00f6r att r\u00e4dda ett f\u00f6retag fr\u00e5n tv\u00e5ngslikvidation. Oftast sker detta i form av ett s\u00e5 kallat villkorat aktie\u00e4gartillskott, d\u00e4r villkoren f\u00f6r n\u00e4r och hur dessa pengar skall \u00e5terbetalas framg\u00e5r. <em>Villkorade aktie\u00e4gartillskott<\/em> likst\u00e4lls vid ett slags efterst\u00e4llt l\u00e5n. Det f\u00f6rekommer \u00e4ven n\u00e5got som kallas <em>ovillkorat aktie\u00e4gartillskott<\/em>, dessa l\u00e4mnas utan krav p\u00e5 \u00e5terbetalning.<\/p>\n","protected":false},"excerpt":{"rendered":"<p>En likvidation inneb\u00e4r att ett bolag l\u00f6ses upp och avslutas efter det att samtliga aktiva skulder betalats och eventuellt \u00f6verskott f\u00f6rdelats mellan aktie\u00e4gare. Det finns tv\u00e5 former av likvidation f\u00f6rekommer; &#8230;<\/p>\n","protected":false},"author":1,"featured_media":0,"parent":110,"menu_order":0,"comment_status":"closed","ping_status":"closed","template":"","meta":{"footnotes":""},"class_list":["post-1752","page","type-page","status-publish","hentry"],"_links":{"self":[{"href":"https:\/\/firmalan.com\/sv\/wp-json\/wp\/v2\/pages\/1752","targetHints":{"allow":["GET"]}}],"collection":[{"href":"https:\/\/firmalan.com\/sv\/wp-json\/wp\/v2\/pages"}],"about":[{"href":"https:\/\/firmalan.com\/sv\/wp-json\/wp\/v2\/types\/page"}],"author":[{"embeddable":true,"href":"https:\/\/firmalan.com\/sv\/wp-json\/wp\/v2\/users\/1"}],"replies":[{"embeddable":true,"href":"https:\/\/firmalan.com\/sv\/wp-json\/wp\/v2\/comments?post=1752"}],"version-history":[{"count":5,"href":"https:\/\/firmalan.com\/sv\/wp-json\/wp\/v2\/pages\/1752\/revisions"}],"predecessor-version":[{"id":2072,"href":"https:\/\/firmalan.com\/sv\/wp-json\/wp\/v2\/pages\/1752\/revisions\/2072"}],"up":[{"embeddable":true,"href":"https:\/\/firmalan.com\/sv\/wp-json\/wp\/v2\/pages\/110"}],"wp:attachment":[{"href":"https:\/\/firmalan.com\/sv\/wp-json\/wp\/v2\/media?parent=1752"}],"curies":[{"name":"wp","href":"https:\/\/api.w.org\/{rel}","templated":true}]}}