{"id":173,"date":"2017-05-05T07:43:00","date_gmt":"2017-05-05T05:43:00","guid":{"rendered":"https:\/\/firmalan.com\/sv\/?page_id=173"},"modified":"2020-06-28T08:07:44","modified_gmt":"2020-06-28T06:07:44","slug":"froda","status":"publish","type":"page","link":"https:\/\/firmalan.com\/sv\/lana-pengar\/froda\/","title":{"rendered":"Froda f\u00f6retagsl\u00e5n"},"content":{"rendered":"<div class=\"section-content\">\n<div class=\"row\">\n<div class=\"feature-item col-lg-6 col-sm-6 wow slideInUp\">\n<div class=\"feature-media\"><img decoding=\"async\" src=\"https:\/\/firmalan.com\/sv\/wp-content\/uploads\/logo\/froda.png\" \/><\/div>\n<\/div>\n<div class=\"feature-item col-lg-6 col-sm-6 wow slideInUp\">\n<p>Beh\u00f6ver du pengar och bedriver en aff\u00e4rsverksamhet d\u00e4r transaktioner sker genom kortf\u00f6rs\u00e4ljning? Froda f\u00f6retagsl\u00e5n till\u00e5ter f\u00f6retag som varit ig\u00e5ng med sin f\u00f6rs\u00e4ljning i minst 6 m\u00e5nader l\u00e5na fr\u00e5n 10 000 kr upp till 2 miljoner kronor. Nystartade bolag som \u00e4nnu inte varit aktiva under 6 m\u00e5nader kan s\u00f6ka nystartsl\u00e5n p\u00e5 max 50 000 kr.<\/p>\n<p><span style=\"color: #f4f4f4;\"><strong><a class=\"btn btn-theme-primary btn-lg\" style=\"color: #f4f4f4;\" title=\"\u27a4 Froda f\u00f6retag- l\u00e5n\" href=\"https:\/\/firmalan.com\/sv\/go\/froda\/\" target=\"_blank\" rel=\"nofollow noopener noreferrer\">\u27a4 G\u00e5 Till Froda F\u00f6retagsl\u00e5n <\/a><\/strong><\/span><\/p>\n<\/div>\n<\/div>\n<\/div>\n<div class=\"section-color\">\n<div class=\"row\">\n<div class=\"feature-item col-lg-6 col-sm-6 wow slideInUp\">\n<p class=\"kapitel\">F\u00f6retagskrediten<\/p>\n<ul id=\"navlist\">\n<li>Belopp: 10 000-2 000 000 kr<\/li>\n<li>L\u00f6ptid: 1-24 m\u00e5n<\/li>\n<li>Fast pris,\u00a0<a href=\"#tabell\">se prisexempel i tabell<\/a><br \/>\n*Kostnaden \u00e4r individuell och best\u00e4ms efter kreditpr\u00f6vning.<\/li>\n<\/ul>\n<\/div>\n<div class=\"feature-item col-lg-6 col-sm-6 wow slideInUp\">\n<p class=\"kapitel\">Ans\u00f6kan<\/p>\n<ul id=\"navlist\">\n<li>Ans\u00f6kan tar n\u00e5gra minuter<\/li>\n<li>Digital signering med BankID<\/li>\n<li>Pengar p\u00e5 kontot inom 24 timmar<\/li>\n<\/ul>\n<\/div>\n<\/div>\n<\/div>\n<p><span style=\"color: #00529c; font-size: 16pt;\">Villkor:<\/span><\/p>\n<table>\n<tbody>\n<tr>\n<td bgcolor=\"#000\"><span style=\"color: #ffffff;\">R\u00e4nta<\/span><\/td>\n<td>Fasta avgifter tas ut f\u00f6r l\u00e5net motsvarande m\u00e5nadsr\u00e4nta 1.04%-10.30% (\u00c5rsr\u00e4nta 12.48%-123.6%)<\/td>\n<\/tr>\n<tr>\n<td bgcolor=\"#000\"><span style=\"color: #ffffff;\">Uppl\u00e4ggningsavgift<\/span><\/td>\n<td>Ingen uppl\u00e4ggningsavgift.<\/td>\n<\/tr>\n<tr>\n<td bgcolor=\"#000\"><span style=\"color: #ffffff;\">Borgens\u00e5tagande<\/span><\/td>\n<td>Kr\u00e4ver personlig borgensf\u00f6rbindelse.<\/td>\n<\/tr>\n<tr>\n<td bgcolor=\"#000\"><span style=\"color: #ffffff;\">F\u00f6rtidsinl\u00f6sen<\/span><\/td>\n<td>Froda f\u00f6retagsl\u00e5n saknar bindningstid.<\/td>\n<\/tr>\n<tr>\n<td bgcolor=\"#000\"><span style=\"color: #ffffff;\">Betalningsanm\u00e4rkning<\/span><\/td>\n<td>Uppgift saknas.<\/td>\n<\/tr>\n<\/tbody>\n<\/table>\n<p><span style=\"color: #00529c; font-size: 16pt;\">Krav p\u00e5 f\u00f6retag som s\u00f6ker:<\/span><\/p>\n<table>\n<tbody>\n<tr>\n<td bgcolor=\"#000\"><span style=\"color: #ffffff;\">Oms\u00e4ttning<\/span><\/td>\n<td>Oms\u00e4ttning p\u00e5 minst 20 000 kronor i m\u00e5naden under en period av 3 m\u00e5nader.<\/td>\n<\/tr>\n<tr>\n<td bgcolor=\"#000\"><span style=\"color: #ffffff;\">Historik<\/span><\/td>\n<td>F\u00f6retaget har god kreditv\u00e4rdighet och m\u00e5ste ha varit aktivt i minst 6 m\u00e5nader.<\/td>\n<\/tr>\n<tr>\n<td bgcolor=\"#000\"><span style=\"color: #ffffff;\">\u00c4garskap<\/span><\/td>\n<td>Ans\u00f6kan kan endast uppr\u00e4ttas av bolagsman med teckningsr\u00e4tt.<\/td>\n<\/tr>\n<tr>\n<td bgcolor=\"#000\"><span style=\"color: #ffffff;\">F\u00f6retagsadress<\/span><\/td>\n<td>Verksamheten \u00e4r registrerad hos bolagsverket i Sverige.<\/td>\n<\/tr>\n<\/tbody>\n<\/table>\n<p><span style=\"color: #00529c; font-size: 16pt;\">F\u00f6ljande information\/dokumentation beh\u00f6vs:<\/span><\/p>\n<ul>\n<li>Du skall ha namnteckningsr\u00e4tt i f\u00f6retaget ensam eller tillsammans annan person<\/li>\n<li>Tillg\u00e5ng till BankID eller mobilt BankID alt. Digipass\/bankdosa.<\/li>\n<li>F\u00f6retagets faktureringsuppgifter samt bankkontonummer<\/li>\n<li>Namn p\u00e5 och e-postadresser till ansvariga personer och borgensm\u00e4n.<\/li>\n<\/ul>\n<hr \/>\n<p>Froda g\u00f6r det lite enklare att l\u00e5na pengar till f\u00f6retaget, ingen s\u00e4kerhet beh\u00f6vs och utl\u00e5ning sker alltid till ett fast pris. Hur stor summa pengar som \u00e4r m\u00f6jligt att l\u00e5na, baseras p\u00e5 er m\u00e5nadsoms\u00e4ttning och sammantagna \u00e5terbetalningsf\u00f6rm\u00e5ga. Vid kreditpr\u00f6vning tittar Froda p\u00e5 verksamhetens kortf\u00f6rs\u00e4ljningar f\u00f6r att uppskatta betalningsf\u00f6rm\u00e5gan, denna bed\u00f6mning kompletteras sedan med en sedvanlig kreditupplysning.<\/p>\n<p>Bland Frodas kunder \u00e5terfinns e-handlare, taxibolag, fris\u00f6rer och andra f\u00f6retag d\u00e4r kortf\u00f6rs\u00e4ljningar har en central roll f\u00f6r verksamheten. Samtliga typer av juridiska f\u00f6retagsformer kan ans\u00f6ka om l\u00e5n hos Froda, f\u00f6rutsatt att verksamheten varit ig\u00e5ng i minst 6 m\u00e5nader samt att m\u00e5nadsoms\u00e4ttningen \u00f6verstiger 20.000 kr sett \u00f6ver en trem\u00e5nadersperiod.<\/p>\n<p>Under 2020 erh\u00f6ll Froda tillst\u00e5nd fr\u00e5n Finansinspektionen att bedriva verksamhet som kreditinstitut, vilket bland annat inneb\u00e4r att man nu omfattas av den statliga ins\u00e4ttningsgaranti och kan erbjuda utl\u00e5ning till f\u00f6rm\u00e5nligare villkor.<\/p>\n<p>Froda har ett unikt uppl\u00e4gg n\u00e4r det kommer till \u00e5terbetalningen. Amortering och betalning p\u00e5 f\u00f6retagsl\u00e5net sker n\u00e4mligen l\u00f6pande alla vardagar under \u00e5terbetalningstiden. M\u00f6jlighet finns att g\u00f6ra dessa betalningar via autogiro, vilket \u00e4r ett kostnadsfritt och smidigt alternativ f\u00f6r den som vill vara s\u00e4ker p\u00e5 att undvika obetalda skulder.<\/p>\n<h3>Growth Finance<\/h3>\n<p>I juli 2018 lanserade Froda tillsammans med Bambora (ett bolag erbjuder smarta betall\u00f6sningar till e-handlare och andra f\u00f6retag), en ny gemensam finansieringstj\u00e4nst kallad Growth Finance skapad f\u00f6r sm\u00e5f\u00f6retagare som befinner sig i tillv\u00e4xt. Growth Finance \u00e4r en kontokredit p\u00e5 upp till 1.000.000 kr d\u00e4r storleken p\u00e5 l\u00e5neutymmet baserat p\u00e5 din kortoms\u00e4ttning. Kunder som anv\u00e4nder Bamboras betaltj\u00e4nster beh\u00f6ver bara logga in f\u00f6r att direkt se vilket kreditutrymme de kan tilldelas, sedan kan en l\u00e5neans\u00f6kan fyllas i p\u00e5 n\u00e5gra sekunder och avtalet signeras digitalt med BankID innan pengarna betalas ut till anslutet f\u00f6retagskonto.<\/p>\n<p><a name=\"tabell\"><\/a> <span style=\"color: #00529c; font-size: 16pt;\">Kostnadstabell<\/span><\/p>\n<table>\n<thead>\n<tr>\n<th>Belopp<\/th>\n<th>4 m\u00e5n<\/th>\n<th>6 m\u00e5n<\/th>\n<th>12 m\u00e5n<\/th>\n<\/tr>\n<\/thead>\n<tbody>\n<tr>\n<td bgcolor=\"#000\"><span style=\"color: #ffffff;\">100 000 kr<\/span><\/td>\n<td>104 800 kr<\/td>\n<td>106 300 kr<\/td>\n<td>111 100 kr<\/td>\n<\/tr>\n<tr>\n<td bgcolor=\"#000\"><span style=\"color: #ffffff;\">300 000 kr<\/span><\/td>\n<td>312 800 kr<\/td>\n<td>317 400 kr<\/td>\n<td>331 800 kr<\/td>\n<\/tr>\n<tr>\n<td bgcolor=\"#000\"><span style=\"color: #ffffff;\">500 000 kr<\/span><\/td>\n<td>520 800 kr<\/td>\n<td>528 400 kr<\/td>\n<td>552 500 kr<\/td>\n<\/tr>\n<tr>\n<td bgcolor=\"#000\"><span style=\"color: #ffffff;\">1 000 000 kr<\/span><\/td>\n<td>1 040 900 kr<\/td>\n<td>1 056 100 kr<\/td>\n<td>1 104 200 kr<\/td>\n<\/tr>\n<\/tbody>\n<\/table>\n<p>Observera att betalning och amortering sker l\u00f6pande varje vardag.<br \/>\n*Uppdaterad 2020-06-28<\/p>\n<p>&nbsp;<\/p>\n<h4>\u00d6PPETTIDER KUNDTJ\u00c4NST:<\/h4>\n<table class=\"table table-striped\" border=\"0\">\n<tbody>\n<tr>\n<td valign=\"top\" width=\"150\">M\u00e5ndag \u2013 Fredagar<\/td>\n<td valign=\"top\" width=\"100\">09:00 \u2013 17:00<\/td>\n<\/tr>\n<tr>\n<td valign=\"top\" width=\"150\">Helg<\/td>\n<td valign=\"top\" width=\"100\">St\u00e4ngt<\/td>\n<\/tr>\n<\/tbody>\n<\/table>\n<blockquote><p>Telefon: 08 &#8211; 684 289 70<br \/>\nE-mail: <a href=\"mailto:info@froda.se\">info@froda.se.<\/a><\/p><\/blockquote>\n<blockquote class=\"theme\"><p>Monetise Capital AB<\/p>\n<h4>ADRESS:<\/h4>\n<p>Baggensgatan 16 1TR<br \/>\n111 31 Stockholm<br \/>\nOrg. nr: 556999-3388<\/p><\/blockquote>\n","protected":false},"excerpt":{"rendered":"<p>Beh\u00f6ver du pengar och bedriver en aff\u00e4rsverksamhet d\u00e4r transaktioner sker genom kortf\u00f6rs\u00e4ljning? Froda f\u00f6retagsl\u00e5n till\u00e5ter f\u00f6retag som varit ig\u00e5ng med sin f\u00f6rs\u00e4ljning i minst 6 m\u00e5nader l\u00e5na fr\u00e5n 10 000 &#8230;<\/p>\n","protected":false},"author":1,"featured_media":174,"parent":164,"menu_order":25,"comment_status":"open","ping_status":"closed","template":"template-fullwidth.php","meta":{"footnotes":""},"class_list":["post-173","page","type-page","status-publish","has-post-thumbnail","hentry"],"_links":{"self":[{"href":"https:\/\/firmalan.com\/sv\/wp-json\/wp\/v2\/pages\/173","targetHints":{"allow":["GET"]}}],"collection":[{"href":"https:\/\/firmalan.com\/sv\/wp-json\/wp\/v2\/pages"}],"about":[{"href":"https:\/\/firmalan.com\/sv\/wp-json\/wp\/v2\/types\/page"}],"author":[{"embeddable":true,"href":"https:\/\/firmalan.com\/sv\/wp-json\/wp\/v2\/users\/1"}],"replies":[{"embeddable":true,"href":"https:\/\/firmalan.com\/sv\/wp-json\/wp\/v2\/comments?post=173"}],"version-history":[{"count":24,"href":"https:\/\/firmalan.com\/sv\/wp-json\/wp\/v2\/pages\/173\/revisions"}],"predecessor-version":[{"id":610,"href":"https:\/\/firmalan.com\/sv\/wp-json\/wp\/v2\/pages\/173\/revisions\/610"}],"up":[{"embeddable":true,"href":"https:\/\/firmalan.com\/sv\/wp-json\/wp\/v2\/pages\/164"}],"wp:featuredmedia":[{"embeddable":true,"href":"https:\/\/firmalan.com\/sv\/wp-json\/wp\/v2\/media\/174"}],"wp:attachment":[{"href":"https:\/\/firmalan.com\/sv\/wp-json\/wp\/v2\/media?parent=173"}],"curies":[{"name":"wp","href":"https:\/\/api.w.org\/{rel}","templated":true}]}}