{"id":1726,"date":"2019-09-06T15:58:26","date_gmt":"2019-09-06T13:58:26","guid":{"rendered":"https:\/\/firmalan.com\/sv\/?page_id=1726"},"modified":"2023-11-02T11:51:12","modified_gmt":"2023-11-02T10:51:12","slug":"fastighetsfinansiering","status":"publish","type":"page","link":"https:\/\/firmalan.com\/sv\/finansieringsformer\/fastighetsfinansiering\/","title":{"rendered":"Fastighetsfinansiering"},"content":{"rendered":"<p><img loading=\"lazy\" decoding=\"async\" class=\"size-full wp-image-1727 alignright\" src=\"https:\/\/firmalan.com\/sv\/wp-content\/uploads\/2019\/09\/byggprojekt.jpg\" alt=\"\" width=\"400\" height=\"300\" srcset=\"https:\/\/firmalan.com\/sv\/wp-content\/uploads\/2019\/09\/byggprojekt.jpg 400w, https:\/\/firmalan.com\/sv\/wp-content\/uploads\/2019\/09\/byggprojekt-300x225.jpg 300w\" sizes=\"auto, (max-width: 400px) 100vw, 400px\" \/>Som regel kr\u00e4vs det mycket kapital f\u00f6r att uppf\u00f6ra bost\u00e4der, kontor eller annan nybyggnation, likv\u00e4l som att bygga om alternativt k\u00f6pa upp redan befintliga best\u00e5nd, lokaler och tomter. D\u00e4rf\u00f6r \u00e4r finansiering av kommersiella fastigheter en nyckelfr\u00e5ga f\u00f6r de flesta f\u00f6retag som planerar att investera i n\u00e5gon sorts fast egendom.<\/p>\n<p>Fastighetsfinansiering \u00e4r ett \u00f6vergripande samlingsnamn f\u00f6r alla de sorters kredit- och l\u00e5neuppl\u00e4gg som anv\u00e4nds i samband med ny-\/ombyggnation samt fastighetsf\u00f6rv\u00e4rv.<\/p>\n<h2>F\u00e5 r\u00e4tt finansiering f\u00f6r ditt f\u00f6retags fastighetsinvestering<\/h2>\n<p>Om du planerar att investera i kommersiella fastigheter och beh\u00f6ver finansiering f\u00f6r ditt f\u00f6retagsprojekt, har <a href=\"https:\/\/www.kameo.se\/foretagslan-fastighetslan\">Kameo.se<\/a> l\u00f6sningarna du beh\u00f6ver. De hj\u00e4lper dig att hitta r\u00e4tt fastighetsfinansiering f\u00f6r din verksamhet, oavsett om det handlar om nybyggnation, ombyggnad eller f\u00f6rv\u00e4rv av befintlig fastighet. Med deras partnerskap inom fastighetsfinansiering och investering, kan du f\u00e5 tillg\u00e5ng till flexibla och skr\u00e4ddarsydda l\u00f6sningar. Ans\u00f6k om fastighetsfinansiering f\u00f6r ditt f\u00f6retag p\u00e5 Kameo.se och ta n\u00e4sta steg mot din fastighetsframg\u00e5ng.<\/p>\n<h2>Fastighetskredit<\/h2>\n<p><strong>Byggnadskreditiv<\/strong> \u00e4r en fastighetskredit eller bryggl\u00e5n som anv\u00e4nds f\u00f6r l\u00f6pande kostnader under den tid nyproduktion eller ombyggnation p\u00e5g\u00e5r. Byggnadskreditivet kan anv\u00e4ndas till att betala l\u00f6pande fakturor till entrepren\u00f6rer och andra kostnader som uppst\u00e5r i samband med bygget. Detta \u00e4r endast en tillf\u00e4llig kredit som l\u00f6per tills det att bygget \u00e4r f\u00e4rdigt, d\u00e4refter m\u00e5ste det bakas in i befintligt fastighetsl\u00e5n eller \u00e5terbetalas.<\/p>\n<p>En tillf\u00e4llig fastighetskredit kan \u00e4ven tecknas f\u00f6r att t\u00e4cka krav p\u00e5 finansiering med eget kapital (motsvarande kontantinsats fast f\u00f6r f\u00f6retag). Banker bel\u00e5nar upp till 65-80 procent resterande delen f\u00f6rv\u00e4ntas fastighets\u00e4garen att sj\u00e4lv st\u00e5 f\u00f6r. I vissa fall kan det vara m\u00f6jligt att teckna en kompletterande fastighetskredit till h\u00f6gre r\u00e4nta (motsvarande ett toppl\u00e5n).<\/p>\n<h2>Kommersiella Fastighetsl\u00e5n<\/h2>\n<p>Ett fastighetsl\u00e5n \u00e4r en direkt knutet till en fastighet som fungerar som s\u00e4kerhet f\u00f6r l\u00e5net. Kreditgivare bel\u00e5nar fastigheter till upp till 60-80 procent av r\u00e5dande marknadsv\u00e4rde. R\u00e4ntan p\u00e5 fastighetsl\u00e5n s\u00e4tts mer eller mindre alltid individuellt och varierar mycket beroende p\u00e5 l\u00e5nestorlek samt f\u00f6retagshistorik. F\u00f6r etablerade bolag \u00e4r r\u00e4ntorna i regel mycket l\u00e5ga med m\u00f6jlighet att v\u00e4lja mellan fast eller r\u00f6rlig r\u00e4nta, medan nystartade sm\u00e5f\u00f6retag ofta har sv\u00e5rt att f\u00e5 l\u00e5n \u00f6verhuvudtaget. Avg\u00f6rande f\u00f6r vilka l\u00e5nevillkor som erbjuds \u00e4r den riskbed\u00f6mning som banker och kreditinstitut g\u00f6r av respektive f\u00f6retag eller bostadsf\u00f6rening.<\/p>\n<h5>Hur mycket och till vilken fastighetstyp kan man l\u00e5na pengar?<\/h5>\n<p>Hur stort fastighetsl\u00e5n som kan beviljas beror p\u00e5 flera faktorer och det \u00e4r f\u00f6rst efter en sammantagen kreditbed\u00f6mning som ett l\u00e5nel\u00f6fte kan tas fram. N\u00e5gra saker som p\u00e5verkar storleken p\u00e5 l\u00e5net \u00e4r fastighetens marknadsv\u00e4rde och l\u00e4ge, f\u00f6retagets \u00f6vriga ekonomi och historik kan ocks\u00e5 p\u00e5verka samt avg\u00f6ra vilken bel\u00e5ningsgrad som till\u00e4mpas.<\/p>\n<p>Finansiering kan erbjudas till de flesta fastighetstyperna exempelvis f\u00f6ljande f\u00f6retagsfastigheter:<\/p>\n<ul>\n<li>Kontorslokaler<\/li>\n<li>Kommersiella lokaler, hyresbest\u00e5nd samt bostadsr\u00e4ttsutveckling<\/li>\n<li>Industrifastighet<\/li>\n<li>Verkst\u00e4der<\/li>\n<li>Lagerlokaler<\/li>\n<li>Tomt och markf\u00f6rv\u00e4rv<\/li>\n<li>R\u00e5vind<\/li>\n<li><a href=\"https:\/\/firmalan.com\/sv\/lantbruk-skog\/\">Lantbruk &amp; skogsfastighet<\/a><\/li>\n<\/ul>\n<h5>Vilka krav st\u00e4lls vid fastighetsl\u00e5n?<\/h5>\n<p>Kraven varierar beroende p\u00e5 bank eller l\u00e5nef\u00f6retag, men n\u00e5gra generella krav och riktlinjer \u00e4r:<\/p>\n<ul>\n<li>Kommersiell verksamheten, i form av ab,kb eller hb registrerat i Sverige.<\/li>\n<li>I regel kr\u00e4vs ett par \u00e5rs verksamhetshistorik med fullst\u00e4ndiga bokslut.<\/li>\n<li>\u00c5rsoms\u00e4ttning och vinst som korrelerar med ans\u00f6kt l\u00e5nebelopp.<\/li>\n<li>F\u00f6retaget och dess f\u00f6retr\u00e4dare skall ha tillr\u00e4cklig \u00e5terbetalningsf\u00f6rm\u00e5ga.<\/li>\n<li>Krav p\u00e5 att en eller alla f\u00f6retagsledare bor i Sverige kan f\u00f6rekomma.<\/li>\n<li>Normalt sker utl\u00e5ning mot s\u00e4kerhet av pantbrev i fastigheten.<\/li>\n<li>Borgen eller f\u00f6retagshypotek kan kr\u00e4vas.<\/li>\n<\/ul>\n<h2>Byggfinansiering<\/h2>\n<p><img loading=\"lazy\" decoding=\"async\" class=\"alignnone size-full wp-image-1728\" src=\"https:\/\/firmalan.com\/sv\/wp-content\/uploads\/2019\/09\/byggarbetsplats.jpg\" alt=\"\" width=\"591\" height=\"443\" srcset=\"https:\/\/firmalan.com\/sv\/wp-content\/uploads\/2019\/09\/byggarbetsplats.jpg 591w, https:\/\/firmalan.com\/sv\/wp-content\/uploads\/2019\/09\/byggarbetsplats-300x225.jpg 300w\" sizes=\"auto, (max-width: 591px) 100vw, 591px\" \/><\/p>\n<p>Man brukar skilja p\u00e5 fastighetsl\u00e5n och mer omfattande byggfinansiering f\u00f6r fastighetsutvecklare, den senare f\u00f6ruts\u00e4tter n\u00e4stan alltid anpassade och skr\u00e4ddarsydda uppl\u00e4gg d\u00e4r ett eller flera av nedanst\u00e5ende olika finansieringsalternativ ofta kombineras med <a href=\"https:\/\/firmalan.com\/sv\/lana-pengar\/typ\/bank\/\">bankfinansiering<\/a>:<\/p>\n<h3>1.Folkfinansiering (Crowdfunding)<\/h3>\n<p>Mellan \u00e5ren 2016-2017 \u00f6kade den totala volymen som crowdfunding omsatta i Sverige med n\u00e4rmare 110.000.000 \u20ac \u00a0och hela marknaden v\u00e4xte med +127%. Den st\u00f6rsta delen folkfinansiering i Sverige gick under 2017 till fastighetsprojekt genom s\u00e5 kallad <em>Real Estate Crowdfunding<\/em> (\u20ac48m), stor oms\u00e4ttnings\u00f6kning \u00e4ven f\u00f6r aktiebaserade crowdfunding s\u00e5 kallad <em>Equity-based Crowdfunding<\/em> (\u20ac34m). Crowdfunding i form av P2P-l\u00e5n till byggprojekt och bryggfinansiering f\u00f6r fastigheter omsatte \u20ac9m. \u00c4ven oms\u00e4ttningen f\u00f6r <a href=\"https:\/\/firmalan.com\/sv\/finansieringsformer\/crowdfunding\/\">crowdfunding f\u00f6retagsl\u00e5n<\/a>, s\u00e5 kallad <em>Business Lending <\/em>\u00a0som exempelvis <a href=\"https:\/\/firmalan.com\/sv\/lana-pengar\/toborrow\/\">Toborrow<\/a> erbjuder, \u00f6kade rej\u00e4lt fr\u00e5n \u20ac0.1m till \u20ac2.0m, dock skedde \u00f6kningen fr\u00e5n f\u00f6rh\u00e5llandevis l\u00e5ga niv\u00e5er och det finns fortsatt stort utrymme f\u00f6r denna marknad att v\u00e4xa.<\/p>\n<h3>2.Fastighetsfonder<\/h3>\n<p>Ingen har nog kunnat missa att det byggs mycket bost\u00e4der i Svenska st\u00e4der just nu, fr\u00e4mst handlar det om nyproducerade bostadsr\u00e4ttsbest\u00e5nd, men Regeringen och Finansdepartementet h\u00e5ller \u00e4ven p\u00e5 med att f\u00f6rs\u00f6ka effektivsera investeringsst\u00f6det f\u00f6r hyresbost\u00e4der i allm\u00e4nhet och studentbost\u00e4der i synnerhet. Trots dessa subventioner inom byggbranschen finansierar de marknadsledande byggf\u00f6retagen som planerar och genomf\u00f6r st\u00f6rre byggprojekt huvudsakligen den kommersiella nyproduktionen genom fastighetsfonder.<\/p>\n<p>I Sverige finns totalt 57 aktiefastighetsfonder till f\u00f6rs\u00e4ljning som g\u00f6r det m\u00f6jligt f\u00f6r b\u00e5de st\u00f6rre och mindre investerare att placera sitt kapital i kommersiella fastigheter utspritt \u00f6ver ett stort antal etablerade bolag s\u00e5 som exempelvis Balder och Fabege, fastighetsfonderna \u00e4r aktivt f\u00f6rvaltade och placerar i huvudsak i bolag verksamma inom den nordiska fastighets- och byggbranschen.\u00a0 Genom b\u00f6rsnoteringar kan byggf\u00f6retagen anskaffa kapital till storskaliga projekt samtidigt som investerarna historiskt sett f\u00e5tt god avkastning p\u00e5 sina placeringar.<\/p>\n<h3>3.Investeringar i onoterade bolag<\/h3>\n<p>Genom digitala handelsplatser exempelvis <a href=\"https:\/\/firmalan.com\/sv\/p2p\/pepins\/\">Pepins<\/a> \u00e4r det numera m\u00f6jligt att investera i bolag utanf\u00f6r den traditionella b\u00f6rsen. Att handla onoterade tillv\u00e4xtbolag inneb\u00e4r unika avkastningsm\u00f6jligheter och en m\u00f6jligt f\u00f6r sm\u00e5bolag att f\u00e5 in tillv\u00e4xtkapital. Det finns \u00e4ven en m\u00e4ngd privata investmentbolag och f\u00f6retags\u00e4nglar som investerar kapital i fastighetsbolag mot \u00e4garandelar eller mer s\u00e4llsynt mot r\u00e4nteb\u00e4rande avkastning.<\/p>\n<h3>4.Gr\u00f6na f\u00f6retagsl\u00e5n<\/h3>\n<p>H\u00e5llbar och gr\u00f6n finansiering p\u00e5 engelska Sustainable Finance kombinerar traditionella l\u00e5n med satsningar p\u00e5 ett mer h\u00e5llbart samh\u00e4lle. Huvudm\u00e5ls\u00e4ttningen med denna finansieringsform \u00e4r minskat utsl\u00e4ppet av koldioxid (CO2). \u00a0Gr\u00f6na f\u00f6retagsl\u00e5n\/energil\u00e5n har extra f\u00f6rm\u00e5nliga r\u00e4ntevillkor och erbjuds till kommersiella verksamheter och privatpersoner av <a href=\"https:\/\/firmalan.com\/sv\/lana-pengar\/nordea\/\">Nordea<\/a> och <a href=\"https:\/\/firmalan.com\/sv\/lana-pengar\/handelsbanken\/\">Handelsbanken<\/a> samt endast till enskilda akt\u00f6rer av Swedbank och SEB.<\/p>\n<p>Gr\u00f6n finansiering kan erbjudas till s\u00e5 v\u00e4l nybygge som ombyggnad samt energieffektivisering. Fastighetsl\u00e5n enligt dessa villkor kan erbjudas vid uppf\u00f6rande av gr\u00f6na byggnader och andra certifierade kommersiella fastigheter.<\/p>\n\n\n<div style='display:none'>Adservice Comparison Feed: Could not find feed with ID \"firma001\"<\/div>\n<script>console.log('Adservice Comparison Feed: Could not find feed with ID \"firma001\"');<\/script>\n","protected":false},"excerpt":{"rendered":"<p>Som regel kr\u00e4vs det mycket kapital f\u00f6r att uppf\u00f6ra bost\u00e4der, kontor eller annan nybyggnation, likv\u00e4l som att bygga om alternativt k\u00f6pa upp redan befintliga best\u00e5nd, lokaler och tomter. D\u00e4rf\u00f6r \u00e4r &#8230;<\/p>\n","protected":false},"author":1,"featured_media":0,"parent":75,"menu_order":0,"comment_status":"closed","ping_status":"closed","template":"","meta":{"footnotes":""},"class_list":["post-1726","page","type-page","status-publish","hentry"],"_links":{"self":[{"href":"https:\/\/firmalan.com\/sv\/wp-json\/wp\/v2\/pages\/1726","targetHints":{"allow":["GET"]}}],"collection":[{"href":"https:\/\/firmalan.com\/sv\/wp-json\/wp\/v2\/pages"}],"about":[{"href":"https:\/\/firmalan.com\/sv\/wp-json\/wp\/v2\/types\/page"}],"author":[{"embeddable":true,"href":"https:\/\/firmalan.com\/sv\/wp-json\/wp\/v2\/users\/1"}],"replies":[{"embeddable":true,"href":"https:\/\/firmalan.com\/sv\/wp-json\/wp\/v2\/comments?post=1726"}],"version-history":[{"count":4,"href":"https:\/\/firmalan.com\/sv\/wp-json\/wp\/v2\/pages\/1726\/revisions"}],"predecessor-version":[{"id":2425,"href":"https:\/\/firmalan.com\/sv\/wp-json\/wp\/v2\/pages\/1726\/revisions\/2425"}],"up":[{"embeddable":true,"href":"https:\/\/firmalan.com\/sv\/wp-json\/wp\/v2\/pages\/75"}],"wp:attachment":[{"href":"https:\/\/firmalan.com\/sv\/wp-json\/wp\/v2\/media?parent=1726"}],"curies":[{"name":"wp","href":"https:\/\/api.w.org\/{rel}","templated":true}]}}