{"id":1721,"date":"2019-09-04T10:54:18","date_gmt":"2019-09-04T08:54:18","guid":{"rendered":"https:\/\/firmalan.com\/sv\/?page_id=1721"},"modified":"2019-11-20T11:17:27","modified_gmt":"2019-11-20T10:17:27","slug":"imh-credit-solutions","status":"publish","type":"page","link":"https:\/\/firmalan.com\/sv\/lana-pengar\/imh-credit-solutions\/","title":{"rendered":"IMH Credit Solutions"},"content":{"rendered":"<div class=\"section-content\">\n<div class=\"row\">\n<div class=\"feature-item col-lg-6 col-sm-6 wow slideInUp\">\n<div class=\"feature-media\"><\/div>\n<\/div>\n<div class=\"feature-item col-lg-6 col-sm-6 wow slideInUp\"><\/div>\n<\/div>\n<p><em>Uppgifterna om detta bolags verksamhet \u00e4r bristf\u00e4lliga, bland annat saknas \u00f6ppettider och telefonnummer samt annan v\u00e4sentlig information om IMH CreditSolutions AB.<\/em><\/p>\n<p>All data \u00e4r h\u00e4mtad fr\u00e5n imhcreditsolutions.se och b\u00f6r ej betraktas som helt\u00e4ckande och dess riktighet kan ej granteras. IMH Credit Solutions \u00e4r ett finansinstitut registrerat hos Finansinspektionen f\u00f6r att bedriva finansiell verksamhet som riktar sig till f\u00f6retag. IMH:s prim\u00e4ra fokus \u00e4r att erbjuda fastighetskrediter p\u00e5 mellan 0,5-25 miljoner d\u00e4r tomtr\u00e4tter, lokaler samt kommersiella\/privata fastigheter fungerar som s\u00e4kerhet f\u00f6r f\u00f6retagsl\u00e5net.<br \/>\n<span style=\"color: #f4f4f4;\"><strong><a class=\"btn btn-theme-primary btn-lg\" style=\"color: #f4f4f4;\" title=\"\u27a4 IMH- l\u00e5n\" href=\"https:\/\/firmalan.com\/sv\/go\/krea\/\" target=\"_blank\" rel=\"nofollow noopener noreferrer\">\u27a4 J\u00e4mf\u00f6r IMH f\u00f6retagsl\u00e5n hos Krea<\/a><\/strong><\/span><\/p>\n<\/div>\n<div class=\"section-color\">\n<div class=\"row\">\n<div class=\"feature-item col-lg-6 col-sm-6 wow slideInUp\">\n<p class=\"kapitel\">Fastighetsl\u00e5n<\/p>\n<ul id=\"navlist\">\n<li>Belopp: Upp till 25.000.000 kr<\/li>\n<li>L\u00f6ptid: Uppgift saknas<\/li>\n<li>R\u00e4ntesats: \u00c5rlig r\u00e4nta fr\u00e5n 24.0%<\/li>\n<\/ul>\n<\/div>\n<div class=\"feature-item col-lg-6 col-sm-6 wow slideInUp\">\n<p class=\"kapitel\">Ans\u00f6kan<\/p>\n<ul id=\"navlist\">\n<li>Uppr\u00e4tta intresseanm\u00e4lan f\u00f6r kredit p\u00e5 imhcreditsolutions.se.<\/li>\n<li>R\u00e4nta s\u00e4tts beroende p\u00e5 kreditens storlek, l\u00f6ptid och l\u00e5ntagarens finansiella st\u00e4llning<\/li>\n<li>IMH str\u00e4var efter att kunna erbjuda utbetalningar skyndsamt, s\u00e5 att projekt kan sj\u00f6s\u00e4ttas snabbt<\/li>\n<\/ul>\n<\/div>\n<\/div>\n<\/div>\n<p><span style=\"color: #00529c; font-size: 16pt;\">Villkor:<\/span><\/p>\n<table>\n<tbody>\n<tr>\n<td bgcolor=\"#000\"><span style=\"color: #ffffff;\">R\u00e4nta<\/span><\/td>\n<td>Fr\u00e5n 24.0%<\/td>\n<\/tr>\n<tr>\n<td bgcolor=\"#000\"><span style=\"color: #ffffff;\">Uppl\u00e4ggningsavgift<\/span><\/td>\n<td>Uppgift saknas.<\/td>\n<\/tr>\n<tr>\n<td bgcolor=\"#000\"><span style=\"color: #ffffff;\">Borgens\u00e5tagande<\/span><\/td>\n<td>Inget krav, tomt\/fastighet eller annan s\u00e4kerhet anv\u00e4nds.<\/td>\n<\/tr>\n<tr>\n<td bgcolor=\"#000\"><span style=\"color: #ffffff;\">F\u00f6rtidsinl\u00f6sen<\/span><\/td>\n<td>Uppgift saknas.<\/td>\n<\/tr>\n<tr>\n<td bgcolor=\"#000\"><span style=\"color: #ffffff;\">Betalningsanm\u00e4rkning<\/span><\/td>\n<td>Uppgift saknas.<\/td>\n<\/tr>\n<\/tbody>\n<\/table>\n<p><span style=\"color: #00529c; font-size: 16pt;\">Krav p\u00e5 f\u00f6retag som s\u00f6ker:<\/span><\/p>\n<table>\n<tbody>\n<tr>\n<td bgcolor=\"#000\"><span style=\"color: #ffffff;\">Oms\u00e4ttning<\/span><\/td>\n<td>Uppgift saknas.<\/td>\n<\/tr>\n<tr>\n<td bgcolor=\"#000\"><span style=\"color: #ffffff;\">Historik<\/span><\/td>\n<td>Ditt f\u00f6retag har en rimlig kreditv\u00e4rdighet samt att era kunder har rimlig kreditv\u00e4rdighet.<\/td>\n<\/tr>\n<tr>\n<td bgcolor=\"#000\"><span style=\"color: #ffffff;\">\u00c4garskap<\/span><\/td>\n<td>Ans\u00f6kan kan endast uppr\u00e4ttas av VD eller annan firmatecknare.<\/td>\n<\/tr>\n<tr>\n<td bgcolor=\"#000\"><span style=\"color: #ffffff;\">F\u00f6retagsadress<\/span><\/td>\n<td>Verksamheten \u00e4r registrerad hos bolagsverket i Sverige.<\/td>\n<\/tr>\n<\/tbody>\n<\/table>\n<p><span style=\"color: #00529c; font-size: 16pt;\">F\u00f6ljande information\/dokumentation beh\u00f6vs:<\/span><\/p>\n<ul>\n<li>Du skall ha namnteckningsr\u00e4tt i f\u00f6retaget ensam eller tillsammans annan person<\/li>\n<li>F\u00f6retagets faktureringsuppgifter samt bankgironummer<\/li>\n<li>Namn p\u00e5 och e-postadresser till ansvariga personer och eventuella borgensm\u00e4n.<\/li>\n<li>Samtliga borgensm\u00e4n beh\u00f6ver logga in och godk\u00e4nna villkoren f\u00f6r l\u00e5net och borgensansvaret.<\/li>\n<\/ul>\n<hr \/>\n<p>&nbsp;<\/p>\n<h4>\u00d6PPETTIDER KUNDTJ\u00c4NST:<\/h4>\n<table class=\"table table-striped\" border=\"0\">\n<tbody>\n<tr>\n<td valign=\"top\" width=\"150\">M\u00e5ndag \u2013 Fredagar<\/td>\n<td valign=\"top\" width=\"100\">Uppgift saknas<\/td>\n<\/tr>\n<tr>\n<td valign=\"top\" width=\"150\">Helg<\/td>\n<td valign=\"top\" width=\"100\">Uppgift saknas<\/td>\n<\/tr>\n<\/tbody>\n<\/table>\n<blockquote><p>Telefon: Uppgift saknas.<br \/>\nE-mail: <a href=\"mailto:info@imhcreditsolutions.se\">info@imhcreditsolutions.se<\/a><\/p><\/blockquote>\n<blockquote class=\"theme\"><p>IMH CreditSolutions AB<\/p>\n<h4>ADRESS:<\/h4>\n<p>Kungsgatan 8<br \/>\n111 43 Stockholm<br \/>\nOrg. nr: 556964-8461<\/p><\/blockquote>\n","protected":false},"excerpt":{"rendered":"<p>Uppgifterna om detta bolags verksamhet \u00e4r bristf\u00e4lliga, bland annat saknas \u00f6ppettider och telefonnummer samt annan v\u00e4sentlig information om IMH CreditSolutions AB. All data \u00e4r h\u00e4mtad fr\u00e5n imhcreditsolutions.se och b\u00f6r ej &#8230;<\/p>\n","protected":false},"author":1,"featured_media":1722,"parent":164,"menu_order":0,"comment_status":"closed","ping_status":"closed","template":"","meta":{"footnotes":""},"class_list":["post-1721","page","type-page","status-publish","has-post-thumbnail","hentry"],"_links":{"self":[{"href":"https:\/\/firmalan.com\/sv\/wp-json\/wp\/v2\/pages\/1721","targetHints":{"allow":["GET"]}}],"collection":[{"href":"https:\/\/firmalan.com\/sv\/wp-json\/wp\/v2\/pages"}],"about":[{"href":"https:\/\/firmalan.com\/sv\/wp-json\/wp\/v2\/types\/page"}],"author":[{"embeddable":true,"href":"https:\/\/firmalan.com\/sv\/wp-json\/wp\/v2\/users\/1"}],"replies":[{"embeddable":true,"href":"https:\/\/firmalan.com\/sv\/wp-json\/wp\/v2\/comments?post=1721"}],"version-history":[{"count":6,"href":"https:\/\/firmalan.com\/sv\/wp-json\/wp\/v2\/pages\/1721\/revisions"}],"predecessor-version":[{"id":2004,"href":"https:\/\/firmalan.com\/sv\/wp-json\/wp\/v2\/pages\/1721\/revisions\/2004"}],"up":[{"embeddable":true,"href":"https:\/\/firmalan.com\/sv\/wp-json\/wp\/v2\/pages\/164"}],"wp:featuredmedia":[{"embeddable":true,"href":"https:\/\/firmalan.com\/sv\/wp-json\/wp\/v2\/media\/1722"}],"wp:attachment":[{"href":"https:\/\/firmalan.com\/sv\/wp-json\/wp\/v2\/media?parent=1721"}],"curies":[{"name":"wp","href":"https:\/\/api.w.org\/{rel}","templated":true}]}}