{"id":1683,"date":"2019-08-18T09:37:58","date_gmt":"2019-08-18T07:37:58","guid":{"rendered":"https:\/\/firmalan.com\/sv\/?page_id=1683"},"modified":"2020-11-28T22:37:49","modified_gmt":"2020-11-28T21:37:49","slug":"foretagskop","status":"publish","type":"page","link":"https:\/\/firmalan.com\/sv\/foretagskop\/","title":{"rendered":"L\u00e5na till f\u00f6retagsk\u00f6p"},"content":{"rendered":"<p>Ett f\u00f6retagsk\u00f6p, \u00e4ven kallat f\u00f6retagsf\u00f6rv\u00e4rv inneb\u00e4r att ett f\u00f6retag k\u00f6ps upp av n\u00e5gon utomst\u00e5ende part varvid bolaget skiftar \u00e4gare. Den vanligaste typ av bolagsk\u00f6p inneb\u00e4r att st\u00f6rre f\u00f6retag och juridiska personer f\u00f6rv\u00e4rvar mindre verksamheter, men det \u00e4r \u00e4ven m\u00f6jligt f\u00f6r privatpersoner att g\u00f6ra f\u00f6retagsk\u00f6p.<\/p>\n<p>Att k\u00f6pa ett aktivt aktiebolag eller annat f\u00f6retag som redan \u00e4r ig\u00e5ng, kan vara ett alternativ till att <a href=\"https:\/\/firmalan.com\/sv\/1100-starta-eget\/\">starta en egen firma<\/a>. Beroende p\u00e5 vilken sorts verksamhet det r\u00f6r sig om kan kostnaderna i slut\u00e4ndan bli ungef\u00e4r lika stora. Dock b\u00f6r du vara medveten om att det \u00e4r ytterst ovanligt att privatpersoner kan f\u00e5 l\u00e5n till f\u00f6retagsk\u00f6p med s\u00e4kerhet ist\u00e4llet \u00e4r man h\u00e4nvisad till att l\u00e5na av v\u00e4nner\/familj alternativt s\u00f6ka privatl\u00e5n utan s\u00e4kerhet, detta problem har emellertid \u00e4ven m\u00e5nga nyf\u00f6retagare som beh\u00f6ver kapital till uppstart och utveckling.<\/p>\n<h2>F\u00f6retagsf\u00f6rv\u00e4rv<\/h2>\n<p>Det \u00e4r vanligt att framg\u00e5ngsrika bolag v\u00e4ljer att expandera den befintliga verksamheten genom att f\u00f6rv\u00e4rva hela eller delar av andra f\u00f6retag. Att g\u00f6ra f\u00f6retagsf\u00f6rv\u00e4rv \u00e4r en offensiv metod som i regel syftar till att skapa \u00f6kad tillv\u00e4xt, bland annat genom att utnyttja positiva synergieffekter och f\u00f6rb\u00e4ttrad konkurrensf\u00f6rm\u00e5ga som kan efter en fusion. Men uppk\u00f6p av etablerade f\u00f6retag p\u00e5 detta vis kr\u00e4ver kapital, grundrekommendationen f\u00f6r finansiering \u00e4r att f\u00f6lja <a href=\"https:\/\/en.wikipedia.org\/wiki\/Pecking_order_theory\"><em>pecking order teorin<\/em><\/a> som s\u00e4ger att man alltid i f\u00f6rsta hand b\u00f6r utnyttja tillg\u00e4ngligt internt kapital innan man s\u00f6ker l\u00e5n eller kapitalinvesteringar externt.<\/p>\n<h3>Metoder f\u00f6r finansiering av f\u00f6retagsf\u00f6rv\u00e4rv<\/h3>\n<p><a href=\"https:\/\/firmalan.com\/sv\/foretagsfinansiering\/\">F\u00f6retagsfinansiering<\/a> kan delas in i tre huvudkategorier internt kapital (eget kapital), l\u00e5n (externa skulder) samt investeringar (externa\/nya \u00e4gare).<\/p>\n<p><strong>Kontant finansiering<\/strong> \u00e4r i regel den s\u00e4kraste och mest f\u00f6rdelaktiga finansieringsmetoden. Den inneb\u00e4r att man anv\u00e4nder interna beskattade tillg\u00e5ngar som byggts upp genom balanserade vinstmedel. Detta eget kapital disponerar f\u00f6retaget fritt \u00f6ver och kan med f\u00f6rdel anv\u00e4ndas till att genomf\u00f6ra f\u00f6retagsf\u00f6rv\u00e4rv eller andra investeringar.<\/p>\n<p><strong>Bel\u00e5ning<\/strong> inneb\u00e4r att man tar upp\/tecknar en extern skuld f\u00f6r att finansiera ett f\u00f6rv\u00e4rv eller uppk\u00f6p. Oftast kr\u00e4ver <a href=\"https:\/\/firmalan.com\/sv\/\">f\u00f6retagsl\u00e5n<\/a> som skall anv\u00e4ndas till f\u00f6retagsk\u00f6p en viss kontantinsats och\/eller personlig borgen. &nbsp;Att finansiera f\u00f6retagsk\u00f6p genom att kombinera l\u00e5n och eget kapital kan vara en god id\u00e9 f\u00f6r att s\u00e4kerst\u00e4lla en god likviditet eller om man vet med sig att f\u00f6rv\u00e4rvet i ett senare skede kommer att kr\u00e4va ytterligare investeringar, vilka d\u00e5 kan finansieras via tillg\u00e4ngligt eget kapital.<\/p>\n<p><strong>Aktiefinansiering<\/strong> inneb\u00e4r att ett f\u00f6retag tar in extern kapital genom att emittera nya aktier och d\u00e4refter s\u00e4ljer en andel av f\u00f6retaget till utomst\u00e5ende investerare. F\u00f6rdelen med denna finansieringsmetod \u00e4r att f\u00f6retaget inte drar p\u00e5 sig n\u00e5gra nya skulder eller beh\u00f6ver belasta det interna kapitalet (ut\u00f6ver eventuella emissionskostnader). Medan nackdelen \u00e4r att man s\u00e4ljer en del av sitt \u00e4garskap och p\u00e5 sikt f\u00f6rlorar att tappa kontrollen \u00f6ver bolagsstyrningen samt mister r\u00e4tten till en del av den inkommande betalningen vid en eventuell <a href=\"https:\/\/firmalan.com\/sv\/foretagsavveckling\/\">f\u00f6retagsf\u00f6rs\u00e4ljning<\/a>.<\/p>\n<p>&nbsp;<\/p>\n<h4>Minimera risker vid f\u00f6retagsk\u00f6p med due diligence<\/h4>\n<p>Att k\u00f6pa f\u00f6retag inneb\u00e4r alltid en risk, men genom att g\u00f6ra en grundlig due diligence kan dessa risker hanteras och minimeras vid f\u00f6retagsf\u00f6rv\u00e4rv.<\/p>\n<p>Det f\u00f6religger tre huvudsakliga risker med att k\u00f6pa ett f\u00f6retag:<\/p>\n<ol>\n<li><em>Syftet med ett f\u00f6retagsf\u00f6rv\u00e4rv uppfylls inte<\/em>, man \u00f6verskattar m\u00e5lf\u00f6retaget och lyckas inte st\u00e4rka sin marknadsposition eller f\u00e5r inte tillg\u00e5ng till nya marknader, kunskap eller teknik i den omfattning som man trodde man skulle f\u00e5.<\/li>\n<li><em>Verksamheten forts\u00e4tter inte att leverera<\/em>. Otillr\u00e4cklig f\u00f6r hur ett f\u00f6retag fungerar, riskerar att leda till att verksamhet inte fors\u00e4tter p\u00e5 ett f\u00f6rv\u00e4ntat vis efter f\u00f6rv\u00e4rvet. Vid ett inkr\u00e5msk\u00f6p (inkr\u00e5ms\u00f6verl\u00e5telse) s\u00e4lja och \u00f6verf\u00f6rs endast avtalade delar av ett f\u00f6retags verksamhet, risken \u00e4r d\u00e5 stor att n\u00f6dv\u00e4ndig kompetens, licenser och\/eller kontrakt finns kvar i ursprungsf\u00f6retaget vilket g\u00f6r att verksamheten inte l\u00e4ngre kan prestera p\u00e5 den f\u00f6rv\u00e4ntade niv\u00e5n.<\/li>\n<li><em>Sv\u00e5righet att integrera f\u00f6retagsk\u00f6pet<\/em> i den befintliga organisationen. Hur v\u00e4l en verksamhet passar ihop med en annan samt vilka synergier som kan uppn\u00e5s genom fusioner \u00e4r sv\u00e5rt att f\u00f6rutse f\u00f6re f\u00f6retagsk\u00f6p, risken att den nya verksamheten inte passar in i uppk\u00f6parf\u00f6retaget g\u00e4ller b\u00e5de inkr\u00e5ms och aktief\u00f6rv\u00e4rv\/fusioner.<\/li>\n<\/ol>\n<p>Att underskatta riskerna med f\u00f6retagsk\u00f6p kan bli en mycket kostsam l\u00e4rdom, d\u00e4rf\u00f6r \u00e4r det extremt viktigt att g\u00f6ra en utf\u00f6rliga due diligence. <strong>Syftet med due diligence \u00e4r att m\u00e4ta, identifiera och f\u00f6rebygga risker<\/strong>. Due Diligence fungerar \u00e4ven som en f\u00f6retagsbesiktning d\u00e4r olika delar av verksamheten unders\u00f6ks ur ett immaterialr\u00e4ttsligt perspektiv och fungerar som en sorts \u201df\u00f6rs\u00e4kring\u201d f\u00f6r att s\u00e4ljarens uppgifter \u00f6verensst\u00e4mmer med verkligheten.<\/p>\n\n\n<div style='display:none'>Adservice Comparison Feed: Could not find feed with ID \"firma001\"<\/div>\n<script>console.log('Adservice Comparison Feed: Could not find feed with ID \"firma001\"');<\/script>\n","protected":false},"excerpt":{"rendered":"<p>Ett f\u00f6retagsk\u00f6p, \u00e4ven kallat f\u00f6retagsf\u00f6rv\u00e4rv inneb\u00e4r att ett f\u00f6retag k\u00f6ps upp av n\u00e5gon utomst\u00e5ende part varvid bolaget skiftar \u00e4gare. Den vanligaste typ av bolagsk\u00f6p inneb\u00e4r att st\u00f6rre f\u00f6retag och juridiska &#8230;<\/p>\n","protected":false},"author":1,"featured_media":0,"parent":0,"menu_order":0,"comment_status":"closed","ping_status":"closed","template":"","meta":{"footnotes":""},"class_list":["post-1683","page","type-page","status-publish","hentry"],"_links":{"self":[{"href":"https:\/\/firmalan.com\/sv\/wp-json\/wp\/v2\/pages\/1683","targetHints":{"allow":["GET"]}}],"collection":[{"href":"https:\/\/firmalan.com\/sv\/wp-json\/wp\/v2\/pages"}],"about":[{"href":"https:\/\/firmalan.com\/sv\/wp-json\/wp\/v2\/types\/page"}],"author":[{"embeddable":true,"href":"https:\/\/firmalan.com\/sv\/wp-json\/wp\/v2\/users\/1"}],"replies":[{"embeddable":true,"href":"https:\/\/firmalan.com\/sv\/wp-json\/wp\/v2\/comments?post=1683"}],"version-history":[{"count":3,"href":"https:\/\/firmalan.com\/sv\/wp-json\/wp\/v2\/pages\/1683\/revisions"}],"predecessor-version":[{"id":2404,"href":"https:\/\/firmalan.com\/sv\/wp-json\/wp\/v2\/pages\/1683\/revisions\/2404"}],"wp:attachment":[{"href":"https:\/\/firmalan.com\/sv\/wp-json\/wp\/v2\/media?parent=1683"}],"curies":[{"name":"wp","href":"https:\/\/api.w.org\/{rel}","templated":true}]}}