{"id":1655,"date":"2019-07-10T21:16:43","date_gmt":"2019-07-10T19:16:43","guid":{"rendered":"https:\/\/firmalan.com\/sv\/?page_id=1655"},"modified":"2020-11-28T22:50:08","modified_gmt":"2020-11-28T21:50:08","slug":"foretagshypotek-och-pantsattning","status":"publish","type":"page","link":"https:\/\/firmalan.com\/sv\/sakerheter\/foretagshypotek-och-pantsattning\/","title":{"rendered":"F\u00f6retagshypotek och pants\u00e4ttning"},"content":{"rendered":"<p>De allra flesta f\u00f6retagare bygger sina framg\u00e5ngar med andras pengar. Det \u00e4r klart att du m\u00e5ste investera en hel del sj\u00e4lv, men framf\u00f6r allt \u00e4r det f\u00f6rm\u00e5gan att f\u00e5 ett bra l\u00e5n som l\u00e4gger grunden f\u00f6r din verksamhet. Speciellt viktigt brukar det vara i b\u00f6rjan d\u00e5 du har fler utgifter \u00e4n int\u00e4kter. Vartefter tiden g\u00e5r s\u00e5 kan du betala tillbaka l\u00e5nen, eller fylla p\u00e5 dem med b\u00e4ttre r\u00e4ntor och avtal.<\/p>\n<p>Men du kan ju inte f\u00e5 ett l\u00e5n hur som helst, utan m\u00e5ste st\u00e4lla en s\u00e4kerhet som garanti f\u00f6r pengarna. Det finns en del regler kring det hela naturligtvis och det handlar alltid om n\u00e4ringsverksamhetens egendom. Privata \u00e4godelar r\u00e4knas d\u00e4rf\u00f6r inte in i ett f\u00f6retagshypotek. Ist\u00e4llet \u00e4r det hela baserat p\u00e5 hur pass solitt ditt f\u00f6retag \u00e4r.<\/p>\n<h2>Vad kan du st\u00e4lla upp som s\u00e4kerhet?<\/h2>\n<p>Om du inte betalar tillbaka dina pengar s\u00e5 kan fordrings\u00e4garen ta dina \u00e4godelar. D\u00e4rf\u00f6r m\u00e5ste ett f\u00f6retagshypotek skrivas med motsvarande v\u00e4rde. Samtidigt s\u00e5 kan det inte vara n\u00e5got som kan intecknas p\u00e5 annat s\u00e4tt, som till exempel fastigheter. Du kan heller inte st\u00e4lla upp kontanta medel som s\u00e4kerhet, samt inte v\u00e4rdepapper eller bankmedel.<\/p>\n<p>Vad finns d\u00e5 kvar att skriva f\u00f6retagshypotek p\u00e5? Ett f\u00f6retag har ofta inventarier och ett varulager. De \u00e4r v\u00e4rda ganska mycket och kan anv\u00e4ndas som s\u00e4kerhet. \u00c4ven kundfordringarna kan r\u00e4knas med. D\u00e4rf\u00f6r brukar en konsultfirma inte anses ha s\u00e5 stor s\u00e4kerhet f\u00f6r f\u00f6retagshypotek eftersom deras tillg\u00e5ngar mest \u00e4r i form av likvida medel.<\/p>\n<h2>Pants\u00e4ttning av f\u00f6retagets egendom<\/h2>\n<p>F\u00f6retagshypotek och pants\u00e4ttning \u00e4r inte riktigt samma sak. F\u00f6r h\u00e4r kan du anv\u00e4nda fastigheter och liknande tillg\u00e5ngar som en pant. Men principen \u00e4r precis likadan. Du f\u00e5r pengar, ett l\u00e5n, som du m\u00e5ste betala tillbaka. Om du inte klarar av att g\u00f6ra det har du gett fordrings\u00e4garen r\u00e4tt att ta dina saker f\u00f6r att kompensera f\u00f6r utebliven betalning.<\/p>\n<p>Det l\u00e5ter enkelt och egentligen \u00e4r det inte s\u00e5 komplicerat. Men som med alla andra l\u00e5n s\u00e5 ska du aldrig ta mer \u00e4n du kan ge tillbaka. En del kan bero p\u00e5 hur l\u00e5ng tid du har p\u00e5 dig och vilka r\u00e4ntor som g\u00e4ller. Med hj\u00e4lp av en bra ekonomisk r\u00e5dgivare kan du utnyttja l\u00e5n och f\u00f6retagshypotek till din f\u00f6rdel.<\/p>\n<p>Om det v\u00e4rsta skulle h\u00e4nda omfattas f\u00f6retagshypotek av en s\u00e4rskild f\u00f6rm\u00e5nsr\u00e4tt. Det inneb\u00e4r att de kreditgivare eller fordrings\u00e4gare som har denna som grund f\u00f6r sitt l\u00e5n har f\u00f6rsta chansen p\u00e5 dina tillg\u00e5ngar. N\u00e4r de har f\u00e5tt sitt kan allm\u00e4nna fordrings\u00e4gare l\u00e4gga in sina ans\u00f6kningar.<\/p>\n\n\n\n<div style='display:none'>Adservice Comparison Feed: Could not find feed with ID \"firma001\"<\/div>\n<script>console.log('Adservice Comparison Feed: Could not find feed with ID \"firma001\"');<\/script>\n","protected":false},"excerpt":{"rendered":"<p>De allra flesta f\u00f6retagare bygger sina framg\u00e5ngar med andras pengar. Det \u00e4r klart att du m\u00e5ste investera en hel del sj\u00e4lv, men framf\u00f6r allt \u00e4r det f\u00f6rm\u00e5gan att f\u00e5 ett &#8230;<\/p>\n","protected":false},"author":1,"featured_media":0,"parent":1658,"menu_order":0,"comment_status":"closed","ping_status":"closed","template":"","meta":{"footnotes":""},"class_list":["post-1655","page","type-page","status-publish","hentry"],"_links":{"self":[{"href":"https:\/\/firmalan.com\/sv\/wp-json\/wp\/v2\/pages\/1655","targetHints":{"allow":["GET"]}}],"collection":[{"href":"https:\/\/firmalan.com\/sv\/wp-json\/wp\/v2\/pages"}],"about":[{"href":"https:\/\/firmalan.com\/sv\/wp-json\/wp\/v2\/types\/page"}],"author":[{"embeddable":true,"href":"https:\/\/firmalan.com\/sv\/wp-json\/wp\/v2\/users\/1"}],"replies":[{"embeddable":true,"href":"https:\/\/firmalan.com\/sv\/wp-json\/wp\/v2\/comments?post=1655"}],"version-history":[{"count":2,"href":"https:\/\/firmalan.com\/sv\/wp-json\/wp\/v2\/pages\/1655\/revisions"}],"predecessor-version":[{"id":2418,"href":"https:\/\/firmalan.com\/sv\/wp-json\/wp\/v2\/pages\/1655\/revisions\/2418"}],"up":[{"embeddable":true,"href":"https:\/\/firmalan.com\/sv\/wp-json\/wp\/v2\/pages\/1658"}],"wp:attachment":[{"href":"https:\/\/firmalan.com\/sv\/wp-json\/wp\/v2\/media?parent=1655"}],"curies":[{"name":"wp","href":"https:\/\/api.w.org\/{rel}","templated":true}]}}