{"id":1641,"date":"2019-07-02T20:30:49","date_gmt":"2019-07-02T18:30:49","guid":{"rendered":"https:\/\/firmalan.com\/sv\/?page_id=1641"},"modified":"2019-12-05T09:41:04","modified_gmt":"2019-12-05T08:41:04","slug":"qapitala","status":"publish","type":"page","link":"https:\/\/firmalan.com\/sv\/qapitala\/","title":{"rendered":"Qapitala"},"content":{"rendered":"<div class=\"section-content\">\n<div class=\"row\">\n<div class=\"feature-item col-lg-6 col-sm-6 wow slideInUp\">\n<div class=\"feature-media\"><img decoding=\"async\" src=\"https:\/\/firmalan.com\/sv\/wp-content\/uploads\/2019\/07\/qapitala.png\" \/><\/div>\n<\/div>\n<div class=\"feature-item col-lg-6 col-sm-6 wow slideInUp\">\n<p>Qapitala \u00e4r ett helt nytt fintechbolag 2019 som i likhet med flera andra konkurrenter valt att satsa p\u00e5 checkkrediter f\u00f6r f\u00f6retag helt digitalt. Till skillnad fr\u00e5n en del andra moderna l\u00e5nef\u00f6retag kommer Qapitala inte beg\u00e4ra ut er reskontra eller era korttransaktioner, utan anv\u00e4nder ist\u00e4llet smarta algoritmer som blixtsnabbt analyserar era senaste transaktionsdata samt h\u00e4mtar in sedvanliga kreditupplysningar fr\u00e5n UC.<br \/>\n<span style=\"color: #f4f4f4;\"><strong><a class=\"btn btn-theme-primary btn-lg\" style=\"color: #f4f4f4;\" title=\"\u27a4 \" href=\"https:\/\/firmalan.com\/sv\/go\/qapitala\/\" target=\"_blank\" rel=\"nofollow noopener noreferrer\">\u27a4 Qapitala kredit<\/a><\/strong><\/span>\n<\/div>\n<p>&nbsp;<\/p>\n<p>F\u00f6r Qapitala f\u00f6retagsl\u00e5n utg\u00e5r endast en fast kostnad p\u00e5 2% per 30 dagar och inga andra ytterligare dolda kostnader s\u00e5 som uppl\u00e4ggningskostnader eller administrationsavgifter tillkommer. Du betalar endast f\u00f6r den del av krediten som du v\u00e4ljer att nyttja, den maximala limiten \u00e4r 500.000 kr men hur stort l\u00e5nebelopp ert f\u00f6retag beviljas best\u00e4ms efter kreditpr\u00f6vning. Efter godk\u00e4nnande best\u00e4mmer l\u00e5ntagaren generellt sj\u00e4lv hur mycket eller lite av krediten som man vill belasta, dock m\u00e5ste man g\u00f6ra ett uttag om minst 10.000 kr direkt i samband med nytecknande av en Qapitala r\u00f6rliga kredit. Qapitala garanteras med hj\u00e4lp av en personlig borgen.<\/p>\n<p>Processen fr\u00e5n ans\u00f6kan till svar tar oftast endast omkring 3 minuter. Om din ans\u00f6kan blir godk\u00e4nd uppr\u00e4ttas kreditkontot normalt inom ett par minuter d\u00e4refter sker utbetalningar i regel inom 24 timmar.<\/p>\n<p>En beviljad checkkredit\/limit l\u00f6per tillsvidare f\u00f6rutsatt att ert f\u00f6retags ekonomiska f\u00f6ruts\u00e4ttningar drastiskt \u00e4ndras, dock som l\u00e4ngst i 24 m\u00e5nader. Fast i praktiken \u00e4r det m\u00f6jligt att f\u00f6rl\u00e4nga f\u00f6retagskrediten o\u00e4ndligt antal g\u00e5nger genom att ans\u00f6ka om att h\u00f6ja upp krediten igen med \u00e5terbetalat belopp, varje g\u00e5ng en h\u00f6jning g\u00f6rs f\u00f6rl\u00e4ngs \u00e5terbetalningstiden med 24 m\u00e5nader.<\/p>\n<p><strong>Grundl\u00e4ggande krav:<\/strong><\/p>\n<ul>\n<li>F\u00f6r ans\u00f6kan kr\u00e4vs registrerat Aktiebolag, Handelsbolag eller Enskild firma i Sverige.<\/li>\n<li>F\u00f6retagare som ans\u00f6ker skall vara folkbokf\u00f6rda i Sverige<\/li>\n<li>F-skattesedel skall finnas.<\/li>\n<li>Stabil ekonomi kr\u00e4vs, inget aktivt skuldsaldo hos Kronofogdemyndigheten.<\/li>\n<li>Tillg\u00e5ng till BankID f\u00f6r att uppr\u00e4tta och signera avtal<\/li>\n<\/ul>\n<\/div>\n<\/div>\n<div class=\"section-color\">\n<div class=\"row\">\n<div class=\"feature-item col-lg-6 col-sm-6 wow slideInUp\">\n<p class=\"kapitel\">R\u00f6rlig checkkredit<\/p>\n<ul id=\"navlist\">\n<li>Belopp:50 000-500 000 kr<\/li>\n<li>L\u00f6ptid: 1-24 m\u00e5nader (kan f\u00f6rl\u00e4ngas)<\/li>\n<li>M\u00e5nadsr\u00e4nta 2%<\/li>\n<\/ul>\n<\/div>\n<div class=\"feature-item col-lg-6 col-sm-6 wow slideInUp\">\n<p class=\"kapitel\">Ans\u00f6kan<\/p>\n<ul id=\"navlist\">\n<li>Fyll i ans\u00f6kan och f\u00e5 svar p\u00e5 3 min<\/li>\n<li>Signera med BankID<\/li>\n<li>Pengar p\u00e5 kontot inom 24 timmar<\/li>\n<\/ul>\n<\/div>\n<\/div>\n<\/div>\n<p><span style=\"color: #00529c; font-size: 16pt;\">Villkor:<\/span><\/p>\n<table>\n<tbody>\n<tr>\n<td bgcolor=\"#000\"><span style=\"color: #ffffff;\">R\u00e4nta<\/span><\/td>\n<td>2%\/per 30 dagar (\u00c5rsr\u00e4nta ca 24,0%).<\/td>\n<\/tr>\n<tr>\n<td bgcolor=\"#000\"><span style=\"color: #ffffff;\">Uppl\u00e4ggningsavgift<\/span><\/td>\n<td>Ingen.<\/td>\n<\/tr>\n<tr>\n<td bgcolor=\"#000\"><span style=\"color: #ffffff;\">Borgens\u00e5tagande<\/span><\/td>\n<td>Kr\u00e4ver personlig borgensf\u00f6rbindelse. Borgensmannen ska vara svensk medborgare.<\/td>\n<\/tr>\n<tr>\n<td bgcolor=\"#000\"><span style=\"color: #ffffff;\">F\u00f6rtidsinl\u00f6sen<\/span><\/td>\n<td>L\u00f6ptiden \u00e4r flexibel s\u00e5 du l\u00f6ser skulden n\u00e4r du vill.<\/td>\n<\/tr>\n<tr>\n<td bgcolor=\"#000\"><span style=\"color: #ffffff;\">Betalningsanm\u00e4rkning<\/span><\/td>\n<td>Inga betalningsm\u00e4rkningar eller skuldsaldo.<\/td>\n<\/tr>\n<\/tbody>\n<\/table>\n<p><span style=\"color: #00529c; font-size: 16pt;\">Uppskattade krav p\u00e5 f\u00f6retag som s\u00f6ker:<\/span><\/p>\n<table>\n<tbody>\n<tr>\n<td bgcolor=\"#000\"><span style=\"color: #ffffff;\">\u00c4garskap<\/span><\/td>\n<td>Ans\u00f6kan kan endast uppr\u00e4ttas av firmatecknare eller annan bolagsman med teckningsr\u00e4tt.<\/td>\n<\/tr>\n<tr>\n<td bgcolor=\"#000\"><span style=\"color: #ffffff;\">F\u00f6retagsadress<\/span><\/td>\n<td>Verksamheten \u00e4r registrerad hos bolagsverket i Sverige.<\/td>\n<\/tr>\n<\/tbody>\n<\/table>\n<p><span style=\"color: #00529c; font-size: 16pt;\">F\u00f6ljande information\/dokumentation beh\u00f6vs:<\/span><\/p>\n<ul>\n<li>Du skall ha namnteckningsr\u00e4tt i f\u00f6retaget ensam eller tillsammans annan person<\/li>\n<li>F-skattesedel kr\u00e4vs.<\/li>\n<li>Ett giltigt BankID f\u00f6r att uppr\u00e4tta och signera l\u00e5neavtal.<\/li>\n<\/ul>\n<hr \/>\n<p>&nbsp;<\/p>\n<h4>\u00d6PPETTIDER KUNDTJ\u00c4NST:<\/h4>\n<table class=\"table table-striped\" border=\"0\">\n<tbody>\n<tr>\n<td valign=\"top\" width=\"150\">M\u00e5ndag \u2013 Fredagar<\/td>\n<td valign=\"top\" width=\"100\">08:00-17:00<\/td>\n<\/tr>\n<tr>\n<td valign=\"top\" width=\"150\">Helg<\/td>\n<td valign=\"top\" width=\"100\">St\u00e4ngt<\/td>\n<\/tr>\n<\/tbody>\n<\/table>\n<blockquote><p>\nTelefon: 010-330 06 80<br \/>\nE-mail: <a href=\"mailto:info@qapitala.se\">info@qapitala.se.<\/a><\/p><\/blockquote>\n<blockquote class=\"theme\"><p>Qapitala AB<\/p>\n<h4>ADRESS:<\/h4>\n<p>MALMSKILLNADSGATAN 32<br \/>\n111 51 Stockholm<br \/>\nStockholms l\u00e4n<br \/>\nOrg. nr: 559196-8473<\/p><\/blockquote>\n","protected":false},"excerpt":{"rendered":"<p>Qapitala \u00e4r ett helt nytt fintechbolag 2019 som i likhet med flera andra konkurrenter valt att satsa p\u00e5 checkkrediter f\u00f6r f\u00f6retag helt digitalt. Till skillnad fr\u00e5n en del andra moderna &#8230;<\/p>\n","protected":false},"author":1,"featured_media":1642,"parent":0,"menu_order":0,"comment_status":"closed","ping_status":"closed","template":"","meta":{"footnotes":""},"class_list":["post-1641","page","type-page","status-publish","has-post-thumbnail","hentry"],"_links":{"self":[{"href":"https:\/\/firmalan.com\/sv\/wp-json\/wp\/v2\/pages\/1641","targetHints":{"allow":["GET"]}}],"collection":[{"href":"https:\/\/firmalan.com\/sv\/wp-json\/wp\/v2\/pages"}],"about":[{"href":"https:\/\/firmalan.com\/sv\/wp-json\/wp\/v2\/types\/page"}],"author":[{"embeddable":true,"href":"https:\/\/firmalan.com\/sv\/wp-json\/wp\/v2\/users\/1"}],"replies":[{"embeddable":true,"href":"https:\/\/firmalan.com\/sv\/wp-json\/wp\/v2\/comments?post=1641"}],"version-history":[{"count":11,"href":"https:\/\/firmalan.com\/sv\/wp-json\/wp\/v2\/pages\/1641\/revisions"}],"predecessor-version":[{"id":2100,"href":"https:\/\/firmalan.com\/sv\/wp-json\/wp\/v2\/pages\/1641\/revisions\/2100"}],"wp:featuredmedia":[{"embeddable":true,"href":"https:\/\/firmalan.com\/sv\/wp-json\/wp\/v2\/media\/1642"}],"wp:attachment":[{"href":"https:\/\/firmalan.com\/sv\/wp-json\/wp\/v2\/media?parent=1641"}],"curies":[{"name":"wp","href":"https:\/\/api.w.org\/{rel}","templated":true}]}}