{"id":164,"date":"2017-05-04T15:20:00","date_gmt":"2017-05-04T15:20:00","guid":{"rendered":"https:\/\/firmalan.com\/sv\/?page_id=164"},"modified":"2020-11-28T22:33:37","modified_gmt":"2020-11-28T21:33:37","slug":"lana-pengar","status":"publish","type":"page","link":"https:\/\/firmalan.com\/sv\/lana-pengar\/","title":{"rendered":"Checklista f\u00f6r f\u00f6retag som vill l\u00e5na pengar"},"content":{"rendered":"<p><strong>Inneh\u00e5ll<\/strong><\/p>\n<div class=\"numberlist\">\n<ul>\n<li><a href=\"\/sv\/lana-pengar\/jamfor-lan\/\">J\u00e4mf\u00f6r f\u00f6retagsl\u00e5n<\/a><\/li>\n<li><a href=\"#med-eller-utan-sakerhet\">Med eller utan s\u00e4kerhet<\/a><\/li>\n<li><a href=\"#med-eller-utan-personlig-borgen\">Med eller utan personlig borgen<\/a><\/li>\n<li><a href=\"#lana-med-anmarkningar\">L\u00e5na med anm\u00e4rkningar<\/a><\/li>\n<li><a href=\"#ranta-och-avgifter\">R\u00e4nta och avgifter<\/a><\/li>\n<li><a href=\"#lana-pengar-utan-uc-kreditupplysning\">L\u00e5na pengar utan UC kreditupplysning<\/a><\/li>\n<li><a href=\"#valja-foretagskredit-eller-foretagslan-vad-ar-skillanden\">V\u00e4lja f\u00f6retagskredit eller f\u00f6retagsl\u00e5n &#8211; vad \u00e4r skillnaden?<\/a><\/li>\n<li><a href=\"#hur-fort-overfors-pengar-till-kontot\">Hur fort \u00f6verf\u00f6rs pengar till kontot?<\/a><\/li>\n<li><a href=\"#leasing\">Leasing<\/a><\/li>\n<li><a href=\"#fakturalan\">Faktural\u00e5n<\/a><\/li>\n<\/ul>\n<\/div>\n<p>&nbsp;<\/p>\n","protected":false},"excerpt":{"rendered":"<p>Inneh\u00e5ll J\u00e4mf\u00f6r f\u00f6retagsl\u00e5n Med eller utan s\u00e4kerhet Med eller utan personlig borgen L\u00e5na med anm\u00e4rkningar R\u00e4nta och avgifter L\u00e5na pengar utan UC kreditupplysning V\u00e4lja f\u00f6retagskredit eller f\u00f6retagsl\u00e5n &#8211; vad \u00e4r &#8230;<\/p>\n","protected":false},"author":1,"featured_media":0,"parent":0,"menu_order":0,"comment_status":"open","ping_status":"closed","template":"template-fullwidth.php","meta":{"footnotes":""},"class_list":["post-164","page","type-page","status-publish","hentry"],"_links":{"self":[{"href":"https:\/\/firmalan.com\/sv\/wp-json\/wp\/v2\/pages\/164","targetHints":{"allow":["GET"]}}],"collection":[{"href":"https:\/\/firmalan.com\/sv\/wp-json\/wp\/v2\/pages"}],"about":[{"href":"https:\/\/firmalan.com\/sv\/wp-json\/wp\/v2\/types\/page"}],"author":[{"embeddable":true,"href":"https:\/\/firmalan.com\/sv\/wp-json\/wp\/v2\/users\/1"}],"replies":[{"embeddable":true,"href":"https:\/\/firmalan.com\/sv\/wp-json\/wp\/v2\/comments?post=164"}],"version-history":[{"count":19,"href":"https:\/\/firmalan.com\/sv\/wp-json\/wp\/v2\/pages\/164\/revisions"}],"predecessor-version":[{"id":1259,"href":"https:\/\/firmalan.com\/sv\/wp-json\/wp\/v2\/pages\/164\/revisions\/1259"}],"wp:attachment":[{"href":"https:\/\/firmalan.com\/sv\/wp-json\/wp\/v2\/media?parent=164"}],"curies":[{"name":"wp","href":"https:\/\/api.w.org\/{rel}","templated":true}]}}