{"id":163,"date":"2017-05-04T19:34:00","date_gmt":"2017-05-04T17:34:00","guid":{"rendered":"https:\/\/firmalan.com\/sv\/?page_id=163"},"modified":"2020-07-07T06:20:27","modified_gmt":"2020-07-07T04:20:27","slug":"qred","status":"publish","type":"page","link":"https:\/\/firmalan.com\/sv\/lana-pengar\/qred\/","title":{"rendered":"Qred F\u00f6retagsl\u00e5n"},"content":{"rendered":"<div class=\"section-content\">\n<div class=\"row\">\n<div class=\"feature-item col-lg-6 col-sm-6 wow slideInUp\">\n<div class=\"feature-media\"><img decoding=\"async\" src=\"https:\/\/firmalan.com\/sv\/wp-content\/uploads\/logo\/3qred.png\" \/><\/div>\n<\/div>\n<div class=\"feature-item col-lg-6 col-sm-6 wow slideInUp\">\n<p>Den som tror att Qred \u00e4r \u00e4nnu ett l\u00e5nef\u00f6retag med riskkapitalbolag, mediebolag eller storbanker i ryggen har fel. Det som g\u00f6r Qred speciellt, \u00e4r att verksamheten drivs av eldsj\u00e4lar som l\u00e5nar ut eget kapital till sm\u00e5f\u00f6retagare som banken v\u00e4ljer bort. Qred erbjuder b\u00e5de egna f\u00f6retagsl\u00e5n och bedriver f\u00f6rmedling av kunder till tredje part. <\/p>\n<p><span style=\"color: #f4f4f4;\"><strong><a class=\"btn btn-theme-primary btn-lg\" style=\"color: #f4f4f4;\" title=\"\u27a4 Qred f\u00f6retag- l\u00e5n\" href=\"https:\/\/firmalan.com\/sv\/go\/qred\/\" target=\"_blank\" rel=\"nofollow noopener noreferrer\">\u27a4 G\u00e5 Till Qred F\u00f6retagsl\u00e5n <\/a><\/strong><\/span><\/p>\n<\/div>\n<\/div>\n<\/div>\n<div class=\"section-color\">\n<div class=\"row\">\n<div class=\"feature-item col-lg-6 col-sm-6 wow slideInUp\">\n<p class=\"kapitel\">F\u00f6retagskrediten<\/p>\n<ul id=\"navlist\">\n<li>Belopp: 10 000-1 000 000 kr<\/li>\n<li>L\u00f6ptid: 1-18 m\u00e5n<\/li>\n<li>Fast m\u00e5nadsavgift <a href=\"#tabell\">se prisexempel i tabell<\/a><br \/>\n*M\u00e5nadsavgiften \u00e4r individuell och best\u00e4ms efter kreditpr\u00f6vning.<\/li>\n<\/ul>\n<\/div>\n<div class=\"feature-item col-lg-6 col-sm-6 wow slideInUp\">\n<p class=\"kapitel\">Ans\u00f6kan<\/p>\n<ul id=\"navlist\">\n<li>Snabb ans\u00f6kan med BankID<\/li>\n<li>F\u00e5 l\u00e5nesvar inom en timme<\/li>\n<li>Utbetalning samma dag (vid godk\u00e4nd ans\u00f6kan f\u00f6re kl 17)<\/li>\n<\/ul>\n<\/div>\n<\/div>\n<\/div>\n<p><span style=\"color: #00529c; font-size: 16pt;\">Villkor:<\/span><\/p>\n<table>\n<tbody>\n<tr>\n<td bgcolor=\"#000\"><span style=\"color: #ffffff;\">R\u00e4nta<\/span><\/td>\n<td>Fasta avgifter tas ut f\u00f6r l\u00e5net.<\/td>\n<\/tr>\n<tr>\n<td bgcolor=\"#000\"><span style=\"color: #ffffff;\">Uppl\u00e4ggningsavgift<\/span><\/td>\n<td>Ingen uppl\u00e4ggningsavgift.<\/td>\n<\/tr>\n<tr>\n<td bgcolor=\"#000\"><span style=\"color: #ffffff;\">Borgens\u00e5tagande<\/span><\/td>\n<td>Kr\u00e4ver personlig borgensf\u00f6rbindelse.<\/td>\n<\/tr>\n<tr>\n<td bgcolor=\"#000\"><span style=\"color: #ffffff;\">F\u00f6rtidsinl\u00f6sen<\/span><\/td>\n<td>Kan g\u00f6ras n\u00e4r som helst och betalar d\u00e5 endast f\u00f6r de m\u00e5nader f\u00f6retagsl\u00e5net l\u00f6pt.<\/td>\n<\/tr>\n<tr>\n<td bgcolor=\"#000\"><span style=\"color: #ffffff;\">Betalningsanm\u00e4rkning<\/span><\/td>\n<td>En betalningsanm\u00e4rkning \u00e4r inte n\u00f6dv\u00e4ndigtvis ett hinder f\u00f6r att f\u00e5 l\u00e5n.<\/td>\n<\/tr>\n<\/tbody>\n<\/table>\n<p><span style=\"color: #00529c; font-size: 16pt;\">Krav p\u00e5 f\u00f6retag som s\u00f6ker:<\/span><\/p>\n<table>\n<tbody>\n<tr>\n<td bgcolor=\"#000\"><span style=\"color: #ffffff;\">Oms\u00e4ttning<\/span><\/td>\n<td>Uppgift saknas.<\/td>\n<\/tr>\n<tr>\n<td bgcolor=\"#000\"><span style=\"color: #ffffff;\">Historik<\/span><\/td>\n<td>F\u00f6retaget har god kreditv\u00e4rdighet.<\/td>\n<\/tr>\n<tr>\n<td bgcolor=\"#000\"><span style=\"color: #ffffff;\">\u00c4garskap<\/span><\/td>\n<td>Alla svenska aktiebolag, enskilda firmor, handelsbolag och kommanditbolag kan ans\u00f6ka om l\u00e5n<\/td>\n<\/tr>\n<tr>\n<td bgcolor=\"#000\"><span style=\"color: #ffffff;\">F\u00f6retagsadress<\/span><\/td>\n<td>Verksamheten \u00e4r registrerad hos bolagsverket i Sverige.<\/td>\n<\/tr>\n<\/tbody>\n<\/table>\n<p><span style=\"color: #00529c; font-size: 16pt;\">F\u00f6ljande information\/dokumentation beh\u00f6vs:<\/span><\/p>\n<ul>\n<li>Du skall ha namnteckningsr\u00e4tt i f\u00f6retaget ensam eller tillsammans annan person<\/li>\n<li>Tillg\u00e5ng till BankID eller mobilt BankID<\/li>\n<li>F\u00f6retagets faktureringsuppgifter samt bankkontonummer<\/li>\n<li>Namn p\u00e5 och e-postadresser till ansvariga personer och borgensm\u00e4n.<\/li>\n<\/ul>\n<hr \/>\n<p>Qred finns till dig som driver Sverige fram\u00e5t. Om ert f\u00f6retag beh\u00f6ver l\u00e5na finns valbara f\u00f6retagskrediter p\u00e5 mellan 10 000 kr upp till 1 000 000 kr. Dessa pengar kan anv\u00e4ndas f\u00f6r att v\u00e4xa eller f\u00f6r att t\u00e4cka tillf\u00e4lliga kostnads\u00f6kningar. Exakt storlek p\u00e5 l\u00e5nebeloppet beror p\u00e5 ditt f\u00f6retags \u00e5terbetalningsf\u00f6rm\u00e5ga.<\/p>\n<h3>Ans\u00f6k f\u00f6ruts\u00e4ttningsl\u00f6st utan f\u00f6rpliktelser<\/h3>\n<p>Vid ans\u00f6kan uppger ni hur mycket pengar ert f\u00f6retag \u00f6nskar l\u00e5na samt fyller i f\u00f6retagsuppgifter och kontaktinformation. I vissa fall kr\u00e4vs ytterligare kompletterande uppgifter. I samband med ans\u00f6kan kommer ni \u00e4ven beh\u00f6va logga in p\u00e5 ert bankkonto f\u00f6r att verifierar er identitet samt att pengarna hamnar p\u00e5 r\u00e4tt konto. Qred h\u00e4mtar \u00e4ven data fr\u00e5n banken som anv\u00e4nds f\u00f6r att g\u00f6ra en allsidig kreditpr\u00f6vning. Efter utf\u00f6rd kreditbed\u00f6mning skickas i regel ett l\u00e5nebesked till kunden inom en timme.<\/p>\n<h3>Teckna Qred f\u00f6retagsl\u00e5n<\/h3>\n<p>Om l\u00e5nebeskedet \u00e4r positivt \u00e4r det m\u00f6jligt att godk\u00e4nna och bekr\u00e4fta l\u00e5net med BankID. Pengarna betalas sedan normalt ut till f\u00f6retagskontot redan samma dag f\u00f6rutsatt att ans\u00f6kan beviljats senast kl 17.<\/p>\n<p>Amortering och \u00e5terbetalning av l\u00e5net sker med en fast m\u00e5nadsavgift, m\u00f6jlighet finns att betala via PDF-faktura f\u00f6r att slippa kostnaden p\u00e5 30 kr per pappersfaktura. Det \u00e4r \u00e4ven m\u00f6jligt att betala tillbaka l\u00e5net via Swish. Swish-betalningar skickas till 123 115 96 23 med ert fakturanummer som meddelande.<\/p>\n<p>Det \u00e4r \u00e4ven m\u00f6jligt att ut\u00f6ka ett befintligt l\u00e5n under l\u00f6ptiden. Detta g\u00f6rs i inloggat l\u00e4ge p\u00e5 <a href=\"\/sv\/go\/qred\" target=\"_blank\" rel=\"nofollow noopener noreferrer\">qred.com<\/a> och mina sidor.<\/p>\n<h3>Om Qred F\u00f6retagsl\u00e5n AB<\/h3>\n<p>Personerna som arbetar p\u00e5 Qred F\u00f6retagsl\u00e5n AB \u00e4r ocks\u00e5 de som \u00e4ger bolaget. VD:n Emil Sunvisson \u00e4r en serieentrepren\u00f6r som skapat och drivit flera framg\u00e5ngsrika f\u00f6retag tidigare, nu \u00e4r Sunvissons och \u00f6vriga Qreds m\u00e5ls\u00e4ttning att p\u00e5 allvar utmana bankernas s\u00e4rst\u00e4llning p\u00e5 finansmarknaden.<\/p>\n<p>Just nu v\u00e4xer Qred snabbt, under f\u00f6rsta kvartalet 2020 \u00f6kade int\u00e4kterna med 90 % och antalet aktiva m\u00e5nadsvisa anv\u00e4ndare \u00f6kade med 2\u00a0493 st vilket inneb\u00e4r en tillv\u00e4xt med 47 % j\u00e4mf\u00f6rt med f\u00f6reg\u00e5ende \u00e5r. Storleken p\u00e5 l\u00e5neportf\u00f6ljen har \u00f6kat med 41% fr\u00e5n 421,8 (vid utg\u00e5ngen av 2019) till 603,8 mkr (slutet av f\u00f6rsta kvartalet 2020).<br \/>\n<a name=\"tabell\"><\/a> <span style=\"color: #00529c; font-size: 16pt;\">Kostnadstabell<\/span><\/p>\n<table>\n<thead>\n<tr>\n<th>Belopp<\/th>\n<th>6 m\u00e5n<\/th>\n<th>9 m\u00e5n<\/th>\n<th>12 m\u00e5n<\/th>\n<\/tr>\n<\/thead>\n<tbody>\n<tr>\n<td bgcolor=\"#000\"><span style=\"color: #ffffff;\">20000 kr<\/span><\/td>\n<td>22400 kr<\/td>\n<td>23420 kr<\/td>\n<td>24320 kr<\/td>\n<\/tr>\n<tr>\n<td bgcolor=\"#000\"><span style=\"color: #ffffff;\">25000 kr<\/span><\/td>\n<td>28000 kr<\/td>\n<td>29275 kr<\/td>\n<td>30400 kr<\/td>\n<\/tr>\n<tr>\n<td bgcolor=\"#000\"><span style=\"color: #ffffff;\">30000 kr<\/span><\/td>\n<td>33600 kr<\/td>\n<td>35130 kr<\/td>\n<td>36480 kr<\/td>\n<\/tr>\n<tr>\n<td bgcolor=\"#000\"><span style=\"color: #ffffff;\">40000 kr<\/span><\/td>\n<td>44800 kr<\/td>\n<td>46840 kr<\/td>\n<td>48640 kr<\/td>\n<\/tr>\n<tr>\n<td bgcolor=\"#000\"><span style=\"color: #ffffff;\">50000 kr<\/span><\/td>\n<td>56000 kr<\/td>\n<td>58550 kr<\/td>\n<td>60800 kr<\/td>\n<\/tr>\n<tr>\n<td bgcolor=\"#000\"><span style=\"color: #ffffff;\">500000 kr<\/span><\/td>\n<td>548000 kr<\/td>\n<td>569300 kr<\/td>\n<td>588800 kr<\/td>\n<\/tr>\n<\/tbody>\n<\/table>\n<p>*Uppdaterad 2019-05-08. M\u00e5nadsr\u00e4nta utg\u00e5r och varierar mellan 1,48%-2,00% i exempelber\u00e4kningen.<\/p>\n<h4>\u00d6PPETTIDER KUNDTJ\u00c4NST:<\/h4>\n<table class=\"table table-striped\" border=\"0\">\n<tbody>\n<tr>\n<td valign=\"top\" width=\"150\">M\u00e5ndag \u2013 Fredagar<\/td>\n<td valign=\"top\" width=\"100\">07:00-17:30<\/td>\n<\/tr>\n<tr>\n<td valign=\"top\" width=\"150\">Helg<\/td>\n<td valign=\"top\" width=\"100\">St\u00e4ngt<\/td>\n<\/tr>\n<\/tbody>\n<\/table>\n<blockquote><p>Telefon: 08-474 46 62<br \/>\nE-mail: <a href=\"mailto:support@qred.se\">support@qred.se<\/a><\/p><\/blockquote>\n<blockquote class=\"theme\"><p>Qred F\u00f6retagsl\u00e5n AB<\/p>\n<h4>ADRESS:<\/h4>\n<p>Tulegatan 15<br \/>\n113 53 Stockholm<br \/>\nOrg. nr: 559008-9800<\/p><\/blockquote>\n","protected":false},"excerpt":{"rendered":"<p>Den som tror att Qred \u00e4r \u00e4nnu ett l\u00e5nef\u00f6retag med riskkapitalbolag, mediebolag eller storbanker i ryggen har fel. Det som g\u00f6r Qred speciellt, \u00e4r att verksamheten drivs av eldsj\u00e4lar som &#8230;<\/p>\n","protected":false},"author":1,"featured_media":1064,"parent":164,"menu_order":43,"comment_status":"open","ping_status":"closed","template":"template-fullwidth.php","meta":{"footnotes":""},"class_list":["post-163","page","type-page","status-publish","has-post-thumbnail","hentry"],"_links":{"self":[{"href":"https:\/\/firmalan.com\/sv\/wp-json\/wp\/v2\/pages\/163","targetHints":{"allow":["GET"]}}],"collection":[{"href":"https:\/\/firmalan.com\/sv\/wp-json\/wp\/v2\/pages"}],"about":[{"href":"https:\/\/firmalan.com\/sv\/wp-json\/wp\/v2\/types\/page"}],"author":[{"embeddable":true,"href":"https:\/\/firmalan.com\/sv\/wp-json\/wp\/v2\/users\/1"}],"replies":[{"embeddable":true,"href":"https:\/\/firmalan.com\/sv\/wp-json\/wp\/v2\/comments?post=163"}],"version-history":[{"count":15,"href":"https:\/\/firmalan.com\/sv\/wp-json\/wp\/v2\/pages\/163\/revisions"}],"predecessor-version":[{"id":2328,"href":"https:\/\/firmalan.com\/sv\/wp-json\/wp\/v2\/pages\/163\/revisions\/2328"}],"up":[{"embeddable":true,"href":"https:\/\/firmalan.com\/sv\/wp-json\/wp\/v2\/pages\/164"}],"wp:featuredmedia":[{"embeddable":true,"href":"https:\/\/firmalan.com\/sv\/wp-json\/wp\/v2\/media\/1064"}],"wp:attachment":[{"href":"https:\/\/firmalan.com\/sv\/wp-json\/wp\/v2\/media?parent=163"}],"curies":[{"name":"wp","href":"https:\/\/api.w.org\/{rel}","templated":true}]}}