{"id":1611,"date":"2019-06-13T11:37:55","date_gmt":"2019-06-13T09:37:55","guid":{"rendered":"https:\/\/firmalan.com\/sv\/?page_id=1611"},"modified":"2019-11-20T19:37:49","modified_gmt":"2019-11-20T18:37:49","slug":"foretagsforsakring","status":"publish","type":"page","link":"https:\/\/firmalan.com\/sv\/foretagsforsakring\/","title":{"rendered":"F\u00f6retagsf\u00f6rs\u00e4kring"},"content":{"rendered":"<p>Alla vet hur viktigt det \u00e4r att ha olika f\u00f6rs\u00e4kringar. N\u00e4r olyckan \u00e4r framme st\u00e5r du utan skydd om du inte varit f\u00f6rutseende och tecknat en f\u00f6retagsf\u00f6rs\u00e4kring. Det \u00e4r klart att premien kostar en slant, men det kan du f\u00e5 igen flera g\u00e5nger om. F\u00f6r verksamheter \u00e4r det viktigt att v\u00e4lja en f\u00f6rs\u00e4kring som passar deras bransch och andra speciella behov.<\/p>\n<p><a class=\"btn btn-theme-primary btn-lg\" href=\"#jamfora-valja-foretagsforsakring\"><span style=\"font-size: small;\">J\u00e4mf\u00f6r &amp; v\u00e4lja f\u00f6retagsf\u00f6rs\u00e4kring<\/span><\/a><a class=\"btn btn-secondary-outline btn-lg\" href=\"#vilka-forsakringar-behover-man-som-egen-foretagare\"><span style=\"font-size: small;\">Vilka f\u00f6rs\u00e4kringar beh\u00f6ver egen f\u00f6retagare?<\/span><\/a><\/p>\n<h3><\/h3>\n<h3>Olika sorters f\u00f6rs\u00e4kringar f\u00f6r verksamheter<\/h3>\n<p>Har du g\u00e5rd? D\u00e5 beh\u00f6ver du f\u00f6rs\u00e4kra de byggnader som inte \u00e4r en del av ditt hem, ett s\u00e5 kallat egendomsskydd. Samtidigt s\u00e5 beh\u00f6ver du en ansvarsf\u00f6rs\u00e4kring som du kan anv\u00e4nda om n\u00e5gon kr\u00e4ver dig p\u00e5 skadest\u00e5nd. Det \u00e4r inte ovanligt att man som f\u00f6retagare beh\u00f6ver hj\u00e4lp av en advokat och d\u00e5 kan du spara mycket genom att ha ett r\u00e4ttsskydd. Allt detta och mer d\u00e4rtill kan du f\u00e5 i ett paket med f\u00f6retagsf\u00f6rs\u00e4kring.<\/p>\n<p>N\u00e5got liknande kan vara aktuellt f\u00f6r den som driver butik. Men h\u00e4r t\u00e4nker du kanske mer p\u00e5 risken att en kund ramlar och sl\u00e5r sig, f\u00f6r att sedan st\u00e4mma butiken. Eller att n\u00e5gon bryter sig in och stj\u00e4l antingen pengar eller dina varor. Det kr\u00e4ver en s\u00e4rskild f\u00f6rs\u00e4kring f\u00f6r butiker, eftersom scenariot och riskerna \u00e4r ett helt annat.<\/p>\n<p>D\u00e4rf\u00f6r ska du se dig om efter olika f\u00f6rs\u00e4kringspaket som riktar sig till just din bransch eller situation. En del som har g\u00e5rd har \u00e4ven djur, men inte alla och inte i samma utstr\u00e4ckning. Din butik kanske drivs av dig, utan n\u00e5gra anst\u00e4llda som m\u00e5ste f\u00f6rs\u00e4kras. Se d\u00e4rf\u00f6r till att analysera avtalet s\u00e5 det \u00e4r anpassat till dig.<\/p>\n<h3>Vad kan du f\u00f6rs\u00e4kra?<\/h3>\n<p>I princip kan det mesta f\u00f6rs\u00e4kras. Men du ska ju ocks\u00e5 betala premierna s\u00e5 det g\u00e4ller att v\u00e4lja s\u00e5dant som \u00e4r riktigt viktigt. Personlig skada kan vara en s\u00e5dan sak. Du kan bland annat inkludera v\u00e5rd om det skulle ske en olycka p\u00e5 arbetsplatsen f\u00f6r b\u00e5de dig sj\u00e4lv och dina anst\u00e4llda. Kanske generellt m\u00f6jligheten till privat v\u00e5rd, som en f\u00f6rm\u00e5n. F\u00f6rs\u00e4kringen kan ocks\u00e5 t\u00e4cka kostnader i samband med sjukdom, som vikarier eller f\u00f6rlorad inkomst.<\/p>\n<p>F\u00f6retagets \u00e4godelar och sj\u00e4lva driften b\u00f6r ocks\u00e5 f\u00f6rs\u00e4kras. Dels eventuella byggnader, men \u00e4ven inventarier och varor. Om det skulle bli en vattenskada finns det f\u00f6rs\u00e4kringar som t\u00e4cker allt, inklusive tapeterna du har satt upp sj\u00e4lv. Det kan vara fr\u00e5ga om ett inbrott, en brand eller andra of\u00f6rutsedda h\u00e4ndelser som stoppar upp din aktivitet. D\u00e5 kan du f\u00e5 ers\u00e4ttning tills du kommer ig\u00e5ng igen. En f\u00f6retagsf\u00f6rs\u00e4kring \u00e4r allts\u00e5 n\u00e5got som du verkligen ska satsa p\u00e5.<\/p>\n<hr \/>\n<div class=\"symbol-target\"><\/div>\n<h2 id=\"jamfora-valja-foretagsforsakring\">J\u00e4mf\u00f6ra &amp; v\u00e4lja f\u00f6retagsf\u00f6rs\u00e4kring<\/h2>\n<p>F\u00f6rs\u00e4kringsbolag kan ofta erbjuda \u201df\u00e4rdiga paket\u201d inneh\u00e5llande de viktigaste och mest grundl\u00e4ggande f\u00f6rs\u00e4kringsskydden utifr\u00e5n om det \u00e4r r\u00f6r sig om sm\u00e5 eller st\u00f6rre f\u00f6retag. \u00a0Det finns \u00e4ven ett antal fackf\u00f6rbund som v\u00e4lkomnar sm\u00e5f\u00f6retagare och som kan erbjuda dessa medlemmar olika f\u00f6rs\u00e4kringsm\u00f6jligheter. Men eftersom f\u00f6rs\u00e4kringsbehoven \u00e4ven styrs av vilken bransch f\u00f6retaget \u00e4r verksamt inom, \u00e4r en skr\u00e4ddarsydd f\u00f6retagsf\u00f6rs\u00e4kring oftast b\u00e5de billigare och b\u00e4ttre l\u00f6sning i l\u00e4ngden.<\/p>\n<p>Se vilka typer av f\u00f6rs\u00e4kringar de olika f\u00f6rs\u00e4kringsbolagen erbjuder f\u00f6retag:<\/p>\n<table class=\"firmatable\" style=\"width: 100%; border-collapse: collapse;\">\n<thead>\n<tr>\n<th>F\u00f6rs\u00e4kringsbolag<\/th>\n<th class=\"noshow\">F\u00f6retagsf\u00f6rs\u00e4kringar<\/th>\n<\/tr>\n<\/thead>\n<tbody>\n<tr>\n<td>Trygg-Hansa F\u00f6rs\u00e4kring<\/td>\n<td>\n<ul>\n<li>Trygga Firman \u2013 oms\u00e4ttning 0-10 mkr<\/li>\n<li>St\u00f6rre f\u00f6retag \u2013 oms\u00e4ttning fr\u00e5n 50 mkr<\/li>\n<li>Cyberf\u00f6rs\u00e4kring<\/li>\n<li>Sjukdom &amp; olycksfall<\/li>\n<li>Bilf\u00f6rs\u00e4kring &amp; l\u00e4tt lastbil<\/li>\n<li>Lastbil maskin &amp; andra fordon<\/li>\n<li>Transportf\u00f6rs\u00e4kring<\/li>\n<\/ul>\n<\/td>\n<\/tr>\n<\/tbody>\n<\/table>\n<hr \/>\n<h3 id=\"vilka-forsakringar-behover-man-som-egen-foretagare\">Vilka f\u00f6rs\u00e4kringar beh\u00f6ver man som egen f\u00f6retagare?<\/h3>\n<p>\u00c4ven om det inte finns n\u00e5gon lag som s\u00e4ger att alla egen f\u00f6retagare m\u00e5ste f\u00f6rs\u00e4kra sig, \u00e4r den allm\u00e4nna rekommendationen att \u00e5tminstone teckna de mest grundl\u00e4ggande skydden.<\/p>\n<p><strong>Ansvarsf\u00f6rs\u00e4kring<\/strong> \u2013 skyddar och ers\u00e4tter ditt f\u00f6retag om du, verksamheten eller en anst\u00e4lld orsakar skada som leder till skadest\u00e5ndsanspr\u00e5k. Detta \u00e4r f\u00f6rmodligen den enskilt viktigaste f\u00f6rs\u00e4kringen f\u00f6r enskilda firmor och mindre aktiebolag.<\/p>\n<p><strong>Personalf\u00f6rs\u00e4kring<\/strong> \u2013 om det egna f\u00f6retaget har fler anst\u00e4llda \u00e4n enbart \u00e4gare, beh\u00f6ver villkoren f\u00f6r personalf\u00f6rs\u00e4kringarna ses \u00f6ver och beslut fattas om dess omfattning. N\u00e5gra omr\u00e5den som kan f\u00f6rs\u00e4kras \u00e4r sjukdom, olycksfall, pension samt livf\u00f6rs\u00e4kring.<\/p>\n<p><strong>R\u00e4ttsskydd<\/strong> \u2013 Om du hamnar i r\u00e4ttslig tvist med en annan part kan du f\u00e5 ers\u00e4ttning f\u00f6r de kostnader som uppst\u00e5r i samband med exempelvis en r\u00e4tteg\u00e5ng. Att teckna r\u00e4ttsskydd \u00e4r s\u00e4rskilt viktigt om du driver en verksamhet som inkluderar komplicerade \u00e4renden och transaktioner.<\/p>\n<p><strong>Avbrottsf\u00f6rs\u00e4kring<\/strong> \u2013 garanterar att verksamheten inte st\u00e5r och faller med fr\u00e5nvaron av en nyckelperson, ett oplanerat produktionsstopp eller en egendomsskada.<\/p>\n<p><strong>Egendomsf\u00f6rs\u00e4kring<\/strong> \u2013 detta \u00e4r en allm\u00e4n f\u00f6rs\u00e4kring som t\u00e4cker skador f\u00f6retagets egendom och omfattar i regel varor, inventarier eller annan materiell egendom, s\u00e5 v\u00e4l fast som l\u00f6s, som f\u00f6rvaras i f\u00f6retagets lokaler.<\/p>\n<p><strong>Bedr\u00e4geriskyddsf\u00f6rs\u00e4kring<\/strong> &#8211; bolagskapningar har blivit allt vanligare. \u00a0Ofta b\u00f6rjar det med en kapad identitet som sedan leder till att bedr\u00e4gerier av olika slag utf\u00f6rs i det utsatta f\u00f6retagets namn. \u00a0ID-skydd bevakar identiteter och rapporterar vid avvikande h\u00e4ndelser. Medan en fullsaklig bedr\u00e4geriskyddsf\u00f6rs\u00e4kring \u00e4ven kan ers\u00e4tta dig f\u00f6r kostnader och utgifter som uppst\u00e5r i samband med ett fullbordat bedr\u00e4geri samt hj\u00e4lpa dig att hantera den juridiska g\u00e5ngen.<\/p>\n<p><strong>A-kassa och inkomstf\u00f6rs\u00e4kring<\/strong> \u2013 f\u00f6rs\u00e4krar inte ditt f\u00f6retag, d\u00e4remot kan det skydda dig personligen i egenskap av egen f\u00f6retagare mot inkomstbortfall vid arbetsl\u00f6shet.<\/p>\n","protected":false},"excerpt":{"rendered":"<p>Alla vet hur viktigt det \u00e4r att ha olika f\u00f6rs\u00e4kringar. N\u00e4r olyckan \u00e4r framme st\u00e5r du utan skydd om du inte varit f\u00f6rutseende och tecknat en f\u00f6retagsf\u00f6rs\u00e4kring. Det \u00e4r klart &#8230;<\/p>\n","protected":false},"author":1,"featured_media":0,"parent":0,"menu_order":0,"comment_status":"closed","ping_status":"closed","template":"","meta":{"footnotes":""},"class_list":["post-1611","page","type-page","status-publish","hentry"],"_links":{"self":[{"href":"https:\/\/firmalan.com\/sv\/wp-json\/wp\/v2\/pages\/1611","targetHints":{"allow":["GET"]}}],"collection":[{"href":"https:\/\/firmalan.com\/sv\/wp-json\/wp\/v2\/pages"}],"about":[{"href":"https:\/\/firmalan.com\/sv\/wp-json\/wp\/v2\/types\/page"}],"author":[{"embeddable":true,"href":"https:\/\/firmalan.com\/sv\/wp-json\/wp\/v2\/users\/1"}],"replies":[{"embeddable":true,"href":"https:\/\/firmalan.com\/sv\/wp-json\/wp\/v2\/comments?post=1611"}],"version-history":[{"count":13,"href":"https:\/\/firmalan.com\/sv\/wp-json\/wp\/v2\/pages\/1611\/revisions"}],"predecessor-version":[{"id":2080,"href":"https:\/\/firmalan.com\/sv\/wp-json\/wp\/v2\/pages\/1611\/revisions\/2080"}],"wp:attachment":[{"href":"https:\/\/firmalan.com\/sv\/wp-json\/wp\/v2\/media?parent=1611"}],"curies":[{"name":"wp","href":"https:\/\/api.w.org\/{rel}","templated":true}]}}