{"id":1487,"date":"2019-04-25T21:44:16","date_gmt":"2019-04-25T19:44:16","guid":{"rendered":"https:\/\/firmalan.com\/sv\/?page_id=1487"},"modified":"2019-11-20T19:28:16","modified_gmt":"2019-11-20T18:28:16","slug":"foretagsoverlatelse","status":"publish","type":"page","link":"https:\/\/firmalan.com\/sv\/foretagsoverlatelse\/","title":{"rendered":"F\u00f6retags\u00f6verl\u00e5telse"},"content":{"rendered":"<p>Det finns olika s\u00e4tt att k\u00f6pa ett f\u00f6retag. Dels kan du skaffa dig aktier eller andelar i en verksamhet. Men du kan \u00e4ven ta \u00f6ver eller komma in genom att k\u00f6pa dess tillg\u00e5ngar. Dessa kan inkludera maskiner, lokaler eller en sajt. B\u00e5da s\u00e4tten har sina f\u00f6rdelar, men det finns \u00e4ven en del fallgropar som du b\u00f6r undvika.<\/p>\n<h2>K\u00f6pa ett f\u00f6retags tillg\u00e5ngar<\/h2>\n<p>Detta tillv\u00e4gag\u00e5ngss\u00e4tt kallas f\u00f6r inkr\u00e5msf\u00f6rs\u00e4ljning, ett passande namn som v\u00e4l beskriver processen. F\u00f6r namnet och organisationsnumret l\u00e4mnas kvar. D\u00e4remot s\u00e5 kan kontorsm\u00f6blerna och varulagret \u00f6vertas. Bland tillg\u00e5ngar s\u00e5 r\u00e4knas \u00e4ven varum\u00e4rken och vissa avtal. Dessa kan ocks\u00e5 k\u00f6pas vid en inkr\u00e5maff\u00e4r. Rent skattem\u00e4ssigt s\u00e5 gynnar en liknande \u00f6verl\u00e5telse k\u00f6paren. Du kan skriva av mer, med ett st\u00f6rre underlag.<\/p>\n<p>Det \u00e4r l\u00e4ttare att ha ett grepp om vad du k\u00f6per vid en inkr\u00e5msaff\u00e4r. De anst\u00e4llda har r\u00e4tt att f\u00f6lja med och du kan forts\u00e4tta driva verksamheten utan tanke p\u00e5 tidigare aff\u00e4rer. Ansvaret vilar fortfarande hos \u00e4garen.<\/p>\n<h2>F\u00f6retags\u00f6verl\u00e5telse via aktier eller andelar<\/h2>\n<p>Vanligtvis s\u00e5 k\u00f6per du alla aktier eller andelar n\u00e4r du tar \u00f6ver ett aktiebolag eller handelsbolag. Allt f\u00f6ljer med vid \u00f6verl\u00e5telsen, alla avtal, tillg\u00e5ngar och <a href=\"https:\/\/firmalan.com\/sv\/likviditet\/hantera-foretagsskulder\/\">skulder<\/a>. F\u00f6retaget blir helt och h\u00e5llet ditt. Detta inneb\u00e4r \u00e4ven ett ansvar f\u00f6r vad f\u00f6retaget gjort tidigare. Om de har s\u00e5lt felaktiga varor, till exempel, s\u00e5 \u00e4r det nu du som f\u00e5r st\u00e5 f\u00f6r det. Liksom med inkr\u00e5msf\u00f6rs\u00e4ljning s\u00e5 forts\u00e4tter de anst\u00e4lldas avtal att g\u00e4lla.<\/p>\n<p>\u00c4ven om du \u00f6vertar en fungerande verksamhet med organisationsnummer och allt s\u00e5 m\u00e5ste vissa delar justeras till den nya \u00e4garen. Styrelsen, firmatecknaren samt postadress och andra praktiska saker, samt aktieboken. S\u00e4ljaren brukar f\u00f6redra denna form av f\u00f6retags\u00f6verl\u00e5telse av skattem\u00e4ssiga sk\u00e4l.<\/p>\n<h2>Dags f\u00f6r generationsv\u00e4xling<\/h2>\n<p>Det finns naturligtvis flera orsaker till en f\u00f6retags\u00f6verl\u00e5telse. Ibland handlar det om rena aff\u00e4rer. \u00c4garen vill pensionera sig eller det \u00e4r dags att pr\u00f6va p\u00e5 n\u00e5got nytt. Men ibland \u00e4r det behov av nya tankar och ett yngre syns\u00e4tt. Det \u00e4r ganska m\u00e5nga som jobbat h\u00e5rt och byggt upp en verksamhet f\u00f6r att kunna \u00f6verl\u00e5ta den p\u00e5 sina barn. Inom lantbruket \u00e4r det speciellt vanligt.<\/p>\n<p>Oavsett om det handlar om ett k\u00f6p eller en g\u00e5va s\u00e5 l\u00f6nar det sig att planera \u00f6verl\u00e5telsen v\u00e4l. Ett alternativ \u00e4r ocks\u00e5 g\u00e5voartat k\u00f6p, med gynnsamma \u00f6verenskommelser. Bland annat ska du skatteplanera f\u00f6r att det inte ska bli en stor b\u00f6rda. Det finns ocks\u00e5 vissa undantag fr\u00e5n beskattning om det handlar om din familj samt om du drivit din verksamhet under en viss tidsperiod.<\/p>\n<p><a href=\"https:\/\/firmalan.com\/sv\/laneforbud\/\">L\u00e5nef\u00f6rbud vid aktiek\u00f6p<\/a> kan st\u00e4lla till det f\u00f6r f\u00f6retag som genomg\u00e5r en generationsv\u00e4xling. En m\u00f6jlighet kan vara att den nye \u00e4garen k\u00f6per aktierna privat och l\u00e5nar pengar fr\u00e5n det f\u00f6rv\u00e4rvade bolaget, men f\u00f6r att detta uppl\u00e4gg inte skall ses som ett f\u00f6rbjudet l\u00e5n m\u00e5ste du s\u00f6ka dispens fr\u00e5n l\u00e5nef\u00f6rbudet hos Skatteverket.<\/p>\n","protected":false},"excerpt":{"rendered":"<p>Det finns olika s\u00e4tt att k\u00f6pa ett f\u00f6retag. Dels kan du skaffa dig aktier eller andelar i en verksamhet. Men du kan \u00e4ven ta \u00f6ver eller komma in genom att &#8230;<\/p>\n","protected":false},"author":1,"featured_media":0,"parent":0,"menu_order":0,"comment_status":"closed","ping_status":"closed","template":"","meta":{"footnotes":""},"class_list":["post-1487","page","type-page","status-publish","hentry"],"_links":{"self":[{"href":"https:\/\/firmalan.com\/sv\/wp-json\/wp\/v2\/pages\/1487","targetHints":{"allow":["GET"]}}],"collection":[{"href":"https:\/\/firmalan.com\/sv\/wp-json\/wp\/v2\/pages"}],"about":[{"href":"https:\/\/firmalan.com\/sv\/wp-json\/wp\/v2\/types\/page"}],"author":[{"embeddable":true,"href":"https:\/\/firmalan.com\/sv\/wp-json\/wp\/v2\/users\/1"}],"replies":[{"embeddable":true,"href":"https:\/\/firmalan.com\/sv\/wp-json\/wp\/v2\/comments?post=1487"}],"version-history":[{"count":2,"href":"https:\/\/firmalan.com\/sv\/wp-json\/wp\/v2\/pages\/1487\/revisions"}],"predecessor-version":[{"id":2074,"href":"https:\/\/firmalan.com\/sv\/wp-json\/wp\/v2\/pages\/1487\/revisions\/2074"}],"wp:attachment":[{"href":"https:\/\/firmalan.com\/sv\/wp-json\/wp\/v2\/media?parent=1487"}],"curies":[{"name":"wp","href":"https:\/\/api.w.org\/{rel}","templated":true}]}}