{"id":1478,"date":"2019-04-25T20:33:24","date_gmt":"2019-04-25T18:33:24","guid":{"rendered":"https:\/\/firmalan.com\/sv\/?page_id=1478"},"modified":"2020-11-28T22:42:36","modified_gmt":"2020-11-28T21:42:36","slug":"laneforbud","status":"publish","type":"page","link":"https:\/\/firmalan.com\/sv\/laneforbud\/","title":{"rendered":"L\u00e5nef\u00f6rbud"},"content":{"rendered":"<p>I en enskild firma kan den privata ekonomin och verksamhetsekonomin \u00f6verlappa varandra, s\u00e5 l\u00e4nge allt bokf\u00f6rs korrekt och alla transaktioner dokumenteras noggrant. F\u00f6r aktiebolag \u00e4r regelverket mer rigitt och l\u00e5nef\u00f6rbud r\u00e5der i flera fall f\u00f6r utl\u00e5ning.<\/p>\n<h3>Lagstiftningen om l\u00e5nef\u00f6rbud i aktiebolagslagen<\/h3>\n<p>Regelverket kring f\u00f6rbjudna\/otillb\u00f6rliga l\u00e5n har tv\u00e5 huvudsakliga syften:<\/p>\n<ol>\n<li>Det skall skydda aktiebolagets kapital.<\/li>\n<li>F\u00f6rhindra att n\u00e5gon privat konsumerar med oskattade medel.<\/li>\n<\/ol>\n<p>L\u00e5nef\u00f6rbudet inf\u00f6rdes f\u00f6rsta g\u00e5ngen i svensk lagstiftning 1973, aktiebolagsutredningens utredning \u201dF\u00f6rslag till aktiebolagslag m.m.\u201d (SOU 1971:15) l\u00e5g till grund f\u00f6r lagf\u00f6rslaget. &#8220;Utredningen ans\u00e5g att det stred mot aktiebolagslagstiftningens grunder att man skulle kunna driva ett aktiebolag, med den frihet fr\u00e5n personligt ansvar som bolagsformen ger, och samtidigt l\u00e5na ut bolagets tillg\u00e5ngar s\u00e5 att bolagets tillg\u00e5ngar sedan bestod av en fordran p\u00e5 \u00e4garen.&#8221;[1]<\/p>\n<h3>Vad \u00e4r f\u00f6rbjudna l\u00e5n?<\/h3>\n<p>Till f\u00f6rbjudna l\u00e5n r\u00e4knas krediter till del\u00e4gare, styrelseledamot eller verkst\u00e4llande direkt\u00f6r i bolaget samt till anh\u00f6riga\/n\u00e4rst\u00e5ende personer till bolagsm\u00e4n. D\u00e4remot omfattar inte f\u00f6rbudet l\u00e5n fr\u00e5n f\u00f6retag till anst\u00e4llda eller \u00f6vriga associerade personer som enbart innehar konvertibler och optionsr\u00e4tter.<\/p>\n<p>Grundregeln \u00e4r att l\u00e5nef\u00f6rbudet \u00e4ven omfattar n\u00e4rst\u00e5ende bolag. Det inneb\u00e4r att det \u00e4r f\u00f6rbjudet att l\u00e4mna l\u00e5n till bolag, inom samma koncern. D\u00e4remot \u00e4r det till\u00e5tet att l\u00e5na ut pengar till ett utomst\u00e5ende bolag samt privatperson om denne inte tillh\u00f6r familjen, \u00e4r n\u00e4rst\u00e5ende, sitter med i styrelsen i det egna bolaget eller p\u00e5 n\u00e5got annat vis g\u00e5r att kopplad ihop med f\u00f6retagets aff\u00e4rer eller ekonomiska intressen.<\/p>\n<h3>Undantag fr\u00e5n l\u00e5nef\u00f6rbud<\/h3>\n<p>Det finns \u00e4ven fem undantag fr\u00e5n l\u00e5nef\u00f6rbudet[2]:<\/p>\n<ol>\n<li><strong>Kommunl\u00e5n<\/strong> &#8211; f\u00f6ljande g\u00e4lden\u00e4rer: kommun, landsting eller kommunalf\u00f6rbund \u00e4r undantagna fr\u00e5n f\u00f6rbudet och kan vid behov l\u00e5na fr\u00e5n kommun\u00e4gda aktiebolag f\u00f6r att tillf\u00e4lligt st\u00e4rka sin likviditet.<\/li>\n<li><strong>Koncernl\u00e5n<\/strong> \u2013 i vissa fall kan det vara m\u00f6jligt f\u00f6r moderbolag att l\u00e5na fr\u00e5n dotterbolag och vice versa. Trots att koncernl\u00e5n \u00e4r en legal m\u00f6jlighet, b\u00f6r man alltid r\u00e5dg\u00f6ra med revisor eller annan kunnig f\u00f6retagsekonom inom omr\u00e5det, s\u00e5 att det inte bed\u00f6ms vara en f\u00f6rt\u00e4ckt utdelning eller ett f\u00f6rbjudet l\u00e5n.<\/li>\n<li><strong>Kommersiella l\u00e5n<\/strong> \u2013 \u00f6ppnar upp f\u00f6r f\u00f6retag att l\u00e5na ut pengar av aff\u00e4rsm\u00e4ssiga sk\u00e4l, dvs. att den bakomliggande drivkraften \u00e4r l\u00f6nsamhet. Som tidigare n\u00e4mnts finns det en rad restriktioner r\u00f6rande vem som f\u00e5r vara l\u00e5ntagare.<\/li>\n<li><strong>L\u00e5n som tagits upp av Riksg\u00e4ldskontoret<\/strong>. Myndigheter, statliga bolag och andra akt\u00f6rer har m\u00f6jlighet att l\u00e5na fr\u00e5n Riksg\u00e4lden efter regeringsbeslut.<\/li>\n<li><strong>Sm\u00e5aktie\u00e4garl\u00e5n<\/strong> \u2013 det kan vara m\u00f6jligt att l\u00e5na ut till aktieinnehavare en som vars innehav inte uppg\u00e5r till 1 procent av aktiekapitalet i bolaget (s\u00e5 kallad sm\u00e5aktie\u00e4gare), detta f\u00f6ruts\u00e4tter dock att denna person inte heller har n\u00e5got styrelseuppdrag.<\/li>\n<\/ol>\n<p>\u00a0<\/p>\n<h3>F\u00f6rv\u00e4rvsl\u00e5nef\u00f6rbudet &#8211; L\u00e5nef\u00f6rbud vid aktiek\u00f6p<\/h3>\n<p>L\u00e5nef\u00f6rbud r\u00e5der utan undantag i samband med aktiek\u00f6p. F\u00f6rv\u00e4rvsl\u00e5nef\u00f6rbudet inneb\u00e4r att det inte \u00e4r till\u00e5tet att finansiera f\u00f6rv\u00e4rv av aktier i ett bolag med det k\u00f6pta bolagets medel eller pants\u00e4tta dess tillg\u00e5ngar. Det \u00e4r emellertid fullt m\u00f6jligt och lagligt att efter avslutat f\u00f6retagsf\u00f6rv\u00e4rv, dela ut (aktieutdelning) eller l\u00e5na ut det f\u00f6rv\u00e4rvade bolagets kapital och likviditet till k\u00f6paren, om detta \u00e4r ett aktiebolag (moderbolag).<\/p>\n<h3>Vad h\u00e4nder om man byter mot l\u00e5nef\u00f6rbudet?<\/h3>\n<p>F\u00f6retag b\u00f6r inte ta l\u00e4tt p\u00e5 l\u00e5nef\u00f6rbudet, den som v\u00e4ljer att med upps\u00e5t eller av grov oaktsamhet bryta mot f\u00f6rbudet att ge f\u00f6rskott, l\u00e4mna f\u00f6rbjudna l\u00e5n eller st\u00e4lla s\u00e4kerhet <strong>kan straffas med b\u00f6ter eller f\u00e4ngelse<\/strong>.<\/p>\n<p><em>S\u00e5 h\u00e4r betraktas uttag\/l\u00e5n fr\u00e5n aktiebolag<\/em>:<\/p>\n<p>Om du har tagit ut pengar fr\u00e5n ditt f\u00f6retag utan avsikt att betala tillbaka pengarna, \u00e4r detta att betrakta som l\u00f6n, utdelning eller annan v\u00e4rde\u00f6verf\u00f6ring.<\/p>\n<p>Om bolags\u00e4gare, person som ing\u00e5r i styrelse eller annan n\u00e4rst\u00e5ende har tagit ett f\u00f6rbjudet l\u00e5n beskattas detta som inkomst av tj\u00e4nst (l\u00f6n) samt betala ett skattetill\u00e4gg f\u00f6r ej deklarerad l\u00f6n.<\/p>\n<p>\u00a0<\/p>\n<h2>Till\u00e5tna l\u00e5n<\/h2>\n<p>\u00a0<\/p>\n<h5>L\u00e5na ut bolagskapital<\/h5>\n<p>Vid st\u00f6rre investeringar eller bolagsk\u00f6p beh\u00f6ver man frig\u00f6ra kapital. En m\u00f6jlighet kan d\u00e5 vara att l\u00e5na ut bolagskapital till n\u00e5gon utomst\u00e5ende, f\u00f6r att sedan <a href=\"https:\/\/firmalan.com\/sv\/\">l\u00e5na pengar till f\u00f6retag<\/a> fr\u00e5n ett annat utomst\u00e5ende bolag eller l\u00e5ngivare. Baksidan med detta uppl\u00e4gg \u00e4r att sedvanliga l\u00e5nekostnader s\u00e5 som r\u00e4nta och eventuella andra avgifter tillkommer. \u00a0Det \u00e4r \u00e4ven viktigt att l\u00e5nen inte kan kopplas ihop, d\u00e5 detta kan ses som ett uppl\u00e4gg enbart f\u00f6r att kringg\u00e5 l\u00e5nef\u00f6rbudet.<\/p>\n<h5>L\u00e5n till blivande del\u00e4gare\/aff\u00e4rskompanjon<\/h5>\n<p>Det \u00e4r m\u00f6jligt f\u00f6r f\u00f6retag att l\u00e5na ut pengar till en anst\u00e4lld eller sm\u00e5aktie\u00e4gare, som inte ing\u00e5r i bolagsstyrelsen. Personen i fr\u00e5ga kan efter uppr\u00e4ttat l\u00e5neavtal senare bli del\u00e4gare i bolaget eller ta sig an ett styrelseuppdrag utan att detta betraktas som ett f\u00f6rbjudet l\u00e5n. En tillt\u00e4nkt del\u00e4gare kan med andra ord erbjudas ett kommersiellt motiverat l\u00e5n, f\u00f6r att senare g\u00e5 in som kompanjon i verksamheten.<\/p>\n<h5>Marknadsm\u00e4ssig r\u00e4nta<\/h5>\n<p>\u00c4ven om kommersiella l\u00e5n \u00e4r en legal utl\u00e5ningsform, finns det ett flertal fallgropar som m\u00e5ste undvikas f\u00f6r att det inte skall ses som ett otillb\u00f6rligt l\u00e5n. En komplicerad sak \u00e4r att ber\u00e4kna en marknadsm\u00e4ssig r\u00e4nta, det \u00e4r viktigt att r\u00e4ntan \u00e4r sk\u00e4lig annars kan l\u00e5neuppl\u00e4gget ses som en f\u00f6rt\u00e4ckt utdelning eller l\u00f6n.<\/p>\n<p>Vad som \u00e4r att betrakta som marknadsm\u00e4ssig r\u00e4nta m\u00e5ste i princip avg\u00f6ras fr\u00e5n fall till fall utifr\u00e5n vad bolaget skulle f\u00e5 betala i r\u00e4nta f\u00f6r ett motsvarande l\u00e5n hos en utomst\u00e5ende l\u00e5ngivare. En l\u00e4mplig utg\u00e5ngspunkt aktuell statsr\u00e4nta och sedan l\u00e4gga till ett antal procentenheter beroende p\u00e5 risk.<br \/><br \/><\/p>\n<p><strong>K\u00e4llor<\/strong>:<\/p>\n<p>[1]<a href=\"http:\/\/lup.lub.lu.se\/luur\/download?func=downloadFile&amp;recordOId=4938854&amp;fileOId=4938855\">F\u00f6rbjudna l\u00e5n i Aktiebolagslagen \u2013 tv\u00e5 undantag och praxis<\/a> (Josefin R\u00f6mbo)<\/p>\n<p>[2]\u00a0<a href=\"https:\/\/www4.skatteverket.se\/rattsligvagledning\/edition\/2015.7\/338347.html#h-Undantag-fran-laneforbudet\">https:\/\/www4.skatteverket.se\/rattsligvagledning\/edition\/2015.7\/338347.html#h-Undantag-fran-laneforbudet<\/a><\/p>\n\n\n\n<div style='display:none'>Adservice Comparison Feed: Could not find feed with ID \"firma001\"<\/div>\n<script>console.log('Adservice Comparison Feed: Could not find feed with ID \"firma001\"');<\/script>\n\n\n\n<p><\/p>\n","protected":false},"excerpt":{"rendered":"<p>I en enskild firma kan den privata ekonomin och verksamhetsekonomin \u00f6verlappa varandra, s\u00e5 l\u00e4nge allt bokf\u00f6rs korrekt och alla transaktioner dokumenteras noggrant. F\u00f6r aktiebolag \u00e4r regelverket mer rigitt och l\u00e5nef\u00f6rbud &#8230;<\/p>\n","protected":false},"author":1,"featured_media":0,"parent":0,"menu_order":0,"comment_status":"closed","ping_status":"closed","template":"","meta":{"footnotes":""},"class_list":["post-1478","page","type-page","status-publish","hentry"],"_links":{"self":[{"href":"https:\/\/firmalan.com\/sv\/wp-json\/wp\/v2\/pages\/1478","targetHints":{"allow":["GET"]}}],"collection":[{"href":"https:\/\/firmalan.com\/sv\/wp-json\/wp\/v2\/pages"}],"about":[{"href":"https:\/\/firmalan.com\/sv\/wp-json\/wp\/v2\/types\/page"}],"author":[{"embeddable":true,"href":"https:\/\/firmalan.com\/sv\/wp-json\/wp\/v2\/users\/1"}],"replies":[{"embeddable":true,"href":"https:\/\/firmalan.com\/sv\/wp-json\/wp\/v2\/comments?post=1478"}],"version-history":[{"count":3,"href":"https:\/\/firmalan.com\/sv\/wp-json\/wp\/v2\/pages\/1478\/revisions"}],"predecessor-version":[{"id":2408,"href":"https:\/\/firmalan.com\/sv\/wp-json\/wp\/v2\/pages\/1478\/revisions\/2408"}],"wp:attachment":[{"href":"https:\/\/firmalan.com\/sv\/wp-json\/wp\/v2\/media?parent=1478"}],"curies":[{"name":"wp","href":"https:\/\/api.w.org\/{rel}","templated":true}]}}