{"id":1464,"date":"2019-04-24T16:11:04","date_gmt":"2019-04-24T14:11:04","guid":{"rendered":"https:\/\/firmalan.com\/sv\/?page_id=1464"},"modified":"2019-11-20T17:13:52","modified_gmt":"2019-11-20T16:13:52","slug":"bondelanet","status":"publish","type":"page","link":"https:\/\/firmalan.com\/sv\/lana-pengar\/uppland-kredit\/bondelanet\/","title":{"rendered":"Bondel\u00e5net"},"content":{"rendered":"<div class=\"section-content\">\n<div class=\"row\">\n<div class=\"feature-item col-lg-6 col-sm-6 wow slideInUp\">\n<div class=\"feature-media\"><img decoding=\"async\" src=\"https:\/\/firmalan.com\/sv\/wp-content\/uploads\/2019\/04\/bondelanet-logo.png\" \/><\/div>\n<\/div>\n<div class=\"feature-item col-lg-6 col-sm-6 wow slideInUp\">\n<p>\u00c4r ett nytt frist\u00e5ende l\u00e5n fr\u00e5n <a href=\"https:\/\/firmalan.com\/sv\/lana-pengar\/uppland-kredit\/\">Uppland Kredit<\/a> exklusivt framtaget f\u00f6r k\u00f6ttb\u00f6nder, jordbrukare och andra f\u00f6retagare inom lantbruk. L\u00e4gsta s\u00f6kbara l\u00e5nebelopp \u00e4r 25.000 kr och h\u00f6gsta \u00e4r 500.000 kr, det \u00e4r m\u00f6jligt att \u00e5terbetala bondel\u00e5net \u00f6ver 6-24 m\u00e5nader. I det aktuella erbjudandet om bondel\u00e5net ing\u00e5r \u00e4ven m\u00f6jlighet till ett antal m\u00e5naders amorteringsfrihet.<\/p>\n<\/div>\n<\/div>\n<\/div>\n<div class=\"section-color\">\n<div class=\"row\">\n<div class=\"feature-item col-lg-6 col-sm-6 wow slideInUp\">\n<p class=\"kapitel\">Bondel\u00e5net<\/p>\n<ul id=\"navlist\">\n<li>Belopp: Upp till 500.000 kr<\/li>\n<li>L\u00f6ptid: 6-24 m\u00e5n<\/li>\n<li>R\u00e4ntesats: fr\u00e5n 14,95% *Individuell r\u00e4ntes\u00e4ttning<\/li>\n<\/ul>\n<\/div>\n<div class=\"feature-item col-lg-6 col-sm-6 wow slideInUp\">\n<p class=\"kapitel\">Ans\u00f6kan<\/p>\n<ul id=\"navlist\">\n<li>Ans\u00f6k p\u00e5 webben med Mobilt BankID<\/li>\n<li>L\u00e5nesvar inom 24 timmar under vardagar<\/li>\n<li>Utbetalning inom 2-5 dagar<\/li>\n<\/ul>\n<\/div>\n<\/div>\n<\/div>\n<p><span style=\"color: #00529c; font-size: 16pt;\">Villkor:<\/span><\/p>\n<table>\n<tbody>\n<tr>\n<td bgcolor=\"#000\"><span style=\"color: #ffffff;\">R\u00e4nta<\/span><\/td>\n<td>fr\u00e5n 14,95%<\/td>\n<\/tr>\n<tr>\n<td bgcolor=\"#000\"><span style=\"color: #ffffff;\">Uppl\u00e4ggningsavgift<\/span><\/td>\n<td>Ingen avgift.<\/td>\n<\/tr>\n<tr>\n<td bgcolor=\"#000\"><span style=\"color: #ffffff;\">Borgens\u00e5tagande<\/span><\/td>\n<td>Personlig borgen.<\/td>\n<\/tr>\n<tr>\n<td bgcolor=\"#000\"><span style=\"color: #ffffff;\">F\u00f6rtidsinl\u00f6sen<\/span><\/td>\n<td>F\u00f6rtidsinl\u00f6sen \u00e4r m\u00f6jlig utan extra kostnad.<\/td>\n<\/tr>\n<tr>\n<td bgcolor=\"#000\"><span style=\"color: #ffffff;\">Betalningsanm\u00e4rkning<\/span><\/td>\n<td>Ingen uppgift<\/td>\n<\/tr>\n<\/tbody>\n<\/table>\n<p><span style=\"color: #00529c; font-size: 16pt;\">Krav p\u00e5 f\u00f6retag som s\u00f6ker:<\/span><\/p>\n<table>\n<tbody>\n<tr>\n<td bgcolor=\"#000\"><span style=\"color: #ffffff;\">Oms\u00e4ttning<\/span><\/td>\n<td>Inget krav specificerat.<\/td>\n<\/tr>\n<tr>\n<td bgcolor=\"#000\"><span style=\"color: #ffffff;\">Historik<\/span><\/td>\n<td>Aktiebolag, handelsbolag, kommanditbolag eller enskild firma med tillr\u00e4ckligt god ekonomi.<\/td>\n<\/tr>\n<tr>\n<td bgcolor=\"#000\"><span style=\"color: #ffffff;\">\u00c4garskap<\/span><\/td>\n<td>Ans\u00f6kan uppr\u00e4ttas av bolagsman som \u00e4ven \u00e5tar sig personlig borgen.<\/td>\n<\/tr>\n<tr>\n<td bgcolor=\"#000\"><span style=\"color: #ffffff;\">F\u00f6retagsadress<\/span><\/td>\n<td>Verksamheten \u00e4r registrerad hos bolagsverket i Sverige.<\/td>\n<\/tr>\n<\/tbody>\n<\/table>\n<p><span style=\"color: #00529c; font-size: 16pt;\">F\u00f6ljande information\/dokumentation beh\u00f6vs:<\/span><\/p>\n<ul>\n<li>Tillg\u00e5ng till personligt BankID<\/li>\n<li>Du skall ha namnteckningsr\u00e4tt i f\u00f6retaget ensam eller tillsammans annan person<\/li>\n<\/ul>\n<hr \/>\n<p>Ingen UC tas, men en kreditupplysning genom upplysningsf\u00f6retaget Bisnode g\u00f6rs p\u00e5 f\u00f6retaget samt p\u00e5 borgensman\/m\u00e4n. Ingen s\u00e4kerhet kr\u00e4vs och ans\u00f6kningar hanteras fortl\u00f6pande alltid med svar inom 24 timmar p\u00e5 vardagar. Ans\u00f6kan och l\u00e5neavtal signeras digital med BankID.<\/p>\n<p>L\u00e4gsta m\u00f6jliga \u00e5rsr\u00e4nta f\u00f6r l\u00e5net \u00e4r 14,95% men individuell r\u00e4ntes\u00e4ttning till\u00e4mpas och r\u00e4ntesatsen best\u00e4ms efter sedvanlig kreditupplysning hos Bisnode. F\u00f6r att l\u00e5na med de f\u00f6rsta 6 m\u00e5naderna amorteringsfritt kr\u00e4vs att ans\u00f6kan \u00e4r uppr\u00e4ttad senast den 15 maj.<\/p>\n<p>Bakgrunden till bondel\u00e5net \u00e4r f\u00f6rra \u00e5rets torka och f\u00f6rhoppningen fr\u00e5n Uppland Kredit \u00e4r att denna produkt skall kunna fungera som \u201dett komplement, som ett slags toppl\u00e5n\u201d enligt Victor Carl Anders Torstensson (Extern VD Uppland Kredit AB). Uppland Kredit \u00e4r en familje\u00e4gd verksamhet, som erbjuder b\u00e5de inl\u00e5ning och utl\u00e5ning.<\/p>\n<p>&nbsp;<\/p>\n<h4>\u00d6PPETTIDER KUNDTJ\u00c4NST:<\/h4>\n<table class=\"table table-striped\" border=\"0\">\n<tbody>\n<tr>\n<td valign=\"top\" width=\"150\">M\u00e5ndag \u2013 Fredagar<\/td>\n<td valign=\"top\" width=\"100\">08:00-17:00<\/td>\n<\/tr>\n<tr>\n<td valign=\"top\" width=\"150\">Helg<\/td>\n<td valign=\"top\" width=\"100\">St\u00e4ngt<\/td>\n<\/tr>\n<\/tbody>\n<\/table>\n<p>Vardag f\u00f6re helgdag: 08.00 &#8211; 12.00<\/p>\n<blockquote><p>Telefon: 08-751 01 30<br \/>\nE-mail: <a href=\"mailto:info@bondelanet.se\">info@bondelanet.se<\/a><\/p><\/blockquote>\n<blockquote class=\"theme\"><p>Uppland Kredit AB<\/p>\n<h4>ADRESS:<\/h4>\n<p>Skeppargatan 8, 5 tr<br \/>\n114 52 Stockholm<br \/>\nOrg. nr: 559011-1893<\/p><\/blockquote>\n","protected":false},"excerpt":{"rendered":"<p>\u00c4r ett nytt frist\u00e5ende l\u00e5n fr\u00e5n Uppland Kredit exklusivt framtaget f\u00f6r k\u00f6ttb\u00f6nder, jordbrukare och andra f\u00f6retagare inom lantbruk. L\u00e4gsta s\u00f6kbara l\u00e5nebelopp \u00e4r 25.000 kr och h\u00f6gsta \u00e4r 500.000 kr, det &#8230;<\/p>\n","protected":false},"author":1,"featured_media":1465,"parent":909,"menu_order":0,"comment_status":"closed","ping_status":"closed","template":"","meta":{"footnotes":""},"class_list":["post-1464","page","type-page","status-publish","has-post-thumbnail","hentry"],"_links":{"self":[{"href":"https:\/\/firmalan.com\/sv\/wp-json\/wp\/v2\/pages\/1464","targetHints":{"allow":["GET"]}}],"collection":[{"href":"https:\/\/firmalan.com\/sv\/wp-json\/wp\/v2\/pages"}],"about":[{"href":"https:\/\/firmalan.com\/sv\/wp-json\/wp\/v2\/types\/page"}],"author":[{"embeddable":true,"href":"https:\/\/firmalan.com\/sv\/wp-json\/wp\/v2\/users\/1"}],"replies":[{"embeddable":true,"href":"https:\/\/firmalan.com\/sv\/wp-json\/wp\/v2\/comments?post=1464"}],"version-history":[{"count":2,"href":"https:\/\/firmalan.com\/sv\/wp-json\/wp\/v2\/pages\/1464\/revisions"}],"predecessor-version":[{"id":2047,"href":"https:\/\/firmalan.com\/sv\/wp-json\/wp\/v2\/pages\/1464\/revisions\/2047"}],"up":[{"embeddable":true,"href":"https:\/\/firmalan.com\/sv\/wp-json\/wp\/v2\/pages\/909"}],"wp:featuredmedia":[{"embeddable":true,"href":"https:\/\/firmalan.com\/sv\/wp-json\/wp\/v2\/media\/1465"}],"wp:attachment":[{"href":"https:\/\/firmalan.com\/sv\/wp-json\/wp\/v2\/media?parent=1464"}],"curies":[{"name":"wp","href":"https:\/\/api.w.org\/{rel}","templated":true}]}}