{"id":1458,"date":"2019-04-24T15:35:45","date_gmt":"2019-04-24T13:35:45","guid":{"rendered":"https:\/\/firmalan.com\/sv\/?page_id=1458"},"modified":"2020-03-02T05:53:53","modified_gmt":"2020-03-02T04:53:53","slug":"float-lending","status":"publish","type":"page","link":"https:\/\/firmalan.com\/sv\/lana-pengar\/float-lending\/","title":{"rendered":"Float Lending"},"content":{"rendered":"<p><em>Observera att Float Lending \u00e4nnu inte lanserats, just nu beta-testas tj\u00e4nsten. Villkor, kostnader, r\u00e4nta och information kan komma att \u00e4ndras f\u00f6re lansering.<\/em><\/p>\n<div class=\"section-content\">\n<div class=\"row\">\n<div class=\"feature-item col-lg-6 col-sm-6 wow slideInUp\">\n<div class=\"feature-media\"><img decoding=\"async\" src=\"https:\/\/firmalan.com\/sv\/wp-content\/uploads\/2019\/04\/float-logo.png\" \/><\/div>\n<\/div>\n<div class=\"feature-item col-lg-6 col-sm-6 wow slideInUp\">\n<p>FLOAT Lending Sweden \u00e4r en fintech-satsning under uppbyggnad, aff\u00e4rsid\u00e9n \u00e4r att g\u00f6ra det lekande l\u00e4tt f\u00f6r f\u00f6retag att s\u00e4lja eller bel\u00e5na kundfakturor. Den senaste tekniken skall hj\u00e4lpa till att automatisera hela processen f\u00f6r fakturak\u00f6p; d\u00e4r avtal valideras med BankID, v\u00e4rdering sker omedelbart efter uppladdning, kreditpr\u00f6vning g\u00f6rs skyndsamt s\u00e5 att utbetalning kan ske redan inom en timme.<\/p>\n<\/div>\n<p><span style=\"color: #f4f4f4;\"><strong><a class=\"btn btn-theme-primary btn-lg\" style=\"color: #f4f4f4;\" title=\"\u27a4 Float fakturafinansiering\" href=\"https:\/\/firmalan.com\/sv\/go\/fakturino\/\" target=\"_blank\" rel=\"nofollow noopener noreferrer\">\u27a4 J\u00e4mf\u00f6r Float finansiering hos Fakturino<\/a><\/strong><\/span><br \/>\nHur skiljer sig FLOAT fr\u00e5n befintliga factoringtj\u00e4nster? Tanken \u00e4r att erbjuda factoring med konkurrenskraftiga villkor samtidigt som man vill kapa hanteringstiderna, med m\u00e5ls\u00e4ttning att kunna erbjuda utbetalningar redan inom loppet av en timme.<\/p>\n<h3>S\u00e5 fungerar Float lending<\/h3>\n<ol>\n<li>\u00d6ppna ett konto online p\u00e5 3 minuter.<\/li>\n<li>Kundfodringar och fakturor v\u00e4rderas direkt p\u00e5 n\u00e4tet, s\u00e5 du vet exakt hur mycket du f\u00e5r betalt\/kan l\u00e5na.<\/li>\n<li>Pengar utbetalas till f\u00f6retagskontot redan samma dag.<\/li>\n<li>M\u00f6jlighet att s\u00e4lja volym eller enskilda fakturor, du f\u00f6rbinder dig inte till n\u00e5got fortl\u00f6pande avtal (om du inte vill) utan kan v\u00e4lja att utnyttja denna flexibla finansieringsform vid behov.<\/li>\n<\/ol>\n<\/div>\n<\/div>\n<div class=\"section-color\">\n<div class=\"row\">\n<div class=\"feature-item col-lg-6 col-sm-6 wow slideInUp\">\n<p class=\"kapitel\">R\u00f6relsekredit\/F\u00f6retagsl\u00e5n<\/p>\n<ul id=\"navlist\">\n<li>Belopp: Upp till 1.500.000 kr<\/li>\n<li>L\u00f6ptid: 1-6 m\u00e5n<\/li>\n<li>R\u00e4ntesats: 0,75-1,2%\/per m\u00e5nad<\/li>\n<\/ul>\n<\/div>\n<div class=\"feature-item col-lg-6 col-sm-6 wow slideInUp\">\n<p class=\"kapitel\">Ans\u00f6kan<\/p>\n<ul id=\"navlist\">\n<li>Ans\u00f6k p\u00e5 webben med Mobilt BankID<\/li>\n<li>Uppr\u00e4tta konto p\u00e5 3 minuter<\/li>\n<li>Utbetalning inom 1 timme<\/li>\n<\/ul>\n<\/div>\n<\/div>\n<\/div>\n<p><span style=\"color: #00529c; font-size: 16pt;\">Villkor:<\/span><\/p>\n<table>\n<tbody>\n<tr>\n<td bgcolor=\"#000\"><span style=\"color: #ffffff;\">R\u00e4nta<\/span><\/td>\n<td>fr\u00e5n 9,0%-14,4% per\/\u00e5r<\/td>\n<\/tr>\n<tr>\n<td bgcolor=\"#000\"><span style=\"color: #ffffff;\">Uppl\u00e4ggningsavgift<\/span><\/td>\n<td>Ingen avgift.<\/td>\n<\/tr>\n<tr>\n<td bgcolor=\"#000\"><span style=\"color: #ffffff;\">Borgens\u00e5tagande<\/span><\/td>\n<td>Ingen borgen, fodringar\/fakturor fungerar som s\u00e4kerhet .<\/td>\n<\/tr>\n<tr>\n<td bgcolor=\"#000\"><span style=\"color: #ffffff;\">F\u00f6rtidsinl\u00f6sen<\/span><\/td>\n<td>F\u00f6rtidsinl\u00f6sen \u00e4r m\u00f6jlig.<\/td>\n<\/tr>\n<tr>\n<td bgcolor=\"#000\"><span style=\"color: #ffffff;\">Betalningsanm\u00e4rkning<\/span><\/td>\n<td>Ingen uppgift<\/td>\n<\/tr>\n<\/tbody>\n<\/table>\n<p><span style=\"color: #00529c; font-size: 16pt;\">Krav p\u00e5 f\u00f6retag som s\u00f6ker:<\/span><\/p>\n<table>\n<tbody>\n<tr>\n<td bgcolor=\"#000\"><span style=\"color: #ffffff;\">Oms\u00e4ttning<\/span><\/td>\n<td>1-2 miljoner i \u00e5rsoms\u00e4ttning beroende p\u00e5 uppl\u00e4gg.<\/td>\n<\/tr>\n<tr>\n<td bgcolor=\"#000\"><span style=\"color: #ffffff;\">Historik<\/span><\/td>\n<td>Tv\u00e5 \u00e5r med inkomster kr\u00e4vs f\u00f6r att kunna teckna f\u00f6retagskredit, kundfakturor anv\u00e4nds f\u00f6r att s\u00e4kerst\u00e4lla l\u00e5net.<\/td>\n<\/tr>\n<tr>\n<td bgcolor=\"#000\"><span style=\"color: #ffffff;\">\u00c4garskap<\/span><\/td>\n<td>Ans\u00f6kan kan bolagsperson med tillr\u00e4cklig beh\u00f6righet.<\/td>\n<\/tr>\n<tr>\n<td bgcolor=\"#000\"><span style=\"color: #ffffff;\">F\u00f6retagsadress<\/span><\/td>\n<td>Verksamheten \u00e4r registrerad hos bolagsverket i Sverige.<\/td>\n<\/tr>\n<\/tbody>\n<\/table>\n<p><span style=\"color: #00529c; font-size: 16pt;\">F\u00f6ljande information\/dokumentation beh\u00f6vs:<\/span><\/p>\n<ul>\n<li>Tillg\u00e5ng till personligt BankID<\/li>\n<li>Du skall ha namnteckningsr\u00e4tt i f\u00f6retaget ensam eller tillsammans annan person<\/li>\n<li>Ett konto beh\u00f6ver \u00f6ppnas p\u00e5 float-plattformen<\/li>\n<li>Fakturor beh\u00f6ver laddas upp, valideras och v\u00e4rderas innan avtal kan slutas.<\/li>\n<\/ul>\n<hr \/>\n<h3>\u00a0Tre Olika uppl\u00e4gg f\u00f6r fakturafinansiering<\/h3>\n<h5>Prenumerationsfinansiering<\/h5>\n<p>Passar f\u00f6retag med en aff\u00e4rsmodell uppbyggd kring l\u00f6pande\/\u00e5terkommande abonnemang\/medlemsavgifter, d\u00e4r inbetalningar sker m\u00e5nads-\/kvartalsvis.<\/p>\n<p>&nbsp;<\/p>\n<p>Som uppfyller f\u00f6ljande kriterier:<\/p>\n<ul>\n<li>Vill l\u00e5na 500.000 kr eller mer.<\/li>\n<li>Ert f\u00f6retag har minst 2 miljoner kronor i \u00e5rliga int\u00e4kter.<\/li>\n<li>Har \u00e5terkommande och abonnemangsbaserade int\u00e4kter.<\/li>\n<\/ul>\n<p>&nbsp;<\/p>\n<h5>Fakturafinansiering<\/h5>\n<p>Passar dig som beh\u00f6ver f\u00e5 loss kapital omg\u00e5ende, Via FLOAT-plattformen \u00e4r det m\u00f6jligt att s\u00e4lja en eller flera kundfakturor.<\/p>\n<p>Denna tj\u00e4nst passar f\u00f6retag:<\/p>\n<ul>\n<li>Som \u00e4r villiga att s\u00e4lja fakturor<\/li>\n<li>Vill st\u00e4rka kassafl\u00f6det<\/li>\n<li>Har stora lager<\/li>\n<li>Verkar inom en bransch d\u00e4r stora s\u00e4songsvariationer f\u00f6rekommer<\/li>\n<li>Inte vill l\u00e4gga tid p\u00e5 att hantera fakturakrav och driva in medel fr\u00e5n kunder som inte betalar i tid<\/li>\n<\/ul>\n<p>&nbsp;<\/p>\n<h5>R\u00f6relsekredit<\/h5>\n<p>En smidig l\u00f6sning f\u00f6r f\u00f6retag som beh\u00f6ver ett extra kreditutrymme i 1-6 m\u00e5nader, d\u00e4r kundfodringar\/fakturor ligger som s\u00e4kerhet f\u00f6r f\u00f6retagskrediten.<\/p>\n<p>Detta uppl\u00e4gg passar verksamheter:<\/p>\n<ul>\n<li>Som vill s\u00e4kerst\u00e4llda betalningsf\u00f6rm\u00e5gan<\/li>\n<li>D\u00e4r f\u00f6retaget har minst 1 Mkr i \u00e5rsoms\u00e4ttningen<\/li>\n<li>Har varit verksamma med dokumenterade int\u00e4kter i minst 2 \u00e5r<\/li>\n<\/ul>\n<h3>Om Aktiebolaget Float Lending<\/h3>\n<p>Float lending AB ing\u00e5r i Sting accelerator\/inkubator d\u00e4r entrepren\u00f6rer och tidigare riskkapitalister coachar lovande Stockholmsbaserade startups, fr\u00e4mst inom ICT, Internet\/media, Sustainability och Health. Att Float lending ing\u00e5r i denna satsning inneb\u00e4r \u00e4ven att man backas av ett antal framst\u00e5ende aff\u00e4rs\u00e4nglar i Sverige via <a href=\"https:\/\/firmalan.com\/sv\/foretagsfinansiering\/riskkapital\/propel-capital\/\">Propel Capital<\/a>.<\/p>\n<p>Float lending AB har tidigare \u00e4ven tilldelats 300 000 kr (november 2017 &#8211; september 2018) genom <a href=\"https:\/\/firmalan.com\/sv\/finansiering\/vinnova\/\">Vinnova<\/a> projektet innovativa startups, detta kapital hade som syfte och m\u00e5l att lansera en &#8220;soft launch&#8221; av Online-Plattformen <a href=\"\/sv\/go\/float-lending\/\" target=\"_blank\" rel=\"nofollow noopener noreferrer\">Floatlending.com<\/a> f\u00f6r Auktionsbaserade, Kortfristiga L\u00e5n.<\/p>\n<p>Den moderna plattformen \u00e4r alltj\u00e4mt under uppbyggnad och befinner f\u00f6r n\u00e4rvarande i BETA-stadiet, Float Lending siktar p\u00e5 att kunna erbjuda den f\u00f6rsta helautomatiserade tj\u00e4nsten inom factoring med direktuppkoppling till externa bokf\u00f6ringssystem. Systemet byggs av ZWEBB Sweden AB detta projekt skapas i f\u00f6ljande utvecklingsmilj\u00f6er Linux, HTML5, PHP, MySQL, React.js.<\/p>\n<p>&nbsp;<\/p>\n<h4>\u00d6PPETTIDER KUNDTJ\u00c4NST:<\/h4>\n<table class=\"table table-striped\" border=\"0\">\n<tbody>\n<tr>\n<td valign=\"top\" width=\"150\">M\u00e5ndag \u2013 Fredagar<\/td>\n<td valign=\"top\" width=\"100\">Saknas<\/td>\n<\/tr>\n<tr>\n<td valign=\"top\" width=\"150\">Helg<\/td>\n<td valign=\"top\" width=\"100\">St\u00e4ngt<\/td>\n<\/tr>\n<\/tbody>\n<\/table>\n<blockquote class=\"theme\"><p>FLOAT Finance AB<\/p>\n<h4>ADRESS:<\/h4>\n<p>M\u00e4ster Samuelsgatan 36<br \/>\n111 57 Stockholm, Sweden<br \/>\nOrg. nr: 559167-3537<\/p><\/blockquote>\n","protected":false},"excerpt":{"rendered":"<p>Observera att Float Lending \u00e4nnu inte lanserats, just nu beta-testas tj\u00e4nsten. Villkor, kostnader, r\u00e4nta och information kan komma att \u00e4ndras f\u00f6re lansering. FLOAT Lending Sweden \u00e4r en fintech-satsning under uppbyggnad, &#8230;<\/p>\n","protected":false},"author":1,"featured_media":1459,"parent":164,"menu_order":0,"comment_status":"closed","ping_status":"closed","template":"","meta":{"footnotes":""},"class_list":["post-1458","page","type-page","status-publish","has-post-thumbnail","hentry"],"_links":{"self":[{"href":"https:\/\/firmalan.com\/sv\/wp-json\/wp\/v2\/pages\/1458","targetHints":{"allow":["GET"]}}],"collection":[{"href":"https:\/\/firmalan.com\/sv\/wp-json\/wp\/v2\/pages"}],"about":[{"href":"https:\/\/firmalan.com\/sv\/wp-json\/wp\/v2\/types\/page"}],"author":[{"embeddable":true,"href":"https:\/\/firmalan.com\/sv\/wp-json\/wp\/v2\/users\/1"}],"replies":[{"embeddable":true,"href":"https:\/\/firmalan.com\/sv\/wp-json\/wp\/v2\/comments?post=1458"}],"version-history":[{"count":8,"href":"https:\/\/firmalan.com\/sv\/wp-json\/wp\/v2\/pages\/1458\/revisions"}],"predecessor-version":[{"id":2153,"href":"https:\/\/firmalan.com\/sv\/wp-json\/wp\/v2\/pages\/1458\/revisions\/2153"}],"up":[{"embeddable":true,"href":"https:\/\/firmalan.com\/sv\/wp-json\/wp\/v2\/pages\/164"}],"wp:featuredmedia":[{"embeddable":true,"href":"https:\/\/firmalan.com\/sv\/wp-json\/wp\/v2\/media\/1459"}],"wp:attachment":[{"href":"https:\/\/firmalan.com\/sv\/wp-json\/wp\/v2\/media?parent=1458"}],"curies":[{"name":"wp","href":"https:\/\/api.w.org\/{rel}","templated":true}]}}