{"id":1453,"date":"2019-04-24T10:40:06","date_gmt":"2019-04-24T08:40:06","guid":{"rendered":"https:\/\/firmalan.com\/sv\/?page_id=1453"},"modified":"2019-04-24T15:41:28","modified_gmt":"2019-04-24T13:41:28","slug":"propel-capital","status":"publish","type":"page","link":"https:\/\/firmalan.com\/sv\/foretagsfinansiering\/riskkapital\/propel-capital\/","title":{"rendered":"Propel Capital"},"content":{"rendered":"<p>Propel Capital i \u00e4r ett investeringsf\u00f6retag som erbjuder Venture Capital till startups och andra sm\u00e5f\u00f6retag antagna till STING:s accelerator\/inkubator. Startkapitalet p\u00e5 300.000 kr delas ut och investeras i samtliga nyantagna Accelerate Sting-bolag. D\u00e4rut\u00f6ver \u00e4r det m\u00f6jligt f\u00f6r Startups som antas till Sting Incubate att erh\u00e5lla ytterligare en investering p\u00e5 upp till 500 000 kronor.<\/p>\n<p>Just nu \u00e4r Propel Capital inne p\u00e5 sin fj\u00e4rde finanseringsrunda, totalt har har Propel Capital I, II, III och IV finansierat n\u00e4rmare 100 Sting-bolag sedan starten 2014. Bakom investeringskapitalet i Propel Capital \u00e5terfinns 40-talet v\u00e4lrenommerade <a href=\"https:\/\/firmalan.com\/sv\/foretagsfinansiering\/affarsangel\/\">svenska \u00e4ngelinvesterare<\/a> och entrepren\u00f6rer. Ut\u00f6ver kapital ges antagna f\u00f6retag unika f\u00f6ruts\u00e4ttningar att lyckas med sina nystartade verksamheter genom tillg\u00e5ng till aff\u00e4rs\u00e4nglarnas kunskap och n\u00e4tverk.<\/p>\n<p>Merparten av de bolag som Propel Capital investerar i \u00e4r stockholmsbaserade, det beror p\u00e5 att Sting huvudsakligen fokuserar p\u00e5 Stockholm som sitt upptagningsomr\u00e5de. I f\u00f6rsta hand \u00e4r Sting-bolagen verksamma inom ICT, Fintech,Internet\/media, Sustainability och Health. Sting \u00e4r projekt som delvis finansieras av Europeiska Unionen och aff\u00e4rsinkubatorn grundades 2002 av P\u00e4r Hedberg.<\/p>\n<h3>S\u00e5 h\u00e4r fungerar Sting:<\/h3>\n<p>Sting \u00e4r en aff\u00e4rsinkubator f\u00f6r Europas mest lovande tech startups.\u00a0 Tv\u00e5 g\u00e5nger per \u00e5r handplockadar man 15 lovande startups och erbjuder:<\/p>\n<ul>\n<li>EUR 32 000-50 000 i investering fr\u00e5n Propel Capital<\/li>\n<li>Skr\u00e4ddarsydd coachning av serieentrepren\u00f6rer och ex-VC-investerare<\/li>\n<li>Tillg\u00e5ng till Sveriges st\u00f6rsta rekryteringstj\u00e4nst f\u00f6r startups<\/li>\n<li>Gratis kontorsplats p\u00e5 A house i Stockholm<\/li>\n<li>Tillg\u00e5ng till Europas bredaste n\u00e4tverk av early-stage investerare<\/li>\n<\/ul>\n<p><strong>Exempel p\u00e5 aff\u00e4rs\u00e4nglar som st\u00e5r bakom Propel Capital IV<\/strong>:<\/p>\n<p>Lars Appelst\u00e5l, Stefan Arenbalk, Gerhard Dal, Pandelis Eliopoulos, Karl Erik von Bahr, Mattias Falkendal, Magdalena Gerger, Anders G\u00f6ransson,Helena Herlogsson,G\u00f6ran Hesseborn,Per Holmkvist,Anders Ingestr\u00f6m,Simon Josefsson, Mikael Lembke,J\u00f6rgen Lenz,Oscar Lindbom,Lars Lindgren,Per Lindhe,Anna Ljungbergh,Ulf Loeper, Charlotte Mattfolk, Bo Mattsson,Fredrik M\u00e5nsson,Maths Ohlsson, Daniel Pilotti,Eva Reman, Hernan Ruiz, Boel Ryden\u00e5 Swartling, Krister Sundling, Mattias Weinhandl, Otto Werneskog,Mathias Wilkne.<\/p>\n<p>&nbsp;<\/p>\n<h4>\u00d6PPETTIDER KUNDTJ\u00c4NST:<\/h4>\n<table class=\"table table-striped\" border=\"0\">\n<tbody>\n<tr>\n<td valign=\"top\" width=\"150\">M\u00e5ndag \u2013 Fredagar<\/td>\n<td valign=\"top\" width=\"100\">09:00-17:00<\/td>\n<\/tr>\n<tr>\n<td valign=\"top\" width=\"150\">Helg<\/td>\n<td valign=\"top\" width=\"100\">St\u00e4ngt<\/td>\n<\/tr>\n<\/tbody>\n<\/table>\n<blockquote><p>Telefon: 072-213 14 22<\/p><\/blockquote>\n<blockquote class=\"theme\"><p>Sting \u2013 Stockholm Innovation &#038; Growth AB<\/p>\n<h4>ADRESS:<\/h4>\n<p>c\/o THINGS<br \/>\nDrottning Kristinas v\u00e4g 53<br \/>\n114 28 Stockholm<br \/>\nOrg. nr: 556489-3781<\/p><\/blockquote>\n","protected":false},"excerpt":{"rendered":"<p>Propel Capital i \u00e4r ett investeringsf\u00f6retag som erbjuder Venture Capital till startups och andra sm\u00e5f\u00f6retag antagna till STING:s accelerator\/inkubator. Startkapitalet p\u00e5 300.000 kr delas ut och investeras i samtliga nyantagna &#8230;<\/p>\n","protected":false},"author":1,"featured_media":0,"parent":1276,"menu_order":0,"comment_status":"closed","ping_status":"closed","template":"","meta":{"footnotes":""},"class_list":["post-1453","page","type-page","status-publish","hentry"],"_links":{"self":[{"href":"https:\/\/firmalan.com\/sv\/wp-json\/wp\/v2\/pages\/1453","targetHints":{"allow":["GET"]}}],"collection":[{"href":"https:\/\/firmalan.com\/sv\/wp-json\/wp\/v2\/pages"}],"about":[{"href":"https:\/\/firmalan.com\/sv\/wp-json\/wp\/v2\/types\/page"}],"author":[{"embeddable":true,"href":"https:\/\/firmalan.com\/sv\/wp-json\/wp\/v2\/users\/1"}],"replies":[{"embeddable":true,"href":"https:\/\/firmalan.com\/sv\/wp-json\/wp\/v2\/comments?post=1453"}],"version-history":[{"count":3,"href":"https:\/\/firmalan.com\/sv\/wp-json\/wp\/v2\/pages\/1453\/revisions"}],"predecessor-version":[{"id":1463,"href":"https:\/\/firmalan.com\/sv\/wp-json\/wp\/v2\/pages\/1453\/revisions\/1463"}],"up":[{"embeddable":true,"href":"https:\/\/firmalan.com\/sv\/wp-json\/wp\/v2\/pages\/1276"}],"wp:attachment":[{"href":"https:\/\/firmalan.com\/sv\/wp-json\/wp\/v2\/media?parent=1453"}],"curies":[{"name":"wp","href":"https:\/\/api.w.org\/{rel}","templated":true}]}}