{"id":1452,"date":"2019-04-25T21:32:39","date_gmt":"2019-04-25T19:32:39","guid":{"rendered":"https:\/\/firmalan.com\/sv\/?page_id=1452"},"modified":"2019-11-20T19:33:20","modified_gmt":"2019-11-20T18:33:20","slug":"hantera-foretagsskulder","status":"publish","type":"page","link":"https:\/\/firmalan.com\/sv\/likviditet\/hantera-foretagsskulder\/","title":{"rendered":"Hantera f\u00f6retagsskulder"},"content":{"rendered":"<p>De allra flesta verksamheter arbetar med n\u00e5gon form av skulder. Det \u00e4r vanligt att ta ett <a href=\"https:\/\/firmalan.com\/sv\/lana-pengar\/nytt-foretag\/\">l\u00e5n f\u00f6r att komma ig\u00e5ng<\/a> eller klara sig igenom en extra sv\u00e5r period. Samtidigt \u00e4r f\u00f6retagsskulder som vuxit sig stora en relativt vanlig f\u00f6rekomst. N\u00e4r du f\u00e5r problem med att betala tillbaka dina skulder i tid kan du ha behov av en sanering.<\/p>\n<p>N\u00e4r n\u00e5gon inte betalar sina r\u00e4kningar eller skulder s\u00e5 hamnar \u00e4rendet f\u00f6rr eller senare hos Kronofogden. De behandlar inte f\u00f6retag p\u00e5 samma s\u00e4tt som privatpersoner, och det \u00e4r ocks\u00e5 relevant vem du \u00e4r skyldig pengar. Men l\u00e5ngt innan det g\u00e5r s\u00e5 l\u00e5ngt har du ofta f\u00e5tt p\u00e5minnelser och inkassokrav.<\/p>\n<h2>skuldsanering som f\u00f6retagare<\/h2>\n<p>Idag finns det skuldsanering f\u00f6r privatpersoner och en annan f\u00f6r f\u00f6retagare, men <strong>det \u00e4r alltid personens ekonomi som saneras, inte f\u00f6retagets<\/strong>. Ett minimumkrav \u00e4r att du varit n\u00e4ra involverad i f\u00f6retaget. Din partner, barn och andra som ocks\u00e5 har varit en del av det hela kan ans\u00f6ka om skuldsanering f\u00f6r f\u00f6retagare <a href=\"https:\/\/www.kronofogden.se\/download\/18.53e70549167355a313d2db5\/1545041677165\/9140_02_web.pdf\">via blankett<\/a>\u00a0eller via Kronofogdens e-tj\u00e4nster.<\/p>\n<p>Du har d\u00e5 tre \u00e5r p\u00e5 dig att betala tillbaka skulderna. Under den h\u00e4r tiden s\u00e5 rekommenderas det att h\u00e5lla sig undan fr\u00e5n l\u00e5n och andra skulder, eftersom dessa inte omfattas av saneringen och d\u00e4rmed m\u00e5ste betalas i sin helhet. F\u00f6r de \u00f6vriga skulderna ska du ha m\u00f6jlighet att betala av en sjundedel av prisbasbeloppet varje kvartal. Om du inte klarar av det kan du ans\u00f6ka om att f\u00e5 saneringen upph\u00e4vd och ans\u00f6ka om vanlig skuldsanering.<\/p>\n<p>Reglerna runt f\u00f6retagsskulder och skuldsanering har utformats f\u00f6r att det ska vara enkelt att starta eget. Om du skulle f\u00e5 problem ska du snabbt kunna l\u00f6sa dem och g\u00e5 vidare. Samh\u00e4llet vill uppmuntra initiativ och entrepren\u00f6rsandan. Naturligtvis \u00e4r det billigare och l\u00e4ttare att undvika stora skulder. Men m\u00f6jligheten att st\u00e4lla allt till r\u00e4tta och g\u00e5 vidare finns d\u00e4r i alla fall.<\/p>\n<h2>n\u00e4r f\u00f6retag ej betalar skulden<\/h2>\n<h3>Betalningsf\u00f6rel\u00e4ggande<\/h3>\n<p>Vid uteblivna betalningar har fordrings\u00e4gare r\u00e4tt\/m\u00f6jlighet att ans\u00f6ka om ett f\u00f6rel\u00e4ggande om betalning, f\u00f6r att f\u00e5 kravet\/skulden fastslagen. F\u00f6retag meddelas om betalningsf\u00f6rel\u00e4ggande via ett delgivningskvitto som bland annat inneh\u00e5ller fordrings\u00e4garens olika krav, n\u00e4r detta N\u00e4r delgivningskvitto \u00e4r underskrivet har f\u00f6retaget en viss f\u00f6rklaringstid (vanligtvis 10-12 dagar), p\u00e5 sig att \u00e5tg\u00e4rda kravet genom betalning\/annan l\u00f6sning eller att bestrida kravet. En ans\u00f6kan\/utslag om betalningsf\u00f6rel\u00e4ggande kan leda till en <a href=\"https:\/\/firmalan.com\/sv\/lana-pengar\/anmarkningar\/\">betalningsanm\u00e4rkning<\/a> p\u00e5 f\u00f6retaget (den juridiska personen) hos kreditupplysningsf\u00f6retagen.<\/p>\n<p>&nbsp;<\/p>\n<p>F\u00f6retag som inte klarar av att betala sina skulder och ej bestrider kraven, kommer att meddelas ett utslag vilket \u00e4r att likst\u00e4lla vid ett av en domstol fastst\u00e4lld skuld och betalningskrav. F\u00f6retag har r\u00e4tt att f\u00e5 utslaget pr\u00f6vat i domstol, men om f\u00f6retaget f\u00f6rlorar i domstolen kan f\u00f6retaget bli skyldig att betala s\u00f6kandens r\u00e4tteg\u00e5ngskostnader.<\/p>\n<h3>Betalningsansvar<\/h3>\n<p>Vem som ansvarar f\u00f6r att ett f\u00f6retag betalar sina skulder varierar beroende p\u00e5 f\u00f6retagsform och fodringstyp. Grundregeln \u00e4r att bolaget \u00e4r ansvarigt att betala skulderna om du bedriver verksamheten som aktiebolag, handelsbolag eller kommanditbolag. Men f\u00f6r exempelvis f\u00f6retagsl\u00e5n utan s\u00e4kerhet har bolagsm\u00e4n\/borgensm\u00e4n normalt f\u00f6rbundit sig till ett personligt borgensansvar f\u00f6r skulden.<\/p>\n<p>Andra avtal kan vara s\u00e4kerst\u00e4llda genom fastigheter, bolagstillg\u00e5ngar eller annan pants\u00e4ttning. I samband med ans\u00f6kan om betalningsf\u00f6rel\u00e4ggande v\u00e4ljer fordrings\u00e4garen om denna vill rikta f\u00f6rel\u00e4ggandet mot bolaget, enbart mot bolagsm\u00e4nnen eller mot b\u00e5de bolaget och bolagsm\u00e4nnen. Om domen eller beslutet, det s\u00e5 kallade utslaget, s\u00e4ger att det \u00e4r bolaget som ska betala endast utm\u00e4tning av bolagets egendom g\u00f6ras.<\/p>\n<h3>Utm\u00e4tning<\/h3>\n<p>De flesta f\u00f6retag \u00e4ger tillg\u00e5ngar av v\u00e4rden i vissa fall kan dessa tillg\u00e5ngar konfiskeras genom utm\u00e4tning f\u00f6r att anv\u00e4ndas till att betala f\u00f6retagsskulder. N\u00e5gra tillg\u00e5ngar som Kronofogden kan utm\u00e4ta \u00e4r \u00f6verskott p\u00e5 skattekontot, fordringar samt fastigheter. Innan ett beslut om utm\u00e4tning tas g\u00f6rs en utredning d\u00e4r man kontrollerar bolagsm\u00e4nnen, f\u00f6retagsverksamheten samt kontroller vilka tillg\u00e5ngar som kan utm\u00e4tas.<\/p>\n<p>N\u00e5gra villkor m\u00e5ste uppfyllas f\u00f6r att en f\u00f6retagsutm\u00e4tning skall kunna realiseras:<\/p>\n<ul>\n<li>Egendomen ska tillh\u00f6ra bolaget.<\/li>\n<li>Egendomen ska kunna \u00f6verl\u00e5tas.<\/li>\n<li>En ekonomisk enhet f\u00e5r inte brytas.<\/li>\n<li>Utm\u00e4tningen ska ge ett f\u00f6rsvarligt \u00f6verskott.<\/li>\n<\/ul>\n<p>Beslut om utm\u00e4tning kan \u00f6verklagas och pr\u00f6vas i domstol.<\/p>\n<h3>Vr\u00e4kning\/avhysning<\/h3>\n<p>Vid obetalda hyror eller p\u00e5 annat vis brutet arrendeavtal, kan vr\u00e4kning\/avhysning komma att bli aktuellt.<\/p>\n<h3>F\u00f6retagsrekonstruktion<\/h3>\n<p>En <a href=\"https:\/\/firmalan.com\/sv\/likviditet\/rekonstruktion\/\">f\u00f6retagsrekonstruktion<\/a> kan inledas om ett bolag bed\u00f6ms ha en stark aff\u00e4rsid\u00e9 men trots detta r\u00e5kat i ekonomiskt tr\u00e5ngm\u00e5l. Detta \u00e4r ett alternativ till konkurs, d\u00e4r man utg\u00e5r fr\u00e5n huvudtanken att om f\u00f6retaget genomg\u00e5r omfattande f\u00f6r\u00e4ndringar har f\u00f6ruts\u00e4ttningar att \u00f6verleva och p\u00e5 sikt bli vinstdrivande.<\/p>\n<h3>Konkurs<\/h3>\n<p>F\u00f6renklat <a href=\"https:\/\/firmalan.com\/sv\/foretagsavveckling\/\">inneb\u00e4r en konkurs<\/a> att i princip alla tillg\u00e5ngar tas om hand och anv\u00e4nds f\u00f6r att betala av skulder.<\/p>\n<h3>Uppskov med betalning och avbetalning<\/h3>\n<p>Vilka m\u00f6jligheter det finns f\u00f6r att skjuta upp betalningar av skulder eller f\u00f6r att uppr\u00e4tta en avbetalningsplan beror p\u00e5 om f\u00f6retaget har skulder till staten eller till privatpersoner och f\u00f6retag.<\/p>\n<p><strong>Vid allm\u00e4nna skulder<\/strong> (statliga fordringar) \u00e4r det m\u00f6jlighet att s\u00f6ka uppskov\/ avbetalningsplan.<\/p>\n<p><strong>Vid enskilda skulder<\/strong> (t.ex. bankl\u00e5n, kreditkortsskulder eller hyresskulder) varje fordrings\u00e4gare best\u00e4mmer huruvida de vill\/kan bevilja uppskov\/ avbetalningsplan.<\/p>\n<h3>Preskription<\/h3>\n<p>Fordrings\u00e4gare m\u00e5ste v\u00e4cka talan och ans\u00f6ka om betalningsf\u00f6rel\u00e4ggande inom en viss tid innan en skuld preskriberas. Hur l\u00e5ng denna preskriptionstid \u00e4r, kan dock variera.<\/p>\n<ul>\n<li>F\u00f6r konsumentfordringar \u00e4r preskriptionstiden tre \u00e5r.<\/li>\n<li>Skulder till staten preskriberas efter fem \u00e5r.<\/li>\n<li>Krav p\u00e5 trafikf\u00f6rs\u00e4kringsavgift enligt trafikskadelagen har en preskriptionstid p\u00e5 tio \u00e5r.<\/li>\n<li>Hyresskulder har f\u00f6r bolag en preskriptionstid p\u00e5 tio \u00e5r.<\/li>\n<li>\u00d6vriga <a href=\"https:\/\/firmalan.com\/sv\/skuldebrev\/\">l\u00f6pande skuldebrev<\/a>, exempelvis f\u00f6retagsl\u00e5n, har en preskriptionstid p\u00e5 tio \u00e5r.<\/li>\n<\/ul>\n<h3>Undvik vissa former av l\u00e5n<\/h3>\n<p>Det \u00e4r l\u00e4tt att v\u00e4nda sig till firman f\u00f6r ekonomisk hj\u00e4lp. Men h\u00e4r g\u00e4ller det att se upp med <a href=\"https:\/\/firmalan.com\/sv\/laneforbud\/\">f\u00f6rbjudna eller otillb\u00f6rliga l\u00e5n<\/a>. Det \u00e4r bland annat f\u00f6rbjudet att ta ett l\u00e5n fr\u00e5n sitt eget aktiebolag. Aktie\u00e4gare, anh\u00f6riga och n\u00e4rst\u00e5ende bolag omfattas av denna regel. Bolaget f\u00e5r heller inte st\u00e4lla s\u00e4kerhet f\u00f6r privata l\u00e5n. Eftersom detta kan leda till b\u00f6ter och ibland \u00e4ven f\u00e4ngelse b\u00f6r du undvika en liknande situation. D\u00e4remot s\u00e5 kan du ans\u00f6ka om dispens fr\u00e5n lagen. Detta b\u00f6r dock g\u00f6ras innan l\u00e5net eller s\u00e4kerheten tas ut.<\/p>\n","protected":false},"excerpt":{"rendered":"<p>De allra flesta verksamheter arbetar med n\u00e5gon form av skulder. Det \u00e4r vanligt att ta ett l\u00e5n f\u00f6r att komma ig\u00e5ng eller klara sig igenom en extra sv\u00e5r period. Samtidigt &#8230;<\/p>\n","protected":false},"author":1,"featured_media":0,"parent":228,"menu_order":0,"comment_status":"closed","ping_status":"closed","template":"","meta":{"footnotes":""},"class_list":["post-1452","page","type-page","status-publish","hentry"],"_links":{"self":[{"href":"https:\/\/firmalan.com\/sv\/wp-json\/wp\/v2\/pages\/1452","targetHints":{"allow":["GET"]}}],"collection":[{"href":"https:\/\/firmalan.com\/sv\/wp-json\/wp\/v2\/pages"}],"about":[{"href":"https:\/\/firmalan.com\/sv\/wp-json\/wp\/v2\/types\/page"}],"author":[{"embeddable":true,"href":"https:\/\/firmalan.com\/sv\/wp-json\/wp\/v2\/users\/1"}],"replies":[{"embeddable":true,"href":"https:\/\/firmalan.com\/sv\/wp-json\/wp\/v2\/comments?post=1452"}],"version-history":[{"count":5,"href":"https:\/\/firmalan.com\/sv\/wp-json\/wp\/v2\/pages\/1452\/revisions"}],"predecessor-version":[{"id":2077,"href":"https:\/\/firmalan.com\/sv\/wp-json\/wp\/v2\/pages\/1452\/revisions\/2077"}],"up":[{"embeddable":true,"href":"https:\/\/firmalan.com\/sv\/wp-json\/wp\/v2\/pages\/228"}],"wp:attachment":[{"href":"https:\/\/firmalan.com\/sv\/wp-json\/wp\/v2\/media?parent=1452"}],"curies":[{"name":"wp","href":"https:\/\/api.w.org\/{rel}","templated":true}]}}