{"id":1439,"date":"2019-04-08T17:44:43","date_gmt":"2019-04-08T15:44:43","guid":{"rendered":"https:\/\/firmalan.com\/sv\/?page_id=1439"},"modified":"2019-11-20T12:32:15","modified_gmt":"2019-11-20T11:32:15","slug":"norra-finans","status":"publish","type":"page","link":"https:\/\/firmalan.com\/sv\/lana-pengar\/norra-finans\/","title":{"rendered":"Norra Finans"},"content":{"rendered":"<p><em>OBS! Dessv\u00e4rre saknas en hel del viktigt information om Norra Finans f\u00f6retagsl\u00e5n, exempelvis uppgifter om m\u00f6jliga l\u00e5nebelopp, r\u00e4nta samt eventuella avi- och uppl\u00e4ggningsavgifter.<\/em><\/p>\n<p>Norra Finans vars motto \u00e4r &#8220;en modern finanspartner&#8221; erbjuder finansieringsl\u00f6sningar till f\u00f6retag i Sverige och Finland. Verksamhetens huvudfokus \u00e4r att bedriva inkassoverksamhet och hj\u00e4lper f\u00f6retagskunder att driva in obetalda skulder, man \u00e4r ett registrerat inkassobolag (Norra Finans Inkasso AB 556184-1783) med tillst\u00e5nd f\u00f6r inkassoverksamhet fr\u00e5n Datainspektionen.  <\/p>\n<p>En naturlig f\u00f6rl\u00e4ngning av inkassoverksamheten \u00e4r att erbjuder factoringtj\u00e4nster som g\u00f6r det m\u00f6jligt att s\u00e4lja och\/eller bel\u00e5na fakturor. Factoring \u00e4r ett mycket effektivt alternativ f\u00f6r att frig\u00f6ra likvida medel snabbt. Fakturak\u00f6p och bel\u00e5ning kan g\u00f6ras till upp till 100% av fakturabeloppet.     <\/p>\n<p>Norra Finans erbjuder \u00e4ven tillf\u00e4lliga f\u00f6retagsl\u00e5n utan s\u00e4kerhet med \u00e5terbetalningstider p\u00e5 12 till 36 m\u00e5nader. I likhet med de flesta andra akt\u00f6rerna p\u00e5 marknaden s\u00e4kerst\u00e4lls dessa l\u00e5n genom en personlig \u00e4garborgen. F\u00f6retagsl\u00e5n fr\u00e5n Norra Finans l\u00e4mpar sig v\u00e4l att anv\u00e4nda till ny- eller ombyggnation, maskinfinansiering eller refinansiering av redan befintliga l\u00e5n. <\/p>\n<p>Bolaget Norra Finans har sina r\u00f6tter i Haparanda och Torne\u00e5 p\u00e5 gr\u00e4nsen mellan Sverige och Finland. I dagsl\u00e4get har Norra Finans tre olika kontor bel\u00e4gna i Haparanda, Helsingfors och Stockholm.<\/p>\n<h4>\u00d6PPETTIDER KUNDTJ\u00c4NST:<\/h4>\n<table class=\"table table-striped\" border=\"0\">\n<tbody>\n<tr>\n<td valign=\"top\" width=\"150\">M\u00e5ndag \u2013 Fredagar<\/td>\n<td valign=\"top\" width=\"100\">09:00 \u2013 16:00<\/td>\n<\/tr>\n<tr>\n<td valign=\"top\" width=\"150\">Helg<\/td>\n<td valign=\"top\" width=\"100\">St\u00e4ngt<\/td>\n<\/tr>\n<\/tbody>\n<\/table>\n<blockquote><p>Telefon: 0922-242 100<br \/>\nE-mail: <a href=\"mailto:saljha@norrafinans.com\">saljha@norrafinans.com.<\/a><\/p><\/blockquote>\n<blockquote class=\"theme\"><p>Norra Finans Sverige AB<\/p>\n<h4>ADRESS:<\/h4>\n<p>Norra Finans<br \/>\nBox 124<br \/>\n953 23 Haparanda<br \/>\nOrg. nr: 559020-8509<\/p><\/blockquote>\n","protected":false},"excerpt":{"rendered":"<p>OBS! Dessv\u00e4rre saknas en hel del viktigt information om Norra Finans f\u00f6retagsl\u00e5n, exempelvis uppgifter om m\u00f6jliga l\u00e5nebelopp, r\u00e4nta samt eventuella avi- och uppl\u00e4ggningsavgifter. Norra Finans vars motto \u00e4r &#8220;en modern &#8230;<\/p>\n","protected":false},"author":1,"featured_media":0,"parent":164,"menu_order":0,"comment_status":"closed","ping_status":"closed","template":"","meta":{"footnotes":""},"class_list":["post-1439","page","type-page","status-publish","hentry"],"_links":{"self":[{"href":"https:\/\/firmalan.com\/sv\/wp-json\/wp\/v2\/pages\/1439","targetHints":{"allow":["GET"]}}],"collection":[{"href":"https:\/\/firmalan.com\/sv\/wp-json\/wp\/v2\/pages"}],"about":[{"href":"https:\/\/firmalan.com\/sv\/wp-json\/wp\/v2\/types\/page"}],"author":[{"embeddable":true,"href":"https:\/\/firmalan.com\/sv\/wp-json\/wp\/v2\/users\/1"}],"replies":[{"embeddable":true,"href":"https:\/\/firmalan.com\/sv\/wp-json\/wp\/v2\/comments?post=1439"}],"version-history":[{"count":4,"href":"https:\/\/firmalan.com\/sv\/wp-json\/wp\/v2\/pages\/1439\/revisions"}],"predecessor-version":[{"id":2027,"href":"https:\/\/firmalan.com\/sv\/wp-json\/wp\/v2\/pages\/1439\/revisions\/2027"}],"up":[{"embeddable":true,"href":"https:\/\/firmalan.com\/sv\/wp-json\/wp\/v2\/pages\/164"}],"wp:attachment":[{"href":"https:\/\/firmalan.com\/sv\/wp-json\/wp\/v2\/media?parent=1439"}],"curies":[{"name":"wp","href":"https:\/\/api.w.org\/{rel}","templated":true}]}}