{"id":1423,"date":"2019-04-03T15:52:27","date_gmt":"2019-04-03T13:52:27","guid":{"rendered":"https:\/\/firmalan.com\/sv\/?page_id=1423"},"modified":"2019-11-20T16:53:08","modified_gmt":"2019-11-20T15:53:08","slug":"approva","status":"publish","type":"page","link":"https:\/\/firmalan.com\/sv\/lana-pengar\/approva\/","title":{"rendered":"Approva"},"content":{"rendered":"<div class=\"section-content\">\n<div class=\"row\">\n<div class=\"feature-item col-lg-6 col-sm-6 wow slideInUp\">\n<div class=\"feature-media\"><img decoding=\"async\" src=\"https:\/\/firmalan.com\/sv\/wp-content\/uploads\/2019\/04\/approva-logo.png\" \/><\/div>\n<\/div>\n<div class=\"feature-item col-lg-6 col-sm-6 wow slideInUp\">\n<p>Approva \u00e4r det senaste i raden f\u00f6retagsl\u00e5n fr\u00e5n Stockholm som v\u00e4nder sig till sm\u00e5- och medelstora f\u00f6retag. Det som utm\u00e4rker Approva fr\u00e5n andra l\u00e5ngivare \u00e4r faktiskt namnet, som skvallrar om att man fokuserar mycket p\u00e5 att effektivisera kreditpr\u00f6vningsprocessen, f\u00f6r att kunna erbjuda snabba f\u00f6retagsl\u00e5n d\u00e4r ett godk\u00e4nnande \u00e5tf\u00f6ljs av direkt utbetalning.<span style=\"color: #f4f4f4;\"><strong><a class=\"btn btn-theme-primary btn-lg\" style=\"color: #f4f4f4;\" title=\"\u27a4 Approva F\u00f6retags- l\u00e5n\" href=\"https:\/\/firmalan.com\/sv\/go\/approva\/\" target=\"_blank\" rel=\"nofollow noopener noreferrer\">\u27a4 G\u00e5 Till Approva F\u00f6retagsl\u00e5n <\/a><\/strong><\/span><\/p>\n<\/div>\n<p>Om allt g\u00e5r som det ska tar det endast 15 minuter f\u00f6r Approvas handl\u00e4ggare att behandla ans\u00f6kan och ge ett l\u00e5nebesked. Detta f\u00f6ruts\u00e4tter dock att hanteringen sker under under ordinarie handl\u00e4ggningstid som f\u00f6r n\u00e4rvarande \u00e4r alla vardagar mellan klockan 09:00-17:00. Efter godk\u00e4nnande betalas pengarna ut direkt till angivet konto, dock kan utbetalningstiderna variera beroende p\u00e5 hos vilken bank f\u00f6retagskontot \u00e4r registrerat.<\/p>\n<p>En uttalad intention som man vill leva upp till som ny innovativ akt\u00f6r, \u00e4r att pragmatiskt se till varje enskild kunds f\u00f6ruts\u00e4ttningar och utifr\u00e5n detta hitta en finansieringsl\u00f6sning som fungerar v\u00e4l f\u00f6r alla parter. Approva \u00e4r \u00f6vertygade om att det g\u00e5r att vara en mindre &#8220;fyrkantig&#8221; l\u00e5negivare och samtidigt bedriva ansvarsfull l\u00e5ngivning med fullv\u00e4rdiga kreditkontroller i enlighet med god kreditgivningssed.<\/p>\n<p>Om betalningssv\u00e5righeter uppst\u00e5r under avtalets l\u00f6ptid, \u00e4r det viktigt att s\u00e5 snart som m\u00f6jligt ta kontakt med Approva f\u00f6r att finna en l\u00f6sning, vid sen betalning tas en p\u00e5minnelseavgift ut om 60 kr samt ev. en f\u00f6rseningsavgift om 250 kr. Uteblir betalningen trots p\u00e5minnelse, riskerar \u00e4rendet att g\u00e5 vidare till inkasso och ans\u00f6kningsperson kan d\u00e5 h\u00e5llas personligt ansvarig f\u00f6r skulden.<\/p>\n<p><em>Aktiebolaget Approva AB finns registrerat hos Finansinspektionen som Konsumentkreditinstitut.<\/em><\/p>\n<p>&nbsp;<\/p>\n<p>\n<strong>Grundl\u00e4ggande krav:<\/strong><\/p>\n<ul>\n<li>F\u00f6r ans\u00f6kan kr\u00e4vs registrerat Aktiebolag, Handelsbolag eller Enskild firma i Sverige.<\/li>\n<li>F\u00f6retagare som ans\u00f6ker skall vara folkbokf\u00f6rda i Sverige<\/li>\n<li>F-skattesedel skall finnas.<\/li>\n<li>Stabil ekonomi kr\u00e4vs, inget aktivt skuldsaldo hos Kronofogdemyndigheten.<\/li>\n<li>Tillg\u00e5ng till BankID f\u00f6r att uppr\u00e4tta och signera avtal<\/li>\n<\/ul>\n<\/div>\n<\/div>\n<div class=\"section-color\">\n<div class=\"row\">\n<div class=\"feature-item col-lg-6 col-sm-6 wow slideInUp\">\n<p class=\"kapitel\">F\u00f6retagsl\u00e5n<\/p>\n<ul>\n<li style=\"list-style-type: none;\">\n<ul>\n<li>Belopp: 30 000-300 000 kr<\/li>\n<li>L\u00f6ptid: 2-18 m\u00e5nader<\/li>\n<li>M\u00e5nadsr\u00e4nta 2% (\u00e5rsr\u00e4nta 24%)<\/li>\n<\/ul>\n<\/li>\n<\/ul>\n<p>*Kostnaden \u00e4r individuell och best\u00e4ms efter kreditpr\u00f6vning.<\/p>\n<\/div>\n<div class=\"feature-item col-lg-6 col-sm-6 wow slideInUp\">\n<p class=\"kapitel\">Ans\u00f6kan<\/p>\n<ul id=\"navlist\">\n<li>Fyll i kontaktformul\u00e4r p\u00e5 n\u00e5gon minut<\/li>\n<li>Signera med BankID<\/li>\n<li>Pengar p\u00e5 kontot inom 15 min<\/li>\n<\/ul>\n<\/div>\n<\/div>\n<\/div>\n<p><span style=\"color: #00529c; font-size: 16pt;\">Villkor:<\/span><\/p>\n<table>\n<tbody>\n<tr>\n<td bgcolor=\"#000\"><span style=\"color: #ffffff;\">R\u00e4nta<\/span><\/td>\n<td>M\u00e5nadsr\u00e4nta 2%\/per m\u00e5n (\u00c5rsr\u00e4nta 24,0%).<\/td>\n<\/tr>\n<tr>\n<td bgcolor=\"#000\"><span style=\"color: #ffffff;\">Uppl\u00e4ggningsavgift<\/span><\/td>\n<td>Varierar.<\/td>\n<\/tr>\n<tr>\n<td bgcolor=\"#000\"><span style=\"color: #ffffff;\">Borgens\u00e5tagande<\/span><\/td>\n<td>Kr\u00e4ver personlig borgensf\u00f6rbindelse.<\/td>\n<\/tr>\n<tr>\n<td bgcolor=\"#000\"><span style=\"color: #ffffff;\">F\u00f6rtidsinl\u00f6sen<\/span><\/td>\n<td>F\u00f6rtidsinl\u00f6sen \u00e4r m\u00f6jlig, kontakta Approva om du vill betala tillbaka skulden i en snabbare takt.<\/td>\n<\/tr>\n<tr>\n<td bgcolor=\"#000\"><span style=\"color: #ffffff;\">Betalningsanm\u00e4rkning<\/span><\/td>\n<td>Ingen uppgift.<\/td>\n<\/tr>\n<\/tbody>\n<\/table>\n<p><span style=\"color: #00529c; font-size: 16pt;\">Uppskattade krav p\u00e5 f\u00f6retag som s\u00f6ker:<\/span><\/p>\n<table>\n<tbody>\n<tr>\n<td bgcolor=\"#000\"><span style=\"color: #ffffff;\">\u00c4garskap<\/span><\/td>\n<td>Ans\u00f6kan kan endast uppr\u00e4ttas av firmatecknare eller annan bolagsman med teckningsr\u00e4tt.<\/td>\n<\/tr>\n<tr>\n<td bgcolor=\"#000\"><span style=\"color: #ffffff;\">F\u00f6retagsadress<\/span><\/td>\n<td>Verksamheten \u00e4r registrerad hos bolagsverket i Sverige.<\/td>\n<\/tr>\n<\/tbody>\n<\/table>\n<p><span style=\"color: #00529c; font-size: 16pt;\">F\u00f6ljande information\/dokumentation beh\u00f6vs:<\/span><\/p>\n<ul>\n<li>Du skall ha namnteckningsr\u00e4tt i f\u00f6retaget ensam eller tillsammans annan person<\/li>\n<li>F-skattesedel kr\u00e4vs.<\/li>\n<li>Ett giltigt BankID f\u00f6r att uppr\u00e4tta och signera l\u00e5neavtal.<\/li>\n<\/ul>\n<hr \/>\n<h3>Om bolaget<\/h3>\n<p>Bakom aff\u00e4rsid\u00e9n och Approva f\u00f6retagsl\u00e5n st\u00e5r de b\u00e5da grundarna Tim Bal som \u00e4ven \u00e4r \u00e4gare, r\u00e5dgivare och investerare genom sitt bolag Balaguna Capital AB samt Jonathan S\u00f6derblom som sj\u00e4lv drivit restaurang p\u00e5 Gotland arbetat som finanskonsult inom Avega Group AB.<br \/>\nP\u00e5 sikt planerar Approva att \u00e4ven lansera ett privatl\u00e5n.<\/p>\n<p>&nbsp;<\/p>\n<h4>\u00d6PPETTIDER KUNDTJ\u00c4NST:<\/h4>\n<table class=\"table table-striped\" border=\"0\">\n<tbody>\n<tr>\n<td valign=\"top\" width=\"150\">M\u00e5ndag \u2013 Fredagar<\/td>\n<td valign=\"top\" width=\"100\">09:00 \u2013 17:00<\/td>\n<\/tr>\n<tr>\n<td valign=\"top\" width=\"150\">Helg<\/td>\n<td valign=\"top\" width=\"100\">St\u00e4ngt<\/td>\n<\/tr>\n<\/tbody>\n<\/table>\n<blockquote><p>E-mail: <a href=\"mailto:info@approva.se\">info@approva.se.<\/a><\/p><\/blockquote>\n<blockquote class=\"theme\"><p>Approva AB<\/p>\n<h4>ADRESS:<\/h4>\n<p>KVARNB\u00c4CKSV\u00c4GEN 5<br \/>\n134 63 Ingar\u00f6<br \/>\nStockholms l\u00e4n<br \/>\nOrg. nr: 559168-7693<\/p><\/blockquote>\n","protected":false},"excerpt":{"rendered":"<p>Approva \u00e4r det senaste i raden f\u00f6retagsl\u00e5n fr\u00e5n Stockholm som v\u00e4nder sig till sm\u00e5- och medelstora f\u00f6retag. Det som utm\u00e4rker Approva fr\u00e5n andra l\u00e5ngivare \u00e4r faktiskt namnet, som skvallrar om &#8230;<\/p>\n","protected":false},"author":1,"featured_media":1425,"parent":164,"menu_order":0,"comment_status":"closed","ping_status":"closed","template":"","meta":{"footnotes":""},"class_list":["post-1423","page","type-page","status-publish","has-post-thumbnail","hentry"],"_links":{"self":[{"href":"https:\/\/firmalan.com\/sv\/wp-json\/wp\/v2\/pages\/1423","targetHints":{"allow":["GET"]}}],"collection":[{"href":"https:\/\/firmalan.com\/sv\/wp-json\/wp\/v2\/pages"}],"about":[{"href":"https:\/\/firmalan.com\/sv\/wp-json\/wp\/v2\/types\/page"}],"author":[{"embeddable":true,"href":"https:\/\/firmalan.com\/sv\/wp-json\/wp\/v2\/users\/1"}],"replies":[{"embeddable":true,"href":"https:\/\/firmalan.com\/sv\/wp-json\/wp\/v2\/comments?post=1423"}],"version-history":[{"count":16,"href":"https:\/\/firmalan.com\/sv\/wp-json\/wp\/v2\/pages\/1423\/revisions"}],"predecessor-version":[{"id":2042,"href":"https:\/\/firmalan.com\/sv\/wp-json\/wp\/v2\/pages\/1423\/revisions\/2042"}],"up":[{"embeddable":true,"href":"https:\/\/firmalan.com\/sv\/wp-json\/wp\/v2\/pages\/164"}],"wp:featuredmedia":[{"embeddable":true,"href":"https:\/\/firmalan.com\/sv\/wp-json\/wp\/v2\/media\/1425"}],"wp:attachment":[{"href":"https:\/\/firmalan.com\/sv\/wp-json\/wp\/v2\/media?parent=1423"}],"curies":[{"name":"wp","href":"https:\/\/api.w.org\/{rel}","templated":true}]}}