{"id":1408,"date":"2019-04-03T08:53:56","date_gmt":"2019-04-03T06:53:56","guid":{"rendered":"https:\/\/firmalan.com\/sv\/?page_id=1408"},"modified":"2020-02-12T06:03:53","modified_gmt":"2020-02-12T05:03:53","slug":"ponture","status":"publish","type":"page","link":"https:\/\/firmalan.com\/sv\/lana-pengar\/ponture\/","title":{"rendered":"Ponture"},"content":{"rendered":"<div class=\"section-content\">\n<div class=\"row\">\n<div class=\"feature-item col-lg-6 col-sm-6 wow slideInUp\">\n<div class=\"feature-media\"><img decoding=\"async\" src=\"https:\/\/firmalan.com\/sv\/wp-content\/uploads\/2019\/04\/ponture-logo.png\" \/><\/div>\n<\/div>\n<div class=\"feature-item col-lg-6 col-sm-6 wow slideInUp\">\n<p>Tanken med Ponture l\u00e5nef\u00f6rmedling \u00e4r att underl\u00e4tta f\u00f6r sm\u00e5 och medelstora f\u00f6retag i Sverige att s\u00f6ka och hitta l\u00e4mplig finansiering till verksamheten. Det man erbjuder \u00e4r en enkel kostnadsfri tj\u00e4nst som erbjuder l\u00e5nesvar fr\u00e5n \u00f6ver 20 st olika f\u00f6retagsl\u00e5n p\u00e5 en och samma ans\u00f6kan.<br \/>\n<span style=\"color: #f4f4f4;\"><strong><a class=\"btn btn-theme-primary btn-lg\" style=\"color: #f4f4f4;\" title=\"\u27a4 Ponture l\u00e5nef\u00f6rmedling\" href=\"https:\/\/firmalan.com\/sv\/go\/ponture\/\" target=\"_blank\" rel=\"nofollow noopener noreferrer\">\u27a4 G\u00e5 Till Ponture F\u00f6retagsl\u00e5n <\/a><\/strong><\/span><\/p>\n<\/div>\n<p>Antalet kreditgivare som t\u00e4vlar med banker om f\u00f6retagskunder har \u00f6kat kraftigt de senaste \u00e5ren, samtidigt \u00e4r det tidskr\u00e4vande och komplicerat att uppr\u00e4tta separata ans\u00f6kningar om varje enskilt f\u00f6retagsl\u00e5n, dessutom riskerar ett stort antal f\u00f6rfr\u00e5gningar att f\u00f6rs\u00e4mra b\u00e5de bolagets och din (i egenskap av firmatecknare\/\u00e4gare) personliga kreditv\u00e4rdighet. Ponture samarbetar med kreditupplysningsf\u00f6retagen vilket g\u00f6r det m\u00f6jligt att skicka ans\u00f6kningar till flera olika l\u00e5ngivare med endast en kreditpr\u00f6vning.<\/p>\n<p>F\u00f6r att ans\u00f6ka om f\u00f6retagsl\u00e5n genom Ponture, fyller kunden f\u00f6rst i ett formul\u00e4r med \u00f6nskem\u00e5l om l\u00e5nebelopp samt grundl\u00e4ggande f\u00f6retagsuppgifter. D\u00e4refter ringer en finanskonsult upp f\u00f6r att bekr\u00e4fta l\u00e5neans\u00f6kan. En tid samtalet erh\u00e5ller kunden sedan ett eller flera anpassade erbjudanden om l\u00e5n. Ponture registrerades redan 2015 men webbtj\u00e4nsten lanserades f\u00f6rst 2018, nu vill man v\u00e4xla upp verksamheten och ger sig in i striden med flera andra nyetablerade f\u00f6retagsl\u00e5nef\u00f6rmedlare. En sak som talar till Pontures f\u00f6rdel \u00e4r att man lyckats uppr\u00e4tta samarbetsavtal med ett par mycket starka partners inom branschen; Marginalen bank, DBT Capital, Aros Kapital, Nordiska samt Promentor Finans.<\/p>\n<p>Ut\u00f6ver &#8220;rena&#8221; f\u00f6retagsl\u00e5n kan Ponture \u00e4ven hj\u00e4lpa till med f\u00f6rmedling av factoringtj\u00e4nster som fakturak\u00f6p samt leasinguppl\u00e4gg.<\/p>\n<p><strong>Kraven varierar beroende p\u00e5 kreditgivare (endast riktlinjer):<\/strong><\/p>\n<ul>\n<li>F\u00f6r ans\u00f6kan kr\u00e4vs registrerat Aktiebolag, Handelsbolag eller Enskild firma.<\/li>\n<li>Vanligtvis kr\u00e4vs en oms\u00e4ttning p\u00e5 minst 50 000kr\/m\u00e5n eller 600 000kr\/\u00e5r.<\/li>\n<li>\u00c4ven nystartade f\u00f6retag kan erbjudas l\u00e5n.<\/li>\n<li>Minsta \u00e5lder p\u00e5 den som uppr\u00e4ttar ans\u00f6kan \u00e4r 20 \u00e5r.<\/li>\n<\/ul>\n<h3>Vilka banker\/kreditgivare samarbetar Ponture med?<\/h3>\n<p>Ponture \u00e4r en digital l\u00e5nef\u00f6rmedlare som g\u00f6r det m\u00f6jligt att s\u00f6ka finansiering fr\u00e5n f\u00f6ljande banker\/kreditgivare; ABS Factoring, Approva, Aros, Avida Finance, Billecta, CapitalBox,DBT, Froda, Fedelta, Marginalen Bank, Mynt, Nordisk, OPR F\u00f6retagsl\u00e5n, Promentor Finans, PS Finance Group, Qapitala, Qred, SVEA genom en kostnadsfri ans\u00f6kan.<\/p>\n<\/div>\n<\/div>\n<div class=\"section-color\">\n<div class=\"row\">\n<div class=\"feature-item col-lg-6 col-sm-6 wow slideInUp\">\n<p class=\"kapitel\">L\u00e5nef\u00f6rmedlare<\/p>\n<ul id=\"navlist\">\n<li>J\u00e4mf\u00f6r: \u00d6ver 20 st olika l\u00e5n<\/li>\n<li>Belopp:100 000-50 000 000 kr<\/li>\n<li>L\u00f6ptid: 30 dagar &#8211; 5 \u00e5r<\/li>\n<li>\u00c5rsr\u00e4nta: fr\u00e5n 1,0% normalt ca 4.0-25%<br \/>\n*Kostnaden \u00e4r individuell och best\u00e4ms efter kreditpr\u00f6vning.<\/li>\n<\/ul>\n<\/div>\n<div class=\"feature-item col-lg-6 col-sm-6 wow slideInUp\">\n<p class=\"kapitel\">Ans\u00f6kan<\/p>\n<ul id=\"navlist\">\n<li>Fyll i kontaktformul\u00e4r p\u00e5 1 minut<\/li>\n<li>Bli uppringd av finanskonsult &#8211; erh\u00e5ll l\u00e5neanbud<\/li>\n<li>Pengar p\u00e5 kontot inom ett par dag<\/li>\n<\/ul>\n<\/div>\n<\/div>\n<\/div>\n<p><span style=\"color: #00529c; font-size: 16pt;\">Villkor:<\/span><\/p>\n<table>\n<tbody>\n<tr>\n<td bgcolor=\"#000\"><span style=\"color: #ffffff;\">R\u00e4nta<\/span><\/td>\n<td>\u00c5rsr\u00e4nta: ca 4,0-25,0%.<\/td>\n<\/tr>\n<tr>\n<td bgcolor=\"#000\"><span style=\"color: #ffffff;\">Uppl\u00e4ggningsavgift<\/span><\/td>\n<td>Varierar.<\/td>\n<\/tr>\n<tr>\n<td bgcolor=\"#000\"><span style=\"color: #ffffff;\">Borgens\u00e5tagande<\/span><\/td>\n<td>Kr\u00e4ver personlig borgensf\u00f6rbindelse eller annan pant\/s\u00e4kerhet.<\/td>\n<\/tr>\n<tr>\n<td bgcolor=\"#000\"><span style=\"color: #ffffff;\">F\u00f6rtidsinl\u00f6sen<\/span><\/td>\n<td>F\u00f6rtidsinl\u00f6sen \u00e4r m\u00f6jlig, men i vissa fall kan kreditgivaren ta ut en avgift f\u00f6r att kompensera f\u00f6r utebliven r\u00e4nta.<\/td>\n<\/tr>\n<tr>\n<td bgcolor=\"#000\"><span style=\"color: #ffffff;\">Betalningsanm\u00e4rkning<\/span><\/td>\n<td>Ingen uppgift.<\/td>\n<\/tr>\n<\/tbody>\n<\/table>\n<p><span style=\"color: #00529c; font-size: 16pt;\">Uppskattade krav p\u00e5 f\u00f6retag som s\u00f6ker:<\/span><\/p>\n<table>\n<tbody>\n<tr>\n<td bgcolor=\"#000\"><span style=\"color: #ffffff;\">Oms\u00e4ttning<\/span><\/td>\n<td>Minst 50 000kr\/m\u00e5n eller 600 000kr\/\u00e5r.<\/td>\n<\/tr>\n<tr>\n<td bgcolor=\"#000\"><span style=\"color: #ffffff;\">Historik<\/span><\/td>\n<td>Minst 6 m\u00e5n verksamhetshistorik.<\/td>\n<\/tr>\n<tr>\n<td bgcolor=\"#000\"><span style=\"color: #ffffff;\">\u00c4garskap<\/span><\/td>\n<td>Ans\u00f6kan kan endast uppr\u00e4ttas av firmatecknare eller annan bolagsman med teckningsr\u00e4tt.<\/td>\n<\/tr>\n<tr>\n<td bgcolor=\"#000\"><span style=\"color: #ffffff;\">F\u00f6retagsadress<\/span><\/td>\n<td>Verksamheten \u00e4r registrerad hos bolagsverket i Sverige.<\/td>\n<\/tr>\n<\/tbody>\n<\/table>\n<p><span style=\"color: #00529c; font-size: 16pt;\">F\u00f6ljande information\/dokumentation beh\u00f6vs:<\/span><\/p>\n<ul>\n<li>Du skall ha namnteckningsr\u00e4tt i f\u00f6retaget ensam eller tillsammans annan person<\/li>\n<li>F\u00f6retagets faktureringsuppgifter samt bankkontonummer<\/li>\n<li>Namn p\u00e5 och e-postadresser till ansvariga personer och borgensm\u00e4n.<\/li>\n<\/ul>\n<hr \/>\n<p>Ponture \u00e4r en satsning som mognat fram \u00f6ver flera \u00e5rs tid. Bolaget registrerades hos Bolagsverket 2015 och 2016 hos Finansinspektionen. Under januari m\u00e5nad 2018 lanserade plattformen och hemsidan, nu g\u00e5r man in i n\u00e4sta fas med ambition att v\u00e4xa. Tj\u00e4nsten \u00e4r helt kostnadsfri f\u00f6r kunden, ist\u00e4llet erh\u00e5ller Ponture provision fr\u00e5n sina samarbetsparters f\u00f6r f\u00f6rmedlade kunder\/f\u00f6retagsl\u00e5n.<\/p>\n<p>Bakom Ponture Fintech-satsning finns ett antal k\u00e4nda namn: Carl-Viggo \u00d6stlund som \u00e4r styrelseordf\u00f6rande och medgrundare har tidigare varit VD f\u00f6r b\u00e5de SBAB och Nordnet Bank, medgrundaren och tillika styrelseledamoten Rodrigo Garay \u00e4r en serieentrepren\u00f6r som bland annat grundat Diversitas och Working For Change, Hamed Ordibehesht \u00e4r styrelseledamot och medgrundare samt CEO har tidigare varit avdelningschef i Ericsson.<\/p>\n<p>&nbsp;<\/p>\n<h4>\u00d6PPETTIDER KUNDTJ\u00c4NST:<\/h4>\n<table class=\"table table-striped\" border=\"0\">\n<tbody>\n<tr>\n<td valign=\"top\" width=\"150\">M\u00e5ndag \u2013 Fredagar<\/td>\n<td valign=\"top\" width=\"100\">09:00 \u2013 17:00<\/td>\n<\/tr>\n<tr>\n<td valign=\"top\" width=\"150\">Helg<\/td>\n<td valign=\"top\" width=\"100\">St\u00e4ngt<\/td>\n<\/tr>\n<\/tbody>\n<\/table>\n<blockquote><p>Telefon: 010-129 29 20<br \/>\nE-mail: <a href=\"mailto:info@ponture.com\">info@ponture.com.<\/a><\/p><\/blockquote>\n<blockquote class=\"theme\"><p>Ponture AB<\/p>\n<h4>ADRESS:<\/h4>\n<p>Norrsken House<br \/>\nBirger Jarlsgatan 57C<br \/>\n113 56 Stockholm<br \/>\nOrg. nr: 559025-3471<\/p><\/blockquote>\n","protected":false},"excerpt":{"rendered":"<p>Tanken med Ponture l\u00e5nef\u00f6rmedling \u00e4r att underl\u00e4tta f\u00f6r sm\u00e5 och medelstora f\u00f6retag i Sverige att s\u00f6ka och hitta l\u00e4mplig finansiering till verksamheten. Det man erbjuder \u00e4r en enkel kostnadsfri tj\u00e4nst &#8230;<\/p>\n","protected":false},"author":1,"featured_media":1409,"parent":164,"menu_order":0,"comment_status":"closed","ping_status":"closed","template":"","meta":{"footnotes":""},"class_list":["post-1408","page","type-page","status-publish","has-post-thumbnail","hentry"],"_links":{"self":[{"href":"https:\/\/firmalan.com\/sv\/wp-json\/wp\/v2\/pages\/1408","targetHints":{"allow":["GET"]}}],"collection":[{"href":"https:\/\/firmalan.com\/sv\/wp-json\/wp\/v2\/pages"}],"about":[{"href":"https:\/\/firmalan.com\/sv\/wp-json\/wp\/v2\/types\/page"}],"author":[{"embeddable":true,"href":"https:\/\/firmalan.com\/sv\/wp-json\/wp\/v2\/users\/1"}],"replies":[{"embeddable":true,"href":"https:\/\/firmalan.com\/sv\/wp-json\/wp\/v2\/comments?post=1408"}],"version-history":[{"count":10,"href":"https:\/\/firmalan.com\/sv\/wp-json\/wp\/v2\/pages\/1408\/revisions"}],"predecessor-version":[{"id":2144,"href":"https:\/\/firmalan.com\/sv\/wp-json\/wp\/v2\/pages\/1408\/revisions\/2144"}],"up":[{"embeddable":true,"href":"https:\/\/firmalan.com\/sv\/wp-json\/wp\/v2\/pages\/164"}],"wp:featuredmedia":[{"embeddable":true,"href":"https:\/\/firmalan.com\/sv\/wp-json\/wp\/v2\/media\/1409"}],"wp:attachment":[{"href":"https:\/\/firmalan.com\/sv\/wp-json\/wp\/v2\/media?parent=1408"}],"curies":[{"name":"wp","href":"https:\/\/api.w.org\/{rel}","templated":true}]}}