{"id":1401,"date":"2019-04-01T21:19:03","date_gmt":"2019-04-01T19:19:03","guid":{"rendered":"https:\/\/firmalan.com\/sv\/?page_id=1401"},"modified":"2019-04-01T21:22:26","modified_gmt":"2019-04-01T19:22:26","slug":"rekonstruktion","status":"publish","type":"page","link":"https:\/\/firmalan.com\/sv\/likviditet\/rekonstruktion\/","title":{"rendered":"Vad inneb\u00e4r f\u00f6retagsrekonstruktion?"},"content":{"rendered":"<p>I korta ordalag kan man s\u00e4ga att en f\u00f6retagsrekonstruktion \u00e4r ett alternativ till <a href=\"https:\/\/firmalan.com\/sv\/foretagsavveckling\/\">konkurs<\/a>. Ist\u00e4llet f\u00f6r att f\u00f6rlora allt kan man ofta r\u00e4dda bra mycket genom en ny inriktning. Du kan r\u00e4dda arbetet f\u00f6r de anst\u00e4llda och f\u00f6rhoppningsvis komma p\u00e5 r\u00e4tt k\u00f6l igen.<\/p>\n<p>En konkurs kan ha l\u00e5ngsiktiga konsekvenser p\u00e5 flera olika s\u00e4tt, och \u00e4r n\u00e5got man f\u00f6rs\u00f6ker undvika. Men ibland hamnar ett f\u00f6retag i en s\u00e5 pass sv\u00e5r ekonomisk situation att det kr\u00e4ver stora f\u00f6r\u00e4ndringar.<\/p>\n<h2>Komma ig\u00e5ng med f\u00f6r\u00e4ndringarna<\/h2>\n<p>Du m\u00e5ste ans\u00f6ka hos tingsr\u00e4tten f\u00f6r rekonstruktion. De best\u00e4mmer om detta ifall f\u00f6retaget har en bra grund men kanske r\u00e5kat i ekonomiska sv\u00e5righeter av olika anledningar. D\u00e5 utser de en rekonstrukt\u00f6r som till en b\u00f6rjan har tre m\u00e5nader p\u00e5 sig att v\u00e4nda p\u00e5 situationen. Denna period kan f\u00f6rl\u00e4ngas men inte mer \u00e4n upp till ett \u00e5r. Inom denna tid ska f\u00f6retaget ha lyckats komma ig\u00e5ng igen.<\/p>\n<p>Det handlar allts\u00e5 om tillf\u00e4lliga ekonomiska problem. Rekonstrukt\u00f6rens uppgift \u00e4r att komma upp med en handlingsplan. Som en b\u00f6rjan s\u00e5 g\u00e5r de igenom f\u00f6retagets bokf\u00f6ring och ser vilka tillg\u00e5ngar som finns. Genom att ha en klar \u00f6versikt av hela den ekonomiska situationen \u00e4r det l\u00e4ttare att komma upp med en praktisk l\u00f6sning p\u00e5 problemet. De anst\u00e4llda f\u00e5r ocks\u00e5 sin l\u00f6negaranti utbetald.<\/p>\n<h2>Inte betala sina skulder med en g\u00e5ng<\/h2>\n<p>N\u00e4sta steg inneb\u00e4r att alla fordrings\u00e4gare kallas till ett borgen\u00e4rsm\u00f6te i tingsr\u00e4tten. H\u00e4r beslutas det om rekonstruktionen ska g\u00e5 vidare eller inte. Om det beviljas s\u00e5 kommer n\u00e4mligen alla skulder att tillf\u00e4lligt frysas. Eftersom rekonstruktionen kan p\u00e5g\u00e5 i upp till ett \u00e5r s\u00e5 kan det vara en ganska l\u00e5ng tid som inga skulder betalas ut. F\u00f6r att verksamheten ska kunna forts\u00e4tta m\u00e5ste ofta vissa ink\u00f6p g\u00f6ras. Dessa kommer att betalas kontant f\u00f6r att undvika ytterligare skulder.<\/p>\n<p>Rekonstrukt\u00f6ren kan ocks\u00e5 g\u00e5 igenom alla skulder och komma med ett f\u00f6rslag p\u00e5 ett offentligt ackord. Vanligtvis s\u00e5 inneb\u00e4r detta att fordringarna skrivs ner och att runt en fj\u00e4rdedel av skulden betalas tillbaka. Men detta m\u00e5ste f\u00f6rst godk\u00e4nnas av fordrings\u00e4garna, vilket \u00e5terigen sker i tingsr\u00e4tten. Om avtalet g\u00e5r igenom kan verksamheten b\u00f6rja betala ut, ofta med delbetalningar.<\/p>\n<h2>Ett blomstrande f\u00f6retag<\/h2>\n<p>M\u00e5let \u00e4r att komma ur den ekonomiska krisen men \u00e4ven att den inte upprepar sig. Vissa strukturella f\u00f6r\u00e4ndringar m\u00e5ste troligtvis g\u00f6ras. Kanske uppr\u00e4tta nya system f\u00f6r den ekonomiska biten s\u00e5 att f\u00f6retaget inte \u00e5terigen faller i samma grop. Med god planering och ekonomisk sanering kan det \u00e5terigen bli ett f\u00f6retag i tillv\u00e4xt.<\/p>\n","protected":false},"excerpt":{"rendered":"<p>I korta ordalag kan man s\u00e4ga att en f\u00f6retagsrekonstruktion \u00e4r ett alternativ till konkurs. Ist\u00e4llet f\u00f6r att f\u00f6rlora allt kan man ofta r\u00e4dda bra mycket genom en ny inriktning. Du &#8230;<\/p>\n","protected":false},"author":1,"featured_media":0,"parent":228,"menu_order":0,"comment_status":"closed","ping_status":"closed","template":"","meta":{"footnotes":""},"class_list":["post-1401","page","type-page","status-publish","hentry"],"_links":{"self":[{"href":"https:\/\/firmalan.com\/sv\/wp-json\/wp\/v2\/pages\/1401","targetHints":{"allow":["GET"]}}],"collection":[{"href":"https:\/\/firmalan.com\/sv\/wp-json\/wp\/v2\/pages"}],"about":[{"href":"https:\/\/firmalan.com\/sv\/wp-json\/wp\/v2\/types\/page"}],"author":[{"embeddable":true,"href":"https:\/\/firmalan.com\/sv\/wp-json\/wp\/v2\/users\/1"}],"replies":[{"embeddable":true,"href":"https:\/\/firmalan.com\/sv\/wp-json\/wp\/v2\/comments?post=1401"}],"version-history":[{"count":2,"href":"https:\/\/firmalan.com\/sv\/wp-json\/wp\/v2\/pages\/1401\/revisions"}],"predecessor-version":[{"id":1406,"href":"https:\/\/firmalan.com\/sv\/wp-json\/wp\/v2\/pages\/1401\/revisions\/1406"}],"up":[{"embeddable":true,"href":"https:\/\/firmalan.com\/sv\/wp-json\/wp\/v2\/pages\/228"}],"wp:attachment":[{"href":"https:\/\/firmalan.com\/sv\/wp-json\/wp\/v2\/media?parent=1401"}],"curies":[{"name":"wp","href":"https:\/\/api.w.org\/{rel}","templated":true}]}}