{"id":1369,"date":"2019-03-30T17:00:14","date_gmt":"2019-03-30T16:00:14","guid":{"rendered":"https:\/\/firmalan.com\/sv\/?page_id=1369"},"modified":"2019-03-30T17:00:25","modified_gmt":"2019-03-30T16:00:25","slug":"resekonto","status":"publish","type":"page","link":"https:\/\/firmalan.com\/sv\/foretagskort\/resekonto\/","title":{"rendered":"Resekonto"},"content":{"rendered":"<p>Ett dedikerat resekonto samlar samtliga resekostnader och utl\u00e4gg i samband med tj\u00e4nsteresor p\u00e5 ett konto. Vilket inneb\u00e4r att alla anst\u00e4lldas resor debiteras p\u00e5 ett gemensamt resekonto, ist\u00e4llet f\u00f6r att reseutl\u00e4ggen belastar f\u00f6retagskort och privata kreditkort.<\/p>\n<p>Detta f\u00f6renklar administrationen och g\u00f6r det l\u00e4ttare att \u00f6verblicka utgiftsposter i f\u00f6retag d\u00e4r tj\u00e4nsteresor \u00e4r \u00e5terkommande inslag. Ett resekonto underl\u00e4ttar och hj\u00e4lper till att binda samma och hantera reser\u00e4kning, k\u00f6rjournaler &amp; traktamenten. M\u00e5nga g\u00e5nger \u00e4r det \u00e4ven m\u00f6jligt att koppla ihop f\u00f6retagets resekonto med konterings- och bokf\u00f6ringssystem, vilket effektiviserar redovisning och bokf\u00f6ring.<\/p>\n<p>Effektivare och smidigare hantering g\u00f6r det m\u00f6jligt f\u00f6r f\u00f6retag att spara pengar genom minskade administrativa kostnader och b\u00e4ttre ekonomisk \u00f6verblick.<\/p>\n<h3>Fyra sk\u00e4l f\u00f6r f\u00f6retag att skaffa resekonto<\/h3>\n<ol>\n<li>Ett konto debiteras ist\u00e4llet f\u00f6r flera f\u00f6retagskort<\/li>\n<li>Administrationen minskar<\/li>\n<li>Effektivitet \u00f6kar<\/li>\n<li>Kostnadsbesparingar blir m\u00f6jliga<\/li>\n<\/ol>\n","protected":false},"excerpt":{"rendered":"<p>Ett dedikerat resekonto samlar samtliga resekostnader och utl\u00e4gg i samband med tj\u00e4nsteresor p\u00e5 ett konto. Vilket inneb\u00e4r att alla anst\u00e4lldas resor debiteras p\u00e5 ett gemensamt resekonto, ist\u00e4llet f\u00f6r att reseutl\u00e4ggen &#8230;<\/p>\n","protected":false},"author":1,"featured_media":0,"parent":68,"menu_order":0,"comment_status":"closed","ping_status":"closed","template":"","meta":{"footnotes":""},"class_list":["post-1369","page","type-page","status-publish","hentry"],"_links":{"self":[{"href":"https:\/\/firmalan.com\/sv\/wp-json\/wp\/v2\/pages\/1369","targetHints":{"allow":["GET"]}}],"collection":[{"href":"https:\/\/firmalan.com\/sv\/wp-json\/wp\/v2\/pages"}],"about":[{"href":"https:\/\/firmalan.com\/sv\/wp-json\/wp\/v2\/types\/page"}],"author":[{"embeddable":true,"href":"https:\/\/firmalan.com\/sv\/wp-json\/wp\/v2\/users\/1"}],"replies":[{"embeddable":true,"href":"https:\/\/firmalan.com\/sv\/wp-json\/wp\/v2\/comments?post=1369"}],"version-history":[{"count":2,"href":"https:\/\/firmalan.com\/sv\/wp-json\/wp\/v2\/pages\/1369\/revisions"}],"predecessor-version":[{"id":1371,"href":"https:\/\/firmalan.com\/sv\/wp-json\/wp\/v2\/pages\/1369\/revisions\/1371"}],"up":[{"embeddable":true,"href":"https:\/\/firmalan.com\/sv\/wp-json\/wp\/v2\/pages\/68"}],"wp:attachment":[{"href":"https:\/\/firmalan.com\/sv\/wp-json\/wp\/v2\/media?parent=1369"}],"curies":[{"name":"wp","href":"https:\/\/api.w.org\/{rel}","templated":true}]}}