{"id":1366,"date":"2019-03-30T16:46:13","date_gmt":"2019-03-30T15:46:13","guid":{"rendered":"https:\/\/firmalan.com\/sv\/?page_id=1366"},"modified":"2019-03-30T16:46:31","modified_gmt":"2019-03-30T15:46:31","slug":"bensinkort","status":"publish","type":"page","link":"https:\/\/firmalan.com\/sv\/foretagskort\/bensinkort\/","title":{"rendered":"Bensinkort"},"content":{"rendered":"<p>Det \u00e4r inte bara renodlade transportf\u00f6retag som anv\u00e4nder f\u00f6retagsfordon flitigt. F\u00e4lts\u00e4ljare, kundm\u00f6ten, underh\u00e5llsarbete av olika slag, transportering till och fr\u00e5n olika kontor, ja listan \u00f6ver n\u00e4r och hur fordon i f\u00f6retag anv\u00e4nds kan g\u00f6ras l\u00e5ng. Det g\u00f6r i sin tur ink\u00f6p av drivmedel till en prioriterad fr\u00e5ga f\u00f6r m\u00e5nga f\u00f6retag och ekonomiavdelningar.<\/p>\n<p>&nbsp;<\/p>\n<p>Bensinkort \u00e4r betalkort som f\u00f6retag kan anpassa och reglera utifr\u00e5n behov. Samla alla utl\u00e4gg p\u00e5 en gemensam faktura och handla alla drivmedel; bensin, diesel, etanol med literrabatt. Best\u00e4m vilka ink\u00f6p som kan g\u00f6ras och f\u00e5 full koll p\u00e5 alla utgifter kopplade till era firma-\/tj\u00e4nstbilar.<\/p>\n<h3>J\u00e4mf\u00f6r bensinkort &#8211; bonus och drivmedelsrabatter<\/h3>\n<p>Alla st\u00f6rre bensinkedjor i Sverige erbjuder i dagsl\u00e4get bensinkort med rabatt p\u00e5 drivmedel och hela eller delar av det \u00f6vriga sortimentet av varor och tj\u00e4nster.<\/p>\n","protected":false},"excerpt":{"rendered":"<p>Det \u00e4r inte bara renodlade transportf\u00f6retag som anv\u00e4nder f\u00f6retagsfordon flitigt. F\u00e4lts\u00e4ljare, kundm\u00f6ten, underh\u00e5llsarbete av olika slag, transportering till och fr\u00e5n olika kontor, ja listan \u00f6ver n\u00e4r och hur fordon i &#8230;<\/p>\n","protected":false},"author":1,"featured_media":0,"parent":68,"menu_order":0,"comment_status":"closed","ping_status":"closed","template":"","meta":{"footnotes":""},"class_list":["post-1366","page","type-page","status-publish","hentry"],"_links":{"self":[{"href":"https:\/\/firmalan.com\/sv\/wp-json\/wp\/v2\/pages\/1366","targetHints":{"allow":["GET"]}}],"collection":[{"href":"https:\/\/firmalan.com\/sv\/wp-json\/wp\/v2\/pages"}],"about":[{"href":"https:\/\/firmalan.com\/sv\/wp-json\/wp\/v2\/types\/page"}],"author":[{"embeddable":true,"href":"https:\/\/firmalan.com\/sv\/wp-json\/wp\/v2\/users\/1"}],"replies":[{"embeddable":true,"href":"https:\/\/firmalan.com\/sv\/wp-json\/wp\/v2\/comments?post=1366"}],"version-history":[{"count":2,"href":"https:\/\/firmalan.com\/sv\/wp-json\/wp\/v2\/pages\/1366\/revisions"}],"predecessor-version":[{"id":1368,"href":"https:\/\/firmalan.com\/sv\/wp-json\/wp\/v2\/pages\/1366\/revisions\/1368"}],"up":[{"embeddable":true,"href":"https:\/\/firmalan.com\/sv\/wp-json\/wp\/v2\/pages\/68"}],"wp:attachment":[{"href":"https:\/\/firmalan.com\/sv\/wp-json\/wp\/v2\/media?parent=1366"}],"curies":[{"name":"wp","href":"https:\/\/api.w.org\/{rel}","templated":true}]}}