{"id":1362,"date":"2019-03-30T16:40:57","date_gmt":"2019-03-30T15:40:57","guid":{"rendered":"https:\/\/firmalan.com\/sv\/?page_id=1362"},"modified":"2020-11-25T23:17:33","modified_gmt":"2020-11-25T22:17:33","slug":"kreditkort","status":"publish","type":"page","link":"https:\/\/firmalan.com\/sv\/foretagskort\/kreditkort\/","title":{"rendered":"Kreditkort"},"content":{"rendered":"<p>Det \u00e4r inte riktigt lika vanligt med kreditkort f\u00f6r f\u00f6retag som f\u00f6r privata hush\u00e5ll. Det beror fr\u00e4mst p\u00e5 att det inte \u00e4r lika sj\u00e4lvklart hur man f\u00f6rdelar betalningsansvaret inom kommersiell verksamheter j\u00e4mf\u00f6rt med den personliga sf\u00e4ren. Det finns tv\u00e5 olika m\u00f6jligheter f\u00f6r juridiska f\u00f6retagsformer (exempelvis aktiebolag och handelsbolag) att v\u00e4lja mellan, antingen har <strong><a href=\"#foretaget-betalningsansvar\">f\u00f6retaget betalningsansvar<\/a><\/strong> eller f\u00f6rbinder sig namngiven kortinnehavaren till ett <strong><a href=\"#personligt-betalningsansvar\">privat\/personligt betalningsansvar<\/a><\/strong>, <a href=\"https:\/\/firmalan.com\/sv\/firmakort\/american-express\/\">American Express f\u00f6retagskort<\/a> erbjuder \u00e4ven m\u00f6jligheten att v\u00e4lja <strong>delat betalningsansvar<\/strong>.<\/p>\n<h2>V\u00e4lj kreditkort<\/h2>\n<h3 id=\"privata-kreditkort\">Privata kreditkort<\/h3>\n<script type=\"text\/javascript\" src=\"\/\/static.ascontentcloud.com\/comparisonfeed\/resources\/js\/iframeResizer.min.js\"><\/script>\n<iframe id=\"as-comparison-iframe\" \n    style=\"border: none; width: 1px; min-width: 100%; overflow: hidden;\" scrolling=\"no\" \n    src=\"\/\/feed.ascontentcloud.com\/cgi-bin\/publisher\/comparisoniFramePreview.pl?id=36984&categoryId=170&showFilter=0&includeNewCampaigns=false&removedItems=[]&conditions=&customOrder={}&customRating={}&title=&color=82c075&hColor=62b052&minRating=60&initialRows=&maxRows=&fontUrl=&fontName=&sub=|||CPL&media_id=0&lazyLoading=false\"\n    onload=\"iFrameResize({heightCalculationMethod: 'taggedElement', checkOrigin: false}, this);\">\n<\/iframe>\n<hr>\n","protected":false},"excerpt":{"rendered":"<p>Det \u00e4r inte riktigt lika vanligt med kreditkort f\u00f6r f\u00f6retag som f\u00f6r privata hush\u00e5ll. Det beror fr\u00e4mst p\u00e5 att det inte \u00e4r lika sj\u00e4lvklart hur man f\u00f6rdelar betalningsansvaret inom kommersiell &#8230;<\/p>\n","protected":false},"author":1,"featured_media":0,"parent":68,"menu_order":0,"comment_status":"closed","ping_status":"closed","template":"","meta":{"footnotes":""},"class_list":["post-1362","page","type-page","status-publish","hentry"],"_links":{"self":[{"href":"https:\/\/firmalan.com\/sv\/wp-json\/wp\/v2\/pages\/1362","targetHints":{"allow":["GET"]}}],"collection":[{"href":"https:\/\/firmalan.com\/sv\/wp-json\/wp\/v2\/pages"}],"about":[{"href":"https:\/\/firmalan.com\/sv\/wp-json\/wp\/v2\/types\/page"}],"author":[{"embeddable":true,"href":"https:\/\/firmalan.com\/sv\/wp-json\/wp\/v2\/users\/1"}],"replies":[{"embeddable":true,"href":"https:\/\/firmalan.com\/sv\/wp-json\/wp\/v2\/comments?post=1362"}],"version-history":[{"count":6,"href":"https:\/\/firmalan.com\/sv\/wp-json\/wp\/v2\/pages\/1362\/revisions"}],"predecessor-version":[{"id":2388,"href":"https:\/\/firmalan.com\/sv\/wp-json\/wp\/v2\/pages\/1362\/revisions\/2388"}],"up":[{"embeddable":true,"href":"https:\/\/firmalan.com\/sv\/wp-json\/wp\/v2\/pages\/68"}],"wp:attachment":[{"href":"https:\/\/firmalan.com\/sv\/wp-json\/wp\/v2\/media?parent=1362"}],"curies":[{"name":"wp","href":"https:\/\/api.w.org\/{rel}","templated":true}]}}