{"id":1306,"date":"2019-03-23T19:15:53","date_gmt":"2019-03-23T18:15:53","guid":{"rendered":"https:\/\/firmalan.com\/sv\/?page_id=1306"},"modified":"2019-11-20T17:19:59","modified_gmt":"2019-11-20T16:19:59","slug":"volvofinans-bank","status":"publish","type":"page","link":"https:\/\/firmalan.com\/sv\/lana-pengar\/volvofinans-bank\/","title":{"rendered":"Volvofinans Bank"},"content":{"rendered":"<div class=\"section-content\">\n<div class=\"row\">\n<div class=\"feature-item col-lg-6 col-sm-6 wow slideInUp\">\n<div class=\"feature-media\"><img decoding=\"async\" src=\"https:\/\/firmalan.com\/sv\/wp-content\/uploads\/2019\/03\/volvofinans-bank-logo.png\" \/><\/div>\n<\/div>\n<div class=\"feature-item col-lg-6 col-sm-6 wow slideInUp\">\n<p>Huvudfokus f\u00f6r Volvofinans Bank \u00e4r att erbjuda produkt- och s\u00e4ljfinansiering till fordonshandlare som prim\u00e4rt marknadsf\u00f6r varum\u00e4rkena Volvo och Renault samt Dacia p\u00e5 den svenska marknaden.<\/p>\n<p>&nbsp;<\/p>\n<p>Volvofinans Bank finansieringsformer inkluderar leasing, l\u00e5n, kreditkort samt k\u00f6p p\u00e5 avbetalning. Fordon- och\/eller lastbilsfinansiering hos Volvofinans Bank, inneb\u00e4r att man tar l\u00e5n med fordonet (bil\/buss\/lastbil) som s\u00e4kerhet. \u00c5terbetalningstiden \u00e4r anpassningsbar och r\u00e4ntan kan vara fast eller r\u00f6rlig. Inga extra avgifter tillkommer ut\u00f6ver r\u00e4ntan. L\u00e5net till\u00e5ter tv\u00e5 amorteringsfria m\u00e5nader per \u00e5r.<\/p>\n<\/div>\n<p><strong>Business Relax Transportbilsl\u00e5n<\/strong> \u00e4r ett specialuppl\u00e4gg f\u00f6r f\u00f6retag som vill l\u00e5nefinansiera transportbilar. V\u00e4lj en l\u00f6ptid som passar p\u00e5 upp till 84 m\u00e5nader, d\u00e4r ni endast betalar r\u00e4nteavgifter, inga uppl\u00e4ggnings- eller aviavgifter tillkommer.<\/p>\n<p>I samtliga l\u00e5neavtal ing\u00e5r en trygghetsf\u00f6rs\u00e4kring genom IF f\u00f6rs\u00e4kring, som kan ber\u00e4ttiga till ers\u00e4ttning med h\u00f6gst 50 procent av f\u00f6rs\u00e4krad l\u00e5neskuld, leasingavtal eller restv\u00e4rde.<\/p>\n<\/div>\n<\/div>\n<div class=\"section-color\">\n<div class=\"row\">\n<div class=\"feature-item col-lg-6 col-sm-6 wow slideInUp\">\n<p class=\"kapitel\">Lastbilsl\u00e5n\/Bussl\u00e5n<\/p>\n<ul id=\"navlist\">\n<li>Belopp: Fordonsv\u00e4rdet<\/li>\n<li>L\u00f6ptid: Ospecificerad<\/li>\n<li>R\u00e4nta: Fast\/r\u00f6rlig.<\/li>\n<\/ul>\n<\/div>\n<div class=\"feature-item col-lg-6 col-sm-6 wow slideInUp\">\n<p class=\"kapitel\">Info<\/p>\n<ul id=\"navlist\">\n<li>Ingen avi-\/uppl\u00e4ggningsavgift<\/li>\n<li>L\u00e5nef\u00f6rs\u00e4kring vid olycksfall ing\u00e5r<\/li>\n<li>Finansiera Tj\u00e4nstebil\/Lastbil\/Buss\/Transportbil<\/li>\n<li>Tv\u00e5 amorteringsfria m\u00e5nader per \u00e5r<\/li>\n<\/ul>\n<\/div>\n<\/div>\n<\/div>\n<hr \/>\n<h3>Fordonsleasing<\/h3>\n<p>Volvofinans Bank erbjuder leasingl\u00f6sningar f\u00f6r olika typer av fordon, tj\u00e4nstebilar, bussar och lastbilar. Ett leasingavtal uppr\u00e4ttas d\u00e4r en m\u00e5nadskostnad kan vara varierad och ta h\u00e4nsyn till fordonets v\u00e4rdeminskning alternativt att en fast m\u00e5nadskostnad till\u00e4mpas. Under den period d\u00e5 leasingavtalet l\u00f6per st\u00e5r uthyraren som fordons\u00e4gare, n\u00e4r l\u00f6ptiden g\u00e5r ut f\u00e5r leasingtagaren m\u00f6jlighet att k\u00f6pa loss fordonet. Efter leasingavtalets slut ber\u00e4knas restv\u00e4rdet och det belopp som avtalet ska l\u00f6sas med n\u00e4r bindningstiden upph\u00f6r. Leasingavgiften \u00e4r avdragsgill. T\u00e4nk dock p\u00e5 att om en tj\u00e4nstebil anv\u00e4nds f\u00f6r privat bruk kan det r\u00e4knas som en skattepliktig f\u00f6rm\u00e5n och leda till f\u00f6rm\u00e5nsbeskattning.<\/p>\n<p><strong>Volvo Business Lease &amp; Lastbilslease<\/strong><br \/>\nEn paketl\u00f6sning f\u00f6r f\u00f6retag med fordonsparker med upp till 20 st tj\u00e4nstebilar. Endast leasingavgift baserad p\u00e5 fast eller r\u00f6rlig r\u00e4nta, inga uppl\u00e4ggnings- eller aviavgifter tillkommer. Vid Volvo Lastbilslease finns ingen risk f\u00f6r restv\u00e4rde tack vare ett system d\u00e4r avr\u00e4kning p\u00e5 avtalade\/k\u00f6rda mil sker i samband med \u00e5terl\u00e4mning.<\/p>\n<p><strong>Renault Business Relax<\/strong><br \/>\nVolvofinans har tillsammans med Renault tagit fram ett <em>all inclusive<\/em> erbjudande f\u00f6r tj\u00e4nstebilar d\u00e4r finansiering, f\u00f6rs\u00e4kring, service och reparationsavtal samt Volvokort ing\u00e5r i m\u00e5nadskostnaden. Finansiera med fast eller r\u00f6rlig r\u00e4nta i upp till 84 m\u00e5nader, inga uppl\u00e4ggnings- eller aviavgifter tillkommer. Fri l\u00e5nebil ing\u00e5r vid servicebes\u00f6k.<\/p>\n<p><strong>Dacia Billeasing<\/strong><br \/>\nDacia \u00e4r det senaste bilm\u00e4rket att sluta f\u00f6rm\u00e5nsavtal med Volvofinans Bank. Teckna avtal om fullt avdragsgill leasing mot f\u00f6retagets resultat. Stora m\u00f6jligheter att anpassa avtalstid samt restv\u00e4rde utifr\u00e5n f\u00f6ruts\u00e4ttningar och behov. Dessutom erbjuds rabatt p\u00e5 premien hos Dacia F\u00f6rs\u00e4kring.<\/p>\n<h3>Volvofinans F\u00f6retagskort<\/h3>\n<p><strong>Volvokort F\u00f6retag<\/strong><br \/>\n&#8211; \u00c5rsavgift 0:-<br \/>\n&#8211; Alla kostnader p\u00e5 en och samma faktura<br \/>\n&#8211; Spara tid och effektivsera administrationen genom att samla alla bilkostnader p\u00e5 ett st\u00e4lle.<\/p>\n<blockquote><p>Just nu f\u00e5r du 100 kronor att tanka f\u00f6r p\u00e5 Tanka, en krona rabatt per liter i 100 liter, n\u00e4r du ans\u00f6ker om Volvokort senast 30 april.<\/p><\/blockquote>\n<p>N\u00e4r du anv\u00e4nder Volvokortet vid k\u00f6p inom Volvo- och Renaulthandeln eller vid Tanka eller Tv\u00e4tta f\u00e5r du en bonuspo\u00e4ng per spenderad krona. 5 000 bonuspo\u00e4ng ber\u00e4ttigar till en bonuscheck om 50 kr.<\/p>\n<p><strong>Volvo Lastbilskort<\/strong><br \/>\n&#8211; Ink\u00f6pskort f\u00f6r att betala verkstad, reservdelar, d\u00e4ck, tv\u00e4tt, hyrlast och butiksink\u00f6p p\u00e5 faktura<br \/>\n&#8211; M\u00f6jlighet att delbetala st\u00f6rre utgifter verkstadsarbeten\/reservdelar p\u00e5 6 eller 12 m\u00e5nader<br \/>\n&#8211; Kortet \u00e4r helt fritt fr\u00e5n avgifter och ger dig upp till 60 dagars kostnadsfri kredittid<\/p>\n<p><strong>Tv\u00e4ttkort<\/strong><br \/>\n&#8211; Upp till 60 dagars kostnadsfri kredittid<\/p>\n<h5>Sp\u00e4rra kort<\/h5>\n<p>M\u00f6jlighet finns att l\u00e4gga till regionsp\u00e4rrar p\u00e5 kortet, d\u00e4r du begr\u00e4nsar k\u00f6p till att endast vara till\u00e5tna i exempelvis Sverige eller Europa.<br \/>\nSp\u00e4rra ditt kort dygnet runt \u00e4ven fr\u00e5n utlandet.<\/p>\n<p>Volvokort: +46 31-83 89 80<br \/>\n\u00d6vriga kort: 08-634 93 60<\/p>\n<h3>Carpay<\/h3>\n<p>Carpay \u00e4r ett onlinesystem\/app som samlar alla transaktioner kopplade till bilkostnader p\u00e5 ett och samma st\u00e4lle. Dessutom kan du se alla intj\u00e4nade bonuspo\u00e4ng samt hur m\u00e5nga po\u00e4ng som \u00e4r kvar till n\u00e4sta check.<br \/>\nDet \u00e4r \u00e4ven m\u00f6jligt g\u00f6ra betalning direkt med appen. Sedan start har flera tunga investeringar gjort i Carpay f\u00f6r att skapa ett unika digitala verktyg inom nischen bilekonomi. N\u00e5gra viktiga funktioner som utvecklats \u00e4r utcheckning, dvs betalning, efter service- eller reparationsbes\u00f6k.<br \/>\nCarPay \u00e4r kopplad till BankID, vilket g\u00f6r att samma trygghetssystem anv\u00e4nds som n\u00e4r du loggar in p\u00e5 din bank.<\/p>\n<h3>L\u00e5neskydd\/f\u00f6rs\u00e4kring<\/h3>\n<p>Det ing\u00e5r alltid ett l\u00e5neskydd vid olycksfall i samband med finansieringar genom Volvofinans Bank. Den l\u00e4gsta l\u00e5ne- eller leasingskuld som kan f\u00f6rs\u00e4kras \u00e4r<br \/>\n50 000 kr, och den h\u00f6gsta 3 000 000 kr per avtal.<\/p>\n<p>Skyddet g\u00e4ller f\u00f6r nyckelpersoner som har fyllt 18 men \u00e4nnu inte blivit 65 \u00e5r. Nyckelperson och f\u00f6rs\u00e4krad \u00e4r \u00e4gare i enskild verksamhet, samtliga \u00e4gare i handelsbolag och kommanditbolag, \u2013 samtliga \u00e4gare i aktiebolag som \u00e4ger minst en femtedel av<br \/>\naktierna i bolaget samt verkst\u00e4llande direkt\u00f6r (VD).<\/p>\n<h3>Om banken<\/h3>\n<p>Volvofinans Bank grundades redan 1959 och drevs under m\u00e5nga \u00e5r som ett kreditmarknadsbolag, 2018 erh\u00f6ll man emellertid tillst\u00e5nd fr\u00e5n Finansinspektionen att bedriva bankr\u00f6relse och bytte d\u00e5 namn fr\u00e5n Volvofinans AB till Volvofinans Bank AB.<br \/>\nVolvofinans \u00e4r en sam\u00e4gd bank av svenska Volvo- och Renaulthandlar via f\u00f6rvaltningsbolaget AB Volverkinvest till 50 % och till 50 % av Volvo Personvagnar AB.<\/p>\n<p>&nbsp;<\/p>\n<h4>\u00d6PPETTIDER KUNDTJ\u00c4NST:<\/h4>\n<table class=\"table table-striped\" border=\"0\">\n<tbody>\n<tr>\n<td valign=\"top\" width=\"150\">M\u00e5ndag \u2013 Fredag<\/td>\n<td valign=\"top\" width=\"100\">08:00-17:00<\/td>\n<\/tr>\n<tr>\n<td valign=\"top\" width=\"150\">Helg<\/td>\n<td valign=\"top\" width=\"100\">St\u00e4ngt<\/td>\n<\/tr>\n<\/tbody>\n<\/table>\n<blockquote><p>Telefon: 031-83 89 75<br \/>\nE-mail: <a href=\"mailto:info@volvofinans.se\">info@volvofinans.se<\/a><\/p><\/blockquote>\n<blockquote class=\"theme\"><p>Volvofinans Bank AB (publ)<\/p>\n<h4>ADRESS:<\/h4>\n<p>Bohusgatan 15<br \/>\n401 23 G\u00f6teborg<br \/>\nOrg. nr: 556069-0967<\/p><\/blockquote>\n","protected":false},"excerpt":{"rendered":"<p>Huvudfokus f\u00f6r Volvofinans Bank \u00e4r att erbjuda produkt- och s\u00e4ljfinansiering till fordonshandlare som prim\u00e4rt marknadsf\u00f6r varum\u00e4rkena Volvo och Renault samt Dacia p\u00e5 den svenska marknaden. &nbsp; Volvofinans Bank finansieringsformer inkluderar &#8230;<\/p>\n","protected":false},"author":1,"featured_media":1307,"parent":164,"menu_order":0,"comment_status":"closed","ping_status":"closed","template":"","meta":{"footnotes":""},"class_list":["post-1306","page","type-page","status-publish","has-post-thumbnail","hentry"],"_links":{"self":[{"href":"https:\/\/firmalan.com\/sv\/wp-json\/wp\/v2\/pages\/1306","targetHints":{"allow":["GET"]}}],"collection":[{"href":"https:\/\/firmalan.com\/sv\/wp-json\/wp\/v2\/pages"}],"about":[{"href":"https:\/\/firmalan.com\/sv\/wp-json\/wp\/v2\/types\/page"}],"author":[{"embeddable":true,"href":"https:\/\/firmalan.com\/sv\/wp-json\/wp\/v2\/users\/1"}],"replies":[{"embeddable":true,"href":"https:\/\/firmalan.com\/sv\/wp-json\/wp\/v2\/comments?post=1306"}],"version-history":[{"count":8,"href":"https:\/\/firmalan.com\/sv\/wp-json\/wp\/v2\/pages\/1306\/revisions"}],"predecessor-version":[{"id":2050,"href":"https:\/\/firmalan.com\/sv\/wp-json\/wp\/v2\/pages\/1306\/revisions\/2050"}],"up":[{"embeddable":true,"href":"https:\/\/firmalan.com\/sv\/wp-json\/wp\/v2\/pages\/164"}],"wp:featuredmedia":[{"embeddable":true,"href":"https:\/\/firmalan.com\/sv\/wp-json\/wp\/v2\/media\/1307"}],"wp:attachment":[{"href":"https:\/\/firmalan.com\/sv\/wp-json\/wp\/v2\/media?parent=1306"}],"curies":[{"name":"wp","href":"https:\/\/api.w.org\/{rel}","templated":true}]}}