{"id":1294,"date":"2019-03-18T21:27:22","date_gmt":"2019-03-18T20:27:22","guid":{"rendered":"https:\/\/firmalan.com\/sv\/?page_id=1294"},"modified":"2019-11-20T12:55:13","modified_gmt":"2019-11-20T11:55:13","slug":"sbp-nordic","status":"publish","type":"page","link":"https:\/\/firmalan.com\/sv\/lana-pengar\/sbp-nordic\/","title":{"rendered":"SBP Nordic"},"content":{"rendered":"<div class=\"section-content\">\n<div class=\"row\">\n<div class=\"feature-item col-lg-6 col-sm-6 wow slideInUp\">\n<div class=\"feature-media\"><img decoding=\"async\" src=\"https:\/\/firmalan.com\/sv\/wp-content\/uploads\/2019\/03\/sbp-nordic.png\" \/><\/div>\n<\/div>\n<div class=\"feature-item col-lg-6 col-sm-6 wow slideInUp\">\n<p>SBP Nordic \u00e4r en crowdlending-plattform f\u00f6r fastighetsl\u00e5n upp till 20 miljoner kronor. M\u00e5ls\u00e4ttningen \u00e4r att g\u00f6r det enklare f\u00f6r fastighetsutvecklare att n\u00e5 ut till mindre investerare som \u00e4r intresserade av prospekt inom byggbranschen.<\/p>\n<\/div>\n<\/div>\n<\/div>\n<div class=\"section-color\">\n<div class=\"row\">\n<div class=\"feature-item col-lg-6 col-sm-6 wow slideInUp\">\n<p class=\"kapitel\">Fastighetsl\u00e5n via crowdlending<\/p>\n<ul id=\"navlist\">\n<li>Belopp:2.000.000-20.000.000 kr<\/li>\n<li>L\u00f6ptid: 6-24 m\u00e5nader<\/li>\n<li>R\u00e4ntesats: 8-15 %<\/li>\n<\/ul>\n<\/div>\n<div class=\"feature-item col-lg-6 col-sm-6 wow slideInUp\">\n<p class=\"kapitel\">Ans\u00f6kan<\/p>\n<ul id=\"navlist\">\n<li>Intresseanm\u00e4lan och sedan analys\/kreditbed\u00f6mning<\/li>\n<li>Projekt \u00f6ppna f\u00f6r l\u00e5nefinansiering via plattformen i ca 30 dagar<\/li>\n<li>R\u00e4ntebetalning vid l\u00e5nets f\u00f6rfall<\/li>\n<\/ul>\n<\/div>\n<\/div>\n<\/div>\n<p><span style=\"color: #00529c; font-size: 16pt;\">Villkor:<\/span><\/p>\n<table>\n<tbody>\n<tr>\n<td bgcolor=\"#000\"><span style=\"color: #ffffff;\">R\u00e4nta<\/span><\/td>\n<td>8-15 %<\/td>\n<\/tr>\n<tr>\n<td bgcolor=\"#000\"><span style=\"color: #ffffff;\">Uppl\u00e4ggningsavgift<\/span><\/td>\n<td>Uppgift saknas.<\/td>\n<\/tr>\n<tr>\n<td bgcolor=\"#000\"><span style=\"color: #ffffff;\">Borgens\u00e5tagande<\/span><\/td>\n<td>Kr\u00e4ver s\u00e4kerhet i form av bottenpantbrev i fastighet, aktiepant, borgen, pantbrev med efterst\u00e4llt inoml\u00e4ge eller andrahandspant.<\/td>\n<\/tr>\n<tr>\n<td bgcolor=\"#000\"><span style=\"color: #ffffff;\">F\u00f6rtidsinl\u00f6sen<\/span><\/td>\n<td>Uppgift saknas.<\/td>\n<\/tr>\n<tr>\n<td bgcolor=\"#000\"><span style=\"color: #ffffff;\">Betalningsanm\u00e4rkning<\/span><\/td>\n<td>Uppgift saknas<\/td>\n<\/tr>\n<\/tbody>\n<\/table>\n<p><span style=\"color: #00529c; font-size: 16pt;\">Krav p\u00e5 f\u00f6retag som s\u00f6ker:<\/span><\/p>\n<table>\n<tbody>\n<tr>\n<td bgcolor=\"#000\"><span style=\"color: #ffffff;\">Oms\u00e4ttning<\/span><\/td>\n<td>Bokslut kr\u00e4vs.<\/td>\n<\/tr>\n<tr>\n<td bgcolor=\"#000\"><span style=\"color: #ffffff;\">Historik<\/span><\/td>\n<td>Ditt f\u00f6retag har en rimlig kreditv\u00e4rdighet samt \u00e4gare och styrelse inte finns med i n\u00e5gra register g\u00e4llande brott, flertalet konkurser, utm\u00e4tning eller liknande.<\/td>\n<\/tr>\n<tr>\n<td bgcolor=\"#000\"><span style=\"color: #ffffff;\">\u00c4garskap<\/span><\/td>\n<td>Ans\u00f6kan kan endast uppr\u00e4ttas av VD eller annan firmatecknare.<\/td>\n<\/tr>\n<tr>\n<td bgcolor=\"#000\"><span style=\"color: #ffffff;\">F\u00f6retagsadress<\/span><\/td>\n<td>Alla skandinaviska aktiebolag kan s\u00f6k l\u00e5n.<\/td>\n<\/tr>\n<tr>\n<td bgcolor=\"#000\"><span style=\"color: #ffffff;\">F\u00f6retagsl\u00e5n med s\u00e4kerhet<\/span><\/td>\n<td>Alla l\u00e5n som marknadsf\u00f6rs via SBP crowdlending plattformen skall vara s\u00e4kerst\u00e4llda med pant i form av aktier, fast egendom, moderbolags- eller personlig borgen.<\/td>\n<\/tr>\n<\/tbody>\n<\/table>\n<p><span style=\"color: #00529c; font-size: 16pt;\">F\u00f6ljande information\/dokumentation beh\u00f6vs:<\/span><\/p>\n<ul>\n<li>Du skall ha namnteckningsr\u00e4tt i f\u00f6retaget ensam eller tillsammans annan person<\/li>\n<li>F\u00f6retagets faktureringsuppgifter samt bankgironummer<\/li>\n<li>Namn p\u00e5 och e-postadresser till ansvariga personer och eventuella borgensm\u00e4n.<\/li>\n<li>Intervjuer kommer att g\u00f6ras med f\u00f6retagsledare.<\/li>\n<\/ul>\n<h3>Information f\u00f6r f\u00f6retag som s\u00f6ker l\u00e5n<\/h3>\n<p>L\u00e5neprocessen hos SBP Nordic best\u00e5r av f\u00f6ljande fyra steg:<\/p>\n<h5>1. Intresseanm\u00e4lan<\/h5>\n<p>F\u00f6rsta uppr\u00e4ttar fastighetsutvecklare som s\u00f6ker finansiering en intresseanm\u00e4lan d\u00e4r denne anger om finansieringen avser nybygge, fastighetsk\u00f6p eller bryggl\u00e5n. SBP Nordiska kommer sedan att \u00e5terkoppla och via en f\u00f6retagsbesiktning kontrollera om b\u00e5de ert f\u00f6retag och er styrelsen uppfyller kraven:<\/p>\n<p><strong>Krav p\u00e5 fastighetsbolag:<\/strong><\/p>\n<ul>\n<li style=\"list-style-type: none;\">\n<ul>\n<li>Skall vara ett registrerat och verksamt skandinaviskt aktiebolag.<\/li>\n<li>Pant i form av aktier, fast egendom, moderbolags- eller personlig borgen.<\/li>\n<li>\u00c4gare och styrelse f\u00e5r inte f\u00f6rekomma i n\u00e5gra register g\u00e4llande brott, flertalet konkurser, utm\u00e4tning, etc.<\/li>\n<\/ul>\n<\/li>\n<\/ul>\n<h5>2. Projektbeskrivning &amp; analys<\/h5>\n<p>N\u00e4r ert aktiebolag v\u00e4l f\u00e5tt ett grundl\u00e4ggande godk\u00e4nnande att s\u00f6ka l\u00e5n via sbpnordic.com har det blivit dags att skapa en informativ, korrekt och tilltalande projektbeskrivning. Det \u00e4r denna information som investerarna sedan ser, d\u00e4rf\u00f6r \u00e4r det viktigt att l\u00e4gga lite extra tid p\u00e5 att formulera en annons som kan locka till sig l\u00e5ngivare. Samtidigt som ni tar fram en beskrivning kommer SBP Nordic<\/p>\n<p>V\u00e4rdera befintliga s\u00e4kerheter (tomter, fastigheter eller andra tillg\u00e5ngar) samt bed\u00f6ma Ledningens kompetens och f\u00f6rm\u00e5ga att slutf\u00f6ra projektet. Om bolag passerar alla n\u00f6dv\u00e4ndiga steg f\u00f6r att slutgiltigt godk\u00e4nnas publiceras projektet p\u00e5 plattformen och blir synligt f\u00f6r alla registrerade medlemmar.<\/p>\n<h5>3. Kapitalresning via marknadsplatsen<\/h5>\n<p>Nu b\u00f6rjar den mest sp\u00e4nnande fasen. Alla projekt som marknadsf\u00f6rs via plattformen \u00e4r l\u00e5neavtal utformade som <a href=\"https:\/\/firmalan.com\/sv\/skuldebrev\/\">enkla skuldebrev<\/a> d\u00e4r l\u00e5nevillkoren kan anpassas utifr\u00e5n behov. Normalt ligger projekten ute i ca 30 dagar under denna tid kan investerare delta i kapitalresningen genom att reservera andelar. Maximalt kan 200 olika l\u00e5ngivare delta i en investeringsrunda, d\u00e4r varje enskild l\u00e5ngivare har proportionerlig r\u00e4tt till de panter och s\u00e4kerheter knutna till l\u00e5net.<\/p>\n<h5>4. \u00c5terbetalning<\/h5>\n<p>Fastighetsl\u00e5nen p\u00e5 2-20 miljoner l\u00f6per \u00f6ver 6-24 m\u00e5nader med en \u00e5rsr\u00e4nta p\u00e5 8-15% d\u00e4r r\u00e4ntebetalning sker vid l\u00e5nets f\u00f6rfall.<\/p>\n<h3>Information till investerare (l\u00e5ngivare)<\/h3>\n<p>F\u00f6r att f\u00e5 tillg\u00e5ng till de projekt som s\u00f6ker finansiering kr\u00e4vs ett medlemskap p\u00e5 SBP Nordic, detta \u00e4r kostnadsfritt och utan n\u00e5gra f\u00f6rpliktelser. Investerare kan s\u00f6ka igenom databasen och v\u00e4lja ut intressanta fastighetsprojekt. Vill man l\u00e5na ut pengar till ett visst projekt, reserverar man \u00f6nskat antal andelar och blir l\u00e5ngivare. Minsta m\u00f6jliga investering kan variera men \u00e4r oftast mellan 20000-50000 kr. Notera att de flesta fastighetsl\u00e5nen p\u00e5 SBP Nordic \u00e4r t\u00e4nkta att fungera som toppfinansiering och \u00e4r f\u00f6rknippade med h\u00f6g risk. Normala s\u00e4kerheter f\u00f6r dessa l\u00e5n \u00e4r pant i fast egendom, personlig borgen eller aktiepant i projektbolag.<\/p>\n<h2>SBP Nordic AB<\/h2>\n<p>Bakom satsningen p\u00e5 den Nordiska crowdlending-plattformen \u00e5terfinns det G\u00f6teborgsbaserade f\u00f6retaget SBP Nordiska AB som \u00e4r ett av finansinspektionen godk\u00e4nt och registrerat finansiellt institut. En anledning till att denna plattform skapats \u00e4r att bankernas krav blivit allt h\u00e5rdare, j\u00e4mf\u00f6r med f\u00f6r 10 \u00e5r sedan kr\u00e4ver dessa 20-30% mer finansiering via egenkapital f\u00f6r att bolag inom bygg- och fastighetsbranschen skall f\u00e5 bankl\u00e5n. M\u00e5nga bolag sitter p\u00e5 bra projekt men saknar tillr\u00e4ckligt egenkapital f\u00f6r att realisera planerna. SBP Nordic r\u00e4knar med att l\u00f6pande kunna vara med och finansiera 1-2 fastighetsprojekt per m\u00e5nad under 2019.<\/p>\n<p>SBP Nordic g\u00e5r under parollen &#8220;Den digitala plattformen f\u00f6r fastighetsinvesteringar&#8221;. Detta \u00e4r inte bara tomma ord, utan man erbjuder faktiskt b\u00e5de investerare en helt automatiserad plattform, utan administration och avgifter. D\u00e4remot \u00f6nskar Nordiska Firmal\u00e5n ut\u00f6kad transparens n\u00e4r det g\u00e4ller vilka samarbetsparters man arbetar med, p\u00e5 hemsidan omn\u00e4mns n\u00e4mligen externa samarbetsparters vid ett flertal tillf\u00e4llen exempelvis i samband med kreditbed\u00f6mningen, dock utan att namnge n\u00e5gra av dessa partners.<\/p>\n<p>I dagsl\u00e4get finns SBP crowdlending plattform endast p\u00e5 svenska och engelska, men p\u00e5 sikt hoppas SBP Nordic att kunna v\u00e4xa och etablera sig p\u00e5 hela den nordiska marknaden. Redan nu \u00e4r \u00e4ven fastighetsbolag fr\u00e5n Norge och Danmark v\u00e4lkomna att s\u00f6ka fastighetsfinansiering via sajten. Viktigt att k\u00e4nna till \u00e4r att SBP Nordic endast fungerar som en mellanhand som sammanf\u00f6r fastighetsutvecklare och investerare och hanterar aldrig n\u00e5got kapital f\u00f6r n\u00e5gon part.<\/p>\n<hr \/>\n<p>&nbsp;<\/p>\n<h4>\u00d6PPETTIDER KUNDTJ\u00c4NST:<\/h4>\n<table class=\"table table-striped\" border=\"0\">\n<tbody>\n<tr>\n<td valign=\"top\" width=\"150\">M\u00e5ndag \u2013 Fredagar<\/td>\n<td valign=\"top\" width=\"100\">08:00-17:00<\/td>\n<\/tr>\n<tr>\n<td valign=\"top\" width=\"150\">Helg<\/td>\n<td valign=\"top\" width=\"100\">St\u00e4ngt<\/td>\n<\/tr>\n<\/tbody>\n<\/table>\n<blockquote><p>Telefon:076-125 27 63<br \/>\nE-mail: <a href=\"mailto:info@sbpnordic.com\">info@sbpnordic.com<\/a><\/p><\/blockquote>\n<blockquote class=\"theme\"><p>SBP Nordiska AB<\/p>\n<h4>ADRESS:<\/h4>\n<p>\u00d6stra Hamngatan 52<br \/>\n411 08 G\u00f6teborg<br \/>\nSverige<br \/>\nOrg. nr: 559130-8357<\/p><\/blockquote>\n","protected":false},"excerpt":{"rendered":"<p>SBP Nordic \u00e4r en crowdlending-plattform f\u00f6r fastighetsl\u00e5n upp till 20 miljoner kronor. M\u00e5ls\u00e4ttningen \u00e4r att g\u00f6r det enklare f\u00f6r fastighetsutvecklare att n\u00e5 ut till mindre investerare som \u00e4r intresserade av &#8230;<\/p>\n","protected":false},"author":1,"featured_media":1295,"parent":164,"menu_order":0,"comment_status":"closed","ping_status":"closed","template":"","meta":{"footnotes":""},"class_list":["post-1294","page","type-page","status-publish","has-post-thumbnail","hentry"],"_links":{"self":[{"href":"https:\/\/firmalan.com\/sv\/wp-json\/wp\/v2\/pages\/1294","targetHints":{"allow":["GET"]}}],"collection":[{"href":"https:\/\/firmalan.com\/sv\/wp-json\/wp\/v2\/pages"}],"about":[{"href":"https:\/\/firmalan.com\/sv\/wp-json\/wp\/v2\/types\/page"}],"author":[{"embeddable":true,"href":"https:\/\/firmalan.com\/sv\/wp-json\/wp\/v2\/users\/1"}],"replies":[{"embeddable":true,"href":"https:\/\/firmalan.com\/sv\/wp-json\/wp\/v2\/comments?post=1294"}],"version-history":[{"count":5,"href":"https:\/\/firmalan.com\/sv\/wp-json\/wp\/v2\/pages\/1294\/revisions"}],"predecessor-version":[{"id":2038,"href":"https:\/\/firmalan.com\/sv\/wp-json\/wp\/v2\/pages\/1294\/revisions\/2038"}],"up":[{"embeddable":true,"href":"https:\/\/firmalan.com\/sv\/wp-json\/wp\/v2\/pages\/164"}],"wp:featuredmedia":[{"embeddable":true,"href":"https:\/\/firmalan.com\/sv\/wp-json\/wp\/v2\/media\/1295"}],"wp:attachment":[{"href":"https:\/\/firmalan.com\/sv\/wp-json\/wp\/v2\/media?parent=1294"}],"curies":[{"name":"wp","href":"https:\/\/api.w.org\/{rel}","templated":true}]}}